{"id":485443,"date":"2025-03-28T11:25:45","date_gmt":"2025-03-28T11:25:47","guid":{"rendered":"https:\/\/www.erresse-shop.it\/?post_type=product&#038;p=485443"},"modified":"2025-03-28T11:43:35","modified_gmt":"2025-03-28T11:43:35","slug":"toms-drag-consola-de-pared-piernas-de-hombre-copia","status":"publish","type":"product","link":"https:\/\/www.erresse-shop.it\/es\/shop\/mobiliario\/muebles\/toms-drag-consola-de-pared-piernas-de-hombre-copia\/","title":{"rendered":"TOM&#8217;S DRAG Consola M Nature Collection"},"content":{"rendered":"<p><strong>Material:<\/strong> madera \/ metal (patas de mesa f\u00e1ciles de montar atornill\u00e1ndolas)<\/p>\n<p><strong>Consola de la colecci\u00f3n M Nature<\/strong><br \/>\nConsolas fabricadas en fina madera de acacia. Son piezas de mobiliario \u00fanicas gracias a la estructura natural del tablero. Los bordes se mantienen a medida que el \u00e1rbol crece. Esto contribuye al car\u00e1cter individual de esta extraordinaria serie. Por lo tanto, cada consola con borde de \u00e1rbol es \u00fanica. Un mueble ideal para pasillos estrechos, etc.<\/p>\n<p><strong>Dimensiones:<\/strong> 23 x 80, alto 75 cm<\/p>\n","protected":false},"excerpt":{"rendered":"<p>Material: madera \/ metal (patas de mesa f\u00e1ciles de montar atornill\u00e1ndolas) Consola de la colecci\u00f3n M Nature Consolas fabricadas en<\/p>\n","protected":false},"featured_media":485457,"template":"","meta":{"_acf_changed":false,"inline_featured_image":false},"product_cat":[16016,17096],"product_tag":[17137],"acf":[],"yoast_head":"<!-- This site is optimized with the Yoast SEO Premium plugin v18.6 (Yoast SEO v19.13) - https:\/\/yoast.com\/wordpress\/plugins\/seo\/ -->\n<title>TOM&#039;S DRAG Consola M Nature Collection - Erresse Shop<\/title>\n<meta name=\"description\" content=\"Material: madera \/ metal (patas de mesa f\u00e1ciles de montar atornill\u00e1ndolas) Consola de la colecci\u00f3n M Nature Consolas fabricadas en fina madera de acacia.\" \/>\n<meta name=\"robots\" content=\"index, follow, max-snippet:-1, max-image-preview:large, max-video-preview:-1\" \/>\n<link rel=\"canonical\" href=\"https:\/\/www.erresse-shop.it\/es\/shop\/mobiliario\/muebles\/toms-drag-consola-de-pared-piernas-de-hombre-copia\/\" \/>\n<meta property=\"og:locale\" content=\"es_ES\" \/>\n<meta property=\"og:type\" content=\"article\" \/>\n<meta property=\"og:title\" content=\"TOM&#039;S DRAG Consola M Nature Collection\" \/>\n<meta property=\"og:description\" content=\"Material: madera \/ metal (patas de mesa f\u00e1ciles de montar atornill\u00e1ndolas) Consola de la colecci\u00f3n M Nature Consolas fabricadas en fina madera de acacia.\" \/>\n<meta property=\"og:url\" content=\"https:\/\/www.erresse-shop.it\/es\/shop\/mobiliario\/muebles\/toms-drag-consola-de-pared-piernas-de-hombre-copia\/\" \/>\n<meta property=\"og:site_name\" content=\"Erresse Shop\" \/>\n<meta property=\"article:modified_time\" content=\"2025-03-28T11:43:35+00:00\" \/>\n<meta property=\"og:image\" content=\"https:\/\/www.erresse-shop.it\/wp-content\/uploads\/2025\/03\/TOMS-DRAG-Consolle-M-Nature-Collection.jpg\" \/>\n\t<meta property=\"og:image:width\" content=\"1200\" \/>\n\t<meta property=\"og:image:height\" content=\"1200\" \/>\n\t<meta property=\"og:image:type\" content=\"image\/jpeg\" \/>\n<meta name=\"twitter:card\" content=\"summary_large_image\" \/>\n<script type=\"application\/ld+json\" class=\"yoast-schema-graph\">{\"@context\":\"https:\/\/schema.org\",\"@graph\":[{\"@type\":\"WebPage\",\"@id\":\"https:\/\/www.erresse-shop.it\/es\/shop\/mobiliario\/muebles\/toms-drag-consola-de-pared-piernas-de-hombre-copia\/\",\"url\":\"https:\/\/www.erresse-shop.it\/es\/shop\/mobiliario\/muebles\/toms-drag-consola-de-pared-piernas-de-hombre-copia\/\",\"name\":\"TOM'S DRAG Consola M Nature Collection - Erresse Shop\",\"isPartOf\":{\"@id\":\"https:\/\/www.erresse-shop.it\/es\/#website\"},\"datePublished\":\"2025-03-28T11:25:47+00:00\",\"dateModified\":\"2025-03-28T11:43:35+00:00\",\"description\":\"Material: madera \/ metal (patas de mesa f\u00e1ciles de montar atornill\u00e1ndolas) Consola de la colecci\u00f3n M Nature Consolas fabricadas en fina madera de acacia.\",\"breadcrumb\":{\"@id\":\"https:\/\/www.erresse-shop.it\/es\/shop\/mobiliario\/muebles\/toms-drag-consola-de-pared-piernas-de-hombre-copia\/#breadcrumb\"},\"inLanguage\":\"es\",\"potentialAction\":[{\"@type\":\"ReadAction\",\"target\":[\"https:\/\/www.erresse-shop.it\/es\/shop\/mobiliario\/muebles\/toms-drag-consola-de-pared-piernas-de-hombre-copia\/\"]}]},{\"@type\":\"BreadcrumbList\",\"@id\":\"https:\/\/www.erresse-shop.it\/es\/shop\/mobiliario\/muebles\/toms-drag-consola-de-pared-piernas-de-hombre-copia\/#breadcrumb\",\"itemListElement\":[{\"@type\":\"ListItem\",\"position\":1,\"name\":\"Home\",\"item\":\"https:\/\/www.erresse-shop.it\/es\/\"},{\"@type\":\"ListItem\",\"position\":2,\"name\":\"Shop\",\"item\":\"https:\/\/www.erresse-shop.it\/es\/shop\/\"},{\"@type\":\"ListItem\",\"position\":3,\"name\":\"TOM&#8217;S DRAG Consola M Nature Collection\"}]},{\"@type\":\"WebSite\",\"@id\":\"https:\/\/www.erresse-shop.it\/es\/#website\",\"url\":\"https:\/\/www.erresse-shop.it\/es\/\",\"name\":\"Erresse Shop\",\"description\":\"Articoli di qualit\u00e0 per la casa\",\"potentialAction\":[{\"@type\":\"SearchAction\",\"target\":{\"@type\":\"EntryPoint\",\"urlTemplate\":\"https:\/\/www.erresse-shop.it\/es\/?s={search_term_string}\"},\"query-input\":\"required name=search_term_string\"}],\"inLanguage\":\"es\"}]}<\/script>\n<!-- \/ Yoast SEO Premium plugin. -->","yoast_head_json":{"title":"TOM'S DRAG Consola M Nature Collection - Erresse Shop","description":"Material: madera \/ metal (patas de mesa f\u00e1ciles de montar atornill\u00e1ndolas) Consola de la colecci\u00f3n M Nature Consolas fabricadas en fina madera de acacia.","robots":{"index":"index","follow":"follow","max-snippet":"max-snippet:-1","max-image-preview":"max-image-preview:large","max-video-preview":"max-video-preview:-1"},"canonical":"https:\/\/www.erresse-shop.it\/es\/shop\/mobiliario\/muebles\/toms-drag-consola-de-pared-piernas-de-hombre-copia\/","og_locale":"es_ES","og_type":"article","og_title":"TOM'S DRAG Consola M Nature Collection","og_description":"Material: madera \/ metal (patas de mesa f\u00e1ciles de montar atornill\u00e1ndolas) Consola de la colecci\u00f3n M Nature Consolas fabricadas en fina madera de acacia.","og_url":"https:\/\/www.erresse-shop.it\/es\/shop\/mobiliario\/muebles\/toms-drag-consola-de-pared-piernas-de-hombre-copia\/","og_site_name":"Erresse Shop","article_modified_time":"2025-03-28T11:43:35+00:00","og_image":[{"width":1200,"height":1200,"url":"https:\/\/www.erresse-shop.it\/wp-content\/uploads\/2025\/03\/TOMS-DRAG-Consolle-M-Nature-Collection.jpg","type":"image\/jpeg"}],"twitter_card":"summary_large_image","schema":{"@context":"https:\/\/schema.org","@graph":[{"@type":"WebPage","@id":"https:\/\/www.erresse-shop.it\/es\/shop\/mobiliario\/muebles\/toms-drag-consola-de-pared-piernas-de-hombre-copia\/","url":"https:\/\/www.erresse-shop.it\/es\/shop\/mobiliario\/muebles\/toms-drag-consola-de-pared-piernas-de-hombre-copia\/","name":"TOM'S DRAG Consola M Nature Collection - Erresse Shop","isPartOf":{"@id":"https:\/\/www.erresse-shop.it\/es\/#website"},"datePublished":"2025-03-28T11:25:47+00:00","dateModified":"2025-03-28T11:43:35+00:00","description":"Material: madera \/ metal (patas de mesa f\u00e1ciles de montar atornill\u00e1ndolas) Consola de la colecci\u00f3n M Nature Consolas fabricadas en fina madera de acacia.","breadcrumb":{"@id":"https:\/\/www.erresse-shop.it\/es\/shop\/mobiliario\/muebles\/toms-drag-consola-de-pared-piernas-de-hombre-copia\/#breadcrumb"},"inLanguage":"es","potentialAction":[{"@type":"ReadAction","target":["https:\/\/www.erresse-shop.it\/es\/shop\/mobiliario\/muebles\/toms-drag-consola-de-pared-piernas-de-hombre-copia\/"]}]},{"@type":"BreadcrumbList","@id":"https:\/\/www.erresse-shop.it\/es\/shop\/mobiliario\/muebles\/toms-drag-consola-de-pared-piernas-de-hombre-copia\/#breadcrumb","itemListElement":[{"@type":"ListItem","position":1,"name":"Home","item":"https:\/\/www.erresse-shop.it\/es\/"},{"@type":"ListItem","position":2,"name":"Shop","item":"https:\/\/www.erresse-shop.it\/es\/shop\/"},{"@type":"ListItem","position":3,"name":"TOM&#8217;S DRAG Consola M Nature Collection"}]},{"@type":"WebSite","@id":"https:\/\/www.erresse-shop.it\/es\/#website","url":"https:\/\/www.erresse-shop.it\/es\/","name":"Erresse Shop","description":"Articoli di qualit\u00e0 per la casa","potentialAction":[{"@type":"SearchAction","target":{"@type":"EntryPoint","urlTemplate":"https:\/\/www.erresse-shop.it\/es\/?s={search_term_string}"},"query-input":"required name=search_term_string"}],"inLanguage":"es"}]}},"df_price":206.96,"df_sale_price":206.96,"df_regular_price":398,"df_image_link":"https:\/\/www.erresse-shop.it\/wp-content\/uploads\/2025\/03\/TOMS-DRAG-Consolle-M-Nature-Collection-300x300.jpg","_links":{"self":[{"href":"https:\/\/www.erresse-shop.it\/es\/wp-json\/wp\/v2\/product\/485443"}],"collection":[{"href":"https:\/\/www.erresse-shop.it\/es\/wp-json\/wp\/v2\/product"}],"about":[{"href":"https:\/\/www.erresse-shop.it\/es\/wp-json\/wp\/v2\/types\/product"}],"wp:featuredmedia":[{"embeddable":true,"href":"https:\/\/www.erresse-shop.it\/es\/wp-json\/wp\/v2\/media\/485457"}],"wp:attachment":[{"href":"https:\/\/www.erresse-shop.it\/es\/wp-json\/wp\/v2\/media?parent=485443"}],"wp:term":[{"taxonomy":"product_cat","embeddable":true,"href":"https:\/\/www.erresse-shop.it\/es\/wp-json\/wp\/v2\/product_cat?post=485443"},{"taxonomy":"product_tag","embeddable":true,"href":"https:\/\/www.erresse-shop.it\/es\/wp-json\/wp\/v2\/product_tag?post=485443"}],"curies":[{"name":"wp","href":"https:\/\/api.w.org\/{rel}","templated":true}]}}