{"id":485424,"date":"2025-03-28T11:16:22","date_gmt":"2025-03-28T11:16:24","guid":{"rendered":"https:\/\/www.erresse-shop.it\/?post_type=product&#038;p=485424"},"modified":"2025-03-28T11:24:40","modified_gmt":"2025-03-28T11:24:40","slug":"toms-drag-taburete-versalles-copia","status":"publish","type":"product","link":"https:\/\/www.erresse-shop.it\/es\/shop\/mobiliario\/sillas-y-sillones\/toms-drag-taburete-versalles-copia\/","title":{"rendered":"TOM&#8217;S DRAG Sill\u00f3n Nancy"},"content":{"rendered":"<p><strong>Material:<\/strong> MDF.<\/p>\n<p><strong>Sill\u00f3n Nancy<\/strong><br \/>\nEste sill\u00f3n extra ancho te invita a relajarte. La l\u00ednea de muebles de Tom&#8217;s Drag est\u00e1 inspirada en el Art Nouveau&#8230; y qu\u00e9 m\u00e1s apropiado que dedicarla a nuestra vecina ciudad de Nancy, la ciudad ducal de Lorena, que alcanz\u00f3 fama mundial alrededor de 1900 con el Art Nouveau y sus excepcionales artistas de la &#8220;\u00c9cole de Nancy&#8221;.<\/p>\n<p><strong>Dimensiones:<\/strong> 74 x 65 cm, alto 87 (45) cm,<\/p>\n","protected":false},"excerpt":{"rendered":"<p>Material: MDF. Sill\u00f3n Nancy Este sill\u00f3n extra ancho te invita a relajarte. La l\u00ednea de muebles de Tom&#8217;s Drag est\u00e1<\/p>\n","protected":false},"featured_media":485438,"template":"","meta":{"_acf_changed":false,"inline_featured_image":false},"product_cat":[16016,16022],"product_tag":[21289],"acf":[],"yoast_head":"<!-- This site is optimized with the Yoast SEO Premium plugin v18.6 (Yoast SEO v19.13) - https:\/\/yoast.com\/wordpress\/plugins\/seo\/ -->\n<title>TOM&#039;S DRAG Sill\u00f3n Nancy - Erresse Shop<\/title>\n<meta name=\"description\" content=\"Material: MDF. Sill\u00f3n Nancy Este sill\u00f3n extra ancho te invita a relajarte. La l\u00ednea de muebles de Tom&#039;s Drag est\u00e1 inspirada en el Art Nouveau... y qu\u00e9 m\u00e1s\" \/>\n<meta name=\"robots\" content=\"index, follow, max-snippet:-1, max-image-preview:large, max-video-preview:-1\" \/>\n<link rel=\"canonical\" href=\"https:\/\/www.erresse-shop.it\/es\/shop\/mobiliario\/sillas-y-sillones\/toms-drag-taburete-versalles-copia\/\" \/>\n<meta property=\"og:locale\" content=\"es_ES\" \/>\n<meta property=\"og:type\" content=\"article\" \/>\n<meta property=\"og:title\" content=\"TOM&#039;S DRAG Sill\u00f3n Nancy\" \/>\n<meta property=\"og:description\" content=\"Material: MDF. Sill\u00f3n Nancy Este sill\u00f3n extra ancho te invita a relajarte. La l\u00ednea de muebles de Tom&#039;s Drag est\u00e1 inspirada en el Art Nouveau... y qu\u00e9 m\u00e1s\" \/>\n<meta property=\"og:url\" content=\"https:\/\/www.erresse-shop.it\/es\/shop\/mobiliario\/sillas-y-sillones\/toms-drag-taburete-versalles-copia\/\" \/>\n<meta property=\"og:site_name\" content=\"Erresse Shop\" \/>\n<meta property=\"article:modified_time\" content=\"2025-03-28T11:24:40+00:00\" \/>\n<meta property=\"og:image\" content=\"https:\/\/www.erresse-shop.it\/wp-content\/uploads\/2025\/03\/TOMS-DRAG-Poltrona-Nancy.jpg\" \/>\n\t<meta property=\"og:image:width\" content=\"1200\" \/>\n\t<meta property=\"og:image:height\" content=\"1200\" \/>\n\t<meta property=\"og:image:type\" content=\"image\/jpeg\" \/>\n<meta name=\"twitter:card\" content=\"summary_large_image\" \/>\n<script type=\"application\/ld+json\" class=\"yoast-schema-graph\">{\"@context\":\"https:\/\/schema.org\",\"@graph\":[{\"@type\":\"WebPage\",\"@id\":\"https:\/\/www.erresse-shop.it\/es\/shop\/mobiliario\/sillas-y-sillones\/toms-drag-taburete-versalles-copia\/\",\"url\":\"https:\/\/www.erresse-shop.it\/es\/shop\/mobiliario\/sillas-y-sillones\/toms-drag-taburete-versalles-copia\/\",\"name\":\"TOM'S DRAG Sill\u00f3n Nancy - Erresse Shop\",\"isPartOf\":{\"@id\":\"https:\/\/www.erresse-shop.it\/es\/#website\"},\"datePublished\":\"2025-03-28T11:16:24+00:00\",\"dateModified\":\"2025-03-28T11:24:40+00:00\",\"description\":\"Material: MDF. Sill\u00f3n Nancy Este sill\u00f3n extra ancho te invita a relajarte. La l\u00ednea de muebles de Tom's Drag est\u00e1 inspirada en el Art Nouveau... y qu\u00e9 m\u00e1s\",\"breadcrumb\":{\"@id\":\"https:\/\/www.erresse-shop.it\/es\/shop\/mobiliario\/sillas-y-sillones\/toms-drag-taburete-versalles-copia\/#breadcrumb\"},\"inLanguage\":\"es\",\"potentialAction\":[{\"@type\":\"ReadAction\",\"target\":[\"https:\/\/www.erresse-shop.it\/es\/shop\/mobiliario\/sillas-y-sillones\/toms-drag-taburete-versalles-copia\/\"]}]},{\"@type\":\"BreadcrumbList\",\"@id\":\"https:\/\/www.erresse-shop.it\/es\/shop\/mobiliario\/sillas-y-sillones\/toms-drag-taburete-versalles-copia\/#breadcrumb\",\"itemListElement\":[{\"@type\":\"ListItem\",\"position\":1,\"name\":\"Home\",\"item\":\"https:\/\/www.erresse-shop.it\/es\/\"},{\"@type\":\"ListItem\",\"position\":2,\"name\":\"Shop\",\"item\":\"https:\/\/www.erresse-shop.it\/es\/shop\/\"},{\"@type\":\"ListItem\",\"position\":3,\"name\":\"TOM&#8217;S DRAG Sill\u00f3n Nancy\"}]},{\"@type\":\"WebSite\",\"@id\":\"https:\/\/www.erresse-shop.it\/es\/#website\",\"url\":\"https:\/\/www.erresse-shop.it\/es\/\",\"name\":\"Erresse Shop\",\"description\":\"Articoli di qualit\u00e0 per la casa\",\"potentialAction\":[{\"@type\":\"SearchAction\",\"target\":{\"@type\":\"EntryPoint\",\"urlTemplate\":\"https:\/\/www.erresse-shop.it\/es\/?s={search_term_string}\"},\"query-input\":\"required name=search_term_string\"}],\"inLanguage\":\"es\"}]}<\/script>\n<!-- \/ Yoast SEO Premium plugin. -->","yoast_head_json":{"title":"TOM'S DRAG Sill\u00f3n Nancy - Erresse Shop","description":"Material: MDF. Sill\u00f3n Nancy Este sill\u00f3n extra ancho te invita a relajarte. La l\u00ednea de muebles de Tom's Drag est\u00e1 inspirada en el Art Nouveau... y qu\u00e9 m\u00e1s","robots":{"index":"index","follow":"follow","max-snippet":"max-snippet:-1","max-image-preview":"max-image-preview:large","max-video-preview":"max-video-preview:-1"},"canonical":"https:\/\/www.erresse-shop.it\/es\/shop\/mobiliario\/sillas-y-sillones\/toms-drag-taburete-versalles-copia\/","og_locale":"es_ES","og_type":"article","og_title":"TOM'S DRAG Sill\u00f3n Nancy","og_description":"Material: MDF. Sill\u00f3n Nancy Este sill\u00f3n extra ancho te invita a relajarte. La l\u00ednea de muebles de Tom's Drag est\u00e1 inspirada en el Art Nouveau... y qu\u00e9 m\u00e1s","og_url":"https:\/\/www.erresse-shop.it\/es\/shop\/mobiliario\/sillas-y-sillones\/toms-drag-taburete-versalles-copia\/","og_site_name":"Erresse Shop","article_modified_time":"2025-03-28T11:24:40+00:00","og_image":[{"width":1200,"height":1200,"url":"https:\/\/www.erresse-shop.it\/wp-content\/uploads\/2025\/03\/TOMS-DRAG-Poltrona-Nancy.jpg","type":"image\/jpeg"}],"twitter_card":"summary_large_image","schema":{"@context":"https:\/\/schema.org","@graph":[{"@type":"WebPage","@id":"https:\/\/www.erresse-shop.it\/es\/shop\/mobiliario\/sillas-y-sillones\/toms-drag-taburete-versalles-copia\/","url":"https:\/\/www.erresse-shop.it\/es\/shop\/mobiliario\/sillas-y-sillones\/toms-drag-taburete-versalles-copia\/","name":"TOM'S DRAG Sill\u00f3n Nancy - Erresse Shop","isPartOf":{"@id":"https:\/\/www.erresse-shop.it\/es\/#website"},"datePublished":"2025-03-28T11:16:24+00:00","dateModified":"2025-03-28T11:24:40+00:00","description":"Material: MDF. Sill\u00f3n Nancy Este sill\u00f3n extra ancho te invita a relajarte. La l\u00ednea de muebles de Tom's Drag est\u00e1 inspirada en el Art Nouveau... y qu\u00e9 m\u00e1s","breadcrumb":{"@id":"https:\/\/www.erresse-shop.it\/es\/shop\/mobiliario\/sillas-y-sillones\/toms-drag-taburete-versalles-copia\/#breadcrumb"},"inLanguage":"es","potentialAction":[{"@type":"ReadAction","target":["https:\/\/www.erresse-shop.it\/es\/shop\/mobiliario\/sillas-y-sillones\/toms-drag-taburete-versalles-copia\/"]}]},{"@type":"BreadcrumbList","@id":"https:\/\/www.erresse-shop.it\/es\/shop\/mobiliario\/sillas-y-sillones\/toms-drag-taburete-versalles-copia\/#breadcrumb","itemListElement":[{"@type":"ListItem","position":1,"name":"Home","item":"https:\/\/www.erresse-shop.it\/es\/"},{"@type":"ListItem","position":2,"name":"Shop","item":"https:\/\/www.erresse-shop.it\/es\/shop\/"},{"@type":"ListItem","position":3,"name":"TOM&#8217;S DRAG Sill\u00f3n Nancy"}]},{"@type":"WebSite","@id":"https:\/\/www.erresse-shop.it\/es\/#website","url":"https:\/\/www.erresse-shop.it\/es\/","name":"Erresse Shop","description":"Articoli di qualit\u00e0 per la casa","potentialAction":[{"@type":"SearchAction","target":{"@type":"EntryPoint","urlTemplate":"https:\/\/www.erresse-shop.it\/es\/?s={search_term_string}"},"query-input":"required name=search_term_string"}],"inLanguage":"es"}]}},"df_price":778.96,"df_sale_price":778.96,"df_regular_price":1498,"df_image_link":"https:\/\/www.erresse-shop.it\/wp-content\/uploads\/2025\/03\/TOMS-DRAG-Poltrona-Nancy-300x300.jpg","_links":{"self":[{"href":"https:\/\/www.erresse-shop.it\/es\/wp-json\/wp\/v2\/product\/485424"}],"collection":[{"href":"https:\/\/www.erresse-shop.it\/es\/wp-json\/wp\/v2\/product"}],"about":[{"href":"https:\/\/www.erresse-shop.it\/es\/wp-json\/wp\/v2\/types\/product"}],"wp:featuredmedia":[{"embeddable":true,"href":"https:\/\/www.erresse-shop.it\/es\/wp-json\/wp\/v2\/media\/485438"}],"wp:attachment":[{"href":"https:\/\/www.erresse-shop.it\/es\/wp-json\/wp\/v2\/media?parent=485424"}],"wp:term":[{"taxonomy":"product_cat","embeddable":true,"href":"https:\/\/www.erresse-shop.it\/es\/wp-json\/wp\/v2\/product_cat?post=485424"},{"taxonomy":"product_tag","embeddable":true,"href":"https:\/\/www.erresse-shop.it\/es\/wp-json\/wp\/v2\/product_tag?post=485424"}],"curies":[{"name":"wp","href":"https:\/\/api.w.org\/{rel}","templated":true}]}}