{"id":484862,"date":"2025-03-27T11:27:56","date_gmt":"2025-03-27T11:27:57","guid":{"rendered":"https:\/\/www.erresse-shop.it\/?post_type=product&#038;p=484862"},"modified":"2025-03-27T11:33:56","modified_gmt":"2025-03-27T11:33:56","slug":"maison-sucree-pepe-toalla-de-ducha-piedra-copia","status":"publish","type":"product","link":"https:\/\/www.erresse-shop.it\/es\/shop\/mobiliario\/textil\/maison-sucree-pepe-toalla-de-ducha-piedra-copia\/","title":{"rendered":"MAISON SUCREE Pepe Toalla de ducha Eucalipto"},"content":{"rendered":"<div class=\"posici\u00f3n relativa al producto__descripci\u00f3n\">\n<div class=\"margin-bottom-1\">\n<p>Toalla de ba\u00f1o en nueva y particular fabricaci\u00f3n de esponja de algod\u00f3n liso con dobladillo acabado Pepe.<\/p>\n<p>Suave y absorbente, un placer para el cuerpo.<\/p>\n<p>Muchas variaciones para amueblar tu ba\u00f1o, hermosas para coordinar entre s\u00ed.<\/p>\n<\/div>\n<\/div>\n<div class=\"posici\u00f3n-relativa margen-inferior-1 producto__descripci\u00f3n\">\n<p class=\"h6 color-primary margin-bottom-05\"><strong><span style=\"font-size: 14pt;\">Caracter\u00edsticas del producto:<\/span><\/strong><\/p>\n<ul class=\"lista--sin-bullet margen-0\">\n<li class=\"margin-bottom-05\"><strong>Material<\/strong>: Esponja 100 % algod\u00f3n<\/li>\n<li class=\"margin-bottom-05\"><strong>Medidas<\/strong>: 100 x 150 cm<\/li>\n<\/ul>\n<p><strong>Las\u00a0<em>im\u00e1genes<\/em>\u00a0insertadas son\u00a0<em>solo<\/em> con fines ilustrativos, el producto final puede diferir<\/strong><\/p>\n<\/div>\n","protected":false},"excerpt":{"rendered":"<p>Toalla de ba\u00f1o en nueva y particular fabricaci\u00f3n de esponja de algod\u00f3n liso con dobladillo acabado Pepe. Suave y absorbente,<\/p>\n","protected":false},"featured_media":484871,"template":"","meta":{"_acf_changed":false,"inline_featured_image":false},"product_cat":[16016,26055],"product_tag":[21373],"acf":[],"yoast_head":"<!-- This site is optimized with the Yoast SEO Premium plugin v18.6 (Yoast SEO v19.13) - https:\/\/yoast.com\/wordpress\/plugins\/seo\/ -->\n<title>MAISON SUCREE Pepe Toalla de ducha Eucalipto - Erresse Shop<\/title>\n<meta name=\"description\" content=\"Toalla de ba\u00f1o en nueva y particular fabricaci\u00f3n de esponja de algod\u00f3n liso con dobladillo acabado Pepe. Suave y absorbente, un placer para el cuerpo.\" \/>\n<meta name=\"robots\" content=\"index, follow, max-snippet:-1, max-image-preview:large, max-video-preview:-1\" \/>\n<link rel=\"canonical\" href=\"https:\/\/www.erresse-shop.it\/es\/shop\/mobiliario\/textil\/maison-sucree-pepe-toalla-de-ducha-piedra-copia\/\" \/>\n<meta property=\"og:locale\" content=\"es_ES\" \/>\n<meta property=\"og:type\" content=\"article\" \/>\n<meta property=\"og:title\" content=\"MAISON SUCREE Pepe Toalla de ducha Eucalipto\" \/>\n<meta property=\"og:description\" content=\"Toalla de ba\u00f1o en nueva y particular fabricaci\u00f3n de esponja de algod\u00f3n liso con dobladillo acabado Pepe. Suave y absorbente, un placer para el cuerpo.\" \/>\n<meta property=\"og:url\" content=\"https:\/\/www.erresse-shop.it\/es\/shop\/mobiliario\/textil\/maison-sucree-pepe-toalla-de-ducha-piedra-copia\/\" \/>\n<meta property=\"og:site_name\" content=\"Erresse Shop\" \/>\n<meta property=\"article:modified_time\" content=\"2025-03-27T11:33:56+00:00\" \/>\n<meta property=\"og:image\" content=\"https:\/\/www.erresse-shop.it\/wp-content\/uploads\/2025\/03\/MAISON-SUCREE-Pepe-Telo-Doccia-Eucalipto.jpg\" \/>\n\t<meta property=\"og:image:width\" content=\"1200\" \/>\n\t<meta property=\"og:image:height\" content=\"1200\" \/>\n\t<meta property=\"og:image:type\" content=\"image\/jpeg\" \/>\n<meta name=\"twitter:card\" content=\"summary_large_image\" \/>\n<script type=\"application\/ld+json\" class=\"yoast-schema-graph\">{\"@context\":\"https:\/\/schema.org\",\"@graph\":[{\"@type\":\"WebPage\",\"@id\":\"https:\/\/www.erresse-shop.it\/es\/shop\/mobiliario\/textil\/maison-sucree-pepe-toalla-de-ducha-piedra-copia\/\",\"url\":\"https:\/\/www.erresse-shop.it\/es\/shop\/mobiliario\/textil\/maison-sucree-pepe-toalla-de-ducha-piedra-copia\/\",\"name\":\"MAISON SUCREE Pepe Toalla de ducha Eucalipto - Erresse Shop\",\"isPartOf\":{\"@id\":\"https:\/\/www.erresse-shop.it\/es\/#website\"},\"datePublished\":\"2025-03-27T11:27:57+00:00\",\"dateModified\":\"2025-03-27T11:33:56+00:00\",\"description\":\"Toalla de ba\u00f1o en nueva y particular fabricaci\u00f3n de esponja de algod\u00f3n liso con dobladillo acabado Pepe. Suave y absorbente, un placer para el cuerpo.\",\"breadcrumb\":{\"@id\":\"https:\/\/www.erresse-shop.it\/es\/shop\/mobiliario\/textil\/maison-sucree-pepe-toalla-de-ducha-piedra-copia\/#breadcrumb\"},\"inLanguage\":\"es\",\"potentialAction\":[{\"@type\":\"ReadAction\",\"target\":[\"https:\/\/www.erresse-shop.it\/es\/shop\/mobiliario\/textil\/maison-sucree-pepe-toalla-de-ducha-piedra-copia\/\"]}]},{\"@type\":\"BreadcrumbList\",\"@id\":\"https:\/\/www.erresse-shop.it\/es\/shop\/mobiliario\/textil\/maison-sucree-pepe-toalla-de-ducha-piedra-copia\/#breadcrumb\",\"itemListElement\":[{\"@type\":\"ListItem\",\"position\":1,\"name\":\"Home\",\"item\":\"https:\/\/www.erresse-shop.it\/es\/\"},{\"@type\":\"ListItem\",\"position\":2,\"name\":\"Shop\",\"item\":\"https:\/\/www.erresse-shop.it\/es\/shop\/\"},{\"@type\":\"ListItem\",\"position\":3,\"name\":\"MAISON SUCREE Pepe Toalla de ducha Eucalipto\"}]},{\"@type\":\"WebSite\",\"@id\":\"https:\/\/www.erresse-shop.it\/es\/#website\",\"url\":\"https:\/\/www.erresse-shop.it\/es\/\",\"name\":\"Erresse Shop\",\"description\":\"Articoli di qualit\u00e0 per la casa\",\"potentialAction\":[{\"@type\":\"SearchAction\",\"target\":{\"@type\":\"EntryPoint\",\"urlTemplate\":\"https:\/\/www.erresse-shop.it\/es\/?s={search_term_string}\"},\"query-input\":\"required name=search_term_string\"}],\"inLanguage\":\"es\"}]}<\/script>\n<!-- \/ Yoast SEO Premium plugin. -->","yoast_head_json":{"title":"MAISON SUCREE Pepe Toalla de ducha Eucalipto - Erresse Shop","description":"Toalla de ba\u00f1o en nueva y particular fabricaci\u00f3n de esponja de algod\u00f3n liso con dobladillo acabado Pepe. Suave y absorbente, un placer para el cuerpo.","robots":{"index":"index","follow":"follow","max-snippet":"max-snippet:-1","max-image-preview":"max-image-preview:large","max-video-preview":"max-video-preview:-1"},"canonical":"https:\/\/www.erresse-shop.it\/es\/shop\/mobiliario\/textil\/maison-sucree-pepe-toalla-de-ducha-piedra-copia\/","og_locale":"es_ES","og_type":"article","og_title":"MAISON SUCREE Pepe Toalla de ducha Eucalipto","og_description":"Toalla de ba\u00f1o en nueva y particular fabricaci\u00f3n de esponja de algod\u00f3n liso con dobladillo acabado Pepe. Suave y absorbente, un placer para el cuerpo.","og_url":"https:\/\/www.erresse-shop.it\/es\/shop\/mobiliario\/textil\/maison-sucree-pepe-toalla-de-ducha-piedra-copia\/","og_site_name":"Erresse Shop","article_modified_time":"2025-03-27T11:33:56+00:00","og_image":[{"width":1200,"height":1200,"url":"https:\/\/www.erresse-shop.it\/wp-content\/uploads\/2025\/03\/MAISON-SUCREE-Pepe-Telo-Doccia-Eucalipto.jpg","type":"image\/jpeg"}],"twitter_card":"summary_large_image","schema":{"@context":"https:\/\/schema.org","@graph":[{"@type":"WebPage","@id":"https:\/\/www.erresse-shop.it\/es\/shop\/mobiliario\/textil\/maison-sucree-pepe-toalla-de-ducha-piedra-copia\/","url":"https:\/\/www.erresse-shop.it\/es\/shop\/mobiliario\/textil\/maison-sucree-pepe-toalla-de-ducha-piedra-copia\/","name":"MAISON SUCREE Pepe Toalla de ducha Eucalipto - Erresse Shop","isPartOf":{"@id":"https:\/\/www.erresse-shop.it\/es\/#website"},"datePublished":"2025-03-27T11:27:57+00:00","dateModified":"2025-03-27T11:33:56+00:00","description":"Toalla de ba\u00f1o en nueva y particular fabricaci\u00f3n de esponja de algod\u00f3n liso con dobladillo acabado Pepe. Suave y absorbente, un placer para el cuerpo.","breadcrumb":{"@id":"https:\/\/www.erresse-shop.it\/es\/shop\/mobiliario\/textil\/maison-sucree-pepe-toalla-de-ducha-piedra-copia\/#breadcrumb"},"inLanguage":"es","potentialAction":[{"@type":"ReadAction","target":["https:\/\/www.erresse-shop.it\/es\/shop\/mobiliario\/textil\/maison-sucree-pepe-toalla-de-ducha-piedra-copia\/"]}]},{"@type":"BreadcrumbList","@id":"https:\/\/www.erresse-shop.it\/es\/shop\/mobiliario\/textil\/maison-sucree-pepe-toalla-de-ducha-piedra-copia\/#breadcrumb","itemListElement":[{"@type":"ListItem","position":1,"name":"Home","item":"https:\/\/www.erresse-shop.it\/es\/"},{"@type":"ListItem","position":2,"name":"Shop","item":"https:\/\/www.erresse-shop.it\/es\/shop\/"},{"@type":"ListItem","position":3,"name":"MAISON SUCREE Pepe Toalla de ducha Eucalipto"}]},{"@type":"WebSite","@id":"https:\/\/www.erresse-shop.it\/es\/#website","url":"https:\/\/www.erresse-shop.it\/es\/","name":"Erresse Shop","description":"Articoli di qualit\u00e0 per la casa","potentialAction":[{"@type":"SearchAction","target":{"@type":"EntryPoint","urlTemplate":"https:\/\/www.erresse-shop.it\/es\/?s={search_term_string}"},"query-input":"required name=search_term_string"}],"inLanguage":"es"}]}},"df_price":30,"df_sale_price":30,"df_regular_price":30,"df_image_link":"https:\/\/www.erresse-shop.it\/wp-content\/uploads\/2025\/03\/MAISON-SUCREE-Pepe-Telo-Doccia-Eucalipto-300x300.jpg","_links":{"self":[{"href":"https:\/\/www.erresse-shop.it\/es\/wp-json\/wp\/v2\/product\/484862"}],"collection":[{"href":"https:\/\/www.erresse-shop.it\/es\/wp-json\/wp\/v2\/product"}],"about":[{"href":"https:\/\/www.erresse-shop.it\/es\/wp-json\/wp\/v2\/types\/product"}],"wp:featuredmedia":[{"embeddable":true,"href":"https:\/\/www.erresse-shop.it\/es\/wp-json\/wp\/v2\/media\/484871"}],"wp:attachment":[{"href":"https:\/\/www.erresse-shop.it\/es\/wp-json\/wp\/v2\/media?parent=484862"}],"wp:term":[{"taxonomy":"product_cat","embeddable":true,"href":"https:\/\/www.erresse-shop.it\/es\/wp-json\/wp\/v2\/product_cat?post=484862"},{"taxonomy":"product_tag","embeddable":true,"href":"https:\/\/www.erresse-shop.it\/es\/wp-json\/wp\/v2\/product_tag?post=484862"}],"curies":[{"name":"wp","href":"https:\/\/api.w.org\/{rel}","templated":true}]}}