{"id":484556,"date":"2025-03-27T07:29:39","date_gmt":"2025-03-27T07:29:43","guid":{"rendered":"https:\/\/www.erresse-shop.it\/?post_type=product&#038;p=484556"},"modified":"2026-02-13T11:01:17","modified_gmt":"2026-02-13T11:01:17","slug":"zafferano-teca-terrazzo-set-de-6-vasos-clasificado","status":"publish","type":"product","link":"https:\/\/www.erresse-shop.it\/es\/shop\/tabla\/vasos\/zafferano-teca-terrazzo-set-de-6-vasos-clasificado\/","title":{"rendered":"ZAFFERANO Teca Terrazzo Set de 6 vasos Clasificado"},"content":{"rendered":"<p>En la categor\u00eda de productos de vajilla en vidrio borosilicato con decoraciones en el interior de la taza, Teca Terrazzo representa una revoluci\u00f3n. En esta colecci\u00f3n de vasos y garrafas, el elemento decorativo est\u00e1 protegido dentro de un \u201cdoble fondo\u201d (doble cristal) que adem\u00e1s facilita la limpieza y el mantenimiento de los art\u00edculos. El elemento decorativo abstracto realizado artesanalmente con peque\u00f1os fragmentos de vidrio coloreado se ofrece en seis combinaciones de colores diferentes. As\u00ed es posible poner hielo en el vaso o jarra, sin temor a roturas accidentales. Gracias a la forma empotrada de la \u201cteca\u201d, los vasos tambi\u00e9n son apilables.<\/p>\n<p><strong>Caracter\u00edsticas:<\/strong><\/p>\n<ul>\n<li>Di\u00e1metro: 8 cm<\/li>\n<li>Altura total: 10,5 cm<\/li>\n<li>Capacidad: 35 cl<\/li>\n<\/ul>\n<p><strong>Las\u00a0<em>im\u00e1genes<\/em>\u00a0insertadas son\u00a0<em>solo<\/em> con fines ilustrativos, el producto final puede diferir<\/strong><\/p>\n","protected":false},"excerpt":{"rendered":"<p>En la categor\u00eda de productos de vajilla en vidrio borosilicato con decoraciones en el interior de la taza, Teca Terrazzo<\/p>\n","protected":false},"featured_media":486655,"template":"","meta":{"_acf_changed":false,"inline_featured_image":false},"product_cat":[16027,16028],"product_tag":[25029,16303,24605,16282,16117,21823,25023,16308],"acf":[],"yoast_head":"<!-- This site is optimized with the Yoast SEO Premium plugin v18.6 (Yoast SEO v19.13) - https:\/\/yoast.com\/wordpress\/plugins\/seo\/ -->\n<title>ZAFFERANO Teca Terrazzo Set de 6 vasos Clasificado - Erresse Shop<\/title>\n<meta name=\"description\" content=\"En la categor\u00eda de productos de vajilla en vidrio borosilicato con decoraciones en el interior de la taza, Teca Terrazzo representa una revoluci\u00f3n. En\" \/>\n<meta name=\"robots\" content=\"index, follow, max-snippet:-1, max-image-preview:large, max-video-preview:-1\" \/>\n<link rel=\"canonical\" href=\"https:\/\/www.erresse-shop.it\/es\/shop\/tabla\/vasos\/zafferano-teca-terrazzo-set-de-6-vasos-clasificado\/\" \/>\n<meta property=\"og:locale\" content=\"es_ES\" \/>\n<meta property=\"og:type\" content=\"article\" \/>\n<meta property=\"og:title\" content=\"ZAFFERANO Teca Terrazzo Set de 6 vasos Clasificado\" \/>\n<meta property=\"og:description\" content=\"En la categor\u00eda de productos de vajilla en vidrio borosilicato con decoraciones en el interior de la taza, Teca Terrazzo representa una revoluci\u00f3n. En\" \/>\n<meta property=\"og:url\" content=\"https:\/\/www.erresse-shop.it\/es\/shop\/tabla\/vasos\/zafferano-teca-terrazzo-set-de-6-vasos-clasificado\/\" \/>\n<meta property=\"og:site_name\" content=\"Erresse Shop\" \/>\n<meta property=\"article:modified_time\" content=\"2026-02-13T11:01:17+00:00\" \/>\n<meta property=\"og:image\" content=\"https:\/\/www.erresse-shop.it\/wp-content\/uploads\/2025\/03\/ZAFFERANO-Teca-Terrazzo-Set-6-Bicchieri-Tumbler-Assortiti-1.jpg\" \/>\n\t<meta property=\"og:image:width\" content=\"1200\" \/>\n\t<meta property=\"og:image:height\" content=\"1200\" \/>\n\t<meta property=\"og:image:type\" content=\"image\/jpeg\" \/>\n<meta name=\"twitter:card\" content=\"summary_large_image\" \/>\n<script type=\"application\/ld+json\" class=\"yoast-schema-graph\">{\"@context\":\"https:\/\/schema.org\",\"@graph\":[{\"@type\":\"WebPage\",\"@id\":\"https:\/\/www.erresse-shop.it\/es\/shop\/tabla\/vasos\/zafferano-teca-terrazzo-set-de-6-vasos-clasificado\/\",\"url\":\"https:\/\/www.erresse-shop.it\/es\/shop\/tabla\/vasos\/zafferano-teca-terrazzo-set-de-6-vasos-clasificado\/\",\"name\":\"ZAFFERANO Teca Terrazzo Set de 6 vasos Clasificado - Erresse Shop\",\"isPartOf\":{\"@id\":\"https:\/\/www.erresse-shop.it\/es\/#website\"},\"datePublished\":\"2025-03-27T07:29:43+00:00\",\"dateModified\":\"2026-02-13T11:01:17+00:00\",\"description\":\"En la categor\u00eda de productos de vajilla en vidrio borosilicato con decoraciones en el interior de la taza, Teca Terrazzo representa una revoluci\u00f3n. En\",\"breadcrumb\":{\"@id\":\"https:\/\/www.erresse-shop.it\/es\/shop\/tabla\/vasos\/zafferano-teca-terrazzo-set-de-6-vasos-clasificado\/#breadcrumb\"},\"inLanguage\":\"es\",\"potentialAction\":[{\"@type\":\"ReadAction\",\"target\":[\"https:\/\/www.erresse-shop.it\/es\/shop\/tabla\/vasos\/zafferano-teca-terrazzo-set-de-6-vasos-clasificado\/\"]}]},{\"@type\":\"BreadcrumbList\",\"@id\":\"https:\/\/www.erresse-shop.it\/es\/shop\/tabla\/vasos\/zafferano-teca-terrazzo-set-de-6-vasos-clasificado\/#breadcrumb\",\"itemListElement\":[{\"@type\":\"ListItem\",\"position\":1,\"name\":\"Home\",\"item\":\"https:\/\/www.erresse-shop.it\/es\/\"},{\"@type\":\"ListItem\",\"position\":2,\"name\":\"Shop\",\"item\":\"https:\/\/www.erresse-shop.it\/es\/shop\/\"},{\"@type\":\"ListItem\",\"position\":3,\"name\":\"ZAFFERANO Teca Terrazzo Set de 6 vasos Clasificado\"}]},{\"@type\":\"WebSite\",\"@id\":\"https:\/\/www.erresse-shop.it\/es\/#website\",\"url\":\"https:\/\/www.erresse-shop.it\/es\/\",\"name\":\"Erresse Shop\",\"description\":\"Articoli di qualit\u00e0 per la casa\",\"potentialAction\":[{\"@type\":\"SearchAction\",\"target\":{\"@type\":\"EntryPoint\",\"urlTemplate\":\"https:\/\/www.erresse-shop.it\/es\/?s={search_term_string}\"},\"query-input\":\"required name=search_term_string\"}],\"inLanguage\":\"es\"}]}<\/script>\n<!-- \/ Yoast SEO Premium plugin. -->","yoast_head_json":{"title":"ZAFFERANO Teca Terrazzo Set de 6 vasos Clasificado - Erresse Shop","description":"En la categor\u00eda de productos de vajilla en vidrio borosilicato con decoraciones en el interior de la taza, Teca Terrazzo representa una revoluci\u00f3n. En","robots":{"index":"index","follow":"follow","max-snippet":"max-snippet:-1","max-image-preview":"max-image-preview:large","max-video-preview":"max-video-preview:-1"},"canonical":"https:\/\/www.erresse-shop.it\/es\/shop\/tabla\/vasos\/zafferano-teca-terrazzo-set-de-6-vasos-clasificado\/","og_locale":"es_ES","og_type":"article","og_title":"ZAFFERANO Teca Terrazzo Set de 6 vasos Clasificado","og_description":"En la categor\u00eda de productos de vajilla en vidrio borosilicato con decoraciones en el interior de la taza, Teca Terrazzo representa una revoluci\u00f3n. En","og_url":"https:\/\/www.erresse-shop.it\/es\/shop\/tabla\/vasos\/zafferano-teca-terrazzo-set-de-6-vasos-clasificado\/","og_site_name":"Erresse Shop","article_modified_time":"2026-02-13T11:01:17+00:00","og_image":[{"width":1200,"height":1200,"url":"https:\/\/www.erresse-shop.it\/wp-content\/uploads\/2025\/03\/ZAFFERANO-Teca-Terrazzo-Set-6-Bicchieri-Tumbler-Assortiti-1.jpg","type":"image\/jpeg"}],"twitter_card":"summary_large_image","schema":{"@context":"https:\/\/schema.org","@graph":[{"@type":"WebPage","@id":"https:\/\/www.erresse-shop.it\/es\/shop\/tabla\/vasos\/zafferano-teca-terrazzo-set-de-6-vasos-clasificado\/","url":"https:\/\/www.erresse-shop.it\/es\/shop\/tabla\/vasos\/zafferano-teca-terrazzo-set-de-6-vasos-clasificado\/","name":"ZAFFERANO Teca Terrazzo Set de 6 vasos Clasificado - Erresse Shop","isPartOf":{"@id":"https:\/\/www.erresse-shop.it\/es\/#website"},"datePublished":"2025-03-27T07:29:43+00:00","dateModified":"2026-02-13T11:01:17+00:00","description":"En la categor\u00eda de productos de vajilla en vidrio borosilicato con decoraciones en el interior de la taza, Teca Terrazzo representa una revoluci\u00f3n. En","breadcrumb":{"@id":"https:\/\/www.erresse-shop.it\/es\/shop\/tabla\/vasos\/zafferano-teca-terrazzo-set-de-6-vasos-clasificado\/#breadcrumb"},"inLanguage":"es","potentialAction":[{"@type":"ReadAction","target":["https:\/\/www.erresse-shop.it\/es\/shop\/tabla\/vasos\/zafferano-teca-terrazzo-set-de-6-vasos-clasificado\/"]}]},{"@type":"BreadcrumbList","@id":"https:\/\/www.erresse-shop.it\/es\/shop\/tabla\/vasos\/zafferano-teca-terrazzo-set-de-6-vasos-clasificado\/#breadcrumb","itemListElement":[{"@type":"ListItem","position":1,"name":"Home","item":"https:\/\/www.erresse-shop.it\/es\/"},{"@type":"ListItem","position":2,"name":"Shop","item":"https:\/\/www.erresse-shop.it\/es\/shop\/"},{"@type":"ListItem","position":3,"name":"ZAFFERANO Teca Terrazzo Set de 6 vasos Clasificado"}]},{"@type":"WebSite","@id":"https:\/\/www.erresse-shop.it\/es\/#website","url":"https:\/\/www.erresse-shop.it\/es\/","name":"Erresse Shop","description":"Articoli di qualit\u00e0 per la casa","potentialAction":[{"@type":"SearchAction","target":{"@type":"EntryPoint","urlTemplate":"https:\/\/www.erresse-shop.it\/es\/?s={search_term_string}"},"query-input":"required name=search_term_string"}],"inLanguage":"es"}]}},"df_price":49.95,"df_sale_price":49.95,"df_regular_price":71.7,"df_image_link":"https:\/\/www.erresse-shop.it\/wp-content\/uploads\/2025\/03\/ZAFFERANO-Teca-Terrazzo-Set-6-Bicchieri-Tumbler-Assortiti-1-300x300.jpg","_links":{"self":[{"href":"https:\/\/www.erresse-shop.it\/es\/wp-json\/wp\/v2\/product\/484556"}],"collection":[{"href":"https:\/\/www.erresse-shop.it\/es\/wp-json\/wp\/v2\/product"}],"about":[{"href":"https:\/\/www.erresse-shop.it\/es\/wp-json\/wp\/v2\/types\/product"}],"wp:featuredmedia":[{"embeddable":true,"href":"https:\/\/www.erresse-shop.it\/es\/wp-json\/wp\/v2\/media\/486655"}],"wp:attachment":[{"href":"https:\/\/www.erresse-shop.it\/es\/wp-json\/wp\/v2\/media?parent=484556"}],"wp:term":[{"taxonomy":"product_cat","embeddable":true,"href":"https:\/\/www.erresse-shop.it\/es\/wp-json\/wp\/v2\/product_cat?post=484556"},{"taxonomy":"product_tag","embeddable":true,"href":"https:\/\/www.erresse-shop.it\/es\/wp-json\/wp\/v2\/product_tag?post=484556"}],"curies":[{"name":"wp","href":"https:\/\/api.w.org\/{rel}","templated":true}]}}