{"id":484297,"date":"2025-03-26T11:28:39","date_gmt":"2025-03-26T11:29:01","guid":{"rendered":"https:\/\/www.erresse-shop.it\/?post_type=product&#038;p=484297"},"modified":"2026-02-13T11:56:40","modified_gmt":"2026-02-13T11:56:40","slug":"zafferano-intrecci-6-vasos-blanco-y-azul","status":"publish","type":"product","link":"https:\/\/www.erresse-shop.it\/es\/shop\/tabla\/vasos\/zafferano-intrecci-6-vasos-blanco-y-azul\/","title":{"rendered":"ZAFFERANO Intrecci 6 Vasos Blanco y azul"},"content":{"rendered":"<p>Los vasos de la colecci\u00f3n Intrecci combinan dise\u00f1o y funcionalidad en perfecto equilibrio. Fabricados con vidrio de borosilicato soplado a mano, liviano y resistente a los golpes t\u00e9rmicos, estos vasos son ideales para cualquier bebida, desde t\u00e9 helado hasta una bebida por la noche; pero tambi\u00e9n se pueden utilizar para servir una ensalada de frutas, o un postre con cuchara. El tejido de vidrio opaco que decora el borde a\u00f1ade un toque de clase a cualquier ocasi\u00f3n.<\/p>\n<p>Apto para lavavajillas a 60\u00b0.<\/p>\n<p><strong>Caracter\u00edsticas:<\/strong><\/p>\n<ul>\n<li>Di\u00e1metro: 7,5 cm<\/li>\n<li>Altura total: 9 cm<\/li>\n<li>Capacidad: 46 cl<\/li>\n<\/ul>\n","protected":false},"excerpt":{"rendered":"<p>Los vasos de la colecci\u00f3n Intrecci combinan dise\u00f1o y funcionalidad en perfecto equilibrio. Fabricados con vidrio de borosilicato soplado a<\/p>\n","protected":false},"featured_media":484310,"template":"","meta":{"_acf_changed":false,"inline_featured_image":false},"product_cat":[16027,16028],"product_tag":[25029,16324,16303,24605,16282,16117,21823,25023,16308],"acf":[],"yoast_head":"<!-- This site is optimized with the Yoast SEO Premium plugin v18.6 (Yoast SEO v19.13) - https:\/\/yoast.com\/wordpress\/plugins\/seo\/ -->\n<title>ZAFFERANO Intrecci 6 Vasos Blanco y azul - Erresse Shop<\/title>\n<meta name=\"description\" content=\"Los vasos de la colecci\u00f3n Intrecci combinan dise\u00f1o y funcionalidad en perfecto equilibrio. Fabricados con vidrio de borosilicato soplado a mano, liviano y\" \/>\n<meta name=\"robots\" content=\"index, follow, max-snippet:-1, max-image-preview:large, max-video-preview:-1\" \/>\n<link rel=\"canonical\" href=\"https:\/\/www.erresse-shop.it\/es\/shop\/tabla\/vasos\/zafferano-intrecci-6-vasos-blanco-y-azul\/\" \/>\n<meta property=\"og:locale\" content=\"es_ES\" \/>\n<meta property=\"og:type\" content=\"article\" \/>\n<meta property=\"og:title\" content=\"ZAFFERANO Intrecci 6 Vasos Blanco y azul\" \/>\n<meta property=\"og:description\" content=\"Los vasos de la colecci\u00f3n Intrecci combinan dise\u00f1o y funcionalidad en perfecto equilibrio. Fabricados con vidrio de borosilicato soplado a mano, liviano y\" \/>\n<meta property=\"og:url\" content=\"https:\/\/www.erresse-shop.it\/es\/shop\/tabla\/vasos\/zafferano-intrecci-6-vasos-blanco-y-azul\/\" \/>\n<meta property=\"og:site_name\" content=\"Erresse Shop\" \/>\n<meta property=\"article:modified_time\" content=\"2026-02-13T11:56:40+00:00\" \/>\n<meta property=\"og:image\" content=\"https:\/\/www.erresse-shop.it\/wp-content\/uploads\/2025\/03\/ZAFFERANO-Intrecci-Set-6-Bicchieri-Tumbler-Bianco-e-Blu.jpg\" \/>\n\t<meta property=\"og:image:width\" content=\"1200\" \/>\n\t<meta property=\"og:image:height\" content=\"1200\" \/>\n\t<meta property=\"og:image:type\" content=\"image\/jpeg\" \/>\n<meta name=\"twitter:card\" content=\"summary_large_image\" \/>\n<script type=\"application\/ld+json\" class=\"yoast-schema-graph\">{\"@context\":\"https:\/\/schema.org\",\"@graph\":[{\"@type\":\"WebPage\",\"@id\":\"https:\/\/www.erresse-shop.it\/es\/shop\/tabla\/vasos\/zafferano-intrecci-6-vasos-blanco-y-azul\/\",\"url\":\"https:\/\/www.erresse-shop.it\/es\/shop\/tabla\/vasos\/zafferano-intrecci-6-vasos-blanco-y-azul\/\",\"name\":\"ZAFFERANO Intrecci 6 Vasos Blanco y azul - Erresse Shop\",\"isPartOf\":{\"@id\":\"https:\/\/www.erresse-shop.it\/es\/#website\"},\"datePublished\":\"2025-03-26T11:29:01+00:00\",\"dateModified\":\"2026-02-13T11:56:40+00:00\",\"description\":\"Los vasos de la colecci\u00f3n Intrecci combinan dise\u00f1o y funcionalidad en perfecto equilibrio. Fabricados con vidrio de borosilicato soplado a mano, liviano y\",\"breadcrumb\":{\"@id\":\"https:\/\/www.erresse-shop.it\/es\/shop\/tabla\/vasos\/zafferano-intrecci-6-vasos-blanco-y-azul\/#breadcrumb\"},\"inLanguage\":\"es\",\"potentialAction\":[{\"@type\":\"ReadAction\",\"target\":[\"https:\/\/www.erresse-shop.it\/es\/shop\/tabla\/vasos\/zafferano-intrecci-6-vasos-blanco-y-azul\/\"]}]},{\"@type\":\"BreadcrumbList\",\"@id\":\"https:\/\/www.erresse-shop.it\/es\/shop\/tabla\/vasos\/zafferano-intrecci-6-vasos-blanco-y-azul\/#breadcrumb\",\"itemListElement\":[{\"@type\":\"ListItem\",\"position\":1,\"name\":\"Home\",\"item\":\"https:\/\/www.erresse-shop.it\/es\/\"},{\"@type\":\"ListItem\",\"position\":2,\"name\":\"Shop\",\"item\":\"https:\/\/www.erresse-shop.it\/es\/shop\/\"},{\"@type\":\"ListItem\",\"position\":3,\"name\":\"ZAFFERANO Intrecci 6 Vasos Blanco y azul\"}]},{\"@type\":\"WebSite\",\"@id\":\"https:\/\/www.erresse-shop.it\/es\/#website\",\"url\":\"https:\/\/www.erresse-shop.it\/es\/\",\"name\":\"Erresse Shop\",\"description\":\"Articoli di qualit\u00e0 per la casa\",\"potentialAction\":[{\"@type\":\"SearchAction\",\"target\":{\"@type\":\"EntryPoint\",\"urlTemplate\":\"https:\/\/www.erresse-shop.it\/es\/?s={search_term_string}\"},\"query-input\":\"required name=search_term_string\"}],\"inLanguage\":\"es\"}]}<\/script>\n<!-- \/ Yoast SEO Premium plugin. -->","yoast_head_json":{"title":"ZAFFERANO Intrecci 6 Vasos Blanco y azul - Erresse Shop","description":"Los vasos de la colecci\u00f3n Intrecci combinan dise\u00f1o y funcionalidad en perfecto equilibrio. Fabricados con vidrio de borosilicato soplado a mano, liviano y","robots":{"index":"index","follow":"follow","max-snippet":"max-snippet:-1","max-image-preview":"max-image-preview:large","max-video-preview":"max-video-preview:-1"},"canonical":"https:\/\/www.erresse-shop.it\/es\/shop\/tabla\/vasos\/zafferano-intrecci-6-vasos-blanco-y-azul\/","og_locale":"es_ES","og_type":"article","og_title":"ZAFFERANO Intrecci 6 Vasos Blanco y azul","og_description":"Los vasos de la colecci\u00f3n Intrecci combinan dise\u00f1o y funcionalidad en perfecto equilibrio. Fabricados con vidrio de borosilicato soplado a mano, liviano y","og_url":"https:\/\/www.erresse-shop.it\/es\/shop\/tabla\/vasos\/zafferano-intrecci-6-vasos-blanco-y-azul\/","og_site_name":"Erresse Shop","article_modified_time":"2026-02-13T11:56:40+00:00","og_image":[{"width":1200,"height":1200,"url":"https:\/\/www.erresse-shop.it\/wp-content\/uploads\/2025\/03\/ZAFFERANO-Intrecci-Set-6-Bicchieri-Tumbler-Bianco-e-Blu.jpg","type":"image\/jpeg"}],"twitter_card":"summary_large_image","schema":{"@context":"https:\/\/schema.org","@graph":[{"@type":"WebPage","@id":"https:\/\/www.erresse-shop.it\/es\/shop\/tabla\/vasos\/zafferano-intrecci-6-vasos-blanco-y-azul\/","url":"https:\/\/www.erresse-shop.it\/es\/shop\/tabla\/vasos\/zafferano-intrecci-6-vasos-blanco-y-azul\/","name":"ZAFFERANO Intrecci 6 Vasos Blanco y azul - Erresse Shop","isPartOf":{"@id":"https:\/\/www.erresse-shop.it\/es\/#website"},"datePublished":"2025-03-26T11:29:01+00:00","dateModified":"2026-02-13T11:56:40+00:00","description":"Los vasos de la colecci\u00f3n Intrecci combinan dise\u00f1o y funcionalidad en perfecto equilibrio. Fabricados con vidrio de borosilicato soplado a mano, liviano y","breadcrumb":{"@id":"https:\/\/www.erresse-shop.it\/es\/shop\/tabla\/vasos\/zafferano-intrecci-6-vasos-blanco-y-azul\/#breadcrumb"},"inLanguage":"es","potentialAction":[{"@type":"ReadAction","target":["https:\/\/www.erresse-shop.it\/es\/shop\/tabla\/vasos\/zafferano-intrecci-6-vasos-blanco-y-azul\/"]}]},{"@type":"BreadcrumbList","@id":"https:\/\/www.erresse-shop.it\/es\/shop\/tabla\/vasos\/zafferano-intrecci-6-vasos-blanco-y-azul\/#breadcrumb","itemListElement":[{"@type":"ListItem","position":1,"name":"Home","item":"https:\/\/www.erresse-shop.it\/es\/"},{"@type":"ListItem","position":2,"name":"Shop","item":"https:\/\/www.erresse-shop.it\/es\/shop\/"},{"@type":"ListItem","position":3,"name":"ZAFFERANO Intrecci 6 Vasos Blanco y azul"}]},{"@type":"WebSite","@id":"https:\/\/www.erresse-shop.it\/es\/#website","url":"https:\/\/www.erresse-shop.it\/es\/","name":"Erresse Shop","description":"Articoli di qualit\u00e0 per la casa","potentialAction":[{"@type":"SearchAction","target":{"@type":"EntryPoint","urlTemplate":"https:\/\/www.erresse-shop.it\/es\/?s={search_term_string}"},"query-input":"required name=search_term_string"}],"inLanguage":"es"}]}},"df_price":27.27,"df_sale_price":27.27,"df_regular_price":60.6,"df_image_link":"https:\/\/www.erresse-shop.it\/wp-content\/uploads\/2025\/03\/ZAFFERANO-Intrecci-Set-6-Bicchieri-Tumbler-Bianco-e-Blu-300x300.jpg","_links":{"self":[{"href":"https:\/\/www.erresse-shop.it\/es\/wp-json\/wp\/v2\/product\/484297"}],"collection":[{"href":"https:\/\/www.erresse-shop.it\/es\/wp-json\/wp\/v2\/product"}],"about":[{"href":"https:\/\/www.erresse-shop.it\/es\/wp-json\/wp\/v2\/types\/product"}],"wp:featuredmedia":[{"embeddable":true,"href":"https:\/\/www.erresse-shop.it\/es\/wp-json\/wp\/v2\/media\/484310"}],"wp:attachment":[{"href":"https:\/\/www.erresse-shop.it\/es\/wp-json\/wp\/v2\/media?parent=484297"}],"wp:term":[{"taxonomy":"product_cat","embeddable":true,"href":"https:\/\/www.erresse-shop.it\/es\/wp-json\/wp\/v2\/product_cat?post=484297"},{"taxonomy":"product_tag","embeddable":true,"href":"https:\/\/www.erresse-shop.it\/es\/wp-json\/wp\/v2\/product_tag?post=484297"}],"curies":[{"name":"wp","href":"https:\/\/api.w.org\/{rel}","templated":true}]}}