{"id":484091,"date":"2025-03-26T09:32:43","date_gmt":"2025-03-26T09:32:47","guid":{"rendered":"https:\/\/www.erresse-shop.it\/?post_type=product&#038;p=484091"},"modified":"2026-02-16T08:42:30","modified_gmt":"2026-02-16T08:42:30","slug":"zafferano-teca-mare-set-de-6-vasos-tipo-vaso-pez-azul-bicolor","status":"publish","type":"product","link":"https:\/\/www.erresse-shop.it\/es\/shop\/tabla\/vasos\/zafferano-teca-mare-set-de-6-vasos-tipo-vaso-pez-azul-bicolor\/","title":{"rendered":"ZAFFERANO Teca Mare Set de 6 vasos tipo vaso Pez azul bicolor"},"content":{"rendered":"<p>Dale un toque marino a tu mesa con el juego de seis vasos de la colecci\u00f3n Teca Mare de Zafferano. Fabricados \u00edntegramente a mano en vidrio de borosilicato, cada uno contiene, dentro del doble acristalamiento del fondo, una de las seis deliciosas decoraciones marinas, como pez globo, sardina, coral, erizo de mar y estrella de mar. Su dise\u00f1o es innovador: el estuche protege la decoraci\u00f3n, los vasos son apilables y su limpieza es f\u00e1cil. Ideales para a\u00f1adir un toque de alegr\u00eda y originalidad a tus momentos cotidianos, los vasos Teca Mare ofrecen una soluci\u00f3n pr\u00e1ctica y resistente para cualquier ocasi\u00f3n. Perfectos para el d\u00eda a d\u00eda o para sorprender a tus invitados con elegancia y funcionalidad.<\/p>\n<p><strong>Caracter\u00edsticas:<\/strong><\/p>\n<ul>\n<li>Di\u00e1metro: 8 cm<\/li>\n<li>Altura total: 10,5 cm<\/li>\n<li>Capacidad: 35 cl<\/li>\n<\/ul>\n","protected":false},"excerpt":{"rendered":"<p>Dale un toque marino a tu mesa con el juego de seis vasos de la colecci\u00f3n Teca Mare de Zafferano.<\/p>\n","protected":false},"featured_media":484104,"template":"","meta":{"_acf_changed":false,"inline_featured_image":false},"product_cat":[16027,16028],"product_tag":[25029,16303,24605,16282,16117,21823,25023,16308],"acf":[],"yoast_head":"<!-- This site is optimized with the Yoast SEO Premium plugin v18.6 (Yoast SEO v19.13) - https:\/\/yoast.com\/wordpress\/plugins\/seo\/ -->\n<title>ZAFFERANO Teca Mare Set de 6 vasos tipo vaso Pez azul bicolor - Erresse Shop<\/title>\n<meta name=\"description\" content=\"Dale un toque marino a tu mesa con el juego de seis vasos de la colecci\u00f3n Teca Mare de Zafferano. Fabricados \u00edntegramente a mano en vidrio de\" \/>\n<meta name=\"robots\" content=\"index, follow, max-snippet:-1, max-image-preview:large, max-video-preview:-1\" \/>\n<link rel=\"canonical\" href=\"https:\/\/www.erresse-shop.it\/es\/shop\/tabla\/vasos\/zafferano-teca-mare-set-de-6-vasos-tipo-vaso-pez-azul-bicolor\/\" \/>\n<meta property=\"og:locale\" content=\"es_ES\" \/>\n<meta property=\"og:type\" content=\"article\" \/>\n<meta property=\"og:title\" content=\"ZAFFERANO Teca Mare Set de 6 vasos tipo vaso Pez azul bicolor\" \/>\n<meta property=\"og:description\" content=\"Dale un toque marino a tu mesa con el juego de seis vasos de la colecci\u00f3n Teca Mare de Zafferano. Fabricados \u00edntegramente a mano en vidrio de\" \/>\n<meta property=\"og:url\" content=\"https:\/\/www.erresse-shop.it\/es\/shop\/tabla\/vasos\/zafferano-teca-mare-set-de-6-vasos-tipo-vaso-pez-azul-bicolor\/\" \/>\n<meta property=\"og:site_name\" content=\"Erresse Shop\" \/>\n<meta property=\"article:modified_time\" content=\"2026-02-16T08:42:30+00:00\" \/>\n<meta property=\"og:image\" content=\"https:\/\/www.erresse-shop.it\/wp-content\/uploads\/2025\/03\/ZAFFERANO-Teca-Mare-Set-6-Bicchieri-Tumbler-Bicolor-Blu.jpg\" \/>\n\t<meta property=\"og:image:width\" content=\"1200\" \/>\n\t<meta property=\"og:image:height\" content=\"1200\" \/>\n\t<meta property=\"og:image:type\" content=\"image\/jpeg\" \/>\n<meta name=\"twitter:card\" content=\"summary_large_image\" \/>\n<script type=\"application\/ld+json\" class=\"yoast-schema-graph\">{\"@context\":\"https:\/\/schema.org\",\"@graph\":[{\"@type\":\"WebPage\",\"@id\":\"https:\/\/www.erresse-shop.it\/es\/shop\/tabla\/vasos\/zafferano-teca-mare-set-de-6-vasos-tipo-vaso-pez-azul-bicolor\/\",\"url\":\"https:\/\/www.erresse-shop.it\/es\/shop\/tabla\/vasos\/zafferano-teca-mare-set-de-6-vasos-tipo-vaso-pez-azul-bicolor\/\",\"name\":\"ZAFFERANO Teca Mare Set de 6 vasos tipo vaso Pez azul bicolor - Erresse Shop\",\"isPartOf\":{\"@id\":\"https:\/\/www.erresse-shop.it\/es\/#website\"},\"datePublished\":\"2025-03-26T09:32:47+00:00\",\"dateModified\":\"2026-02-16T08:42:30+00:00\",\"description\":\"Dale un toque marino a tu mesa con el juego de seis vasos de la colecci\u00f3n Teca Mare de Zafferano. Fabricados \u00edntegramente a mano en vidrio de\",\"breadcrumb\":{\"@id\":\"https:\/\/www.erresse-shop.it\/es\/shop\/tabla\/vasos\/zafferano-teca-mare-set-de-6-vasos-tipo-vaso-pez-azul-bicolor\/#breadcrumb\"},\"inLanguage\":\"es\",\"potentialAction\":[{\"@type\":\"ReadAction\",\"target\":[\"https:\/\/www.erresse-shop.it\/es\/shop\/tabla\/vasos\/zafferano-teca-mare-set-de-6-vasos-tipo-vaso-pez-azul-bicolor\/\"]}]},{\"@type\":\"BreadcrumbList\",\"@id\":\"https:\/\/www.erresse-shop.it\/es\/shop\/tabla\/vasos\/zafferano-teca-mare-set-de-6-vasos-tipo-vaso-pez-azul-bicolor\/#breadcrumb\",\"itemListElement\":[{\"@type\":\"ListItem\",\"position\":1,\"name\":\"Home\",\"item\":\"https:\/\/www.erresse-shop.it\/es\/\"},{\"@type\":\"ListItem\",\"position\":2,\"name\":\"Shop\",\"item\":\"https:\/\/www.erresse-shop.it\/es\/shop\/\"},{\"@type\":\"ListItem\",\"position\":3,\"name\":\"ZAFFERANO Teca Mare Set de 6 vasos tipo vaso Pez azul bicolor\"}]},{\"@type\":\"WebSite\",\"@id\":\"https:\/\/www.erresse-shop.it\/es\/#website\",\"url\":\"https:\/\/www.erresse-shop.it\/es\/\",\"name\":\"Erresse Shop\",\"description\":\"Articoli di qualit\u00e0 per la casa\",\"potentialAction\":[{\"@type\":\"SearchAction\",\"target\":{\"@type\":\"EntryPoint\",\"urlTemplate\":\"https:\/\/www.erresse-shop.it\/es\/?s={search_term_string}\"},\"query-input\":\"required name=search_term_string\"}],\"inLanguage\":\"es\"}]}<\/script>\n<!-- \/ Yoast SEO Premium plugin. -->","yoast_head_json":{"title":"ZAFFERANO Teca Mare Set de 6 vasos tipo vaso Pez azul bicolor - Erresse Shop","description":"Dale un toque marino a tu mesa con el juego de seis vasos de la colecci\u00f3n Teca Mare de Zafferano. Fabricados \u00edntegramente a mano en vidrio de","robots":{"index":"index","follow":"follow","max-snippet":"max-snippet:-1","max-image-preview":"max-image-preview:large","max-video-preview":"max-video-preview:-1"},"canonical":"https:\/\/www.erresse-shop.it\/es\/shop\/tabla\/vasos\/zafferano-teca-mare-set-de-6-vasos-tipo-vaso-pez-azul-bicolor\/","og_locale":"es_ES","og_type":"article","og_title":"ZAFFERANO Teca Mare Set de 6 vasos tipo vaso Pez azul bicolor","og_description":"Dale un toque marino a tu mesa con el juego de seis vasos de la colecci\u00f3n Teca Mare de Zafferano. Fabricados \u00edntegramente a mano en vidrio de","og_url":"https:\/\/www.erresse-shop.it\/es\/shop\/tabla\/vasos\/zafferano-teca-mare-set-de-6-vasos-tipo-vaso-pez-azul-bicolor\/","og_site_name":"Erresse Shop","article_modified_time":"2026-02-16T08:42:30+00:00","og_image":[{"width":1200,"height":1200,"url":"https:\/\/www.erresse-shop.it\/wp-content\/uploads\/2025\/03\/ZAFFERANO-Teca-Mare-Set-6-Bicchieri-Tumbler-Bicolor-Blu.jpg","type":"image\/jpeg"}],"twitter_card":"summary_large_image","schema":{"@context":"https:\/\/schema.org","@graph":[{"@type":"WebPage","@id":"https:\/\/www.erresse-shop.it\/es\/shop\/tabla\/vasos\/zafferano-teca-mare-set-de-6-vasos-tipo-vaso-pez-azul-bicolor\/","url":"https:\/\/www.erresse-shop.it\/es\/shop\/tabla\/vasos\/zafferano-teca-mare-set-de-6-vasos-tipo-vaso-pez-azul-bicolor\/","name":"ZAFFERANO Teca Mare Set de 6 vasos tipo vaso Pez azul bicolor - Erresse Shop","isPartOf":{"@id":"https:\/\/www.erresse-shop.it\/es\/#website"},"datePublished":"2025-03-26T09:32:47+00:00","dateModified":"2026-02-16T08:42:30+00:00","description":"Dale un toque marino a tu mesa con el juego de seis vasos de la colecci\u00f3n Teca Mare de Zafferano. Fabricados \u00edntegramente a mano en vidrio de","breadcrumb":{"@id":"https:\/\/www.erresse-shop.it\/es\/shop\/tabla\/vasos\/zafferano-teca-mare-set-de-6-vasos-tipo-vaso-pez-azul-bicolor\/#breadcrumb"},"inLanguage":"es","potentialAction":[{"@type":"ReadAction","target":["https:\/\/www.erresse-shop.it\/es\/shop\/tabla\/vasos\/zafferano-teca-mare-set-de-6-vasos-tipo-vaso-pez-azul-bicolor\/"]}]},{"@type":"BreadcrumbList","@id":"https:\/\/www.erresse-shop.it\/es\/shop\/tabla\/vasos\/zafferano-teca-mare-set-de-6-vasos-tipo-vaso-pez-azul-bicolor\/#breadcrumb","itemListElement":[{"@type":"ListItem","position":1,"name":"Home","item":"https:\/\/www.erresse-shop.it\/es\/"},{"@type":"ListItem","position":2,"name":"Shop","item":"https:\/\/www.erresse-shop.it\/es\/shop\/"},{"@type":"ListItem","position":3,"name":"ZAFFERANO Teca Mare Set de 6 vasos tipo vaso Pez azul bicolor"}]},{"@type":"WebSite","@id":"https:\/\/www.erresse-shop.it\/es\/#website","url":"https:\/\/www.erresse-shop.it\/es\/","name":"Erresse Shop","description":"Articoli di qualit\u00e0 per la casa","potentialAction":[{"@type":"SearchAction","target":{"@type":"EntryPoint","urlTemplate":"https:\/\/www.erresse-shop.it\/es\/?s={search_term_string}"},"query-input":"required name=search_term_string"}],"inLanguage":"es"}]}},"df_price":32.265,"df_sale_price":32.265,"df_regular_price":71.7,"df_image_link":"https:\/\/www.erresse-shop.it\/wp-content\/uploads\/2025\/03\/ZAFFERANO-Teca-Mare-Set-6-Bicchieri-Tumbler-Bicolor-Blu-300x300.jpg","_links":{"self":[{"href":"https:\/\/www.erresse-shop.it\/es\/wp-json\/wp\/v2\/product\/484091"}],"collection":[{"href":"https:\/\/www.erresse-shop.it\/es\/wp-json\/wp\/v2\/product"}],"about":[{"href":"https:\/\/www.erresse-shop.it\/es\/wp-json\/wp\/v2\/types\/product"}],"wp:featuredmedia":[{"embeddable":true,"href":"https:\/\/www.erresse-shop.it\/es\/wp-json\/wp\/v2\/media\/484104"}],"wp:attachment":[{"href":"https:\/\/www.erresse-shop.it\/es\/wp-json\/wp\/v2\/media?parent=484091"}],"wp:term":[{"taxonomy":"product_cat","embeddable":true,"href":"https:\/\/www.erresse-shop.it\/es\/wp-json\/wp\/v2\/product_cat?post=484091"},{"taxonomy":"product_tag","embeddable":true,"href":"https:\/\/www.erresse-shop.it\/es\/wp-json\/wp\/v2\/product_tag?post=484091"}],"curies":[{"name":"wp","href":"https:\/\/api.w.org\/{rel}","templated":true}]}}