{"id":483874,"date":"2025-03-25T14:52:05","date_gmt":"2025-03-25T14:52:09","guid":{"rendered":"https:\/\/www.erresse-shop.it\/?post_type=product&#038;p=483874"},"modified":"2026-02-16T09:44:20","modified_gmt":"2026-02-16T09:44:20","slug":"zafferano-teca-frutta-jarra-naranja","status":"publish","type":"product","link":"https:\/\/www.erresse-shop.it\/es\/shop\/tabla\/jarras-garaffas-botellas\/zafferano-teca-frutta-jarra-naranja\/","title":{"rendered":"ZAFFERANO Teca Frutta Jarra Naranja"},"content":{"rendered":"<p>En la categor\u00eda de vajillas con decoraciones en el interior de la taza, Teca Frutta representa una revoluci\u00f3n. En estas jarras de vidrio de borosilicato, el elemento decorativo est\u00e1 protegido por un doble fondo (doble acristalamiento) que facilita la limpieza y el mantenimiento. Por lo tanto, es posible verter hielo en la jarra sin riesgo de roturas accidentales. Las decoraciones, hechas a mano, representan naranjas y limones en el doble fondo.<\/p>\n<p>Caracter\u00edsticas:<\/p>\n<ul>\n<li>Di\u00e1metro: 8,5 cm<\/li>\n<li>Altura total: 19,5 cm<\/li>\n<li>Saliente: 13,8 cm<\/li>\n<li>Capacidad: 75 cl<\/li>\n<\/ul>\n","protected":false},"excerpt":{"rendered":"<p>En la categor\u00eda de vajillas con decoraciones en el interior de la taza, Teca Frutta representa una revoluci\u00f3n. En estas<\/p>\n","protected":false},"featured_media":483887,"template":"","meta":{"_acf_changed":false,"inline_featured_image":false},"product_cat":[16029,16027],"product_tag":[25029,16303,16314,24605,16282,21823,25023,16308],"acf":[],"yoast_head":"<!-- This site is optimized with the Yoast SEO Premium plugin v18.6 (Yoast SEO v19.13) - https:\/\/yoast.com\/wordpress\/plugins\/seo\/ -->\n<title>ZAFFERANO Teca Frutta Jarra Naranja - Erresse Shop<\/title>\n<meta name=\"description\" content=\"En la categor\u00eda de vajillas con decoraciones en el interior de la taza, Teca Frutta representa una revoluci\u00f3n. En estas jarras de vidrio de borosilicato,\" \/>\n<meta name=\"robots\" content=\"index, follow, max-snippet:-1, max-image-preview:large, max-video-preview:-1\" \/>\n<link rel=\"canonical\" href=\"https:\/\/www.erresse-shop.it\/es\/shop\/tabla\/jarras-garaffas-botellas\/zafferano-teca-frutta-jarra-naranja\/\" \/>\n<meta property=\"og:locale\" content=\"es_ES\" \/>\n<meta property=\"og:type\" content=\"article\" \/>\n<meta property=\"og:title\" content=\"ZAFFERANO Teca Frutta Jarra Naranja\" \/>\n<meta property=\"og:description\" content=\"En la categor\u00eda de vajillas con decoraciones en el interior de la taza, Teca Frutta representa una revoluci\u00f3n. En estas jarras de vidrio de borosilicato,\" \/>\n<meta property=\"og:url\" content=\"https:\/\/www.erresse-shop.it\/es\/shop\/tabla\/jarras-garaffas-botellas\/zafferano-teca-frutta-jarra-naranja\/\" \/>\n<meta property=\"og:site_name\" content=\"Erresse Shop\" \/>\n<meta property=\"article:modified_time\" content=\"2026-02-16T09:44:20+00:00\" \/>\n<meta property=\"og:image\" content=\"https:\/\/www.erresse-shop.it\/wp-content\/uploads\/2025\/03\/ZAFFERANO-Teca-Frutta-Caraffa-Arancia.jpg\" \/>\n\t<meta property=\"og:image:width\" content=\"1200\" \/>\n\t<meta property=\"og:image:height\" content=\"1200\" \/>\n\t<meta property=\"og:image:type\" content=\"image\/jpeg\" \/>\n<meta name=\"twitter:card\" content=\"summary_large_image\" \/>\n<script type=\"application\/ld+json\" class=\"yoast-schema-graph\">{\"@context\":\"https:\/\/schema.org\",\"@graph\":[{\"@type\":\"WebPage\",\"@id\":\"https:\/\/www.erresse-shop.it\/es\/shop\/tabla\/jarras-garaffas-botellas\/zafferano-teca-frutta-jarra-naranja\/\",\"url\":\"https:\/\/www.erresse-shop.it\/es\/shop\/tabla\/jarras-garaffas-botellas\/zafferano-teca-frutta-jarra-naranja\/\",\"name\":\"ZAFFERANO Teca Frutta Jarra Naranja - Erresse Shop\",\"isPartOf\":{\"@id\":\"https:\/\/www.erresse-shop.it\/es\/#website\"},\"datePublished\":\"2025-03-25T14:52:09+00:00\",\"dateModified\":\"2026-02-16T09:44:20+00:00\",\"description\":\"En la categor\u00eda de vajillas con decoraciones en el interior de la taza, Teca Frutta representa una revoluci\u00f3n. En estas jarras de vidrio de borosilicato,\",\"breadcrumb\":{\"@id\":\"https:\/\/www.erresse-shop.it\/es\/shop\/tabla\/jarras-garaffas-botellas\/zafferano-teca-frutta-jarra-naranja\/#breadcrumb\"},\"inLanguage\":\"es\",\"potentialAction\":[{\"@type\":\"ReadAction\",\"target\":[\"https:\/\/www.erresse-shop.it\/es\/shop\/tabla\/jarras-garaffas-botellas\/zafferano-teca-frutta-jarra-naranja\/\"]}]},{\"@type\":\"BreadcrumbList\",\"@id\":\"https:\/\/www.erresse-shop.it\/es\/shop\/tabla\/jarras-garaffas-botellas\/zafferano-teca-frutta-jarra-naranja\/#breadcrumb\",\"itemListElement\":[{\"@type\":\"ListItem\",\"position\":1,\"name\":\"Home\",\"item\":\"https:\/\/www.erresse-shop.it\/es\/\"},{\"@type\":\"ListItem\",\"position\":2,\"name\":\"Shop\",\"item\":\"https:\/\/www.erresse-shop.it\/es\/shop\/\"},{\"@type\":\"ListItem\",\"position\":3,\"name\":\"ZAFFERANO Teca Frutta Jarra Naranja\"}]},{\"@type\":\"WebSite\",\"@id\":\"https:\/\/www.erresse-shop.it\/es\/#website\",\"url\":\"https:\/\/www.erresse-shop.it\/es\/\",\"name\":\"Erresse Shop\",\"description\":\"Articoli di qualit\u00e0 per la casa\",\"potentialAction\":[{\"@type\":\"SearchAction\",\"target\":{\"@type\":\"EntryPoint\",\"urlTemplate\":\"https:\/\/www.erresse-shop.it\/es\/?s={search_term_string}\"},\"query-input\":\"required name=search_term_string\"}],\"inLanguage\":\"es\"}]}<\/script>\n<!-- \/ Yoast SEO Premium plugin. -->","yoast_head_json":{"title":"ZAFFERANO Teca Frutta Jarra Naranja - Erresse Shop","description":"En la categor\u00eda de vajillas con decoraciones en el interior de la taza, Teca Frutta representa una revoluci\u00f3n. En estas jarras de vidrio de borosilicato,","robots":{"index":"index","follow":"follow","max-snippet":"max-snippet:-1","max-image-preview":"max-image-preview:large","max-video-preview":"max-video-preview:-1"},"canonical":"https:\/\/www.erresse-shop.it\/es\/shop\/tabla\/jarras-garaffas-botellas\/zafferano-teca-frutta-jarra-naranja\/","og_locale":"es_ES","og_type":"article","og_title":"ZAFFERANO Teca Frutta Jarra Naranja","og_description":"En la categor\u00eda de vajillas con decoraciones en el interior de la taza, Teca Frutta representa una revoluci\u00f3n. En estas jarras de vidrio de borosilicato,","og_url":"https:\/\/www.erresse-shop.it\/es\/shop\/tabla\/jarras-garaffas-botellas\/zafferano-teca-frutta-jarra-naranja\/","og_site_name":"Erresse Shop","article_modified_time":"2026-02-16T09:44:20+00:00","og_image":[{"width":1200,"height":1200,"url":"https:\/\/www.erresse-shop.it\/wp-content\/uploads\/2025\/03\/ZAFFERANO-Teca-Frutta-Caraffa-Arancia.jpg","type":"image\/jpeg"}],"twitter_card":"summary_large_image","schema":{"@context":"https:\/\/schema.org","@graph":[{"@type":"WebPage","@id":"https:\/\/www.erresse-shop.it\/es\/shop\/tabla\/jarras-garaffas-botellas\/zafferano-teca-frutta-jarra-naranja\/","url":"https:\/\/www.erresse-shop.it\/es\/shop\/tabla\/jarras-garaffas-botellas\/zafferano-teca-frutta-jarra-naranja\/","name":"ZAFFERANO Teca Frutta Jarra Naranja - Erresse Shop","isPartOf":{"@id":"https:\/\/www.erresse-shop.it\/es\/#website"},"datePublished":"2025-03-25T14:52:09+00:00","dateModified":"2026-02-16T09:44:20+00:00","description":"En la categor\u00eda de vajillas con decoraciones en el interior de la taza, Teca Frutta representa una revoluci\u00f3n. En estas jarras de vidrio de borosilicato,","breadcrumb":{"@id":"https:\/\/www.erresse-shop.it\/es\/shop\/tabla\/jarras-garaffas-botellas\/zafferano-teca-frutta-jarra-naranja\/#breadcrumb"},"inLanguage":"es","potentialAction":[{"@type":"ReadAction","target":["https:\/\/www.erresse-shop.it\/es\/shop\/tabla\/jarras-garaffas-botellas\/zafferano-teca-frutta-jarra-naranja\/"]}]},{"@type":"BreadcrumbList","@id":"https:\/\/www.erresse-shop.it\/es\/shop\/tabla\/jarras-garaffas-botellas\/zafferano-teca-frutta-jarra-naranja\/#breadcrumb","itemListElement":[{"@type":"ListItem","position":1,"name":"Home","item":"https:\/\/www.erresse-shop.it\/es\/"},{"@type":"ListItem","position":2,"name":"Shop","item":"https:\/\/www.erresse-shop.it\/es\/shop\/"},{"@type":"ListItem","position":3,"name":"ZAFFERANO Teca Frutta Jarra Naranja"}]},{"@type":"WebSite","@id":"https:\/\/www.erresse-shop.it\/es\/#website","url":"https:\/\/www.erresse-shop.it\/es\/","name":"Erresse Shop","description":"Articoli di qualit\u00e0 per la casa","potentialAction":[{"@type":"SearchAction","target":{"@type":"EntryPoint","urlTemplate":"https:\/\/www.erresse-shop.it\/es\/?s={search_term_string}"},"query-input":"required name=search_term_string"}],"inLanguage":"es"}]}},"df_price":9,"df_sale_price":9,"df_regular_price":20,"df_image_link":"https:\/\/www.erresse-shop.it\/wp-content\/uploads\/2025\/03\/ZAFFERANO-Teca-Frutta-Caraffa-Arancia-300x300.jpg","_links":{"self":[{"href":"https:\/\/www.erresse-shop.it\/es\/wp-json\/wp\/v2\/product\/483874"}],"collection":[{"href":"https:\/\/www.erresse-shop.it\/es\/wp-json\/wp\/v2\/product"}],"about":[{"href":"https:\/\/www.erresse-shop.it\/es\/wp-json\/wp\/v2\/types\/product"}],"wp:featuredmedia":[{"embeddable":true,"href":"https:\/\/www.erresse-shop.it\/es\/wp-json\/wp\/v2\/media\/483887"}],"wp:attachment":[{"href":"https:\/\/www.erresse-shop.it\/es\/wp-json\/wp\/v2\/media?parent=483874"}],"wp:term":[{"taxonomy":"product_cat","embeddable":true,"href":"https:\/\/www.erresse-shop.it\/es\/wp-json\/wp\/v2\/product_cat?post=483874"},{"taxonomy":"product_tag","embeddable":true,"href":"https:\/\/www.erresse-shop.it\/es\/wp-json\/wp\/v2\/product_tag?post=483874"}],"curies":[{"name":"wp","href":"https:\/\/api.w.org\/{rel}","templated":true}]}}