{"id":483392,"date":"2025-03-24T11:15:16","date_gmt":"2025-03-24T11:15:19","guid":{"rendered":"https:\/\/www.erresse-shop.it\/?post_type=product&#038;p=483392"},"modified":"2026-02-16T10:31:36","modified_gmt":"2026-02-16T10:31:36","slug":"lego-room-copenhagen-storage-head-s-happy-boy","status":"publish","type":"product","link":"https:\/\/www.erresse-shop.it\/es\/shop\/mobiliario\/muebles\/lego-room-copenhagen-storage-head-s-happy-boy\/","title":{"rendered":"LEGO &#8211; ROOM COPENHAGEN Storage Head S Happy Boy"},"content":{"rendered":"<div class=\"product__description-formated \">\n<div class=\"metafield-rich_text_field\">\n<p id=\"ucj-12\" class=\"oBOnKe\">Este peque\u00f1o cabezal de almacenamiento LEGO\u00ae de color amarillo brillante es la manera perfecta para que los fan\u00e1ticos de LEGO mantengan organizados sus ladrillos, suministros de oficina y otros elementos peque\u00f1os. Esta versi\u00f3n a escala de la cabeza de una minifigura de ni\u00f1o LEGO est\u00e1 hecha de pl\u00e1stico duradero y tambi\u00e9n es apilable, por lo que podr\u00e1s disfrutar creando una exhibici\u00f3n divertida para todos tus amigos.<\/p>\n<p class=\"oBOnKe\">A\u00f1ade un toque original a la decoraci\u00f3n de cualquier habitaci\u00f3n con este divertido y colorido contenedor de almacenamiento que combina f\u00e1cilmente con otros muebles LEGO.<\/p>\n<\/div>\n<p><strong>Especificaciones del producto:<\/strong><\/p>\n<ul class=\"product__spec-list\">\n<li class=\"product__tag\">Capacidad: 2 l<\/li>\n<li class=\"product__tag\">Material: polipropileno (pp)<\/li>\n<li class=\"product__tag\">Garant\u00eda: 2 a\u00f1os<\/li>\n<li class=\"product__tag\">Dimensiones: 16 x 16 x 18 cm<\/li>\n<li class=\"product__tag\">Peso: 221 g<\/li>\n<\/ul>\n<\/div>\n<div class=\"pin-spacer\">\n<div class=\"product__floating\">\n<div class=\"product__floating-product\"><\/div>\n<\/div>\n<\/div>\n","protected":false},"excerpt":{"rendered":"<p>Este peque\u00f1o cabezal de almacenamiento LEGO\u00ae de color amarillo brillante es la manera perfecta para que los fan\u00e1ticos de LEGO<\/p>\n","protected":false},"featured_media":483406,"template":"","meta":{"_acf_changed":false,"inline_featured_image":false},"product_cat":[16016,17096],"product_tag":[17136],"acf":[],"yoast_head":"<!-- This site is optimized with the Yoast SEO Premium plugin v18.6 (Yoast SEO v19.13) - https:\/\/yoast.com\/wordpress\/plugins\/seo\/ -->\n<title>LEGO - ROOM COPENHAGEN Storage Head S Happy Boy - Erresse Shop<\/title>\n<meta name=\"description\" content=\"Este peque\u00f1o cabezal de almacenamiento LEGO\u00ae de color amarillo brillante es la manera perfecta para que los fan\u00e1ticos de LEGO mantengan organizados sus\" \/>\n<meta name=\"robots\" content=\"index, follow, max-snippet:-1, max-image-preview:large, max-video-preview:-1\" \/>\n<link rel=\"canonical\" href=\"https:\/\/www.erresse-shop.it\/es\/shop\/mobiliario\/muebles\/lego-room-copenhagen-storage-head-s-happy-boy\/\" \/>\n<meta property=\"og:locale\" content=\"es_ES\" \/>\n<meta property=\"og:type\" content=\"article\" \/>\n<meta property=\"og:title\" content=\"LEGO - ROOM COPENHAGEN Storage Head S Happy Boy\" \/>\n<meta property=\"og:description\" content=\"Este peque\u00f1o cabezal de almacenamiento LEGO\u00ae de color amarillo brillante es la manera perfecta para que los fan\u00e1ticos de LEGO mantengan organizados sus\" \/>\n<meta property=\"og:url\" content=\"https:\/\/www.erresse-shop.it\/es\/shop\/mobiliario\/muebles\/lego-room-copenhagen-storage-head-s-happy-boy\/\" \/>\n<meta property=\"og:site_name\" content=\"Erresse Shop\" \/>\n<meta property=\"article:modified_time\" content=\"2026-02-16T10:31:36+00:00\" \/>\n<meta property=\"og:image\" content=\"https:\/\/www.erresse-shop.it\/wp-content\/uploads\/2025\/03\/LEGO-ROOM-COPENHAGEN-Storage-Head-S-Happy-Boy.jpg\" \/>\n\t<meta property=\"og:image:width\" content=\"1200\" \/>\n\t<meta property=\"og:image:height\" content=\"1200\" \/>\n\t<meta property=\"og:image:type\" content=\"image\/jpeg\" \/>\n<meta name=\"twitter:card\" content=\"summary_large_image\" \/>\n<script type=\"application\/ld+json\" class=\"yoast-schema-graph\">{\"@context\":\"https:\/\/schema.org\",\"@graph\":[{\"@type\":\"WebPage\",\"@id\":\"https:\/\/www.erresse-shop.it\/es\/shop\/mobiliario\/muebles\/lego-room-copenhagen-storage-head-s-happy-boy\/\",\"url\":\"https:\/\/www.erresse-shop.it\/es\/shop\/mobiliario\/muebles\/lego-room-copenhagen-storage-head-s-happy-boy\/\",\"name\":\"LEGO - ROOM COPENHAGEN Storage Head S Happy Boy - Erresse Shop\",\"isPartOf\":{\"@id\":\"https:\/\/www.erresse-shop.it\/es\/#website\"},\"datePublished\":\"2025-03-24T11:15:19+00:00\",\"dateModified\":\"2026-02-16T10:31:36+00:00\",\"description\":\"Este peque\u00f1o cabezal de almacenamiento LEGO\u00ae de color amarillo brillante es la manera perfecta para que los fan\u00e1ticos de LEGO mantengan organizados sus\",\"breadcrumb\":{\"@id\":\"https:\/\/www.erresse-shop.it\/es\/shop\/mobiliario\/muebles\/lego-room-copenhagen-storage-head-s-happy-boy\/#breadcrumb\"},\"inLanguage\":\"es\",\"potentialAction\":[{\"@type\":\"ReadAction\",\"target\":[\"https:\/\/www.erresse-shop.it\/es\/shop\/mobiliario\/muebles\/lego-room-copenhagen-storage-head-s-happy-boy\/\"]}]},{\"@type\":\"BreadcrumbList\",\"@id\":\"https:\/\/www.erresse-shop.it\/es\/shop\/mobiliario\/muebles\/lego-room-copenhagen-storage-head-s-happy-boy\/#breadcrumb\",\"itemListElement\":[{\"@type\":\"ListItem\",\"position\":1,\"name\":\"Home\",\"item\":\"https:\/\/www.erresse-shop.it\/es\/\"},{\"@type\":\"ListItem\",\"position\":2,\"name\":\"Shop\",\"item\":\"https:\/\/www.erresse-shop.it\/es\/shop\/\"},{\"@type\":\"ListItem\",\"position\":3,\"name\":\"LEGO &#8211; ROOM COPENHAGEN Storage Head S Happy Boy\"}]},{\"@type\":\"WebSite\",\"@id\":\"https:\/\/www.erresse-shop.it\/es\/#website\",\"url\":\"https:\/\/www.erresse-shop.it\/es\/\",\"name\":\"Erresse Shop\",\"description\":\"Articoli di qualit\u00e0 per la casa\",\"potentialAction\":[{\"@type\":\"SearchAction\",\"target\":{\"@type\":\"EntryPoint\",\"urlTemplate\":\"https:\/\/www.erresse-shop.it\/es\/?s={search_term_string}\"},\"query-input\":\"required name=search_term_string\"}],\"inLanguage\":\"es\"}]}<\/script>\n<!-- \/ Yoast SEO Premium plugin. -->","yoast_head_json":{"title":"LEGO - ROOM COPENHAGEN Storage Head S Happy Boy - Erresse Shop","description":"Este peque\u00f1o cabezal de almacenamiento LEGO\u00ae de color amarillo brillante es la manera perfecta para que los fan\u00e1ticos de LEGO mantengan organizados sus","robots":{"index":"index","follow":"follow","max-snippet":"max-snippet:-1","max-image-preview":"max-image-preview:large","max-video-preview":"max-video-preview:-1"},"canonical":"https:\/\/www.erresse-shop.it\/es\/shop\/mobiliario\/muebles\/lego-room-copenhagen-storage-head-s-happy-boy\/","og_locale":"es_ES","og_type":"article","og_title":"LEGO - ROOM COPENHAGEN Storage Head S Happy Boy","og_description":"Este peque\u00f1o cabezal de almacenamiento LEGO\u00ae de color amarillo brillante es la manera perfecta para que los fan\u00e1ticos de LEGO mantengan organizados sus","og_url":"https:\/\/www.erresse-shop.it\/es\/shop\/mobiliario\/muebles\/lego-room-copenhagen-storage-head-s-happy-boy\/","og_site_name":"Erresse Shop","article_modified_time":"2026-02-16T10:31:36+00:00","og_image":[{"width":1200,"height":1200,"url":"https:\/\/www.erresse-shop.it\/wp-content\/uploads\/2025\/03\/LEGO-ROOM-COPENHAGEN-Storage-Head-S-Happy-Boy.jpg","type":"image\/jpeg"}],"twitter_card":"summary_large_image","schema":{"@context":"https:\/\/schema.org","@graph":[{"@type":"WebPage","@id":"https:\/\/www.erresse-shop.it\/es\/shop\/mobiliario\/muebles\/lego-room-copenhagen-storage-head-s-happy-boy\/","url":"https:\/\/www.erresse-shop.it\/es\/shop\/mobiliario\/muebles\/lego-room-copenhagen-storage-head-s-happy-boy\/","name":"LEGO - ROOM COPENHAGEN Storage Head S Happy Boy - Erresse Shop","isPartOf":{"@id":"https:\/\/www.erresse-shop.it\/es\/#website"},"datePublished":"2025-03-24T11:15:19+00:00","dateModified":"2026-02-16T10:31:36+00:00","description":"Este peque\u00f1o cabezal de almacenamiento LEGO\u00ae de color amarillo brillante es la manera perfecta para que los fan\u00e1ticos de LEGO mantengan organizados sus","breadcrumb":{"@id":"https:\/\/www.erresse-shop.it\/es\/shop\/mobiliario\/muebles\/lego-room-copenhagen-storage-head-s-happy-boy\/#breadcrumb"},"inLanguage":"es","potentialAction":[{"@type":"ReadAction","target":["https:\/\/www.erresse-shop.it\/es\/shop\/mobiliario\/muebles\/lego-room-copenhagen-storage-head-s-happy-boy\/"]}]},{"@type":"BreadcrumbList","@id":"https:\/\/www.erresse-shop.it\/es\/shop\/mobiliario\/muebles\/lego-room-copenhagen-storage-head-s-happy-boy\/#breadcrumb","itemListElement":[{"@type":"ListItem","position":1,"name":"Home","item":"https:\/\/www.erresse-shop.it\/es\/"},{"@type":"ListItem","position":2,"name":"Shop","item":"https:\/\/www.erresse-shop.it\/es\/shop\/"},{"@type":"ListItem","position":3,"name":"LEGO &#8211; ROOM COPENHAGEN Storage Head S Happy Boy"}]},{"@type":"WebSite","@id":"https:\/\/www.erresse-shop.it\/es\/#website","url":"https:\/\/www.erresse-shop.it\/es\/","name":"Erresse Shop","description":"Articoli di qualit\u00e0 per la casa","potentialAction":[{"@type":"SearchAction","target":{"@type":"EntryPoint","urlTemplate":"https:\/\/www.erresse-shop.it\/es\/?s={search_term_string}"},"query-input":"required name=search_term_string"}],"inLanguage":"es"}]}},"df_price":17.95,"df_sale_price":17.95,"df_regular_price":19.99,"df_image_link":"https:\/\/www.erresse-shop.it\/wp-content\/uploads\/2025\/03\/LEGO-ROOM-COPENHAGEN-Storage-Head-S-Happy-Boy-300x300.jpg","_links":{"self":[{"href":"https:\/\/www.erresse-shop.it\/es\/wp-json\/wp\/v2\/product\/483392"}],"collection":[{"href":"https:\/\/www.erresse-shop.it\/es\/wp-json\/wp\/v2\/product"}],"about":[{"href":"https:\/\/www.erresse-shop.it\/es\/wp-json\/wp\/v2\/types\/product"}],"wp:featuredmedia":[{"embeddable":true,"href":"https:\/\/www.erresse-shop.it\/es\/wp-json\/wp\/v2\/media\/483406"}],"wp:attachment":[{"href":"https:\/\/www.erresse-shop.it\/es\/wp-json\/wp\/v2\/media?parent=483392"}],"wp:term":[{"taxonomy":"product_cat","embeddable":true,"href":"https:\/\/www.erresse-shop.it\/es\/wp-json\/wp\/v2\/product_cat?post=483392"},{"taxonomy":"product_tag","embeddable":true,"href":"https:\/\/www.erresse-shop.it\/es\/wp-json\/wp\/v2\/product_tag?post=483392"}],"curies":[{"name":"wp","href":"https:\/\/api.w.org\/{rel}","templated":true}]}}