{"id":483365,"date":"2025-03-24T10:49:55","date_gmt":"2025-03-24T10:49:58","guid":{"rendered":"https:\/\/www.erresse-shop.it\/?post_type=product&#038;p=483365"},"modified":"2026-02-16T10:43:33","modified_gmt":"2026-02-16T10:43:33","slug":"lego-room-copenhagen-storage-brick-multi-pack-3-piezas","status":"publish","type":"product","link":"https:\/\/www.erresse-shop.it\/es\/shop\/mobiliario\/muebles\/lego-room-copenhagen-storage-brick-multi-pack-3-piezas\/","title":{"rendered":"LEGO &#8211; ROOM COPENHAGEN Storage Brick Multi-Pack 3 piezas"},"content":{"rendered":"<p>Poner orden nunca ha sido tan f\u00e1cil ni tan divertido con este multipack de grandes ladrillos LEGO\u00ae con tapas desmontables. El juego incluye un ladrillo contenedor blanco de 2 pernos, un ladrillo contenedor gris de 1 perno y un ladrillo contenedor redondo negro de 1 perno.<\/p>\n<ul>\n<li>Una mezcla de megaladrillos: este multipack de 3 piezas de grandes ladrillos LEGO\u00ae con tapas desmontables es ideal para guardar juguetes, ladrillos LEGO, chucher\u00edas y mucho m\u00e1s.<\/li>\n<li>Contenedor seguro y apilable: fabricado con pl\u00e1stico polipropileno (PP) duradero y f\u00e1cil de limpiar en los colores cl\u00e1sicos de LEGO\u00ae.<\/li>\n<li>Los contenedores se conectan y apilan, como si fueran ladrillos LEGO reales<\/li>\n<\/ul>\n<p>A los fan\u00e1ticos de LEGO\u00ae les encantar\u00e1n estos ladrillos gigantes, incluso cuando llegue el momento de limpiar. El ladrillo grande de dos montantes mide m\u00e1s de 18 cm (7\u201d) de alto, 25 cm (9\u201d) de ancho y 12 cm (4\u201d) de profundidad.<\/p>\n<p>&nbsp;<\/p>\n","protected":false},"excerpt":{"rendered":"<p>Poner orden nunca ha sido tan f\u00e1cil ni tan divertido con este multipack de grandes ladrillos LEGO\u00ae con tapas desmontables.<\/p>\n","protected":false},"featured_media":483373,"template":"","meta":{"_acf_changed":false,"inline_featured_image":false},"product_cat":[16016,17096],"product_tag":[17136],"acf":[],"yoast_head":"<!-- This site is optimized with the Yoast SEO Premium plugin v18.6 (Yoast SEO v19.13) - https:\/\/yoast.com\/wordpress\/plugins\/seo\/ -->\n<title>LEGO - ROOM COPENHAGEN Storage Brick Multi-Pack 3 piezas - Erresse Shop<\/title>\n<meta name=\"description\" content=\"Poner orden nunca ha sido tan f\u00e1cil ni tan divertido con este multipack de grandes ladrillos LEGO\u00ae con tapas desmontables. El juego incluye un ladrillo\" \/>\n<meta name=\"robots\" content=\"index, follow, max-snippet:-1, max-image-preview:large, max-video-preview:-1\" \/>\n<link rel=\"canonical\" href=\"https:\/\/www.erresse-shop.it\/es\/shop\/mobiliario\/muebles\/lego-room-copenhagen-storage-brick-multi-pack-3-piezas\/\" \/>\n<meta property=\"og:locale\" content=\"es_ES\" \/>\n<meta property=\"og:type\" content=\"article\" \/>\n<meta property=\"og:title\" content=\"LEGO - ROOM COPENHAGEN Storage Brick Multi-Pack 3 piezas\" \/>\n<meta property=\"og:description\" content=\"Poner orden nunca ha sido tan f\u00e1cil ni tan divertido con este multipack de grandes ladrillos LEGO\u00ae con tapas desmontables. El juego incluye un ladrillo\" \/>\n<meta property=\"og:url\" content=\"https:\/\/www.erresse-shop.it\/es\/shop\/mobiliario\/muebles\/lego-room-copenhagen-storage-brick-multi-pack-3-piezas\/\" \/>\n<meta property=\"og:site_name\" content=\"Erresse Shop\" \/>\n<meta property=\"article:modified_time\" content=\"2026-02-16T10:43:33+00:00\" \/>\n<meta property=\"og:image\" content=\"https:\/\/www.erresse-shop.it\/wp-content\/uploads\/2025\/03\/LEGO-ROOM-COPENHAGEN-Storage-Brick-Multi-Pack-3-Pezzi.jpg\" \/>\n\t<meta property=\"og:image:width\" content=\"1200\" \/>\n\t<meta property=\"og:image:height\" content=\"1200\" \/>\n\t<meta property=\"og:image:type\" content=\"image\/jpeg\" \/>\n<meta name=\"twitter:card\" content=\"summary_large_image\" \/>\n<script type=\"application\/ld+json\" class=\"yoast-schema-graph\">{\"@context\":\"https:\/\/schema.org\",\"@graph\":[{\"@type\":\"WebPage\",\"@id\":\"https:\/\/www.erresse-shop.it\/es\/shop\/mobiliario\/muebles\/lego-room-copenhagen-storage-brick-multi-pack-3-piezas\/\",\"url\":\"https:\/\/www.erresse-shop.it\/es\/shop\/mobiliario\/muebles\/lego-room-copenhagen-storage-brick-multi-pack-3-piezas\/\",\"name\":\"LEGO - ROOM COPENHAGEN Storage Brick Multi-Pack 3 piezas - Erresse Shop\",\"isPartOf\":{\"@id\":\"https:\/\/www.erresse-shop.it\/es\/#website\"},\"datePublished\":\"2025-03-24T10:49:58+00:00\",\"dateModified\":\"2026-02-16T10:43:33+00:00\",\"description\":\"Poner orden nunca ha sido tan f\u00e1cil ni tan divertido con este multipack de grandes ladrillos LEGO\u00ae con tapas desmontables. El juego incluye un ladrillo\",\"breadcrumb\":{\"@id\":\"https:\/\/www.erresse-shop.it\/es\/shop\/mobiliario\/muebles\/lego-room-copenhagen-storage-brick-multi-pack-3-piezas\/#breadcrumb\"},\"inLanguage\":\"es\",\"potentialAction\":[{\"@type\":\"ReadAction\",\"target\":[\"https:\/\/www.erresse-shop.it\/es\/shop\/mobiliario\/muebles\/lego-room-copenhagen-storage-brick-multi-pack-3-piezas\/\"]}]},{\"@type\":\"BreadcrumbList\",\"@id\":\"https:\/\/www.erresse-shop.it\/es\/shop\/mobiliario\/muebles\/lego-room-copenhagen-storage-brick-multi-pack-3-piezas\/#breadcrumb\",\"itemListElement\":[{\"@type\":\"ListItem\",\"position\":1,\"name\":\"Home\",\"item\":\"https:\/\/www.erresse-shop.it\/es\/\"},{\"@type\":\"ListItem\",\"position\":2,\"name\":\"Shop\",\"item\":\"https:\/\/www.erresse-shop.it\/es\/shop\/\"},{\"@type\":\"ListItem\",\"position\":3,\"name\":\"LEGO &#8211; ROOM COPENHAGEN Storage Brick Multi-Pack 3 piezas\"}]},{\"@type\":\"WebSite\",\"@id\":\"https:\/\/www.erresse-shop.it\/es\/#website\",\"url\":\"https:\/\/www.erresse-shop.it\/es\/\",\"name\":\"Erresse Shop\",\"description\":\"Articoli di qualit\u00e0 per la casa\",\"potentialAction\":[{\"@type\":\"SearchAction\",\"target\":{\"@type\":\"EntryPoint\",\"urlTemplate\":\"https:\/\/www.erresse-shop.it\/es\/?s={search_term_string}\"},\"query-input\":\"required name=search_term_string\"}],\"inLanguage\":\"es\"}]}<\/script>\n<!-- \/ Yoast SEO Premium plugin. -->","yoast_head_json":{"title":"LEGO - ROOM COPENHAGEN Storage Brick Multi-Pack 3 piezas - Erresse Shop","description":"Poner orden nunca ha sido tan f\u00e1cil ni tan divertido con este multipack de grandes ladrillos LEGO\u00ae con tapas desmontables. El juego incluye un ladrillo","robots":{"index":"index","follow":"follow","max-snippet":"max-snippet:-1","max-image-preview":"max-image-preview:large","max-video-preview":"max-video-preview:-1"},"canonical":"https:\/\/www.erresse-shop.it\/es\/shop\/mobiliario\/muebles\/lego-room-copenhagen-storage-brick-multi-pack-3-piezas\/","og_locale":"es_ES","og_type":"article","og_title":"LEGO - ROOM COPENHAGEN Storage Brick Multi-Pack 3 piezas","og_description":"Poner orden nunca ha sido tan f\u00e1cil ni tan divertido con este multipack de grandes ladrillos LEGO\u00ae con tapas desmontables. El juego incluye un ladrillo","og_url":"https:\/\/www.erresse-shop.it\/es\/shop\/mobiliario\/muebles\/lego-room-copenhagen-storage-brick-multi-pack-3-piezas\/","og_site_name":"Erresse Shop","article_modified_time":"2026-02-16T10:43:33+00:00","og_image":[{"width":1200,"height":1200,"url":"https:\/\/www.erresse-shop.it\/wp-content\/uploads\/2025\/03\/LEGO-ROOM-COPENHAGEN-Storage-Brick-Multi-Pack-3-Pezzi.jpg","type":"image\/jpeg"}],"twitter_card":"summary_large_image","schema":{"@context":"https:\/\/schema.org","@graph":[{"@type":"WebPage","@id":"https:\/\/www.erresse-shop.it\/es\/shop\/mobiliario\/muebles\/lego-room-copenhagen-storage-brick-multi-pack-3-piezas\/","url":"https:\/\/www.erresse-shop.it\/es\/shop\/mobiliario\/muebles\/lego-room-copenhagen-storage-brick-multi-pack-3-piezas\/","name":"LEGO - ROOM COPENHAGEN Storage Brick Multi-Pack 3 piezas - Erresse Shop","isPartOf":{"@id":"https:\/\/www.erresse-shop.it\/es\/#website"},"datePublished":"2025-03-24T10:49:58+00:00","dateModified":"2026-02-16T10:43:33+00:00","description":"Poner orden nunca ha sido tan f\u00e1cil ni tan divertido con este multipack de grandes ladrillos LEGO\u00ae con tapas desmontables. El juego incluye un ladrillo","breadcrumb":{"@id":"https:\/\/www.erresse-shop.it\/es\/shop\/mobiliario\/muebles\/lego-room-copenhagen-storage-brick-multi-pack-3-piezas\/#breadcrumb"},"inLanguage":"es","potentialAction":[{"@type":"ReadAction","target":["https:\/\/www.erresse-shop.it\/es\/shop\/mobiliario\/muebles\/lego-room-copenhagen-storage-brick-multi-pack-3-piezas\/"]}]},{"@type":"BreadcrumbList","@id":"https:\/\/www.erresse-shop.it\/es\/shop\/mobiliario\/muebles\/lego-room-copenhagen-storage-brick-multi-pack-3-piezas\/#breadcrumb","itemListElement":[{"@type":"ListItem","position":1,"name":"Home","item":"https:\/\/www.erresse-shop.it\/es\/"},{"@type":"ListItem","position":2,"name":"Shop","item":"https:\/\/www.erresse-shop.it\/es\/shop\/"},{"@type":"ListItem","position":3,"name":"LEGO &#8211; ROOM COPENHAGEN Storage Brick Multi-Pack 3 piezas"}]},{"@type":"WebSite","@id":"https:\/\/www.erresse-shop.it\/es\/#website","url":"https:\/\/www.erresse-shop.it\/es\/","name":"Erresse Shop","description":"Articoli di qualit\u00e0 per la casa","potentialAction":[{"@type":"SearchAction","target":{"@type":"EntryPoint","urlTemplate":"https:\/\/www.erresse-shop.it\/es\/?s={search_term_string}"},"query-input":"required name=search_term_string"}],"inLanguage":"es"}]}},"df_price":39,"df_sale_price":39,"df_regular_price":54.99,"df_image_link":"https:\/\/www.erresse-shop.it\/wp-content\/uploads\/2025\/03\/LEGO-ROOM-COPENHAGEN-Storage-Brick-Multi-Pack-3-Pezzi-300x300.jpg","_links":{"self":[{"href":"https:\/\/www.erresse-shop.it\/es\/wp-json\/wp\/v2\/product\/483365"}],"collection":[{"href":"https:\/\/www.erresse-shop.it\/es\/wp-json\/wp\/v2\/product"}],"about":[{"href":"https:\/\/www.erresse-shop.it\/es\/wp-json\/wp\/v2\/types\/product"}],"wp:featuredmedia":[{"embeddable":true,"href":"https:\/\/www.erresse-shop.it\/es\/wp-json\/wp\/v2\/media\/483373"}],"wp:attachment":[{"href":"https:\/\/www.erresse-shop.it\/es\/wp-json\/wp\/v2\/media?parent=483365"}],"wp:term":[{"taxonomy":"product_cat","embeddable":true,"href":"https:\/\/www.erresse-shop.it\/es\/wp-json\/wp\/v2\/product_cat?post=483365"},{"taxonomy":"product_tag","embeddable":true,"href":"https:\/\/www.erresse-shop.it\/es\/wp-json\/wp\/v2\/product_tag?post=483365"}],"curies":[{"name":"wp","href":"https:\/\/api.w.org\/{rel}","templated":true}]}}