{"id":483352,"date":"2025-03-24T10:41:07","date_gmt":"2025-03-24T10:41:10","guid":{"rendered":"https:\/\/www.erresse-shop.it\/?post_type=product&#038;p=483352"},"modified":"2026-02-16T10:45:49","modified_gmt":"2026-02-16T10:45:49","slug":"lego-room-copenhagen-storage-brick-multi-pack-4-piezas-2","status":"publish","type":"product","link":"https:\/\/www.erresse-shop.it\/es\/shop\/mobiliario\/muebles\/lego-room-copenhagen-storage-brick-multi-pack-4-piezas-2\/","title":{"rendered":"LEGO &#8211; ROOM COPENHAGEN Storage Brick Multi-Pack 4 piezas 2"},"content":{"rendered":"<p>Ordenar nunca ha sido tan f\u00e1cil ni divertido con este multipack de ladrillos LEGO\u00ae grandes con tapas abatibles. El set incluye un ladrillo contenedor rojo de 4 esp\u00e1rragos, un ladrillo contenedor azul de 2 esp\u00e1rragos, un ladrillo contenedor blanco de 1 esp\u00e1rrago y un ladrillo contenedor redondo amarillo de 1 esp\u00e1rrago.<\/p>\n<ul>\n<li>Una mezcla de megaladrillos: este multipack de 4 piezas de grandes ladrillos LEGO\u00ae con tapas desmontables es ideal para guardar juguetes, ladrillos LEGO, chucher\u00edas y mucho m\u00e1s.<\/li>\n<li>Contenedor seguro y apilable: fabricado con pl\u00e1stico polipropileno (PP) duradero y f\u00e1cil de limpiar en los colores cl\u00e1sicos de LEGO\u00ae.<\/li>\n<li>Los contenedores se conectan y apilan, como si fueran ladrillos LEGO reales<\/li>\n<\/ul>\n<p>Disfruta de LEGO\u00ae en formato gigante: a los fan\u00e1ticos de LEGO les encantar\u00e1n estos ladrillos gigantes, incluso a la hora de limpiar.<\/p>\n<p>El gran ladrillo de 4 montantes mide m\u00e1s de 7\u201d (18 cm) de alto, 9\u201d (25 cm) de ancho y 9\u201d (25 cm) de profundidad.<\/p>\n","protected":false},"excerpt":{"rendered":"<p>Ordenar nunca ha sido tan f\u00e1cil ni divertido con este multipack de ladrillos LEGO\u00ae grandes con tapas abatibles. El set<\/p>\n","protected":false},"featured_media":483360,"template":"","meta":{"_acf_changed":false,"inline_featured_image":false},"product_cat":[16016,17096],"product_tag":[17136],"acf":[],"yoast_head":"<!-- This site is optimized with the Yoast SEO Premium plugin v18.6 (Yoast SEO v19.13) - https:\/\/yoast.com\/wordpress\/plugins\/seo\/ -->\n<title>LEGO - ROOM COPENHAGEN Storage Brick Multi-Pack 4 piezas 2 - Erresse Shop<\/title>\n<meta name=\"description\" content=\"Ordenar nunca ha sido tan f\u00e1cil ni divertido con este multipack de ladrillos LEGO\u00ae grandes con tapas abatibles. El set incluye un ladrillo contenedor rojo\" \/>\n<meta name=\"robots\" content=\"index, follow, max-snippet:-1, max-image-preview:large, max-video-preview:-1\" \/>\n<link rel=\"canonical\" href=\"https:\/\/www.erresse-shop.it\/es\/shop\/mobiliario\/muebles\/lego-room-copenhagen-storage-brick-multi-pack-4-piezas-2\/\" \/>\n<meta property=\"og:locale\" content=\"es_ES\" \/>\n<meta property=\"og:type\" content=\"article\" \/>\n<meta property=\"og:title\" content=\"LEGO - ROOM COPENHAGEN Storage Brick Multi-Pack 4 piezas 2\" \/>\n<meta property=\"og:description\" content=\"Ordenar nunca ha sido tan f\u00e1cil ni divertido con este multipack de ladrillos LEGO\u00ae grandes con tapas abatibles. El set incluye un ladrillo contenedor rojo\" \/>\n<meta property=\"og:url\" content=\"https:\/\/www.erresse-shop.it\/es\/shop\/mobiliario\/muebles\/lego-room-copenhagen-storage-brick-multi-pack-4-piezas-2\/\" \/>\n<meta property=\"og:site_name\" content=\"Erresse Shop\" \/>\n<meta property=\"article:modified_time\" content=\"2026-02-16T10:45:49+00:00\" \/>\n<meta property=\"og:image\" content=\"https:\/\/www.erresse-shop.it\/wp-content\/uploads\/2025\/03\/LEGO-ROOM-COPENHAGEN-Storage-Brick-Multi-Pack-4-Pezzi-2.jpg\" \/>\n\t<meta property=\"og:image:width\" content=\"1200\" \/>\n\t<meta property=\"og:image:height\" content=\"1200\" \/>\n\t<meta property=\"og:image:type\" content=\"image\/jpeg\" \/>\n<meta name=\"twitter:card\" content=\"summary_large_image\" \/>\n<script type=\"application\/ld+json\" class=\"yoast-schema-graph\">{\"@context\":\"https:\/\/schema.org\",\"@graph\":[{\"@type\":\"WebPage\",\"@id\":\"https:\/\/www.erresse-shop.it\/es\/shop\/mobiliario\/muebles\/lego-room-copenhagen-storage-brick-multi-pack-4-piezas-2\/\",\"url\":\"https:\/\/www.erresse-shop.it\/es\/shop\/mobiliario\/muebles\/lego-room-copenhagen-storage-brick-multi-pack-4-piezas-2\/\",\"name\":\"LEGO - ROOM COPENHAGEN Storage Brick Multi-Pack 4 piezas 2 - Erresse Shop\",\"isPartOf\":{\"@id\":\"https:\/\/www.erresse-shop.it\/es\/#website\"},\"datePublished\":\"2025-03-24T10:41:10+00:00\",\"dateModified\":\"2026-02-16T10:45:49+00:00\",\"description\":\"Ordenar nunca ha sido tan f\u00e1cil ni divertido con este multipack de ladrillos LEGO\u00ae grandes con tapas abatibles. El set incluye un ladrillo contenedor rojo\",\"breadcrumb\":{\"@id\":\"https:\/\/www.erresse-shop.it\/es\/shop\/mobiliario\/muebles\/lego-room-copenhagen-storage-brick-multi-pack-4-piezas-2\/#breadcrumb\"},\"inLanguage\":\"es\",\"potentialAction\":[{\"@type\":\"ReadAction\",\"target\":[\"https:\/\/www.erresse-shop.it\/es\/shop\/mobiliario\/muebles\/lego-room-copenhagen-storage-brick-multi-pack-4-piezas-2\/\"]}]},{\"@type\":\"BreadcrumbList\",\"@id\":\"https:\/\/www.erresse-shop.it\/es\/shop\/mobiliario\/muebles\/lego-room-copenhagen-storage-brick-multi-pack-4-piezas-2\/#breadcrumb\",\"itemListElement\":[{\"@type\":\"ListItem\",\"position\":1,\"name\":\"Home\",\"item\":\"https:\/\/www.erresse-shop.it\/es\/\"},{\"@type\":\"ListItem\",\"position\":2,\"name\":\"Shop\",\"item\":\"https:\/\/www.erresse-shop.it\/es\/shop\/\"},{\"@type\":\"ListItem\",\"position\":3,\"name\":\"LEGO &#8211; ROOM COPENHAGEN Storage Brick Multi-Pack 4 piezas 2\"}]},{\"@type\":\"WebSite\",\"@id\":\"https:\/\/www.erresse-shop.it\/es\/#website\",\"url\":\"https:\/\/www.erresse-shop.it\/es\/\",\"name\":\"Erresse Shop\",\"description\":\"Articoli di qualit\u00e0 per la casa\",\"potentialAction\":[{\"@type\":\"SearchAction\",\"target\":{\"@type\":\"EntryPoint\",\"urlTemplate\":\"https:\/\/www.erresse-shop.it\/es\/?s={search_term_string}\"},\"query-input\":\"required name=search_term_string\"}],\"inLanguage\":\"es\"}]}<\/script>\n<!-- \/ Yoast SEO Premium plugin. -->","yoast_head_json":{"title":"LEGO - ROOM COPENHAGEN Storage Brick Multi-Pack 4 piezas 2 - Erresse Shop","description":"Ordenar nunca ha sido tan f\u00e1cil ni divertido con este multipack de ladrillos LEGO\u00ae grandes con tapas abatibles. El set incluye un ladrillo contenedor rojo","robots":{"index":"index","follow":"follow","max-snippet":"max-snippet:-1","max-image-preview":"max-image-preview:large","max-video-preview":"max-video-preview:-1"},"canonical":"https:\/\/www.erresse-shop.it\/es\/shop\/mobiliario\/muebles\/lego-room-copenhagen-storage-brick-multi-pack-4-piezas-2\/","og_locale":"es_ES","og_type":"article","og_title":"LEGO - ROOM COPENHAGEN Storage Brick Multi-Pack 4 piezas 2","og_description":"Ordenar nunca ha sido tan f\u00e1cil ni divertido con este multipack de ladrillos LEGO\u00ae grandes con tapas abatibles. El set incluye un ladrillo contenedor rojo","og_url":"https:\/\/www.erresse-shop.it\/es\/shop\/mobiliario\/muebles\/lego-room-copenhagen-storage-brick-multi-pack-4-piezas-2\/","og_site_name":"Erresse Shop","article_modified_time":"2026-02-16T10:45:49+00:00","og_image":[{"width":1200,"height":1200,"url":"https:\/\/www.erresse-shop.it\/wp-content\/uploads\/2025\/03\/LEGO-ROOM-COPENHAGEN-Storage-Brick-Multi-Pack-4-Pezzi-2.jpg","type":"image\/jpeg"}],"twitter_card":"summary_large_image","schema":{"@context":"https:\/\/schema.org","@graph":[{"@type":"WebPage","@id":"https:\/\/www.erresse-shop.it\/es\/shop\/mobiliario\/muebles\/lego-room-copenhagen-storage-brick-multi-pack-4-piezas-2\/","url":"https:\/\/www.erresse-shop.it\/es\/shop\/mobiliario\/muebles\/lego-room-copenhagen-storage-brick-multi-pack-4-piezas-2\/","name":"LEGO - ROOM COPENHAGEN Storage Brick Multi-Pack 4 piezas 2 - Erresse Shop","isPartOf":{"@id":"https:\/\/www.erresse-shop.it\/es\/#website"},"datePublished":"2025-03-24T10:41:10+00:00","dateModified":"2026-02-16T10:45:49+00:00","description":"Ordenar nunca ha sido tan f\u00e1cil ni divertido con este multipack de ladrillos LEGO\u00ae grandes con tapas abatibles. El set incluye un ladrillo contenedor rojo","breadcrumb":{"@id":"https:\/\/www.erresse-shop.it\/es\/shop\/mobiliario\/muebles\/lego-room-copenhagen-storage-brick-multi-pack-4-piezas-2\/#breadcrumb"},"inLanguage":"es","potentialAction":[{"@type":"ReadAction","target":["https:\/\/www.erresse-shop.it\/es\/shop\/mobiliario\/muebles\/lego-room-copenhagen-storage-brick-multi-pack-4-piezas-2\/"]}]},{"@type":"BreadcrumbList","@id":"https:\/\/www.erresse-shop.it\/es\/shop\/mobiliario\/muebles\/lego-room-copenhagen-storage-brick-multi-pack-4-piezas-2\/#breadcrumb","itemListElement":[{"@type":"ListItem","position":1,"name":"Home","item":"https:\/\/www.erresse-shop.it\/es\/"},{"@type":"ListItem","position":2,"name":"Shop","item":"https:\/\/www.erresse-shop.it\/es\/shop\/"},{"@type":"ListItem","position":3,"name":"LEGO &#8211; ROOM COPENHAGEN Storage Brick Multi-Pack 4 piezas 2"}]},{"@type":"WebSite","@id":"https:\/\/www.erresse-shop.it\/es\/#website","url":"https:\/\/www.erresse-shop.it\/es\/","name":"Erresse Shop","description":"Articoli di qualit\u00e0 per la casa","potentialAction":[{"@type":"SearchAction","target":{"@type":"EntryPoint","urlTemplate":"https:\/\/www.erresse-shop.it\/es\/?s={search_term_string}"},"query-input":"required name=search_term_string"}],"inLanguage":"es"}]}},"df_price":39,"df_sale_price":39,"df_regular_price":54.99,"df_image_link":"https:\/\/www.erresse-shop.it\/wp-content\/uploads\/2025\/03\/LEGO-ROOM-COPENHAGEN-Storage-Brick-Multi-Pack-4-Pezzi-2-300x300.jpg","_links":{"self":[{"href":"https:\/\/www.erresse-shop.it\/es\/wp-json\/wp\/v2\/product\/483352"}],"collection":[{"href":"https:\/\/www.erresse-shop.it\/es\/wp-json\/wp\/v2\/product"}],"about":[{"href":"https:\/\/www.erresse-shop.it\/es\/wp-json\/wp\/v2\/types\/product"}],"wp:featuredmedia":[{"embeddable":true,"href":"https:\/\/www.erresse-shop.it\/es\/wp-json\/wp\/v2\/media\/483360"}],"wp:attachment":[{"href":"https:\/\/www.erresse-shop.it\/es\/wp-json\/wp\/v2\/media?parent=483352"}],"wp:term":[{"taxonomy":"product_cat","embeddable":true,"href":"https:\/\/www.erresse-shop.it\/es\/wp-json\/wp\/v2\/product_cat?post=483352"},{"taxonomy":"product_tag","embeddable":true,"href":"https:\/\/www.erresse-shop.it\/es\/wp-json\/wp\/v2\/product_tag?post=483352"}],"curies":[{"name":"wp","href":"https:\/\/api.w.org\/{rel}","templated":true}]}}