{"id":483269,"date":"2025-03-24T09:47:21","date_gmt":"2025-03-24T09:47:24","guid":{"rendered":"https:\/\/www.erresse-shop.it\/?post_type=product&#038;p=483269"},"modified":"2026-02-16T11:09:41","modified_gmt":"2026-02-16T11:09:41","slug":"lego-room-copenhagen-storage-head-mini-set-de-4-piezas","status":"publish","type":"product","link":"https:\/\/www.erresse-shop.it\/es\/shop\/mobiliario\/muebles\/lego-room-copenhagen-storage-head-mini-set-de-4-piezas\/","title":{"rendered":"LEGO &#8211; ROOM COPENHAGEN Storage Head Mini Set de 4 piezas"},"content":{"rendered":"<div class=\"product__description-formated \">\n<div class=\"metafield-rich_text_field\">\n<div class=\"product__description-formated \">\n<div class=\"metafield-rich_text_field\">\n<div class=\"product__description-formated \">\n<div class=\"metafield-rich_text_field\">\n<p>Este set incluye cuatro recipientes, cada uno con forma de cabeza, con caras sonrientes de ni\u00f1o y ni\u00f1a. Perfectos para organizar peque\u00f1os objetos de forma original y colorida, estos recipientes son ideales para el hogar, la oficina o como un regalo creativo.<\/p>\n<p><strong>Material seguro y duradero<\/strong><\/p>\n<p>Cada recipiente est\u00e1 fabricado con polipropileno de alta calidad, completamente libre de BPA, lo que garantiza su seguridad y durabilidad. Puedes usarlos sin preocupaciones, sabiendo que cumplen con los m\u00e1s altos est\u00e1ndares de seguridad.<\/p>\n<p><strong>Dise\u00f1o divertido y pr\u00e1ctico<\/strong><\/p>\n<p>El tama\u00f1o compacto de cada contenedor (10,2 x 10,2 x 11,5 cm) los hace perfectos para guardar peque\u00f1os objetos como dulces, juegos o papeler\u00eda, con un estilo divertido y l\u00fadico. La forma de la cabeza a\u00f1ade un toque de alegr\u00eda, ideal incluso para los m\u00e1s peque\u00f1os.<\/p>\n<p><strong>Versatilidad y facilidad de uso<\/strong><\/p>\n<p>Estos contenedores son f\u00e1ciles de apilar, lo que permite ahorrar espacio y mantener todo en orden. Perfectos para tener todo a mano sin sacrificar la sonrisa, son ideales para el hogar o la oficina.<\/p>\n<\/div>\n<div class=\"metafield-rich_text_field\">\n<p><strong>Un regalo original y pr\u00e1ctico<\/strong><\/p>\n<p>Con su dise\u00f1o \u00fanico, los mini contenedores Lego tambi\u00e9n son una gran idea de regalo para los fans de la marca o para quienes aman los objetos divertidos y pr\u00e1cticos. \u00a1A\u00f1ade un toque de alegr\u00eda a tu organizaci\u00f3n diaria!<\/p>\n<\/div>\n<\/div>\n<div class=\"pin-spacer\">\n<div class=\"product__floating\">\n<div class=\"product__floating-product\"><\/div>\n<\/div>\n<\/div>\n<\/div>\n<div class=\"pin-spacer\">\n<div class=\"product__floating\">\n<div class=\"product__floating-product\"><\/div>\n<\/div>\n<\/div>\n<\/div>\n<\/div>\n<\/div>\n","protected":false},"excerpt":{"rendered":"<p>Este set incluye cuatro recipientes, cada uno con forma de cabeza, con caras sonrientes de ni\u00f1o y ni\u00f1a. Perfectos para<\/p>\n","protected":false},"featured_media":483277,"template":"","meta":{"_acf_changed":false,"inline_featured_image":false},"product_cat":[16016,17096],"product_tag":[17136],"acf":[],"yoast_head":"<!-- This site is optimized with the Yoast SEO Premium plugin v18.6 (Yoast SEO v19.13) - https:\/\/yoast.com\/wordpress\/plugins\/seo\/ -->\n<title>LEGO - ROOM COPENHAGEN Storage Head Mini Set de 4 piezas - Erresse Shop<\/title>\n<meta name=\"description\" content=\"Este set incluye cuatro recipientes, cada uno con forma de cabeza, con caras sonrientes de ni\u00f1o y ni\u00f1a. Perfectos para organizar peque\u00f1os objetos de forma\" \/>\n<meta name=\"robots\" content=\"index, follow, max-snippet:-1, max-image-preview:large, max-video-preview:-1\" \/>\n<link rel=\"canonical\" href=\"https:\/\/www.erresse-shop.it\/es\/shop\/mobiliario\/muebles\/lego-room-copenhagen-storage-head-mini-set-de-4-piezas\/\" \/>\n<meta property=\"og:locale\" content=\"es_ES\" \/>\n<meta property=\"og:type\" content=\"article\" \/>\n<meta property=\"og:title\" content=\"LEGO - ROOM COPENHAGEN Storage Head Mini Set de 4 piezas\" \/>\n<meta property=\"og:description\" content=\"Este set incluye cuatro recipientes, cada uno con forma de cabeza, con caras sonrientes de ni\u00f1o y ni\u00f1a. Perfectos para organizar peque\u00f1os objetos de forma\" \/>\n<meta property=\"og:url\" content=\"https:\/\/www.erresse-shop.it\/es\/shop\/mobiliario\/muebles\/lego-room-copenhagen-storage-head-mini-set-de-4-piezas\/\" \/>\n<meta property=\"og:site_name\" content=\"Erresse Shop\" \/>\n<meta property=\"article:modified_time\" content=\"2026-02-16T11:09:41+00:00\" \/>\n<meta property=\"og:image\" content=\"https:\/\/www.erresse-shop.it\/wp-content\/uploads\/2025\/03\/LEGO-ROOM-COPENHAGEN-Storage-Head-Mini-Set-4-Pezzi.jpg\" \/>\n\t<meta property=\"og:image:width\" content=\"1200\" \/>\n\t<meta property=\"og:image:height\" content=\"1200\" \/>\n\t<meta property=\"og:image:type\" content=\"image\/jpeg\" \/>\n<meta name=\"twitter:card\" content=\"summary_large_image\" \/>\n<script type=\"application\/ld+json\" class=\"yoast-schema-graph\">{\"@context\":\"https:\/\/schema.org\",\"@graph\":[{\"@type\":\"WebPage\",\"@id\":\"https:\/\/www.erresse-shop.it\/es\/shop\/mobiliario\/muebles\/lego-room-copenhagen-storage-head-mini-set-de-4-piezas\/\",\"url\":\"https:\/\/www.erresse-shop.it\/es\/shop\/mobiliario\/muebles\/lego-room-copenhagen-storage-head-mini-set-de-4-piezas\/\",\"name\":\"LEGO - ROOM COPENHAGEN Storage Head Mini Set de 4 piezas - Erresse Shop\",\"isPartOf\":{\"@id\":\"https:\/\/www.erresse-shop.it\/es\/#website\"},\"datePublished\":\"2025-03-24T09:47:24+00:00\",\"dateModified\":\"2026-02-16T11:09:41+00:00\",\"description\":\"Este set incluye cuatro recipientes, cada uno con forma de cabeza, con caras sonrientes de ni\u00f1o y ni\u00f1a. Perfectos para organizar peque\u00f1os objetos de forma\",\"breadcrumb\":{\"@id\":\"https:\/\/www.erresse-shop.it\/es\/shop\/mobiliario\/muebles\/lego-room-copenhagen-storage-head-mini-set-de-4-piezas\/#breadcrumb\"},\"inLanguage\":\"es\",\"potentialAction\":[{\"@type\":\"ReadAction\",\"target\":[\"https:\/\/www.erresse-shop.it\/es\/shop\/mobiliario\/muebles\/lego-room-copenhagen-storage-head-mini-set-de-4-piezas\/\"]}]},{\"@type\":\"BreadcrumbList\",\"@id\":\"https:\/\/www.erresse-shop.it\/es\/shop\/mobiliario\/muebles\/lego-room-copenhagen-storage-head-mini-set-de-4-piezas\/#breadcrumb\",\"itemListElement\":[{\"@type\":\"ListItem\",\"position\":1,\"name\":\"Home\",\"item\":\"https:\/\/www.erresse-shop.it\/es\/\"},{\"@type\":\"ListItem\",\"position\":2,\"name\":\"Shop\",\"item\":\"https:\/\/www.erresse-shop.it\/es\/shop\/\"},{\"@type\":\"ListItem\",\"position\":3,\"name\":\"LEGO &#8211; ROOM COPENHAGEN Storage Head Mini Set de 4 piezas\"}]},{\"@type\":\"WebSite\",\"@id\":\"https:\/\/www.erresse-shop.it\/es\/#website\",\"url\":\"https:\/\/www.erresse-shop.it\/es\/\",\"name\":\"Erresse Shop\",\"description\":\"Articoli di qualit\u00e0 per la casa\",\"potentialAction\":[{\"@type\":\"SearchAction\",\"target\":{\"@type\":\"EntryPoint\",\"urlTemplate\":\"https:\/\/www.erresse-shop.it\/es\/?s={search_term_string}\"},\"query-input\":\"required name=search_term_string\"}],\"inLanguage\":\"es\"}]}<\/script>\n<!-- \/ Yoast SEO Premium plugin. -->","yoast_head_json":{"title":"LEGO - ROOM COPENHAGEN Storage Head Mini Set de 4 piezas - Erresse Shop","description":"Este set incluye cuatro recipientes, cada uno con forma de cabeza, con caras sonrientes de ni\u00f1o y ni\u00f1a. Perfectos para organizar peque\u00f1os objetos de forma","robots":{"index":"index","follow":"follow","max-snippet":"max-snippet:-1","max-image-preview":"max-image-preview:large","max-video-preview":"max-video-preview:-1"},"canonical":"https:\/\/www.erresse-shop.it\/es\/shop\/mobiliario\/muebles\/lego-room-copenhagen-storage-head-mini-set-de-4-piezas\/","og_locale":"es_ES","og_type":"article","og_title":"LEGO - ROOM COPENHAGEN Storage Head Mini Set de 4 piezas","og_description":"Este set incluye cuatro recipientes, cada uno con forma de cabeza, con caras sonrientes de ni\u00f1o y ni\u00f1a. Perfectos para organizar peque\u00f1os objetos de forma","og_url":"https:\/\/www.erresse-shop.it\/es\/shop\/mobiliario\/muebles\/lego-room-copenhagen-storage-head-mini-set-de-4-piezas\/","og_site_name":"Erresse Shop","article_modified_time":"2026-02-16T11:09:41+00:00","og_image":[{"width":1200,"height":1200,"url":"https:\/\/www.erresse-shop.it\/wp-content\/uploads\/2025\/03\/LEGO-ROOM-COPENHAGEN-Storage-Head-Mini-Set-4-Pezzi.jpg","type":"image\/jpeg"}],"twitter_card":"summary_large_image","schema":{"@context":"https:\/\/schema.org","@graph":[{"@type":"WebPage","@id":"https:\/\/www.erresse-shop.it\/es\/shop\/mobiliario\/muebles\/lego-room-copenhagen-storage-head-mini-set-de-4-piezas\/","url":"https:\/\/www.erresse-shop.it\/es\/shop\/mobiliario\/muebles\/lego-room-copenhagen-storage-head-mini-set-de-4-piezas\/","name":"LEGO - ROOM COPENHAGEN Storage Head Mini Set de 4 piezas - Erresse Shop","isPartOf":{"@id":"https:\/\/www.erresse-shop.it\/es\/#website"},"datePublished":"2025-03-24T09:47:24+00:00","dateModified":"2026-02-16T11:09:41+00:00","description":"Este set incluye cuatro recipientes, cada uno con forma de cabeza, con caras sonrientes de ni\u00f1o y ni\u00f1a. Perfectos para organizar peque\u00f1os objetos de forma","breadcrumb":{"@id":"https:\/\/www.erresse-shop.it\/es\/shop\/mobiliario\/muebles\/lego-room-copenhagen-storage-head-mini-set-de-4-piezas\/#breadcrumb"},"inLanguage":"es","potentialAction":[{"@type":"ReadAction","target":["https:\/\/www.erresse-shop.it\/es\/shop\/mobiliario\/muebles\/lego-room-copenhagen-storage-head-mini-set-de-4-piezas\/"]}]},{"@type":"BreadcrumbList","@id":"https:\/\/www.erresse-shop.it\/es\/shop\/mobiliario\/muebles\/lego-room-copenhagen-storage-head-mini-set-de-4-piezas\/#breadcrumb","itemListElement":[{"@type":"ListItem","position":1,"name":"Home","item":"https:\/\/www.erresse-shop.it\/es\/"},{"@type":"ListItem","position":2,"name":"Shop","item":"https:\/\/www.erresse-shop.it\/es\/shop\/"},{"@type":"ListItem","position":3,"name":"LEGO &#8211; ROOM COPENHAGEN Storage Head Mini Set de 4 piezas"}]},{"@type":"WebSite","@id":"https:\/\/www.erresse-shop.it\/es\/#website","url":"https:\/\/www.erresse-shop.it\/es\/","name":"Erresse Shop","description":"Articoli di qualit\u00e0 per la casa","potentialAction":[{"@type":"SearchAction","target":{"@type":"EntryPoint","urlTemplate":"https:\/\/www.erresse-shop.it\/es\/?s={search_term_string}"},"query-input":"required name=search_term_string"}],"inLanguage":"es"}]}},"df_price":37,"df_sale_price":37,"df_regular_price":49.99,"df_image_link":"https:\/\/www.erresse-shop.it\/wp-content\/uploads\/2025\/03\/LEGO-ROOM-COPENHAGEN-Storage-Head-Mini-Set-4-Pezzi-300x300.jpg","_links":{"self":[{"href":"https:\/\/www.erresse-shop.it\/es\/wp-json\/wp\/v2\/product\/483269"}],"collection":[{"href":"https:\/\/www.erresse-shop.it\/es\/wp-json\/wp\/v2\/product"}],"about":[{"href":"https:\/\/www.erresse-shop.it\/es\/wp-json\/wp\/v2\/types\/product"}],"wp:featuredmedia":[{"embeddable":true,"href":"https:\/\/www.erresse-shop.it\/es\/wp-json\/wp\/v2\/media\/483277"}],"wp:attachment":[{"href":"https:\/\/www.erresse-shop.it\/es\/wp-json\/wp\/v2\/media?parent=483269"}],"wp:term":[{"taxonomy":"product_cat","embeddable":true,"href":"https:\/\/www.erresse-shop.it\/es\/wp-json\/wp\/v2\/product_cat?post=483269"},{"taxonomy":"product_tag","embeddable":true,"href":"https:\/\/www.erresse-shop.it\/es\/wp-json\/wp\/v2\/product_tag?post=483269"}],"curies":[{"name":"wp","href":"https:\/\/api.w.org\/{rel}","templated":true}]}}