{"id":483073,"date":"2025-03-24T07:41:02","date_gmt":"2025-03-24T07:41:04","guid":{"rendered":"https:\/\/www.erresse-shop.it\/?post_type=product&#038;p=483073"},"modified":"2026-02-16T11:35:11","modified_gmt":"2026-02-16T11:35:11","slug":"lego-room-copenhagen-storage-brick-4-azul-claro","status":"publish","type":"product","link":"https:\/\/www.erresse-shop.it\/es\/shop\/mobiliario\/muebles\/lego-room-copenhagen-storage-brick-4-azul-claro\/","title":{"rendered":"LEGO &#8211; ROOM COPENHAGEN Storage Brick 4 Azul claro"},"content":{"rendered":"<p>Los fans de LEGO\u00ae pueden guardar sus cosas con estilo con este Ladrillo de Almacenamiento LEGO apilable 4. Su tapa extra\u00edble permite acceder r\u00e1pida y f\u00e1cilmente a su contenido: juguetes, ladrillos LEGO, material de oficina o art\u00edculos para el hogar, por ejemplo.<\/p>\n<p>Los ic\u00f3nicos ladrillos de almacenamiento vienen en una variedad de colores, por lo que se pueden combinar y apilar para alegrar cualquier habitaci\u00f3n u oficina.<\/p>\n<ul>\n<li>Pr\u00e1ctico y duradero: Esta caja de almacenamiento de pl\u00e1stico resistente, apilable y f\u00e1cil de limpiar, con tapa extra\u00edble, permite guardar una gran variedad de art\u00edculos.<\/li>\n<li>Igual que LEGO\u00ae: con 4 grandes clavijas LEGO en la parte superior, cada bloque de almacenamiento se conecta f\u00e1cilmente con otros para crear un sistema de almacenamiento apilado.<\/li>\n<\/ul>\n<p><strong>Especificaciones del producto:<\/strong><\/p>\n<ul class=\"product__spec-list\">\n<li class=\"product__tag\">Material: polipropileno (PP)<\/li>\n<li class=\"product__tag\">Garant\u00eda: 2 a\u00f1os<\/li>\n<li class=\"product__tag\">Dimensiones: 24 x 24 x 18<\/li>\n<li class=\"product__tag\">Peso: 1 kg<\/li>\n<\/ul>\n","protected":false},"excerpt":{"rendered":"<p>Los fans de LEGO\u00ae pueden guardar sus cosas con estilo con este Ladrillo de Almacenamiento LEGO apilable 4. Su tapa<\/p>\n","protected":false},"featured_media":483094,"template":"","meta":{"_acf_changed":false,"inline_featured_image":false},"product_cat":[16016,17096],"product_tag":[17136],"acf":[],"yoast_head":"<!-- This site is optimized with the Yoast SEO Premium plugin v18.6 (Yoast SEO v19.13) - https:\/\/yoast.com\/wordpress\/plugins\/seo\/ -->\n<title>LEGO - ROOM COPENHAGEN Storage Brick 4 Azul claro - Erresse Shop<\/title>\n<meta name=\"description\" content=\"Los fans de LEGO\u00ae pueden guardar sus cosas con estilo con este Ladrillo de Almacenamiento LEGO apilable 4. Su tapa extra\u00edble permite acceder r\u00e1pida y\" \/>\n<meta name=\"robots\" content=\"index, follow, max-snippet:-1, max-image-preview:large, max-video-preview:-1\" \/>\n<link rel=\"canonical\" href=\"https:\/\/www.erresse-shop.it\/es\/shop\/mobiliario\/muebles\/lego-room-copenhagen-storage-brick-4-azul-claro\/\" \/>\n<meta property=\"og:locale\" content=\"es_ES\" \/>\n<meta property=\"og:type\" content=\"article\" \/>\n<meta property=\"og:title\" content=\"LEGO - ROOM COPENHAGEN Storage Brick 4 Azul claro\" \/>\n<meta property=\"og:description\" content=\"Los fans de LEGO\u00ae pueden guardar sus cosas con estilo con este Ladrillo de Almacenamiento LEGO apilable 4. Su tapa extra\u00edble permite acceder r\u00e1pida y\" \/>\n<meta property=\"og:url\" content=\"https:\/\/www.erresse-shop.it\/es\/shop\/mobiliario\/muebles\/lego-room-copenhagen-storage-brick-4-azul-claro\/\" \/>\n<meta property=\"og:site_name\" content=\"Erresse Shop\" \/>\n<meta property=\"article:modified_time\" content=\"2026-02-16T11:35:11+00:00\" \/>\n<meta property=\"og:image\" content=\"https:\/\/www.erresse-shop.it\/wp-content\/uploads\/2025\/03\/LEGO-ROOM-COPENHAGEN-Storage-Brick-4-Azzurro.jpg\" \/>\n\t<meta property=\"og:image:width\" content=\"1200\" \/>\n\t<meta property=\"og:image:height\" content=\"1200\" \/>\n\t<meta property=\"og:image:type\" content=\"image\/jpeg\" \/>\n<meta name=\"twitter:card\" content=\"summary_large_image\" \/>\n<script type=\"application\/ld+json\" class=\"yoast-schema-graph\">{\"@context\":\"https:\/\/schema.org\",\"@graph\":[{\"@type\":\"WebPage\",\"@id\":\"https:\/\/www.erresse-shop.it\/es\/shop\/mobiliario\/muebles\/lego-room-copenhagen-storage-brick-4-azul-claro\/\",\"url\":\"https:\/\/www.erresse-shop.it\/es\/shop\/mobiliario\/muebles\/lego-room-copenhagen-storage-brick-4-azul-claro\/\",\"name\":\"LEGO - ROOM COPENHAGEN Storage Brick 4 Azul claro - Erresse Shop\",\"isPartOf\":{\"@id\":\"https:\/\/www.erresse-shop.it\/es\/#website\"},\"datePublished\":\"2025-03-24T07:41:04+00:00\",\"dateModified\":\"2026-02-16T11:35:11+00:00\",\"description\":\"Los fans de LEGO\u00ae pueden guardar sus cosas con estilo con este Ladrillo de Almacenamiento LEGO apilable 4. Su tapa extra\u00edble permite acceder r\u00e1pida y\",\"breadcrumb\":{\"@id\":\"https:\/\/www.erresse-shop.it\/es\/shop\/mobiliario\/muebles\/lego-room-copenhagen-storage-brick-4-azul-claro\/#breadcrumb\"},\"inLanguage\":\"es\",\"potentialAction\":[{\"@type\":\"ReadAction\",\"target\":[\"https:\/\/www.erresse-shop.it\/es\/shop\/mobiliario\/muebles\/lego-room-copenhagen-storage-brick-4-azul-claro\/\"]}]},{\"@type\":\"BreadcrumbList\",\"@id\":\"https:\/\/www.erresse-shop.it\/es\/shop\/mobiliario\/muebles\/lego-room-copenhagen-storage-brick-4-azul-claro\/#breadcrumb\",\"itemListElement\":[{\"@type\":\"ListItem\",\"position\":1,\"name\":\"Home\",\"item\":\"https:\/\/www.erresse-shop.it\/es\/\"},{\"@type\":\"ListItem\",\"position\":2,\"name\":\"Shop\",\"item\":\"https:\/\/www.erresse-shop.it\/es\/shop\/\"},{\"@type\":\"ListItem\",\"position\":3,\"name\":\"LEGO &#8211; ROOM COPENHAGEN Storage Brick 4 Azul claro\"}]},{\"@type\":\"WebSite\",\"@id\":\"https:\/\/www.erresse-shop.it\/es\/#website\",\"url\":\"https:\/\/www.erresse-shop.it\/es\/\",\"name\":\"Erresse Shop\",\"description\":\"Articoli di qualit\u00e0 per la casa\",\"potentialAction\":[{\"@type\":\"SearchAction\",\"target\":{\"@type\":\"EntryPoint\",\"urlTemplate\":\"https:\/\/www.erresse-shop.it\/es\/?s={search_term_string}\"},\"query-input\":\"required name=search_term_string\"}],\"inLanguage\":\"es\"}]}<\/script>\n<!-- \/ Yoast SEO Premium plugin. -->","yoast_head_json":{"title":"LEGO - ROOM COPENHAGEN Storage Brick 4 Azul claro - Erresse Shop","description":"Los fans de LEGO\u00ae pueden guardar sus cosas con estilo con este Ladrillo de Almacenamiento LEGO apilable 4. Su tapa extra\u00edble permite acceder r\u00e1pida y","robots":{"index":"index","follow":"follow","max-snippet":"max-snippet:-1","max-image-preview":"max-image-preview:large","max-video-preview":"max-video-preview:-1"},"canonical":"https:\/\/www.erresse-shop.it\/es\/shop\/mobiliario\/muebles\/lego-room-copenhagen-storage-brick-4-azul-claro\/","og_locale":"es_ES","og_type":"article","og_title":"LEGO - ROOM COPENHAGEN Storage Brick 4 Azul claro","og_description":"Los fans de LEGO\u00ae pueden guardar sus cosas con estilo con este Ladrillo de Almacenamiento LEGO apilable 4. Su tapa extra\u00edble permite acceder r\u00e1pida y","og_url":"https:\/\/www.erresse-shop.it\/es\/shop\/mobiliario\/muebles\/lego-room-copenhagen-storage-brick-4-azul-claro\/","og_site_name":"Erresse Shop","article_modified_time":"2026-02-16T11:35:11+00:00","og_image":[{"width":1200,"height":1200,"url":"https:\/\/www.erresse-shop.it\/wp-content\/uploads\/2025\/03\/LEGO-ROOM-COPENHAGEN-Storage-Brick-4-Azzurro.jpg","type":"image\/jpeg"}],"twitter_card":"summary_large_image","schema":{"@context":"https:\/\/schema.org","@graph":[{"@type":"WebPage","@id":"https:\/\/www.erresse-shop.it\/es\/shop\/mobiliario\/muebles\/lego-room-copenhagen-storage-brick-4-azul-claro\/","url":"https:\/\/www.erresse-shop.it\/es\/shop\/mobiliario\/muebles\/lego-room-copenhagen-storage-brick-4-azul-claro\/","name":"LEGO - ROOM COPENHAGEN Storage Brick 4 Azul claro - Erresse Shop","isPartOf":{"@id":"https:\/\/www.erresse-shop.it\/es\/#website"},"datePublished":"2025-03-24T07:41:04+00:00","dateModified":"2026-02-16T11:35:11+00:00","description":"Los fans de LEGO\u00ae pueden guardar sus cosas con estilo con este Ladrillo de Almacenamiento LEGO apilable 4. Su tapa extra\u00edble permite acceder r\u00e1pida y","breadcrumb":{"@id":"https:\/\/www.erresse-shop.it\/es\/shop\/mobiliario\/muebles\/lego-room-copenhagen-storage-brick-4-azul-claro\/#breadcrumb"},"inLanguage":"es","potentialAction":[{"@type":"ReadAction","target":["https:\/\/www.erresse-shop.it\/es\/shop\/mobiliario\/muebles\/lego-room-copenhagen-storage-brick-4-azul-claro\/"]}]},{"@type":"BreadcrumbList","@id":"https:\/\/www.erresse-shop.it\/es\/shop\/mobiliario\/muebles\/lego-room-copenhagen-storage-brick-4-azul-claro\/#breadcrumb","itemListElement":[{"@type":"ListItem","position":1,"name":"Home","item":"https:\/\/www.erresse-shop.it\/es\/"},{"@type":"ListItem","position":2,"name":"Shop","item":"https:\/\/www.erresse-shop.it\/es\/shop\/"},{"@type":"ListItem","position":3,"name":"LEGO &#8211; ROOM COPENHAGEN Storage Brick 4 Azul claro"}]},{"@type":"WebSite","@id":"https:\/\/www.erresse-shop.it\/es\/#website","url":"https:\/\/www.erresse-shop.it\/es\/","name":"Erresse Shop","description":"Articoli di qualit\u00e0 per la casa","potentialAction":[{"@type":"SearchAction","target":{"@type":"EntryPoint","urlTemplate":"https:\/\/www.erresse-shop.it\/es\/?s={search_term_string}"},"query-input":"required name=search_term_string"}],"inLanguage":"es"}]}},"df_price":19.95,"df_sale_price":19.95,"df_regular_price":27.99,"df_image_link":"https:\/\/www.erresse-shop.it\/wp-content\/uploads\/2025\/03\/LEGO-ROOM-COPENHAGEN-Storage-Brick-4-Azzurro-300x300.jpg","_links":{"self":[{"href":"https:\/\/www.erresse-shop.it\/es\/wp-json\/wp\/v2\/product\/483073"}],"collection":[{"href":"https:\/\/www.erresse-shop.it\/es\/wp-json\/wp\/v2\/product"}],"about":[{"href":"https:\/\/www.erresse-shop.it\/es\/wp-json\/wp\/v2\/types\/product"}],"wp:featuredmedia":[{"embeddable":true,"href":"https:\/\/www.erresse-shop.it\/es\/wp-json\/wp\/v2\/media\/483094"}],"wp:attachment":[{"href":"https:\/\/www.erresse-shop.it\/es\/wp-json\/wp\/v2\/media?parent=483073"}],"wp:term":[{"taxonomy":"product_cat","embeddable":true,"href":"https:\/\/www.erresse-shop.it\/es\/wp-json\/wp\/v2\/product_cat?post=483073"},{"taxonomy":"product_tag","embeddable":true,"href":"https:\/\/www.erresse-shop.it\/es\/wp-json\/wp\/v2\/product_tag?post=483073"}],"curies":[{"name":"wp","href":"https:\/\/api.w.org\/{rel}","templated":true}]}}