{"id":482842,"date":"2025-03-21T14:08:19","date_gmt":"2025-03-21T14:08:22","guid":{"rendered":"https:\/\/www.erresse-shop.it\/?post_type=product&#038;p=482842"},"modified":"2026-02-16T11:51:58","modified_gmt":"2026-02-16T11:51:58","slug":"lego-room-copenhagen-desk-drawer-8-azul","status":"publish","type":"product","link":"https:\/\/www.erresse-shop.it\/es\/shop\/mobiliario\/muebles\/lego-room-copenhagen-desk-drawer-8-azul\/","title":{"rendered":"LEGO &#8211; ROOM COPENHAGEN Desk Drawer 8 Azul"},"content":{"rendered":"<div class=\"metafield-rich_text_field\"><\/div>\n<div class=\"product__description-formated \">\n<div class=\"metafield-rich_text_field\">\n<div class=\"product__description-text\">Organizador de escritorio rectangular en forma de ladrillo LEGO, ideal para organizar la oficina o para ordenar las habitaciones de los ni\u00f1os.<\/div>\n<p>Todo fan de LEGO\u00ae adorar\u00e1 este caj\u00f3n de escritorio LEGO Iconic 8-Stud. El gran ladrillo de estilo LEGO es una decoraci\u00f3n colorida para la habitaci\u00f3n y ofrece espacio de almacenamiento port\u00e1til. Y si un solo caj\u00f3n no es suficiente, basta con agregar m\u00e1s cajones similares usando los grandes ladrillos LEGO. \u00a1Perfecto para almacenar material de oficina, peque\u00f1os juguetes y, por supuesto, ladrillos LEGO!<\/p>\n<p>Caj\u00f3n individual de f\u00e1cil acceso contenido en una resistente caja de pl\u00e1stico en forma de ladrillo LEGO\u00ae rojo 2&#215;4.<br \/>\nOtros cajones de escritorio LEGO\u00ae est\u00e1n disponibles en diferentes tama\u00f1os y colores. Con\u00e9ctalos usando los 8 grandes ladrillos LEGO en la superficie superior.<\/p>\n<\/div>\n<\/div>\n<p><strong>Especificaciones del producto:<\/strong><\/p>\n<ul class=\"product__spec-list\">\n<li class=\"product__tag\">Material: Polipropileno (PP)<\/li>\n<li class=\"product__tag\">Dimensiones: 11 x 31 x 15 cm<\/li>\n<li>Peso: 2 kg<\/li>\n<\/ul>\n","protected":false},"excerpt":{"rendered":"<p>Organizador de escritorio rectangular en forma de ladrillo LEGO, ideal para organizar la oficina o para ordenar las habitaciones de<\/p>\n","protected":false},"featured_media":482868,"template":"","meta":{"_acf_changed":false,"inline_featured_image":false},"product_cat":[16016,17096],"product_tag":[17136],"acf":[],"yoast_head":"<!-- This site is optimized with the Yoast SEO Premium plugin v18.6 (Yoast SEO v19.13) - https:\/\/yoast.com\/wordpress\/plugins\/seo\/ -->\n<title>LEGO - ROOM COPENHAGEN Desk Drawer 8 Azul - Erresse Shop<\/title>\n<meta name=\"description\" content=\"Organizador de escritorio rectangular en forma de ladrillo LEGO, ideal para organizar la oficina o para ordenar las habitaciones de los ni\u00f1os. Todo fan de\" \/>\n<meta name=\"robots\" content=\"index, follow, max-snippet:-1, max-image-preview:large, max-video-preview:-1\" \/>\n<link rel=\"canonical\" href=\"https:\/\/www.erresse-shop.it\/es\/shop\/mobiliario\/muebles\/lego-room-copenhagen-desk-drawer-8-azul\/\" \/>\n<meta property=\"og:locale\" content=\"es_ES\" \/>\n<meta property=\"og:type\" content=\"article\" \/>\n<meta property=\"og:title\" content=\"LEGO - ROOM COPENHAGEN Desk Drawer 8 Azul\" \/>\n<meta property=\"og:description\" content=\"Organizador de escritorio rectangular en forma de ladrillo LEGO, ideal para organizar la oficina o para ordenar las habitaciones de los ni\u00f1os. Todo fan de\" \/>\n<meta property=\"og:url\" content=\"https:\/\/www.erresse-shop.it\/es\/shop\/mobiliario\/muebles\/lego-room-copenhagen-desk-drawer-8-azul\/\" \/>\n<meta property=\"og:site_name\" content=\"Erresse Shop\" \/>\n<meta property=\"article:modified_time\" content=\"2026-02-16T11:51:58+00:00\" \/>\n<meta property=\"og:image\" content=\"https:\/\/www.erresse-shop.it\/wp-content\/uploads\/2025\/03\/LEGO-ROOM-COPENHAGEN-Desk-Drawer-8-Blu.jpg\" \/>\n\t<meta property=\"og:image:width\" content=\"1200\" \/>\n\t<meta property=\"og:image:height\" content=\"1200\" \/>\n\t<meta property=\"og:image:type\" content=\"image\/jpeg\" \/>\n<meta name=\"twitter:card\" content=\"summary_large_image\" \/>\n<script type=\"application\/ld+json\" class=\"yoast-schema-graph\">{\"@context\":\"https:\/\/schema.org\",\"@graph\":[{\"@type\":\"WebPage\",\"@id\":\"https:\/\/www.erresse-shop.it\/es\/shop\/mobiliario\/muebles\/lego-room-copenhagen-desk-drawer-8-azul\/\",\"url\":\"https:\/\/www.erresse-shop.it\/es\/shop\/mobiliario\/muebles\/lego-room-copenhagen-desk-drawer-8-azul\/\",\"name\":\"LEGO - ROOM COPENHAGEN Desk Drawer 8 Azul - Erresse Shop\",\"isPartOf\":{\"@id\":\"https:\/\/www.erresse-shop.it\/es\/#website\"},\"datePublished\":\"2025-03-21T14:08:22+00:00\",\"dateModified\":\"2026-02-16T11:51:58+00:00\",\"description\":\"Organizador de escritorio rectangular en forma de ladrillo LEGO, ideal para organizar la oficina o para ordenar las habitaciones de los ni\u00f1os. Todo fan de\",\"breadcrumb\":{\"@id\":\"https:\/\/www.erresse-shop.it\/es\/shop\/mobiliario\/muebles\/lego-room-copenhagen-desk-drawer-8-azul\/#breadcrumb\"},\"inLanguage\":\"es\",\"potentialAction\":[{\"@type\":\"ReadAction\",\"target\":[\"https:\/\/www.erresse-shop.it\/es\/shop\/mobiliario\/muebles\/lego-room-copenhagen-desk-drawer-8-azul\/\"]}]},{\"@type\":\"BreadcrumbList\",\"@id\":\"https:\/\/www.erresse-shop.it\/es\/shop\/mobiliario\/muebles\/lego-room-copenhagen-desk-drawer-8-azul\/#breadcrumb\",\"itemListElement\":[{\"@type\":\"ListItem\",\"position\":1,\"name\":\"Home\",\"item\":\"https:\/\/www.erresse-shop.it\/es\/\"},{\"@type\":\"ListItem\",\"position\":2,\"name\":\"Shop\",\"item\":\"https:\/\/www.erresse-shop.it\/es\/shop\/\"},{\"@type\":\"ListItem\",\"position\":3,\"name\":\"LEGO &#8211; ROOM COPENHAGEN Desk Drawer 8 Azul\"}]},{\"@type\":\"WebSite\",\"@id\":\"https:\/\/www.erresse-shop.it\/es\/#website\",\"url\":\"https:\/\/www.erresse-shop.it\/es\/\",\"name\":\"Erresse Shop\",\"description\":\"Articoli di qualit\u00e0 per la casa\",\"potentialAction\":[{\"@type\":\"SearchAction\",\"target\":{\"@type\":\"EntryPoint\",\"urlTemplate\":\"https:\/\/www.erresse-shop.it\/es\/?s={search_term_string}\"},\"query-input\":\"required name=search_term_string\"}],\"inLanguage\":\"es\"}]}<\/script>\n<!-- \/ Yoast SEO Premium plugin. -->","yoast_head_json":{"title":"LEGO - ROOM COPENHAGEN Desk Drawer 8 Azul - Erresse Shop","description":"Organizador de escritorio rectangular en forma de ladrillo LEGO, ideal para organizar la oficina o para ordenar las habitaciones de los ni\u00f1os. Todo fan de","robots":{"index":"index","follow":"follow","max-snippet":"max-snippet:-1","max-image-preview":"max-image-preview:large","max-video-preview":"max-video-preview:-1"},"canonical":"https:\/\/www.erresse-shop.it\/es\/shop\/mobiliario\/muebles\/lego-room-copenhagen-desk-drawer-8-azul\/","og_locale":"es_ES","og_type":"article","og_title":"LEGO - ROOM COPENHAGEN Desk Drawer 8 Azul","og_description":"Organizador de escritorio rectangular en forma de ladrillo LEGO, ideal para organizar la oficina o para ordenar las habitaciones de los ni\u00f1os. Todo fan de","og_url":"https:\/\/www.erresse-shop.it\/es\/shop\/mobiliario\/muebles\/lego-room-copenhagen-desk-drawer-8-azul\/","og_site_name":"Erresse Shop","article_modified_time":"2026-02-16T11:51:58+00:00","og_image":[{"width":1200,"height":1200,"url":"https:\/\/www.erresse-shop.it\/wp-content\/uploads\/2025\/03\/LEGO-ROOM-COPENHAGEN-Desk-Drawer-8-Blu.jpg","type":"image\/jpeg"}],"twitter_card":"summary_large_image","schema":{"@context":"https:\/\/schema.org","@graph":[{"@type":"WebPage","@id":"https:\/\/www.erresse-shop.it\/es\/shop\/mobiliario\/muebles\/lego-room-copenhagen-desk-drawer-8-azul\/","url":"https:\/\/www.erresse-shop.it\/es\/shop\/mobiliario\/muebles\/lego-room-copenhagen-desk-drawer-8-azul\/","name":"LEGO - ROOM COPENHAGEN Desk Drawer 8 Azul - Erresse Shop","isPartOf":{"@id":"https:\/\/www.erresse-shop.it\/es\/#website"},"datePublished":"2025-03-21T14:08:22+00:00","dateModified":"2026-02-16T11:51:58+00:00","description":"Organizador de escritorio rectangular en forma de ladrillo LEGO, ideal para organizar la oficina o para ordenar las habitaciones de los ni\u00f1os. Todo fan de","breadcrumb":{"@id":"https:\/\/www.erresse-shop.it\/es\/shop\/mobiliario\/muebles\/lego-room-copenhagen-desk-drawer-8-azul\/#breadcrumb"},"inLanguage":"es","potentialAction":[{"@type":"ReadAction","target":["https:\/\/www.erresse-shop.it\/es\/shop\/mobiliario\/muebles\/lego-room-copenhagen-desk-drawer-8-azul\/"]}]},{"@type":"BreadcrumbList","@id":"https:\/\/www.erresse-shop.it\/es\/shop\/mobiliario\/muebles\/lego-room-copenhagen-desk-drawer-8-azul\/#breadcrumb","itemListElement":[{"@type":"ListItem","position":1,"name":"Home","item":"https:\/\/www.erresse-shop.it\/es\/"},{"@type":"ListItem","position":2,"name":"Shop","item":"https:\/\/www.erresse-shop.it\/es\/shop\/"},{"@type":"ListItem","position":3,"name":"LEGO &#8211; ROOM COPENHAGEN Desk Drawer 8 Azul"}]},{"@type":"WebSite","@id":"https:\/\/www.erresse-shop.it\/es\/#website","url":"https:\/\/www.erresse-shop.it\/es\/","name":"Erresse Shop","description":"Articoli di qualit\u00e0 per la casa","potentialAction":[{"@type":"SearchAction","target":{"@type":"EntryPoint","urlTemplate":"https:\/\/www.erresse-shop.it\/es\/?s={search_term_string}"},"query-input":"required name=search_term_string"}],"inLanguage":"es"}]}},"df_price":19.95,"df_sale_price":19.95,"df_regular_price":26.99,"df_image_link":"https:\/\/www.erresse-shop.it\/wp-content\/uploads\/2025\/03\/LEGO-ROOM-COPENHAGEN-Desk-Drawer-8-Blu-300x300.jpg","_links":{"self":[{"href":"https:\/\/www.erresse-shop.it\/es\/wp-json\/wp\/v2\/product\/482842"}],"collection":[{"href":"https:\/\/www.erresse-shop.it\/es\/wp-json\/wp\/v2\/product"}],"about":[{"href":"https:\/\/www.erresse-shop.it\/es\/wp-json\/wp\/v2\/types\/product"}],"wp:featuredmedia":[{"embeddable":true,"href":"https:\/\/www.erresse-shop.it\/es\/wp-json\/wp\/v2\/media\/482868"}],"wp:attachment":[{"href":"https:\/\/www.erresse-shop.it\/es\/wp-json\/wp\/v2\/media?parent=482842"}],"wp:term":[{"taxonomy":"product_cat","embeddable":true,"href":"https:\/\/www.erresse-shop.it\/es\/wp-json\/wp\/v2\/product_cat?post=482842"},{"taxonomy":"product_tag","embeddable":true,"href":"https:\/\/www.erresse-shop.it\/es\/wp-json\/wp\/v2\/product_tag?post=482842"}],"curies":[{"name":"wp","href":"https:\/\/api.w.org\/{rel}","templated":true}]}}