{"id":482593,"date":"2025-03-21T10:41:19","date_gmt":"2025-03-21T10:41:23","guid":{"rendered":"https:\/\/www.erresse-shop.it\/?post_type=product&#038;p=482593"},"modified":"2026-02-17T09:23:14","modified_gmt":"2026-02-17T09:23:14","slug":"lego-room-copenhagen-brick-drawer-4-rosa","status":"publish","type":"product","link":"https:\/\/www.erresse-shop.it\/es\/shop\/mobiliario\/muebles\/lego-room-copenhagen-brick-drawer-4-rosa\/","title":{"rendered":"LEGO &#8211; ROOM COPENHAGEN Brick Drawer 4 Rosa"},"content":{"rendered":"<p>Contenedor cuadrado con un caj\u00f3n<\/p>\n<p>Brick Drawer LEGO\u00ae es una l\u00ednea de bloques de colores sobredimensionados con uno o m\u00e1s cajones y dise\u00f1o apilable.<br \/>\nPerfecto para almacenar y ahorrar espacio en las habitaciones. Adecuado para la decoraci\u00f3n de cualquier hogar.<br \/>\nUn regalo divertido para todos los fan\u00e1ticos de LEGO.<\/p>\n<p><strong>Especificaciones del producto:<\/strong><\/p>\n<ul class=\"product__spec-list\">\n<li class=\"product__tag\">Material: Acrilonitrilo Butadieno Estireno (ABS)<\/li>\n<li class=\"product__tag\">Garant\u00eda: 2 a\u00f1os<\/li>\n<li class=\"product__tag\">Dimensiones: 24 x 24 x 18 cm<\/li>\n<li class=\"product__tag\">Peso: 1 kg<\/li>\n<\/ul>\n","protected":false},"excerpt":{"rendered":"<p>Contenedor cuadrado con un caj\u00f3n Brick Drawer LEGO\u00ae es una l\u00ednea de bloques de colores sobredimensionados con uno o m\u00e1s<\/p>\n","protected":false},"featured_media":482607,"template":"","meta":{"_acf_changed":false,"inline_featured_image":false},"product_cat":[16016,17096],"product_tag":[17136],"acf":[],"yoast_head":"<!-- This site is optimized with the Yoast SEO Premium plugin v18.6 (Yoast SEO v19.13) - https:\/\/yoast.com\/wordpress\/plugins\/seo\/ -->\n<title>LEGO - ROOM COPENHAGEN Brick Drawer 4 Rosa - Erresse Shop<\/title>\n<meta name=\"description\" content=\"Contenedor cuadrado con un caj\u00f3n Brick Drawer LEGO\u00ae es una l\u00ednea de bloques de colores sobredimensionados con uno o m\u00e1s cajones y dise\u00f1o apilable.\" \/>\n<meta name=\"robots\" content=\"index, follow, max-snippet:-1, max-image-preview:large, max-video-preview:-1\" \/>\n<link rel=\"canonical\" href=\"https:\/\/www.erresse-shop.it\/es\/shop\/mobiliario\/muebles\/lego-room-copenhagen-brick-drawer-4-rosa\/\" \/>\n<meta property=\"og:locale\" content=\"es_ES\" \/>\n<meta property=\"og:type\" content=\"article\" \/>\n<meta property=\"og:title\" content=\"LEGO - ROOM COPENHAGEN Brick Drawer 4 Rosa\" \/>\n<meta property=\"og:description\" content=\"Contenedor cuadrado con un caj\u00f3n Brick Drawer LEGO\u00ae es una l\u00ednea de bloques de colores sobredimensionados con uno o m\u00e1s cajones y dise\u00f1o apilable.\" \/>\n<meta property=\"og:url\" content=\"https:\/\/www.erresse-shop.it\/es\/shop\/mobiliario\/muebles\/lego-room-copenhagen-brick-drawer-4-rosa\/\" \/>\n<meta property=\"og:site_name\" content=\"Erresse Shop\" \/>\n<meta property=\"article:modified_time\" content=\"2026-02-17T09:23:14+00:00\" \/>\n<meta property=\"og:image\" content=\"https:\/\/www.erresse-shop.it\/wp-content\/uploads\/2025\/03\/LEGO-ROOM-COPENHAGEN-Brick-Drawer-4-Rosa.jpg\" \/>\n\t<meta property=\"og:image:width\" content=\"1200\" \/>\n\t<meta property=\"og:image:height\" content=\"1200\" \/>\n\t<meta property=\"og:image:type\" content=\"image\/jpeg\" \/>\n<meta name=\"twitter:card\" content=\"summary_large_image\" \/>\n<script type=\"application\/ld+json\" class=\"yoast-schema-graph\">{\"@context\":\"https:\/\/schema.org\",\"@graph\":[{\"@type\":\"WebPage\",\"@id\":\"https:\/\/www.erresse-shop.it\/es\/shop\/mobiliario\/muebles\/lego-room-copenhagen-brick-drawer-4-rosa\/\",\"url\":\"https:\/\/www.erresse-shop.it\/es\/shop\/mobiliario\/muebles\/lego-room-copenhagen-brick-drawer-4-rosa\/\",\"name\":\"LEGO - ROOM COPENHAGEN Brick Drawer 4 Rosa - Erresse Shop\",\"isPartOf\":{\"@id\":\"https:\/\/www.erresse-shop.it\/es\/#website\"},\"datePublished\":\"2025-03-21T10:41:23+00:00\",\"dateModified\":\"2026-02-17T09:23:14+00:00\",\"description\":\"Contenedor cuadrado con un caj\u00f3n Brick Drawer LEGO\u00ae es una l\u00ednea de bloques de colores sobredimensionados con uno o m\u00e1s cajones y dise\u00f1o apilable.\",\"breadcrumb\":{\"@id\":\"https:\/\/www.erresse-shop.it\/es\/shop\/mobiliario\/muebles\/lego-room-copenhagen-brick-drawer-4-rosa\/#breadcrumb\"},\"inLanguage\":\"es\",\"potentialAction\":[{\"@type\":\"ReadAction\",\"target\":[\"https:\/\/www.erresse-shop.it\/es\/shop\/mobiliario\/muebles\/lego-room-copenhagen-brick-drawer-4-rosa\/\"]}]},{\"@type\":\"BreadcrumbList\",\"@id\":\"https:\/\/www.erresse-shop.it\/es\/shop\/mobiliario\/muebles\/lego-room-copenhagen-brick-drawer-4-rosa\/#breadcrumb\",\"itemListElement\":[{\"@type\":\"ListItem\",\"position\":1,\"name\":\"Home\",\"item\":\"https:\/\/www.erresse-shop.it\/es\/\"},{\"@type\":\"ListItem\",\"position\":2,\"name\":\"Shop\",\"item\":\"https:\/\/www.erresse-shop.it\/es\/shop\/\"},{\"@type\":\"ListItem\",\"position\":3,\"name\":\"LEGO &#8211; ROOM COPENHAGEN Brick Drawer 4 Rosa\"}]},{\"@type\":\"WebSite\",\"@id\":\"https:\/\/www.erresse-shop.it\/es\/#website\",\"url\":\"https:\/\/www.erresse-shop.it\/es\/\",\"name\":\"Erresse Shop\",\"description\":\"Articoli di qualit\u00e0 per la casa\",\"potentialAction\":[{\"@type\":\"SearchAction\",\"target\":{\"@type\":\"EntryPoint\",\"urlTemplate\":\"https:\/\/www.erresse-shop.it\/es\/?s={search_term_string}\"},\"query-input\":\"required name=search_term_string\"}],\"inLanguage\":\"es\"}]}<\/script>\n<!-- \/ Yoast SEO Premium plugin. -->","yoast_head_json":{"title":"LEGO - ROOM COPENHAGEN Brick Drawer 4 Rosa - Erresse Shop","description":"Contenedor cuadrado con un caj\u00f3n Brick Drawer LEGO\u00ae es una l\u00ednea de bloques de colores sobredimensionados con uno o m\u00e1s cajones y dise\u00f1o apilable.","robots":{"index":"index","follow":"follow","max-snippet":"max-snippet:-1","max-image-preview":"max-image-preview:large","max-video-preview":"max-video-preview:-1"},"canonical":"https:\/\/www.erresse-shop.it\/es\/shop\/mobiliario\/muebles\/lego-room-copenhagen-brick-drawer-4-rosa\/","og_locale":"es_ES","og_type":"article","og_title":"LEGO - ROOM COPENHAGEN Brick Drawer 4 Rosa","og_description":"Contenedor cuadrado con un caj\u00f3n Brick Drawer LEGO\u00ae es una l\u00ednea de bloques de colores sobredimensionados con uno o m\u00e1s cajones y dise\u00f1o apilable.","og_url":"https:\/\/www.erresse-shop.it\/es\/shop\/mobiliario\/muebles\/lego-room-copenhagen-brick-drawer-4-rosa\/","og_site_name":"Erresse Shop","article_modified_time":"2026-02-17T09:23:14+00:00","og_image":[{"width":1200,"height":1200,"url":"https:\/\/www.erresse-shop.it\/wp-content\/uploads\/2025\/03\/LEGO-ROOM-COPENHAGEN-Brick-Drawer-4-Rosa.jpg","type":"image\/jpeg"}],"twitter_card":"summary_large_image","schema":{"@context":"https:\/\/schema.org","@graph":[{"@type":"WebPage","@id":"https:\/\/www.erresse-shop.it\/es\/shop\/mobiliario\/muebles\/lego-room-copenhagen-brick-drawer-4-rosa\/","url":"https:\/\/www.erresse-shop.it\/es\/shop\/mobiliario\/muebles\/lego-room-copenhagen-brick-drawer-4-rosa\/","name":"LEGO - ROOM COPENHAGEN Brick Drawer 4 Rosa - Erresse Shop","isPartOf":{"@id":"https:\/\/www.erresse-shop.it\/es\/#website"},"datePublished":"2025-03-21T10:41:23+00:00","dateModified":"2026-02-17T09:23:14+00:00","description":"Contenedor cuadrado con un caj\u00f3n Brick Drawer LEGO\u00ae es una l\u00ednea de bloques de colores sobredimensionados con uno o m\u00e1s cajones y dise\u00f1o apilable.","breadcrumb":{"@id":"https:\/\/www.erresse-shop.it\/es\/shop\/mobiliario\/muebles\/lego-room-copenhagen-brick-drawer-4-rosa\/#breadcrumb"},"inLanguage":"es","potentialAction":[{"@type":"ReadAction","target":["https:\/\/www.erresse-shop.it\/es\/shop\/mobiliario\/muebles\/lego-room-copenhagen-brick-drawer-4-rosa\/"]}]},{"@type":"BreadcrumbList","@id":"https:\/\/www.erresse-shop.it\/es\/shop\/mobiliario\/muebles\/lego-room-copenhagen-brick-drawer-4-rosa\/#breadcrumb","itemListElement":[{"@type":"ListItem","position":1,"name":"Home","item":"https:\/\/www.erresse-shop.it\/es\/"},{"@type":"ListItem","position":2,"name":"Shop","item":"https:\/\/www.erresse-shop.it\/es\/shop\/"},{"@type":"ListItem","position":3,"name":"LEGO &#8211; ROOM COPENHAGEN Brick Drawer 4 Rosa"}]},{"@type":"WebSite","@id":"https:\/\/www.erresse-shop.it\/es\/#website","url":"https:\/\/www.erresse-shop.it\/es\/","name":"Erresse Shop","description":"Articoli di qualit\u00e0 per la casa","potentialAction":[{"@type":"SearchAction","target":{"@type":"EntryPoint","urlTemplate":"https:\/\/www.erresse-shop.it\/es\/?s={search_term_string}"},"query-input":"required name=search_term_string"}],"inLanguage":"es"}]}},"df_price":26.95,"df_sale_price":26.95,"df_regular_price":37.99,"df_image_link":"https:\/\/www.erresse-shop.it\/wp-content\/uploads\/2025\/03\/LEGO-ROOM-COPENHAGEN-Brick-Drawer-4-Rosa-300x300.jpg","_links":{"self":[{"href":"https:\/\/www.erresse-shop.it\/es\/wp-json\/wp\/v2\/product\/482593"}],"collection":[{"href":"https:\/\/www.erresse-shop.it\/es\/wp-json\/wp\/v2\/product"}],"about":[{"href":"https:\/\/www.erresse-shop.it\/es\/wp-json\/wp\/v2\/types\/product"}],"wp:featuredmedia":[{"embeddable":true,"href":"https:\/\/www.erresse-shop.it\/es\/wp-json\/wp\/v2\/media\/482607"}],"wp:attachment":[{"href":"https:\/\/www.erresse-shop.it\/es\/wp-json\/wp\/v2\/media?parent=482593"}],"wp:term":[{"taxonomy":"product_cat","embeddable":true,"href":"https:\/\/www.erresse-shop.it\/es\/wp-json\/wp\/v2\/product_cat?post=482593"},{"taxonomy":"product_tag","embeddable":true,"href":"https:\/\/www.erresse-shop.it\/es\/wp-json\/wp\/v2\/product_tag?post=482593"}],"curies":[{"name":"wp","href":"https:\/\/api.w.org\/{rel}","templated":true}]}}