{"id":482460,"date":"2025-03-21T08:49:13","date_gmt":"2025-03-21T08:49:14","guid":{"rendered":"https:\/\/www.erresse-shop.it\/?post_type=product&#038;p=482460"},"modified":"2026-02-17T09:40:37","modified_gmt":"2026-02-17T09:40:37","slug":"outdoorchef-chelsea-barbacoa-de-gas-420-g-black","status":"publish","type":"product","link":"https:\/\/www.erresse-shop.it\/es\/shop\/pequenos-electrodomesticos\/parrillas-y-barbacoas\/outdoorchef-chelsea-barbacoa-de-gas-420-g-black\/","title":{"rendered":"Outdoorchef Chelsea Barbacoa de gas 420 G Black"},"content":{"rendered":"<div class=\"product__description-formated product__description-formated--multiuso\">\n<div class=\"metafield-rich_text_field\">\n<div class=\"product__description-formated product__description-formated--multiuso\">\n<div class=\"metafield-rich_text_field\">\n<div class=\"metafield-rich_text_field\">\n<p><strong>Compacto, potente, port\u00e1til<\/strong><br \/>\nEl barbecue a gas Outdoorchef Chelsea 420G Black es la opci\u00f3n perfecta para quienes buscan un dispositivo compacto sin comprometer la calidad de la parrillada. Gracias a su dise\u00f1o esf\u00e9rico y a la temperatura ajustable entre 180\u00b0C y 340\u00b0C, permite cocinar perfectamente filetes, hamburguesas, pescado, verduras e incluso postres, pan y pizza.<\/p>\n<p><strong>Montaje y desmontaje simples e intuitivos<\/strong><br \/>\nEste modelo cuenta con un pr\u00e1ctico sistema de montaje para el tr\u00edpode, que permite un montaje y desmontaje r\u00e1pidos y sencillos. Perfecto para quienes buscan comodidad, puede ser f\u00e1cilmente transportado y guardado, lo que lo hace ideal para balcones, terrazas y peque\u00f1os jardines.<\/p>\n<p><strong>Materiales de alta calidad para una larga durabilidad<\/strong><br \/>\nFabricado en porcelana resistente, el Chelsea 420G Black est\u00e1 dise\u00f1ado para durar en el tiempo. La calidad de los materiales y la robustez de la fabricaci\u00f3n garantizan una experiencia de cocci\u00f3n siempre excelente, con un quemador de 4,3 kW que asegura una distribuci\u00f3n uniforme del calor.<\/p>\n<p><strong>Limpieza f\u00e1cil con el sistema de embudo<\/strong><br \/>\nGracias al pr\u00e1ctico sistema de embudo, la limpieza se convierte en una operaci\u00f3n simple y r\u00e1pida. Este sistema innovador evita la acumulaci\u00f3n de grasa y facilita el mantenimiento, permiti\u00e9ndote concentrarte solo en el placer de la parrillada.<\/p>\n<p><strong>Dise\u00f1o compacto y funcional<\/strong><br \/>\nCon un di\u00e1metro de parrilla de 39,5 cm y un peso de solo 9,5 kg, el Chelsea 420G Black es f\u00e1cil de transportar y perfecto para quienes buscan un barbecue pr\u00e1ctico y de alto rendimiento. Sus dimensiones compactas lo hacen ideal para quienes desean una experiencia de cocci\u00f3n profesional incluso en espacios peque\u00f1os.<\/p>\n<\/div>\n<div class=\"metafield-rich_text_field\">\n<p><strong>Caracter\u00edsticas t\u00e9cnicas<\/strong><\/p>\n<ul>\n<li>180-340 \u00b0C para filetes tiernos, hamburguesas jugosas, pescado delicado, verduras sabrosas e incluso postres, pan y pizza<\/li>\n<li>Montaje y desmontaje r\u00e1pidos gracias al pr\u00e1ctico sistema de montaje del tr\u00edpode<\/li>\n<li>Limpieza f\u00e1cil y r\u00e1pida gracias al pr\u00e1ctico sistema de embudo<\/li>\n<li>Alta calidad de los materiales, robustez en la fabricaci\u00f3n<\/li>\n<\/ul>\n<\/div>\n<\/div>\n<\/div>\n<\/div>\n<div class=\"metafield-rich_text_field\">\n<p data-start=\"654\" data-end=\"689\"><span style=\"font-size: 14pt;\"><strong data-start=\"654\" data-end=\"689\">Dimensiones:<\/strong><\/span><\/p>\n<ul data-start=\"692\" data-end=\"871\">\n<li data-start=\"578\" data-end=\"596\">Ancho: 63 cm<\/li>\n<li data-start=\"597\" data-end=\"613\">Altura: 94 cm<\/li>\n<li data-start=\"614\" data-end=\"633\">Profundidad: 67 cm<\/li>\n<\/ul>\n<\/div>\n<\/div>\n","protected":false},"excerpt":{"rendered":"<p>Compacto, potente, port\u00e1til El barbecue a gas Outdoorchef Chelsea 420G Black es la opci\u00f3n perfecta para quienes buscan un dispositivo<\/p>\n","protected":false},"featured_media":482482,"template":"","meta":{"_acf_changed":false,"inline_featured_image":false},"product_cat":[16083,16073],"product_tag":[25183,16167,23633,16138,24605,16168,25023,22518],"acf":[],"yoast_head":"<!-- This site is optimized with the Yoast SEO Premium plugin v18.6 (Yoast SEO v19.13) - https:\/\/yoast.com\/wordpress\/plugins\/seo\/ -->\n<title>Outdoorchef Chelsea Barbacoa de gas 420 G Black - Erresse Shop<\/title>\n<meta name=\"description\" content=\"Compacto, potente, port\u00e1til El barbecue a gas Outdoorchef Chelsea 420G Black es la opci\u00f3n perfecta para quienes buscan un dispositivo compacto sin\" \/>\n<meta name=\"robots\" content=\"index, follow, max-snippet:-1, max-image-preview:large, max-video-preview:-1\" \/>\n<link rel=\"canonical\" href=\"https:\/\/www.erresse-shop.it\/es\/shop\/pequenos-electrodomesticos\/parrillas-y-barbacoas\/outdoorchef-chelsea-barbacoa-de-gas-420-g-black\/\" \/>\n<meta property=\"og:locale\" content=\"es_ES\" \/>\n<meta property=\"og:type\" content=\"article\" \/>\n<meta property=\"og:title\" content=\"Outdoorchef Chelsea Barbacoa de gas 420 G Black\" \/>\n<meta property=\"og:description\" content=\"Compacto, potente, port\u00e1til El barbecue a gas Outdoorchef Chelsea 420G Black es la opci\u00f3n perfecta para quienes buscan un dispositivo compacto sin\" \/>\n<meta property=\"og:url\" content=\"https:\/\/www.erresse-shop.it\/es\/shop\/pequenos-electrodomesticos\/parrillas-y-barbacoas\/outdoorchef-chelsea-barbacoa-de-gas-420-g-black\/\" \/>\n<meta property=\"og:site_name\" content=\"Erresse Shop\" \/>\n<meta property=\"article:modified_time\" content=\"2026-02-17T09:40:37+00:00\" \/>\n<meta property=\"og:image\" content=\"https:\/\/www.erresse-shop.it\/wp-content\/uploads\/2025\/03\/Outdoorchef-Chelsea-Barbecue-a-Gas-420-G-Black.jpg\" \/>\n\t<meta property=\"og:image:width\" content=\"1200\" \/>\n\t<meta property=\"og:image:height\" content=\"1200\" \/>\n\t<meta property=\"og:image:type\" content=\"image\/jpeg\" \/>\n<meta name=\"twitter:card\" content=\"summary_large_image\" \/>\n<script type=\"application\/ld+json\" class=\"yoast-schema-graph\">{\"@context\":\"https:\/\/schema.org\",\"@graph\":[{\"@type\":\"WebPage\",\"@id\":\"https:\/\/www.erresse-shop.it\/es\/shop\/pequenos-electrodomesticos\/parrillas-y-barbacoas\/outdoorchef-chelsea-barbacoa-de-gas-420-g-black\/\",\"url\":\"https:\/\/www.erresse-shop.it\/es\/shop\/pequenos-electrodomesticos\/parrillas-y-barbacoas\/outdoorchef-chelsea-barbacoa-de-gas-420-g-black\/\",\"name\":\"Outdoorchef Chelsea Barbacoa de gas 420 G Black - Erresse Shop\",\"isPartOf\":{\"@id\":\"https:\/\/www.erresse-shop.it\/es\/#website\"},\"datePublished\":\"2025-03-21T08:49:14+00:00\",\"dateModified\":\"2026-02-17T09:40:37+00:00\",\"description\":\"Compacto, potente, port\u00e1til El barbecue a gas Outdoorchef Chelsea 420G Black es la opci\u00f3n perfecta para quienes buscan un dispositivo compacto sin\",\"breadcrumb\":{\"@id\":\"https:\/\/www.erresse-shop.it\/es\/shop\/pequenos-electrodomesticos\/parrillas-y-barbacoas\/outdoorchef-chelsea-barbacoa-de-gas-420-g-black\/#breadcrumb\"},\"inLanguage\":\"es\",\"potentialAction\":[{\"@type\":\"ReadAction\",\"target\":[\"https:\/\/www.erresse-shop.it\/es\/shop\/pequenos-electrodomesticos\/parrillas-y-barbacoas\/outdoorchef-chelsea-barbacoa-de-gas-420-g-black\/\"]}]},{\"@type\":\"BreadcrumbList\",\"@id\":\"https:\/\/www.erresse-shop.it\/es\/shop\/pequenos-electrodomesticos\/parrillas-y-barbacoas\/outdoorchef-chelsea-barbacoa-de-gas-420-g-black\/#breadcrumb\",\"itemListElement\":[{\"@type\":\"ListItem\",\"position\":1,\"name\":\"Home\",\"item\":\"https:\/\/www.erresse-shop.it\/es\/\"},{\"@type\":\"ListItem\",\"position\":2,\"name\":\"Shop\",\"item\":\"https:\/\/www.erresse-shop.it\/es\/shop\/\"},{\"@type\":\"ListItem\",\"position\":3,\"name\":\"Outdoorchef Chelsea Barbacoa de gas 420 G Black\"}]},{\"@type\":\"WebSite\",\"@id\":\"https:\/\/www.erresse-shop.it\/es\/#website\",\"url\":\"https:\/\/www.erresse-shop.it\/es\/\",\"name\":\"Erresse Shop\",\"description\":\"Articoli di qualit\u00e0 per la casa\",\"potentialAction\":[{\"@type\":\"SearchAction\",\"target\":{\"@type\":\"EntryPoint\",\"urlTemplate\":\"https:\/\/www.erresse-shop.it\/es\/?s={search_term_string}\"},\"query-input\":\"required name=search_term_string\"}],\"inLanguage\":\"es\"}]}<\/script>\n<!-- \/ Yoast SEO Premium plugin. -->","yoast_head_json":{"title":"Outdoorchef Chelsea Barbacoa de gas 420 G Black - Erresse Shop","description":"Compacto, potente, port\u00e1til El barbecue a gas Outdoorchef Chelsea 420G Black es la opci\u00f3n perfecta para quienes buscan un dispositivo compacto sin","robots":{"index":"index","follow":"follow","max-snippet":"max-snippet:-1","max-image-preview":"max-image-preview:large","max-video-preview":"max-video-preview:-1"},"canonical":"https:\/\/www.erresse-shop.it\/es\/shop\/pequenos-electrodomesticos\/parrillas-y-barbacoas\/outdoorchef-chelsea-barbacoa-de-gas-420-g-black\/","og_locale":"es_ES","og_type":"article","og_title":"Outdoorchef Chelsea Barbacoa de gas 420 G Black","og_description":"Compacto, potente, port\u00e1til El barbecue a gas Outdoorchef Chelsea 420G Black es la opci\u00f3n perfecta para quienes buscan un dispositivo compacto sin","og_url":"https:\/\/www.erresse-shop.it\/es\/shop\/pequenos-electrodomesticos\/parrillas-y-barbacoas\/outdoorchef-chelsea-barbacoa-de-gas-420-g-black\/","og_site_name":"Erresse Shop","article_modified_time":"2026-02-17T09:40:37+00:00","og_image":[{"width":1200,"height":1200,"url":"https:\/\/www.erresse-shop.it\/wp-content\/uploads\/2025\/03\/Outdoorchef-Chelsea-Barbecue-a-Gas-420-G-Black.jpg","type":"image\/jpeg"}],"twitter_card":"summary_large_image","schema":{"@context":"https:\/\/schema.org","@graph":[{"@type":"WebPage","@id":"https:\/\/www.erresse-shop.it\/es\/shop\/pequenos-electrodomesticos\/parrillas-y-barbacoas\/outdoorchef-chelsea-barbacoa-de-gas-420-g-black\/","url":"https:\/\/www.erresse-shop.it\/es\/shop\/pequenos-electrodomesticos\/parrillas-y-barbacoas\/outdoorchef-chelsea-barbacoa-de-gas-420-g-black\/","name":"Outdoorchef Chelsea Barbacoa de gas 420 G Black - Erresse Shop","isPartOf":{"@id":"https:\/\/www.erresse-shop.it\/es\/#website"},"datePublished":"2025-03-21T08:49:14+00:00","dateModified":"2026-02-17T09:40:37+00:00","description":"Compacto, potente, port\u00e1til El barbecue a gas Outdoorchef Chelsea 420G Black es la opci\u00f3n perfecta para quienes buscan un dispositivo compacto sin","breadcrumb":{"@id":"https:\/\/www.erresse-shop.it\/es\/shop\/pequenos-electrodomesticos\/parrillas-y-barbacoas\/outdoorchef-chelsea-barbacoa-de-gas-420-g-black\/#breadcrumb"},"inLanguage":"es","potentialAction":[{"@type":"ReadAction","target":["https:\/\/www.erresse-shop.it\/es\/shop\/pequenos-electrodomesticos\/parrillas-y-barbacoas\/outdoorchef-chelsea-barbacoa-de-gas-420-g-black\/"]}]},{"@type":"BreadcrumbList","@id":"https:\/\/www.erresse-shop.it\/es\/shop\/pequenos-electrodomesticos\/parrillas-y-barbacoas\/outdoorchef-chelsea-barbacoa-de-gas-420-g-black\/#breadcrumb","itemListElement":[{"@type":"ListItem","position":1,"name":"Home","item":"https:\/\/www.erresse-shop.it\/es\/"},{"@type":"ListItem","position":2,"name":"Shop","item":"https:\/\/www.erresse-shop.it\/es\/shop\/"},{"@type":"ListItem","position":3,"name":"Outdoorchef Chelsea Barbacoa de gas 420 G Black"}]},{"@type":"WebSite","@id":"https:\/\/www.erresse-shop.it\/es\/#website","url":"https:\/\/www.erresse-shop.it\/es\/","name":"Erresse Shop","description":"Articoli di qualit\u00e0 per la casa","potentialAction":[{"@type":"SearchAction","target":{"@type":"EntryPoint","urlTemplate":"https:\/\/www.erresse-shop.it\/es\/?s={search_term_string}"},"query-input":"required name=search_term_string"}],"inLanguage":"es"}]}},"df_price":226.85,"df_sale_price":226.85,"df_regular_price":349,"df_image_link":"https:\/\/www.erresse-shop.it\/wp-content\/uploads\/2025\/03\/Outdoorchef-Chelsea-Barbecue-a-Gas-420-G-Black-300x300.jpg","_links":{"self":[{"href":"https:\/\/www.erresse-shop.it\/es\/wp-json\/wp\/v2\/product\/482460"}],"collection":[{"href":"https:\/\/www.erresse-shop.it\/es\/wp-json\/wp\/v2\/product"}],"about":[{"href":"https:\/\/www.erresse-shop.it\/es\/wp-json\/wp\/v2\/types\/product"}],"wp:featuredmedia":[{"embeddable":true,"href":"https:\/\/www.erresse-shop.it\/es\/wp-json\/wp\/v2\/media\/482482"}],"wp:attachment":[{"href":"https:\/\/www.erresse-shop.it\/es\/wp-json\/wp\/v2\/media?parent=482460"}],"wp:term":[{"taxonomy":"product_cat","embeddable":true,"href":"https:\/\/www.erresse-shop.it\/es\/wp-json\/wp\/v2\/product_cat?post=482460"},{"taxonomy":"product_tag","embeddable":true,"href":"https:\/\/www.erresse-shop.it\/es\/wp-json\/wp\/v2\/product_tag?post=482460"}],"curies":[{"name":"wp","href":"https:\/\/api.w.org\/{rel}","templated":true}]}}