{"id":482424,"date":"2025-03-21T08:17:18","date_gmt":"2025-03-21T08:17:19","guid":{"rendered":"https:\/\/www.erresse-shop.it\/?post_type=product&#038;p=482424"},"modified":"2025-03-21T08:39:56","modified_gmt":"2025-03-21T08:39:56","slug":"outdoorchef-minichef-barbacoa-electrica-420-e-copia","status":"publish","type":"product","link":"https:\/\/www.erresse-shop.it\/es\/shop\/pequenos-electrodomesticos\/parrillas-y-barbacoas\/outdoorchef-minichef-barbacoa-electrica-420-e-copia\/","title":{"rendered":"Outdoorchef Ambri Barbacoa de gas 480 G Evo"},"content":{"rendered":"<div class=\"product__description-formated product__description-formated--multiuso\">\n<div class=\"metafield-rich_text_field\">\n<div class=\"product__description-formated product__description-formated--multiuso\">\n<div class=\"metafield-rich_text_field\">\n<p><strong>El dise\u00f1o ic\u00f3nico y revolucionario esf\u00e9rico revisado<\/strong><br \/>\nEl barbacoa a gas Outdoorchef Ambri 480 G Evo es la soluci\u00f3n perfecta para quienes buscan un dispositivo potente y pr\u00e1ctico. Con una temperatura ajustable entre 180\u00b0C y 340\u00b0C, permite cocinar f\u00e1cilmente carnes jugosas, hamburguesas, pescado, verduras e incluso postres, pan y pizza.<\/p>\n<p><strong>Dise\u00f1o inteligente con espacio adicional<\/strong><\/p>\n<p>Gracias a su amplia superficie de trabajo, el Ambri 480 G Evo ofrece suficiente espacio para dos platos, lo que hace m\u00e1s c\u00f3moda la preparaci\u00f3n de los alimentos. Adem\u00e1s, se puede expandir con un pr\u00e1ctico kit de soporte para almacenar la piedra para pizza, la parrilla y la bombona de gas, manteni\u00e9ndolo todo ordenado.<\/p>\n<p><strong>Materiales de alta calidad para una larga durabilidad<\/strong><\/p>\n<p>Fabricado con una combinaci\u00f3n de acero inoxidable y porcelana, esta barbacoa garantiza resistencia y durabilidad con el tiempo. Su construcci\u00f3n robusta asegura una excelente estabilidad y una distribuci\u00f3n uniforme del calor gracias al potente quemador de 5,8 kW.<\/p>\n<p><strong>Sistema de embudo para una limpieza sin estr\u00e9s<\/strong><\/p>\n<p>El pr\u00e1ctico sistema de embudo facilita la limpieza y previene la formaci\u00f3n de grasa, evitando humo y llamas indeseadas. Este mecanismo innovador garantiza un mantenimiento f\u00e1cil y una cocci\u00f3n siempre \u00f3ptima.<\/p>\n<p><strong>Compacto pero espacioso<\/strong><\/p>\n<p>Con una parrilla de 54 cm de di\u00e1metro y un peso de solo 19,2 kg, el Ambri 480 G Evo es f\u00e1cil de colocar y mover. Perfecto para jardines, terrazas y balcones, ofrece todo lo necesario para una barbacoa perfecta con la m\u00e1xima practicidad.<\/p>\n<\/div>\n<div class=\"metafield-rich_text_field\">\n<p><strong>Caracter\u00edsticas t\u00e9cnicas<\/strong><\/p>\n<ul>\n<li>180-340 \u00b0C para carnes tiernas, hamburguesas jugosas, pescado delicado, verduras sabrosas e incluso postres, pan y pizza<\/li>\n<li>Expansible a elecci\u00f3n con un kit de soporte para almacenar f\u00e1cilmente la piedra para pizza, la parrilla y la bombona de gas<\/li>\n<li>Limpieza f\u00e1cil y r\u00e1pida gracias al pr\u00e1ctico sistema de embudo<\/li>\n<li>Alta calidad de los materiales, construcci\u00f3n robusta<\/li>\n<li>Amplia superficie de trabajo con espacio para dos platos<\/li>\n<\/ul>\n<\/div>\n<\/div>\n<\/div>\n<div class=\"metafield-rich_text_field\">\n<p data-start=\"654\" data-end=\"689\"><span style=\"font-size: 14pt;\"><strong data-start=\"654\" data-end=\"689\">Dimensiones:<\/strong><\/span><\/p>\n<ul data-start=\"692\" data-end=\"871\">\n<li data-start=\"578\" data-end=\"596\">Ancho: 57 cm<\/li>\n<li data-start=\"597\" data-end=\"613\">Altura: 100 cm<\/li>\n<li data-start=\"614\" data-end=\"633\">Profundidad: 83 cm<\/li>\n<\/ul>\n<\/div>\n<\/div>\n","protected":false},"excerpt":{"rendered":"<p>El dise\u00f1o ic\u00f3nico y revolucionario esf\u00e9rico revisado El barbacoa a gas Outdoorchef Ambri 480 G Evo es la soluci\u00f3n perfecta<\/p>\n","protected":false},"featured_media":482453,"template":"","meta":{"_acf_changed":false,"inline_featured_image":false},"product_cat":[16083,16073],"product_tag":[25183,16167,23633,16138,24605,16168,25023,22518],"acf":[],"yoast_head":"<!-- This site is optimized with the Yoast SEO Premium plugin v18.6 (Yoast SEO v19.13) - https:\/\/yoast.com\/wordpress\/plugins\/seo\/ -->\n<title>Outdoorchef Ambri Barbacoa de gas 480 G Evo - Erresse Shop<\/title>\n<meta name=\"description\" content=\"El dise\u00f1o ic\u00f3nico y revolucionario esf\u00e9rico revisado El barbacoa a gas Outdoorchef Ambri 480 G Evo es la soluci\u00f3n perfecta para quienes buscan un\" \/>\n<meta name=\"robots\" content=\"index, follow, max-snippet:-1, max-image-preview:large, max-video-preview:-1\" \/>\n<link rel=\"canonical\" href=\"https:\/\/www.erresse-shop.it\/es\/shop\/pequenos-electrodomesticos\/parrillas-y-barbacoas\/outdoorchef-minichef-barbacoa-electrica-420-e-copia\/\" \/>\n<meta property=\"og:locale\" content=\"es_ES\" \/>\n<meta property=\"og:type\" content=\"article\" \/>\n<meta property=\"og:title\" content=\"Outdoorchef Ambri Barbacoa de gas 480 G Evo\" \/>\n<meta property=\"og:description\" content=\"El dise\u00f1o ic\u00f3nico y revolucionario esf\u00e9rico revisado El barbacoa a gas Outdoorchef Ambri 480 G Evo es la soluci\u00f3n perfecta para quienes buscan un\" \/>\n<meta property=\"og:url\" content=\"https:\/\/www.erresse-shop.it\/es\/shop\/pequenos-electrodomesticos\/parrillas-y-barbacoas\/outdoorchef-minichef-barbacoa-electrica-420-e-copia\/\" \/>\n<meta property=\"og:site_name\" content=\"Erresse Shop\" \/>\n<meta property=\"article:modified_time\" content=\"2025-03-21T08:39:56+00:00\" \/>\n<meta property=\"og:image\" content=\"https:\/\/www.erresse-shop.it\/wp-content\/uploads\/2025\/03\/Outdoorchef-Ambri-Barbecue-a-Gas-480-G-Evo.jpg\" \/>\n\t<meta property=\"og:image:width\" content=\"1200\" \/>\n\t<meta property=\"og:image:height\" content=\"1200\" \/>\n\t<meta property=\"og:image:type\" content=\"image\/jpeg\" \/>\n<meta name=\"twitter:card\" content=\"summary_large_image\" \/>\n<script type=\"application\/ld+json\" class=\"yoast-schema-graph\">{\"@context\":\"https:\/\/schema.org\",\"@graph\":[{\"@type\":\"WebPage\",\"@id\":\"https:\/\/www.erresse-shop.it\/es\/shop\/pequenos-electrodomesticos\/parrillas-y-barbacoas\/outdoorchef-minichef-barbacoa-electrica-420-e-copia\/\",\"url\":\"https:\/\/www.erresse-shop.it\/es\/shop\/pequenos-electrodomesticos\/parrillas-y-barbacoas\/outdoorchef-minichef-barbacoa-electrica-420-e-copia\/\",\"name\":\"Outdoorchef Ambri Barbacoa de gas 480 G Evo - Erresse Shop\",\"isPartOf\":{\"@id\":\"https:\/\/www.erresse-shop.it\/es\/#website\"},\"datePublished\":\"2025-03-21T08:17:19+00:00\",\"dateModified\":\"2025-03-21T08:39:56+00:00\",\"description\":\"El dise\u00f1o ic\u00f3nico y revolucionario esf\u00e9rico revisado El barbacoa a gas Outdoorchef Ambri 480 G Evo es la soluci\u00f3n perfecta para quienes buscan un\",\"breadcrumb\":{\"@id\":\"https:\/\/www.erresse-shop.it\/es\/shop\/pequenos-electrodomesticos\/parrillas-y-barbacoas\/outdoorchef-minichef-barbacoa-electrica-420-e-copia\/#breadcrumb\"},\"inLanguage\":\"es\",\"potentialAction\":[{\"@type\":\"ReadAction\",\"target\":[\"https:\/\/www.erresse-shop.it\/es\/shop\/pequenos-electrodomesticos\/parrillas-y-barbacoas\/outdoorchef-minichef-barbacoa-electrica-420-e-copia\/\"]}]},{\"@type\":\"BreadcrumbList\",\"@id\":\"https:\/\/www.erresse-shop.it\/es\/shop\/pequenos-electrodomesticos\/parrillas-y-barbacoas\/outdoorchef-minichef-barbacoa-electrica-420-e-copia\/#breadcrumb\",\"itemListElement\":[{\"@type\":\"ListItem\",\"position\":1,\"name\":\"Home\",\"item\":\"https:\/\/www.erresse-shop.it\/es\/\"},{\"@type\":\"ListItem\",\"position\":2,\"name\":\"Shop\",\"item\":\"https:\/\/www.erresse-shop.it\/es\/shop\/\"},{\"@type\":\"ListItem\",\"position\":3,\"name\":\"Outdoorchef Ambri Barbacoa de gas 480 G Evo\"}]},{\"@type\":\"WebSite\",\"@id\":\"https:\/\/www.erresse-shop.it\/es\/#website\",\"url\":\"https:\/\/www.erresse-shop.it\/es\/\",\"name\":\"Erresse Shop\",\"description\":\"Articoli di qualit\u00e0 per la casa\",\"potentialAction\":[{\"@type\":\"SearchAction\",\"target\":{\"@type\":\"EntryPoint\",\"urlTemplate\":\"https:\/\/www.erresse-shop.it\/es\/?s={search_term_string}\"},\"query-input\":\"required name=search_term_string\"}],\"inLanguage\":\"es\"}]}<\/script>\n<!-- \/ Yoast SEO Premium plugin. -->","yoast_head_json":{"title":"Outdoorchef Ambri Barbacoa de gas 480 G Evo - Erresse Shop","description":"El dise\u00f1o ic\u00f3nico y revolucionario esf\u00e9rico revisado El barbacoa a gas Outdoorchef Ambri 480 G Evo es la soluci\u00f3n perfecta para quienes buscan un","robots":{"index":"index","follow":"follow","max-snippet":"max-snippet:-1","max-image-preview":"max-image-preview:large","max-video-preview":"max-video-preview:-1"},"canonical":"https:\/\/www.erresse-shop.it\/es\/shop\/pequenos-electrodomesticos\/parrillas-y-barbacoas\/outdoorchef-minichef-barbacoa-electrica-420-e-copia\/","og_locale":"es_ES","og_type":"article","og_title":"Outdoorchef Ambri Barbacoa de gas 480 G Evo","og_description":"El dise\u00f1o ic\u00f3nico y revolucionario esf\u00e9rico revisado El barbacoa a gas Outdoorchef Ambri 480 G Evo es la soluci\u00f3n perfecta para quienes buscan un","og_url":"https:\/\/www.erresse-shop.it\/es\/shop\/pequenos-electrodomesticos\/parrillas-y-barbacoas\/outdoorchef-minichef-barbacoa-electrica-420-e-copia\/","og_site_name":"Erresse Shop","article_modified_time":"2025-03-21T08:39:56+00:00","og_image":[{"width":1200,"height":1200,"url":"https:\/\/www.erresse-shop.it\/wp-content\/uploads\/2025\/03\/Outdoorchef-Ambri-Barbecue-a-Gas-480-G-Evo.jpg","type":"image\/jpeg"}],"twitter_card":"summary_large_image","schema":{"@context":"https:\/\/schema.org","@graph":[{"@type":"WebPage","@id":"https:\/\/www.erresse-shop.it\/es\/shop\/pequenos-electrodomesticos\/parrillas-y-barbacoas\/outdoorchef-minichef-barbacoa-electrica-420-e-copia\/","url":"https:\/\/www.erresse-shop.it\/es\/shop\/pequenos-electrodomesticos\/parrillas-y-barbacoas\/outdoorchef-minichef-barbacoa-electrica-420-e-copia\/","name":"Outdoorchef Ambri Barbacoa de gas 480 G Evo - Erresse Shop","isPartOf":{"@id":"https:\/\/www.erresse-shop.it\/es\/#website"},"datePublished":"2025-03-21T08:17:19+00:00","dateModified":"2025-03-21T08:39:56+00:00","description":"El dise\u00f1o ic\u00f3nico y revolucionario esf\u00e9rico revisado El barbacoa a gas Outdoorchef Ambri 480 G Evo es la soluci\u00f3n perfecta para quienes buscan un","breadcrumb":{"@id":"https:\/\/www.erresse-shop.it\/es\/shop\/pequenos-electrodomesticos\/parrillas-y-barbacoas\/outdoorchef-minichef-barbacoa-electrica-420-e-copia\/#breadcrumb"},"inLanguage":"es","potentialAction":[{"@type":"ReadAction","target":["https:\/\/www.erresse-shop.it\/es\/shop\/pequenos-electrodomesticos\/parrillas-y-barbacoas\/outdoorchef-minichef-barbacoa-electrica-420-e-copia\/"]}]},{"@type":"BreadcrumbList","@id":"https:\/\/www.erresse-shop.it\/es\/shop\/pequenos-electrodomesticos\/parrillas-y-barbacoas\/outdoorchef-minichef-barbacoa-electrica-420-e-copia\/#breadcrumb","itemListElement":[{"@type":"ListItem","position":1,"name":"Home","item":"https:\/\/www.erresse-shop.it\/es\/"},{"@type":"ListItem","position":2,"name":"Shop","item":"https:\/\/www.erresse-shop.it\/es\/shop\/"},{"@type":"ListItem","position":3,"name":"Outdoorchef Ambri Barbacoa de gas 480 G Evo"}]},{"@type":"WebSite","@id":"https:\/\/www.erresse-shop.it\/es\/#website","url":"https:\/\/www.erresse-shop.it\/es\/","name":"Erresse Shop","description":"Articoli di qualit\u00e0 per la casa","potentialAction":[{"@type":"SearchAction","target":{"@type":"EntryPoint","urlTemplate":"https:\/\/www.erresse-shop.it\/es\/?s={search_term_string}"},"query-input":"required name=search_term_string"}],"inLanguage":"es"}]}},"df_price":459.5,"df_sale_price":459.5,"df_regular_price":549,"df_image_link":"https:\/\/www.erresse-shop.it\/wp-content\/uploads\/2025\/03\/Outdoorchef-Ambri-Barbecue-a-Gas-480-G-Evo-300x300.jpg","_links":{"self":[{"href":"https:\/\/www.erresse-shop.it\/es\/wp-json\/wp\/v2\/product\/482424"}],"collection":[{"href":"https:\/\/www.erresse-shop.it\/es\/wp-json\/wp\/v2\/product"}],"about":[{"href":"https:\/\/www.erresse-shop.it\/es\/wp-json\/wp\/v2\/types\/product"}],"wp:featuredmedia":[{"embeddable":true,"href":"https:\/\/www.erresse-shop.it\/es\/wp-json\/wp\/v2\/media\/482453"}],"wp:attachment":[{"href":"https:\/\/www.erresse-shop.it\/es\/wp-json\/wp\/v2\/media?parent=482424"}],"wp:term":[{"taxonomy":"product_cat","embeddable":true,"href":"https:\/\/www.erresse-shop.it\/es\/wp-json\/wp\/v2\/product_cat?post=482424"},{"taxonomy":"product_tag","embeddable":true,"href":"https:\/\/www.erresse-shop.it\/es\/wp-json\/wp\/v2\/product_tag?post=482424"}],"curies":[{"name":"wp","href":"https:\/\/api.w.org\/{rel}","templated":true}]}}