{"id":482396,"date":"2025-03-21T07:49:05","date_gmt":"2025-03-21T07:49:08","guid":{"rendered":"https:\/\/www.erresse-shop.it\/?post_type=product&#038;p=482396"},"modified":"2026-02-17T09:45:42","modified_gmt":"2026-02-17T09:45:42","slug":"outdoorchef-minichef-barbacoa-electrica-420-e","status":"publish","type":"product","link":"https:\/\/www.erresse-shop.it\/es\/shop\/pequenos-electrodomesticos\/parrillas-y-barbacoas\/outdoorchef-minichef-barbacoa-electrica-420-e\/","title":{"rendered":"Outdoorchef Minichef Barbacoa El\u00e9ctrica 420 E"},"content":{"rendered":"<div class=\"product__description-formated product__description-formated--multiuso\">\n<div class=\"metafield-rich_text_field\"><span style=\"font-size: 14pt;\"><strong>Listo para enfrentar cualquier desaf\u00edo<\/strong><\/span><\/div>\n<div class=\"metafield-rich_text_field\">\n<p>El barbecue el\u00e9ctrico Outdoorchef Minichef 420 E es la soluci\u00f3n perfecta para quienes desean una experiencia de parrillada sin gas ni carb\u00f3n. Con una temperatura ajustable entre 120\u00b0C y 300\u00b0C y 7 niveles de calor, permite cocinar carne, pescado, verduras e incluso pan y pizza con resultados excepcionales.<span style=\"font-size: 14pt;\"><strong>Innovaci\u00f3n tecnol\u00f3gica para una cocci\u00f3n perfecta<\/strong><\/span><\/p>\n<p>Gracias a su innovadora protecci\u00f3n de aluminio, este barbecue alcanza temperaturas superiores a la media, garantizando una distribuci\u00f3n uniforme del calor. La espiral calefactora de 2 kW asegura una cocci\u00f3n r\u00e1pida y eficiente, ideal para quienes disfrutan de la parrillada sin largas esperas.<\/p>\n<p><span style=\"font-size: 14pt;\"><strong>Dise\u00f1o compacto y vers\u00e1til<\/strong><\/span><\/p>\n<p>El Minichef 420 E es compacto y f\u00e1cil de ubicar, perfecto para balcones, terrazas y espacios peque\u00f1os. Se puede expandir con la Minichef Station, una base estable que ofrece mayor comodidad durante la cocci\u00f3n y espacio extra para accesorios.<\/p>\n<p><strong>Limpieza f\u00e1cil con el sistema de embudo<\/strong><\/p>\n<p>\u00a1Olv\u00eddate de la molestia de la limpieza! El sistema de embudo previene el goteo de grasa y reduce la formaci\u00f3n de humo, haciendo que el mantenimiento sea r\u00e1pido y sin esfuerzo. Este mecanismo innovador garantiza una cocci\u00f3n m\u00e1s limpia y segura.<\/p>\n<p><span style=\"font-size: 14pt;\"><strong>Calidad y durabilidad para cada parrillada<\/strong><\/span><\/p>\n<p>Fabricado en porcelanato y con una construcci\u00f3n robusta, el Minichef 420 E est\u00e1 dise\u00f1ado para durar. Con una parrilla de 39,5 cm de di\u00e1metro y un peso de 13,7 kg, es la elecci\u00f3n ideal para quienes buscan un barbecue el\u00e9ctrico pr\u00e1ctico y de alto rendimiento.<\/p>\n<\/div>\n<div class=\"metafield-rich_text_field\">\n<p><span style=\"font-size: 14pt;\"><strong>Caracter\u00edsticas t\u00e9cnicas<\/strong><\/span><\/p>\n<ul>\n<li>120-300 \u00b0C para excepcionales bisteques, pescado y verduras a la parrilla, incluso pan o pizza crujiente<\/li>\n<li>Temperatura superior a la media gracias a la innovadora protecci\u00f3n de aluminio, 7 niveles de calor<\/li>\n<li>Expansible seg\u00fan se desee con la Minichef Station (base estable)<\/li>\n<li>Limpieza f\u00e1cil y r\u00e1pida gracias al pr\u00e1ctico sistema de embudo<\/li>\n<li>Alta calidad de materiales y construcci\u00f3n robusta<\/li>\n<\/ul>\n<p><span style=\"font-size: 14pt;\"><strong data-start=\"422\" data-end=\"461\">Detalles de la parrilla:<\/strong><\/span><\/p>\n<ul>\n<li>Di\u00e1metro de la superficie de la parrilla: 39,5 cm<\/li>\n<li>\u00c1rea de la parrilla: 1225 cm\u00b2<\/li>\n<li>Material de la parrilla: acero esmaltado en porcelana<\/li>\n<\/ul>\n<p data-start=\"654\" data-end=\"689\"><span style=\"font-size: 14pt;\"><strong data-start=\"654\" data-end=\"689\">Dimensiones:<\/strong><\/span><\/p>\n<ul data-start=\"692\" data-end=\"871\">\n<li data-start=\"692\" data-end=\"710\">Ancho: 78 cm<\/li>\n<li data-start=\"713\" data-end=\"729\">Altura: 94 cm<\/li>\n<li data-start=\"732\" data-end=\"751\">Profundidad: 52 cm<\/li>\n<li data-start=\"754\" data-end=\"811\">Ancho de la parrilla con estantes laterales abatidos: 43 cm<\/li>\n<li data-start=\"814\" data-end=\"840\">Altura de trabajo: 30 cm<\/li>\n<li data-start=\"843\" data-end=\"871\">Peso del producto: 13,7 kg<\/li>\n<\/ul>\n<p data-start=\"1126\" data-end=\"1140\"><span style=\"font-size: 14pt;\"><strong data-start=\"1126\" data-end=\"1140\">Material:<\/strong><\/span><\/p>\n<ul>\n<li>Material de la c\u00e1mara del quemador: acero esmaltado en porcelana<\/li>\n<li>Material de la tapa: acero esmaltado en porcelana<\/li>\n<li>Material de la base m\u00f3vil \/ estructura de la base: pl\u00e1stico<\/li>\n<\/ul>\n<\/div>\n<\/div>\n<div class=\"pin-spacer\"><\/div>\n","protected":false},"excerpt":{"rendered":"<p>Listo para enfrentar cualquier desaf\u00edo El barbecue el\u00e9ctrico Outdoorchef Minichef 420 E es la soluci\u00f3n perfecta para quienes desean una<\/p>\n","protected":false},"featured_media":482412,"template":"","meta":{"_acf_changed":false,"inline_featured_image":false},"product_cat":[16083,16073],"product_tag":[25183,16167,22533,16138,24605,16168,25023,22518],"acf":[],"yoast_head":"<!-- This site is optimized with the Yoast SEO Premium plugin v18.6 (Yoast SEO v19.13) - https:\/\/yoast.com\/wordpress\/plugins\/seo\/ -->\n<title>Outdoorchef Minichef Barbacoa El\u00e9ctrica 420 E - Erresse Shop<\/title>\n<meta name=\"description\" content=\"Listo para enfrentar cualquier desaf\u00edo El barbecue el\u00e9ctrico Outdoorchef Minichef 420 E es la soluci\u00f3n perfecta para quienes desean una experiencia de\" \/>\n<meta name=\"robots\" content=\"index, follow, max-snippet:-1, max-image-preview:large, max-video-preview:-1\" \/>\n<link rel=\"canonical\" href=\"https:\/\/www.erresse-shop.it\/es\/shop\/pequenos-electrodomesticos\/parrillas-y-barbacoas\/outdoorchef-minichef-barbacoa-electrica-420-e\/\" \/>\n<meta property=\"og:locale\" content=\"es_ES\" \/>\n<meta property=\"og:type\" content=\"article\" \/>\n<meta property=\"og:title\" content=\"Outdoorchef Minichef Barbacoa El\u00e9ctrica 420 E\" \/>\n<meta property=\"og:description\" content=\"Listo para enfrentar cualquier desaf\u00edo El barbecue el\u00e9ctrico Outdoorchef Minichef 420 E es la soluci\u00f3n perfecta para quienes desean una experiencia de\" \/>\n<meta property=\"og:url\" content=\"https:\/\/www.erresse-shop.it\/es\/shop\/pequenos-electrodomesticos\/parrillas-y-barbacoas\/outdoorchef-minichef-barbacoa-electrica-420-e\/\" \/>\n<meta property=\"og:site_name\" content=\"Erresse Shop\" \/>\n<meta property=\"article:modified_time\" content=\"2026-02-17T09:45:42+00:00\" \/>\n<meta property=\"og:image\" content=\"https:\/\/www.erresse-shop.it\/wp-content\/uploads\/2025\/03\/Outdoorchef-Minichef-Barbecue-Elettrico-420-E.jpg\" \/>\n\t<meta property=\"og:image:width\" content=\"1200\" \/>\n\t<meta property=\"og:image:height\" content=\"1200\" \/>\n\t<meta property=\"og:image:type\" content=\"image\/jpeg\" \/>\n<meta name=\"twitter:card\" content=\"summary_large_image\" \/>\n<script type=\"application\/ld+json\" class=\"yoast-schema-graph\">{\"@context\":\"https:\/\/schema.org\",\"@graph\":[{\"@type\":\"WebPage\",\"@id\":\"https:\/\/www.erresse-shop.it\/es\/shop\/pequenos-electrodomesticos\/parrillas-y-barbacoas\/outdoorchef-minichef-barbacoa-electrica-420-e\/\",\"url\":\"https:\/\/www.erresse-shop.it\/es\/shop\/pequenos-electrodomesticos\/parrillas-y-barbacoas\/outdoorchef-minichef-barbacoa-electrica-420-e\/\",\"name\":\"Outdoorchef Minichef Barbacoa El\u00e9ctrica 420 E - Erresse Shop\",\"isPartOf\":{\"@id\":\"https:\/\/www.erresse-shop.it\/es\/#website\"},\"datePublished\":\"2025-03-21T07:49:08+00:00\",\"dateModified\":\"2026-02-17T09:45:42+00:00\",\"description\":\"Listo para enfrentar cualquier desaf\u00edo El barbecue el\u00e9ctrico Outdoorchef Minichef 420 E es la soluci\u00f3n perfecta para quienes desean una experiencia de\",\"breadcrumb\":{\"@id\":\"https:\/\/www.erresse-shop.it\/es\/shop\/pequenos-electrodomesticos\/parrillas-y-barbacoas\/outdoorchef-minichef-barbacoa-electrica-420-e\/#breadcrumb\"},\"inLanguage\":\"es\",\"potentialAction\":[{\"@type\":\"ReadAction\",\"target\":[\"https:\/\/www.erresse-shop.it\/es\/shop\/pequenos-electrodomesticos\/parrillas-y-barbacoas\/outdoorchef-minichef-barbacoa-electrica-420-e\/\"]}]},{\"@type\":\"BreadcrumbList\",\"@id\":\"https:\/\/www.erresse-shop.it\/es\/shop\/pequenos-electrodomesticos\/parrillas-y-barbacoas\/outdoorchef-minichef-barbacoa-electrica-420-e\/#breadcrumb\",\"itemListElement\":[{\"@type\":\"ListItem\",\"position\":1,\"name\":\"Home\",\"item\":\"https:\/\/www.erresse-shop.it\/es\/\"},{\"@type\":\"ListItem\",\"position\":2,\"name\":\"Shop\",\"item\":\"https:\/\/www.erresse-shop.it\/es\/shop\/\"},{\"@type\":\"ListItem\",\"position\":3,\"name\":\"Outdoorchef Minichef Barbacoa El\u00e9ctrica 420 E\"}]},{\"@type\":\"WebSite\",\"@id\":\"https:\/\/www.erresse-shop.it\/es\/#website\",\"url\":\"https:\/\/www.erresse-shop.it\/es\/\",\"name\":\"Erresse Shop\",\"description\":\"Articoli di qualit\u00e0 per la casa\",\"potentialAction\":[{\"@type\":\"SearchAction\",\"target\":{\"@type\":\"EntryPoint\",\"urlTemplate\":\"https:\/\/www.erresse-shop.it\/es\/?s={search_term_string}\"},\"query-input\":\"required name=search_term_string\"}],\"inLanguage\":\"es\"}]}<\/script>\n<!-- \/ Yoast SEO Premium plugin. -->","yoast_head_json":{"title":"Outdoorchef Minichef Barbacoa El\u00e9ctrica 420 E - Erresse Shop","description":"Listo para enfrentar cualquier desaf\u00edo El barbecue el\u00e9ctrico Outdoorchef Minichef 420 E es la soluci\u00f3n perfecta para quienes desean una experiencia de","robots":{"index":"index","follow":"follow","max-snippet":"max-snippet:-1","max-image-preview":"max-image-preview:large","max-video-preview":"max-video-preview:-1"},"canonical":"https:\/\/www.erresse-shop.it\/es\/shop\/pequenos-electrodomesticos\/parrillas-y-barbacoas\/outdoorchef-minichef-barbacoa-electrica-420-e\/","og_locale":"es_ES","og_type":"article","og_title":"Outdoorchef Minichef Barbacoa El\u00e9ctrica 420 E","og_description":"Listo para enfrentar cualquier desaf\u00edo El barbecue el\u00e9ctrico Outdoorchef Minichef 420 E es la soluci\u00f3n perfecta para quienes desean una experiencia de","og_url":"https:\/\/www.erresse-shop.it\/es\/shop\/pequenos-electrodomesticos\/parrillas-y-barbacoas\/outdoorchef-minichef-barbacoa-electrica-420-e\/","og_site_name":"Erresse Shop","article_modified_time":"2026-02-17T09:45:42+00:00","og_image":[{"width":1200,"height":1200,"url":"https:\/\/www.erresse-shop.it\/wp-content\/uploads\/2025\/03\/Outdoorchef-Minichef-Barbecue-Elettrico-420-E.jpg","type":"image\/jpeg"}],"twitter_card":"summary_large_image","schema":{"@context":"https:\/\/schema.org","@graph":[{"@type":"WebPage","@id":"https:\/\/www.erresse-shop.it\/es\/shop\/pequenos-electrodomesticos\/parrillas-y-barbacoas\/outdoorchef-minichef-barbacoa-electrica-420-e\/","url":"https:\/\/www.erresse-shop.it\/es\/shop\/pequenos-electrodomesticos\/parrillas-y-barbacoas\/outdoorchef-minichef-barbacoa-electrica-420-e\/","name":"Outdoorchef Minichef Barbacoa El\u00e9ctrica 420 E - Erresse Shop","isPartOf":{"@id":"https:\/\/www.erresse-shop.it\/es\/#website"},"datePublished":"2025-03-21T07:49:08+00:00","dateModified":"2026-02-17T09:45:42+00:00","description":"Listo para enfrentar cualquier desaf\u00edo El barbecue el\u00e9ctrico Outdoorchef Minichef 420 E es la soluci\u00f3n perfecta para quienes desean una experiencia de","breadcrumb":{"@id":"https:\/\/www.erresse-shop.it\/es\/shop\/pequenos-electrodomesticos\/parrillas-y-barbacoas\/outdoorchef-minichef-barbacoa-electrica-420-e\/#breadcrumb"},"inLanguage":"es","potentialAction":[{"@type":"ReadAction","target":["https:\/\/www.erresse-shop.it\/es\/shop\/pequenos-electrodomesticos\/parrillas-y-barbacoas\/outdoorchef-minichef-barbacoa-electrica-420-e\/"]}]},{"@type":"BreadcrumbList","@id":"https:\/\/www.erresse-shop.it\/es\/shop\/pequenos-electrodomesticos\/parrillas-y-barbacoas\/outdoorchef-minichef-barbacoa-electrica-420-e\/#breadcrumb","itemListElement":[{"@type":"ListItem","position":1,"name":"Home","item":"https:\/\/www.erresse-shop.it\/es\/"},{"@type":"ListItem","position":2,"name":"Shop","item":"https:\/\/www.erresse-shop.it\/es\/shop\/"},{"@type":"ListItem","position":3,"name":"Outdoorchef Minichef Barbacoa El\u00e9ctrica 420 E"}]},{"@type":"WebSite","@id":"https:\/\/www.erresse-shop.it\/es\/#website","url":"https:\/\/www.erresse-shop.it\/es\/","name":"Erresse Shop","description":"Articoli di qualit\u00e0 per la casa","potentialAction":[{"@type":"SearchAction","target":{"@type":"EntryPoint","urlTemplate":"https:\/\/www.erresse-shop.it\/es\/?s={search_term_string}"},"query-input":"required name=search_term_string"}],"inLanguage":"es"}]}},"df_price":259.35,"df_sale_price":259.35,"df_regular_price":399,"df_image_link":"https:\/\/www.erresse-shop.it\/wp-content\/uploads\/2025\/03\/Outdoorchef-Minichef-Barbecue-Elettrico-420-E-300x300.jpg","_links":{"self":[{"href":"https:\/\/www.erresse-shop.it\/es\/wp-json\/wp\/v2\/product\/482396"}],"collection":[{"href":"https:\/\/www.erresse-shop.it\/es\/wp-json\/wp\/v2\/product"}],"about":[{"href":"https:\/\/www.erresse-shop.it\/es\/wp-json\/wp\/v2\/types\/product"}],"wp:featuredmedia":[{"embeddable":true,"href":"https:\/\/www.erresse-shop.it\/es\/wp-json\/wp\/v2\/media\/482412"}],"wp:attachment":[{"href":"https:\/\/www.erresse-shop.it\/es\/wp-json\/wp\/v2\/media?parent=482396"}],"wp:term":[{"taxonomy":"product_cat","embeddable":true,"href":"https:\/\/www.erresse-shop.it\/es\/wp-json\/wp\/v2\/product_cat?post=482396"},{"taxonomy":"product_tag","embeddable":true,"href":"https:\/\/www.erresse-shop.it\/es\/wp-json\/wp\/v2\/product_tag?post=482396"}],"curies":[{"name":"wp","href":"https:\/\/api.w.org\/{rel}","templated":true}]}}