{"id":482208,"date":"2025-03-20T14:32:51","date_gmt":"2025-03-20T14:32:54","guid":{"rendered":"https:\/\/www.erresse-shop.it\/?post_type=product&#038;p=482208"},"modified":"2026-02-17T10:09:58","modified_gmt":"2026-02-17T10:09:58","slug":"zwilling-set-de-accesorios-de-plastico-fresh-save-5-piezas-grises","status":"publish","type":"product","link":"https:\/\/www.erresse-shop.it\/es\/shop\/cocina\/vacio\/zwilling-set-de-accesorios-de-plastico-fresh-save-5-piezas-grises\/","title":{"rendered":"ZWILLING Set de accesorios de pl\u00e1stico Fresh &#038; Save 5 piezas grises"},"content":{"rendered":"<p>ZWILLING FRESCO Y CUENCOS AHORRADORES: El revolucionario sistema de vac\u00edo no s\u00f3lo te brinda m\u00e1s frescura. Tambi\u00e9n simplifica tu vida diaria en la cocina, gracias a las numerosas soluciones que evitan el desorden durante la preparaci\u00f3n de las comidas.<\/p>\n<p>Nuestro pr\u00e1ctico juego de accesorios contiene: Una protecci\u00f3n contra salpicaduras adaptable, adecuada para los cuencos BOWLS y STAUB CERAMIQUE de 18 y 24 cm (sin asas). Este accesorio permite mezclar y licuar ingredientes sin ensuciar y al mismo tiempo act\u00faa como soporte para utilizar accesorios con recipientes grandes.<\/p>\n<p>Tres accesorios intercambiables: perfectos para rallar, rebanar, rallar, pelar y picar, se adaptan a todos los recipientes de 12 cm y se pueden insertar en la protecci\u00f3n contra salpicaduras para usar con recipientes m\u00e1s grandes. De esta manera podr\u00e1s rallar directamente en los cuencos.<\/p>\n<p>Esterilla de silicona antideslizante para hornear, para un agarre estable al mezclar y rallar, como sustituto sostenible del papel de hornear y como pr\u00e1ctica ayuda para amasar. F\u00e1cil de lavar en el lavavajillas.<\/p>\n<ul>\n<li>Set de accesorios para ZWILLING FRESH &amp; CUENCOS SAVE con protecci\u00f3n contra salpicaduras, 3 accesorios para rallar y tapete de silicona antideslizante, aptos para horno<\/li>\n<li>Protector antisalpicaduras apto para cuencos BOWLS y STAUB CERAMIQUE (sin asas) de 18 y 24 cm<\/li>\n<\/ul>\n<p>3 accesorios para rallado grueso, fino y en rodajas<br \/>\nRallador con dise\u00f1o ZWILLING Z-Cut y tecnolog\u00eda de corte bidireccional<\/p>\n<ul>\n<li>Los ralladores se pueden insertar en la protecci\u00f3n contra salpicaduras y tambi\u00e9n se pueden utilizar en recipientes de 18 y 24 cm<\/li>\n<li>Alfombrilla de silicona antideslizante para un agarre estable al mezclar y rallar<\/li>\n<li>Tapete de silicona vers\u00e1til: permite extender y cortar, y sustituye al papel de horno (apta para horno hasta 240 \u00b0C)<\/li>\n<\/ul>\n<p>Detalles del producto:<\/p>\n<ul>\n<li class=\"attribute\"><span class=\"label\">Resistencia al calor:<\/span><span class=\"value\">240 \u00baC<\/span><\/li>\n<li class=\"attribute\"><span class=\"label\">Resistencia al fr\u00edo:<\/span><span class=\"value\">0 \u00baC<\/span><\/li>\n<li class=\"attribute\"><span class=\"label\">Material:<\/span><span class=\"value\">pl\u00e1stico<\/span><\/li>\n<li class=\"attribute\"><span class=\"label\">Cobertura existente:<\/span><span class=\"value\">no<\/span><\/li>\n<li class=\"attribute\"><span class=\"label\">Apto para lavavajillas:<\/span><span class=\"value\">S\u00ed<\/span><\/li>\n<li class=\"attribute\"><span class=\"label\">N\u00famero de piezas:<\/span><span class=\"value\">5<\/span><\/li>\n<\/ul>\n<p>&nbsp;<\/p>\n","protected":false},"excerpt":{"rendered":"<p>ZWILLING FRESCO Y CUENCOS AHORRADORES: El revolucionario sistema de vac\u00edo no s\u00f3lo te brinda m\u00e1s frescura. Tambi\u00e9n simplifica tu vida<\/p>\n","protected":false},"featured_media":482246,"template":"","meta":{"_acf_changed":false,"inline_featured_image":false},"product_cat":[16040,26044],"product_tag":[],"acf":[],"yoast_head":"<!-- This site is optimized with the Yoast SEO Premium plugin v18.6 (Yoast SEO v19.13) - https:\/\/yoast.com\/wordpress\/plugins\/seo\/ -->\n<title>ZWILLING Set de accesorios de pl\u00e1stico Fresh &amp; Save 5 piezas grises - Erresse Shop<\/title>\n<meta name=\"description\" content=\"ZWILLING FRESCO Y CUENCOS AHORRADORES: El revolucionario sistema de vac\u00edo no s\u00f3lo te brinda m\u00e1s frescura. Tambi\u00e9n simplifica tu vida diaria en la cocina,\" \/>\n<meta name=\"robots\" content=\"index, follow, max-snippet:-1, max-image-preview:large, max-video-preview:-1\" \/>\n<link rel=\"canonical\" href=\"https:\/\/www.erresse-shop.it\/es\/shop\/cocina\/vacio\/zwilling-set-de-accesorios-de-plastico-fresh-save-5-piezas-grises\/\" \/>\n<meta property=\"og:locale\" content=\"es_ES\" \/>\n<meta property=\"og:type\" content=\"article\" \/>\n<meta property=\"og:title\" content=\"ZWILLING Set de accesorios de pl\u00e1stico Fresh &amp; Save 5 piezas grises\" \/>\n<meta property=\"og:description\" content=\"ZWILLING FRESCO Y CUENCOS AHORRADORES: El revolucionario sistema de vac\u00edo no s\u00f3lo te brinda m\u00e1s frescura. Tambi\u00e9n simplifica tu vida diaria en la cocina,\" \/>\n<meta property=\"og:url\" content=\"https:\/\/www.erresse-shop.it\/es\/shop\/cocina\/vacio\/zwilling-set-de-accesorios-de-plastico-fresh-save-5-piezas-grises\/\" \/>\n<meta property=\"og:site_name\" content=\"Erresse Shop\" \/>\n<meta property=\"article:modified_time\" content=\"2026-02-17T10:09:58+00:00\" \/>\n<meta property=\"og:image\" content=\"https:\/\/www.erresse-shop.it\/wp-content\/uploads\/2025\/03\/ZWILLING-Set-Accessori-Fresh-Save-in-Plastica-5-Pezzi-Grigio.jpg\" \/>\n\t<meta property=\"og:image:width\" content=\"1200\" \/>\n\t<meta property=\"og:image:height\" content=\"1200\" \/>\n\t<meta property=\"og:image:type\" content=\"image\/jpeg\" \/>\n<meta name=\"twitter:card\" content=\"summary_large_image\" \/>\n<script type=\"application\/ld+json\" class=\"yoast-schema-graph\">{\"@context\":\"https:\/\/schema.org\",\"@graph\":[{\"@type\":\"WebPage\",\"@id\":\"https:\/\/www.erresse-shop.it\/es\/shop\/cocina\/vacio\/zwilling-set-de-accesorios-de-plastico-fresh-save-5-piezas-grises\/\",\"url\":\"https:\/\/www.erresse-shop.it\/es\/shop\/cocina\/vacio\/zwilling-set-de-accesorios-de-plastico-fresh-save-5-piezas-grises\/\",\"name\":\"ZWILLING Set de accesorios de pl\u00e1stico Fresh & Save 5 piezas grises - Erresse Shop\",\"isPartOf\":{\"@id\":\"https:\/\/www.erresse-shop.it\/es\/#website\"},\"datePublished\":\"2025-03-20T14:32:54+00:00\",\"dateModified\":\"2026-02-17T10:09:58+00:00\",\"description\":\"ZWILLING FRESCO Y CUENCOS AHORRADORES: El revolucionario sistema de vac\u00edo no s\u00f3lo te brinda m\u00e1s frescura. Tambi\u00e9n simplifica tu vida diaria en la cocina,\",\"breadcrumb\":{\"@id\":\"https:\/\/www.erresse-shop.it\/es\/shop\/cocina\/vacio\/zwilling-set-de-accesorios-de-plastico-fresh-save-5-piezas-grises\/#breadcrumb\"},\"inLanguage\":\"es\",\"potentialAction\":[{\"@type\":\"ReadAction\",\"target\":[\"https:\/\/www.erresse-shop.it\/es\/shop\/cocina\/vacio\/zwilling-set-de-accesorios-de-plastico-fresh-save-5-piezas-grises\/\"]}]},{\"@type\":\"BreadcrumbList\",\"@id\":\"https:\/\/www.erresse-shop.it\/es\/shop\/cocina\/vacio\/zwilling-set-de-accesorios-de-plastico-fresh-save-5-piezas-grises\/#breadcrumb\",\"itemListElement\":[{\"@type\":\"ListItem\",\"position\":1,\"name\":\"Home\",\"item\":\"https:\/\/www.erresse-shop.it\/es\/\"},{\"@type\":\"ListItem\",\"position\":2,\"name\":\"Shop\",\"item\":\"https:\/\/www.erresse-shop.it\/es\/shop\/\"},{\"@type\":\"ListItem\",\"position\":3,\"name\":\"ZWILLING Set de accesorios de pl\u00e1stico Fresh &#038; Save 5 piezas grises\"}]},{\"@type\":\"WebSite\",\"@id\":\"https:\/\/www.erresse-shop.it\/es\/#website\",\"url\":\"https:\/\/www.erresse-shop.it\/es\/\",\"name\":\"Erresse Shop\",\"description\":\"Articoli di qualit\u00e0 per la casa\",\"potentialAction\":[{\"@type\":\"SearchAction\",\"target\":{\"@type\":\"EntryPoint\",\"urlTemplate\":\"https:\/\/www.erresse-shop.it\/es\/?s={search_term_string}\"},\"query-input\":\"required name=search_term_string\"}],\"inLanguage\":\"es\"}]}<\/script>\n<!-- \/ Yoast SEO Premium plugin. -->","yoast_head_json":{"title":"ZWILLING Set de accesorios de pl\u00e1stico Fresh & Save 5 piezas grises - Erresse Shop","description":"ZWILLING FRESCO Y CUENCOS AHORRADORES: El revolucionario sistema de vac\u00edo no s\u00f3lo te brinda m\u00e1s frescura. Tambi\u00e9n simplifica tu vida diaria en la cocina,","robots":{"index":"index","follow":"follow","max-snippet":"max-snippet:-1","max-image-preview":"max-image-preview:large","max-video-preview":"max-video-preview:-1"},"canonical":"https:\/\/www.erresse-shop.it\/es\/shop\/cocina\/vacio\/zwilling-set-de-accesorios-de-plastico-fresh-save-5-piezas-grises\/","og_locale":"es_ES","og_type":"article","og_title":"ZWILLING Set de accesorios de pl\u00e1stico Fresh & Save 5 piezas grises","og_description":"ZWILLING FRESCO Y CUENCOS AHORRADORES: El revolucionario sistema de vac\u00edo no s\u00f3lo te brinda m\u00e1s frescura. Tambi\u00e9n simplifica tu vida diaria en la cocina,","og_url":"https:\/\/www.erresse-shop.it\/es\/shop\/cocina\/vacio\/zwilling-set-de-accesorios-de-plastico-fresh-save-5-piezas-grises\/","og_site_name":"Erresse Shop","article_modified_time":"2026-02-17T10:09:58+00:00","og_image":[{"width":1200,"height":1200,"url":"https:\/\/www.erresse-shop.it\/wp-content\/uploads\/2025\/03\/ZWILLING-Set-Accessori-Fresh-Save-in-Plastica-5-Pezzi-Grigio.jpg","type":"image\/jpeg"}],"twitter_card":"summary_large_image","schema":{"@context":"https:\/\/schema.org","@graph":[{"@type":"WebPage","@id":"https:\/\/www.erresse-shop.it\/es\/shop\/cocina\/vacio\/zwilling-set-de-accesorios-de-plastico-fresh-save-5-piezas-grises\/","url":"https:\/\/www.erresse-shop.it\/es\/shop\/cocina\/vacio\/zwilling-set-de-accesorios-de-plastico-fresh-save-5-piezas-grises\/","name":"ZWILLING Set de accesorios de pl\u00e1stico Fresh & Save 5 piezas grises - Erresse Shop","isPartOf":{"@id":"https:\/\/www.erresse-shop.it\/es\/#website"},"datePublished":"2025-03-20T14:32:54+00:00","dateModified":"2026-02-17T10:09:58+00:00","description":"ZWILLING FRESCO Y CUENCOS AHORRADORES: El revolucionario sistema de vac\u00edo no s\u00f3lo te brinda m\u00e1s frescura. Tambi\u00e9n simplifica tu vida diaria en la cocina,","breadcrumb":{"@id":"https:\/\/www.erresse-shop.it\/es\/shop\/cocina\/vacio\/zwilling-set-de-accesorios-de-plastico-fresh-save-5-piezas-grises\/#breadcrumb"},"inLanguage":"es","potentialAction":[{"@type":"ReadAction","target":["https:\/\/www.erresse-shop.it\/es\/shop\/cocina\/vacio\/zwilling-set-de-accesorios-de-plastico-fresh-save-5-piezas-grises\/"]}]},{"@type":"BreadcrumbList","@id":"https:\/\/www.erresse-shop.it\/es\/shop\/cocina\/vacio\/zwilling-set-de-accesorios-de-plastico-fresh-save-5-piezas-grises\/#breadcrumb","itemListElement":[{"@type":"ListItem","position":1,"name":"Home","item":"https:\/\/www.erresse-shop.it\/es\/"},{"@type":"ListItem","position":2,"name":"Shop","item":"https:\/\/www.erresse-shop.it\/es\/shop\/"},{"@type":"ListItem","position":3,"name":"ZWILLING Set de accesorios de pl\u00e1stico Fresh &#038; Save 5 piezas grises"}]},{"@type":"WebSite","@id":"https:\/\/www.erresse-shop.it\/es\/#website","url":"https:\/\/www.erresse-shop.it\/es\/","name":"Erresse Shop","description":"Articoli di qualit\u00e0 per la casa","potentialAction":[{"@type":"SearchAction","target":{"@type":"EntryPoint","urlTemplate":"https:\/\/www.erresse-shop.it\/es\/?s={search_term_string}"},"query-input":"required name=search_term_string"}],"inLanguage":"es"}]}},"df_price":28.95,"df_sale_price":28.95,"df_regular_price":39.95,"df_image_link":"https:\/\/www.erresse-shop.it\/wp-content\/uploads\/2025\/03\/ZWILLING-Set-Accessori-Fresh-Save-in-Plastica-5-Pezzi-Grigio-300x300.jpg","_links":{"self":[{"href":"https:\/\/www.erresse-shop.it\/es\/wp-json\/wp\/v2\/product\/482208"}],"collection":[{"href":"https:\/\/www.erresse-shop.it\/es\/wp-json\/wp\/v2\/product"}],"about":[{"href":"https:\/\/www.erresse-shop.it\/es\/wp-json\/wp\/v2\/types\/product"}],"wp:featuredmedia":[{"embeddable":true,"href":"https:\/\/www.erresse-shop.it\/es\/wp-json\/wp\/v2\/media\/482246"}],"wp:attachment":[{"href":"https:\/\/www.erresse-shop.it\/es\/wp-json\/wp\/v2\/media?parent=482208"}],"wp:term":[{"taxonomy":"product_cat","embeddable":true,"href":"https:\/\/www.erresse-shop.it\/es\/wp-json\/wp\/v2\/product_cat?post=482208"},{"taxonomy":"product_tag","embeddable":true,"href":"https:\/\/www.erresse-shop.it\/es\/wp-json\/wp\/v2\/product_tag?post=482208"}],"curies":[{"name":"wp","href":"https:\/\/api.w.org\/{rel}","templated":true}]}}