{"id":482174,"date":"2025-03-20T14:20:06","date_gmt":"2025-03-20T14:20:08","guid":{"rendered":"https:\/\/www.erresse-shop.it\/?post_type=product&#038;p=482174"},"modified":"2026-02-17T10:12:54","modified_gmt":"2026-02-17T10:12:54","slug":"zwilling-kit-de-inicio-de-vacio-fresh-save-en-acero-9-piezas","status":"publish","type":"product","link":"https:\/\/www.erresse-shop.it\/es\/shop\/cocina\/vacio\/zwilling-kit-de-inicio-de-vacio-fresh-save-en-acero-9-piezas\/","title":{"rendered":"ZWILLING Kit de inicio de vac\u00edo Fresh &#038; Save en acero 9 piezas"},"content":{"rendered":"<p>El futuro de la frescura comienza con ZWILLING FRESH &amp; SAVE BOWLS, el sistema de vac\u00edo que ofrece m\u00e1xima versatilidad. Con dos cuencos de acero inoxidable de alta calidad, irrompibles, higi\u00e9nicos y aptos para lavavajillas, podr\u00e1s preparar, servir y almacenar tus platos favoritos sin tener que transferirlos a otro recipiente. Disponibles en dos tama\u00f1os, los tazones son perfectos para todo tipo de ensaladas hasta guarniciones y granola. \u00bfY qu\u00e9 pasa con las sobras? \u00a1No hay problema, solo ponle la tapa! Cierre los recipientes de acero inoxidable con las tapas de vac\u00edo y extraiga el aire con la bomba incluida. En tan solo unos segundos, la comida se envasa al vac\u00edo y se mantiene fresca hasta cinco veces m\u00e1s tiempo*. Para una mayor frescura, ahora tambi\u00e9n puedes sellar al vac\u00edo los cuencos STAUB: las tapas son compatibles con todos los cuencos STAUB CERAMIQUE (sin asas) de 18 y 24 cm.<\/p>\n<p>*En comparaci\u00f3n con los m\u00e9todos de almacenamiento convencionales sin vac\u00edo<\/p>\n<ul>\n<li>Vers\u00e1til para preparar, servir y almacenar tus platos<\/li>\n<li>Los alimentos envasados \u200b\u200bal vac\u00edo se mantienen frescos hasta 5 veces m\u00e1s tiempo*<\/li>\n<li>Tapas al vac\u00edo con innovadora tecnolog\u00eda de doble sellado<\/li>\n<li>Todos los recipientes son irrompibles, aptos para lavavajillas y congelador.<\/li>\n<li>Tapas compatibles con todos los recipientes ZWILLING FRESH &amp; CUENCOS GUARDADOS y cuencos STAUB CERAMIQUE (sin asas) de los tama\u00f1os correspondientes<\/li>\n<li>El set contiene: 2 cuencos de acero inoxidable FRESH &amp; CUENCOS AHORRADORES incl. Tapas de vac\u00edo (M\/L), 2 bolsas de vac\u00edo de cada tama\u00f1o S+M (incl. deslizador de cierre y barrera para l\u00edquidos) y una bomba de vac\u00edo<\/li>\n<li>Todo FRESCO y SAVE son compatibles<\/li>\n<\/ul>\n<p><b>Caracter\u00edsticas:<\/b><\/p>\n<ul>\n<li class=\"attribute\"><span class=\"label\">Resistencia al calor:<\/span><span class=\"value\">90 \u00baC<\/span><\/li>\n<li class=\"attribute\"><span class=\"label\">Resistencia al fr\u00edo:<\/span><span class=\"value\">-10 \u00baC<\/span><\/li>\n<li class=\"attribute\"><span class=\"label\">Material:<\/span><span class=\"value\">acero inoxidable<\/span><\/li>\n<li class=\"attribute\"><span class=\"label\">Tapa existente:<\/span><span class=\"value\">s\u00ed<\/span><\/li>\n<li class=\"attribute\"><span class=\"label\">Apto para congelador:<\/span><span class=\"value\">S\u00ed<\/span><\/li>\n<li class=\"attribute\"><span class=\"label\">N\u00famero de piezas:<\/span><span class=\"value\">9<\/span><\/li>\n<li class=\"attribute\"><span class=\"label\">Voltaje:<\/span><span class=\"value\">110-240 V<\/span><\/li>\n<li class=\"attribute\"><span class=\"label\">(Accesorios) suministrados con el aparato:<\/span><span class=\"value\">Adaptador, cable de carga USB<\/span><\/li>\n<\/ul>\n<p>&nbsp;<\/p>\n","protected":false},"excerpt":{"rendered":"<p>El futuro de la frescura comienza con ZWILLING FRESH &amp; SAVE BOWLS, el sistema de vac\u00edo que ofrece m\u00e1xima versatilidad.<\/p>\n","protected":false},"featured_media":482200,"template":"","meta":{"_acf_changed":false,"inline_featured_image":false},"product_cat":[16040,26044],"product_tag":[],"acf":[],"yoast_head":"<!-- This site is optimized with the Yoast SEO Premium plugin v18.6 (Yoast SEO v19.13) - https:\/\/yoast.com\/wordpress\/plugins\/seo\/ -->\n<title>ZWILLING Kit de inicio de vac\u00edo Fresh &amp; Save en acero 9 piezas - Erresse Shop<\/title>\n<meta name=\"description\" content=\"El futuro de la frescura comienza con ZWILLING FRESH &amp; SAVE BOWLS, el sistema de vac\u00edo que ofrece m\u00e1xima versatilidad. Con dos cuencos de acero\" \/>\n<meta name=\"robots\" content=\"index, follow, max-snippet:-1, max-image-preview:large, max-video-preview:-1\" \/>\n<link rel=\"canonical\" href=\"https:\/\/www.erresse-shop.it\/es\/shop\/cocina\/vacio\/zwilling-kit-de-inicio-de-vacio-fresh-save-en-acero-9-piezas\/\" \/>\n<meta property=\"og:locale\" content=\"es_ES\" \/>\n<meta property=\"og:type\" content=\"article\" \/>\n<meta property=\"og:title\" content=\"ZWILLING Kit de inicio de vac\u00edo Fresh &amp; Save en acero 9 piezas\" \/>\n<meta property=\"og:description\" content=\"El futuro de la frescura comienza con ZWILLING FRESH &amp; SAVE BOWLS, el sistema de vac\u00edo que ofrece m\u00e1xima versatilidad. Con dos cuencos de acero\" \/>\n<meta property=\"og:url\" content=\"https:\/\/www.erresse-shop.it\/es\/shop\/cocina\/vacio\/zwilling-kit-de-inicio-de-vacio-fresh-save-en-acero-9-piezas\/\" \/>\n<meta property=\"og:site_name\" content=\"Erresse Shop\" \/>\n<meta property=\"article:modified_time\" content=\"2026-02-17T10:12:54+00:00\" \/>\n<meta property=\"og:image\" content=\"https:\/\/www.erresse-shop.it\/wp-content\/uploads\/2025\/03\/ZWILLING-Set-Starter-Sottovuoto-Fresh-Save-in-Acciaio-9-Pezzi.jpg\" \/>\n\t<meta property=\"og:image:width\" content=\"1200\" \/>\n\t<meta property=\"og:image:height\" content=\"1200\" \/>\n\t<meta property=\"og:image:type\" content=\"image\/jpeg\" \/>\n<meta name=\"twitter:card\" content=\"summary_large_image\" \/>\n<script type=\"application\/ld+json\" class=\"yoast-schema-graph\">{\"@context\":\"https:\/\/schema.org\",\"@graph\":[{\"@type\":\"WebPage\",\"@id\":\"https:\/\/www.erresse-shop.it\/es\/shop\/cocina\/vacio\/zwilling-kit-de-inicio-de-vacio-fresh-save-en-acero-9-piezas\/\",\"url\":\"https:\/\/www.erresse-shop.it\/es\/shop\/cocina\/vacio\/zwilling-kit-de-inicio-de-vacio-fresh-save-en-acero-9-piezas\/\",\"name\":\"ZWILLING Kit de inicio de vac\u00edo Fresh & Save en acero 9 piezas - Erresse Shop\",\"isPartOf\":{\"@id\":\"https:\/\/www.erresse-shop.it\/es\/#website\"},\"datePublished\":\"2025-03-20T14:20:08+00:00\",\"dateModified\":\"2026-02-17T10:12:54+00:00\",\"description\":\"El futuro de la frescura comienza con ZWILLING FRESH &amp; SAVE BOWLS, el sistema de vac\u00edo que ofrece m\u00e1xima versatilidad. Con dos cuencos de acero\",\"breadcrumb\":{\"@id\":\"https:\/\/www.erresse-shop.it\/es\/shop\/cocina\/vacio\/zwilling-kit-de-inicio-de-vacio-fresh-save-en-acero-9-piezas\/#breadcrumb\"},\"inLanguage\":\"es\",\"potentialAction\":[{\"@type\":\"ReadAction\",\"target\":[\"https:\/\/www.erresse-shop.it\/es\/shop\/cocina\/vacio\/zwilling-kit-de-inicio-de-vacio-fresh-save-en-acero-9-piezas\/\"]}]},{\"@type\":\"BreadcrumbList\",\"@id\":\"https:\/\/www.erresse-shop.it\/es\/shop\/cocina\/vacio\/zwilling-kit-de-inicio-de-vacio-fresh-save-en-acero-9-piezas\/#breadcrumb\",\"itemListElement\":[{\"@type\":\"ListItem\",\"position\":1,\"name\":\"Home\",\"item\":\"https:\/\/www.erresse-shop.it\/es\/\"},{\"@type\":\"ListItem\",\"position\":2,\"name\":\"Shop\",\"item\":\"https:\/\/www.erresse-shop.it\/es\/shop\/\"},{\"@type\":\"ListItem\",\"position\":3,\"name\":\"ZWILLING Kit de inicio de vac\u00edo Fresh &#038; Save en acero 9 piezas\"}]},{\"@type\":\"WebSite\",\"@id\":\"https:\/\/www.erresse-shop.it\/es\/#website\",\"url\":\"https:\/\/www.erresse-shop.it\/es\/\",\"name\":\"Erresse Shop\",\"description\":\"Articoli di qualit\u00e0 per la casa\",\"potentialAction\":[{\"@type\":\"SearchAction\",\"target\":{\"@type\":\"EntryPoint\",\"urlTemplate\":\"https:\/\/www.erresse-shop.it\/es\/?s={search_term_string}\"},\"query-input\":\"required name=search_term_string\"}],\"inLanguage\":\"es\"}]}<\/script>\n<!-- \/ Yoast SEO Premium plugin. -->","yoast_head_json":{"title":"ZWILLING Kit de inicio de vac\u00edo Fresh & Save en acero 9 piezas - Erresse Shop","description":"El futuro de la frescura comienza con ZWILLING FRESH &amp; SAVE BOWLS, el sistema de vac\u00edo que ofrece m\u00e1xima versatilidad. Con dos cuencos de acero","robots":{"index":"index","follow":"follow","max-snippet":"max-snippet:-1","max-image-preview":"max-image-preview:large","max-video-preview":"max-video-preview:-1"},"canonical":"https:\/\/www.erresse-shop.it\/es\/shop\/cocina\/vacio\/zwilling-kit-de-inicio-de-vacio-fresh-save-en-acero-9-piezas\/","og_locale":"es_ES","og_type":"article","og_title":"ZWILLING Kit de inicio de vac\u00edo Fresh & Save en acero 9 piezas","og_description":"El futuro de la frescura comienza con ZWILLING FRESH &amp; SAVE BOWLS, el sistema de vac\u00edo que ofrece m\u00e1xima versatilidad. Con dos cuencos de acero","og_url":"https:\/\/www.erresse-shop.it\/es\/shop\/cocina\/vacio\/zwilling-kit-de-inicio-de-vacio-fresh-save-en-acero-9-piezas\/","og_site_name":"Erresse Shop","article_modified_time":"2026-02-17T10:12:54+00:00","og_image":[{"width":1200,"height":1200,"url":"https:\/\/www.erresse-shop.it\/wp-content\/uploads\/2025\/03\/ZWILLING-Set-Starter-Sottovuoto-Fresh-Save-in-Acciaio-9-Pezzi.jpg","type":"image\/jpeg"}],"twitter_card":"summary_large_image","schema":{"@context":"https:\/\/schema.org","@graph":[{"@type":"WebPage","@id":"https:\/\/www.erresse-shop.it\/es\/shop\/cocina\/vacio\/zwilling-kit-de-inicio-de-vacio-fresh-save-en-acero-9-piezas\/","url":"https:\/\/www.erresse-shop.it\/es\/shop\/cocina\/vacio\/zwilling-kit-de-inicio-de-vacio-fresh-save-en-acero-9-piezas\/","name":"ZWILLING Kit de inicio de vac\u00edo Fresh & Save en acero 9 piezas - Erresse Shop","isPartOf":{"@id":"https:\/\/www.erresse-shop.it\/es\/#website"},"datePublished":"2025-03-20T14:20:08+00:00","dateModified":"2026-02-17T10:12:54+00:00","description":"El futuro de la frescura comienza con ZWILLING FRESH &amp; SAVE BOWLS, el sistema de vac\u00edo que ofrece m\u00e1xima versatilidad. Con dos cuencos de acero","breadcrumb":{"@id":"https:\/\/www.erresse-shop.it\/es\/shop\/cocina\/vacio\/zwilling-kit-de-inicio-de-vacio-fresh-save-en-acero-9-piezas\/#breadcrumb"},"inLanguage":"es","potentialAction":[{"@type":"ReadAction","target":["https:\/\/www.erresse-shop.it\/es\/shop\/cocina\/vacio\/zwilling-kit-de-inicio-de-vacio-fresh-save-en-acero-9-piezas\/"]}]},{"@type":"BreadcrumbList","@id":"https:\/\/www.erresse-shop.it\/es\/shop\/cocina\/vacio\/zwilling-kit-de-inicio-de-vacio-fresh-save-en-acero-9-piezas\/#breadcrumb","itemListElement":[{"@type":"ListItem","position":1,"name":"Home","item":"https:\/\/www.erresse-shop.it\/es\/"},{"@type":"ListItem","position":2,"name":"Shop","item":"https:\/\/www.erresse-shop.it\/es\/shop\/"},{"@type":"ListItem","position":3,"name":"ZWILLING Kit de inicio de vac\u00edo Fresh &#038; Save en acero 9 piezas"}]},{"@type":"WebSite","@id":"https:\/\/www.erresse-shop.it\/es\/#website","url":"https:\/\/www.erresse-shop.it\/es\/","name":"Erresse Shop","description":"Articoli di qualit\u00e0 per la casa","potentialAction":[{"@type":"SearchAction","target":{"@type":"EntryPoint","urlTemplate":"https:\/\/www.erresse-shop.it\/es\/?s={search_term_string}"},"query-input":"required name=search_term_string"}],"inLanguage":"es"}]}},"df_price":55,"df_sale_price":55,"df_regular_price":99.95,"df_image_link":"https:\/\/www.erresse-shop.it\/wp-content\/uploads\/2025\/03\/ZWILLING-Set-Starter-Sottovuoto-Fresh-Save-in-Acciaio-9-Pezzi-300x300.jpg","_links":{"self":[{"href":"https:\/\/www.erresse-shop.it\/es\/wp-json\/wp\/v2\/product\/482174"}],"collection":[{"href":"https:\/\/www.erresse-shop.it\/es\/wp-json\/wp\/v2\/product"}],"about":[{"href":"https:\/\/www.erresse-shop.it\/es\/wp-json\/wp\/v2\/types\/product"}],"wp:featuredmedia":[{"embeddable":true,"href":"https:\/\/www.erresse-shop.it\/es\/wp-json\/wp\/v2\/media\/482200"}],"wp:attachment":[{"href":"https:\/\/www.erresse-shop.it\/es\/wp-json\/wp\/v2\/media?parent=482174"}],"wp:term":[{"taxonomy":"product_cat","embeddable":true,"href":"https:\/\/www.erresse-shop.it\/es\/wp-json\/wp\/v2\/product_cat?post=482174"},{"taxonomy":"product_tag","embeddable":true,"href":"https:\/\/www.erresse-shop.it\/es\/wp-json\/wp\/v2\/product_tag?post=482174"}],"curies":[{"name":"wp","href":"https:\/\/api.w.org\/{rel}","templated":true}]}}