{"id":481973,"date":"2025-03-20T11:46:33","date_gmt":"2025-03-20T11:46:38","guid":{"rendered":"https:\/\/www.erresse-shop.it\/?post_type=product&#038;p=481973"},"modified":"2025-03-25T08:54:08","modified_gmt":"2025-03-25T08:54:08","slug":"zwilling-madura-plus-sarten-antiadherente-24-cm-aluminio-copia","status":"publish","type":"product","link":"https:\/\/www.erresse-shop.it\/es\/shop\/sartenes-y-ollas\/sartenes\/zwilling-madura-plus-sarten-antiadherente-24-cm-aluminio-copia\/","title":{"rendered":"ZWILLING Madura Plus Sart\u00e9n con revestimiento cer\u00e1mico antiadherente 28 cm Aluminio"},"content":{"rendered":"<p>Descubre una nueva forma de cocinar con la sart\u00e9n ZWILLING Madura Plus de 28 cm. El nuevo revestimiento antiadherente de \u00faltima generaci\u00f3n <strong>CERAFORCE TITANIUM<\/strong>, fabricado sin PFAS y con un tratamiento de endurecimiento de titanio extremadamente robusto, ofrece el m\u00e1ximo rendimiento. Adem\u00e1s, la s\u00f3lida base de aluminio garantiza una r\u00e1pida difusi\u00f3n del calor, garantizando una cocci\u00f3n uniforme de los alimentos en toda la sart\u00e9n. El mango de acero inoxidable con tecnolog\u00eda Stay Cool est\u00e1 dise\u00f1ado para retardar el sobrecalentamiento, lo que te proporciona un agarre seguro. Todo esto convierte a la sart\u00e9n ZWILLING Madura Plus en una compa\u00f1era invaluable para tus aventuras culinarias.<\/p>\n<p>*Hasta 5 veces m\u00e1s resistente que nuestros revestimientos cer\u00e1micos anteriores (seg\u00fan el protocolo interno de pruebas antiadherentes n.\u00ba 11\/2023 BALLARINI).<\/p>\n<ul>\n<li>Revestimiento antiadherente<strong> CERAFORCE TITANIUM<\/strong> de \u00faltima generaci\u00f3n y alta calidad<\/li>\n<li>Revestimiento fabricado sin PFAS<\/li>\n<li>Distribuci\u00f3n del calor r\u00e1pida y uniforme<\/li>\n<li>El mango ergon\u00f3mico Stay-Cool est\u00e1 dise\u00f1ado para un calentamiento retardado, evitando el uso de agarraderas y mangas y garantizando un agarre \u00f3ptimo<\/li>\n<li>Especialmente indicado para cocinar pescado, verduras y huevos con suavidad y poca grasa<\/li>\n<li>Con borde antigoteo<\/li>\n<li>Apto para todo tipo de cocinas, incluida la inducci\u00f3n, apto para horno hasta una temperatura de 150 \u00b0C<\/li>\n<li>Hecho en Italia<\/li>\n<\/ul>\n<p><strong>Dimensiones:<\/strong><\/p>\n<ul>\n<li class=\"attribute\"><span class=\"label\">Longitud: <\/span><span class=\"value\">49,30 cm<\/span><\/li>\n<li class=\"attribute\"><span class=\"label\">Ancho: <\/span><span class=\"value\">29,30 cm<\/span><\/li>\n<li class=\"attribute\"><span class=\"label\">Alto: <\/span><span class=\"value\">7,70 cm<\/span><\/li>\n<li class=\"attribute\"><span class=\"label\">Di\u00e1metro superior: <\/span><span class=\"value\">28,00 cm<\/span><\/li>\n<li class=\"attribute\"><span class=\"label\">Di\u00e1metro inferior: <\/span><span class=\"value\">20,80 cm<\/span><\/li>\n<\/ul>\n<p><span class=\"label\">Peso neto: 1,31 kg<\/span><\/p>\n","protected":false},"excerpt":{"rendered":"<p>Descubre una nueva forma de cocinar con la sart\u00e9n ZWILLING Madura Plus de 28 cm. El nuevo revestimiento antiadherente de<\/p>\n","protected":false},"featured_media":481999,"template":"","meta":{"_acf_changed":false,"inline_featured_image":false},"product_cat":[16066,16058],"product_tag":[16110,16269,21537,16160],"acf":[],"yoast_head":"<!-- This site is optimized with the Yoast SEO Premium plugin v18.6 (Yoast SEO v19.13) - https:\/\/yoast.com\/wordpress\/plugins\/seo\/ -->\n<title>ZWILLING Madura Plus Sart\u00e9n con revestimiento cer\u00e1mico antiadherente 28 cm Aluminio - Erresse Shop<\/title>\n<meta name=\"description\" content=\"Descubre una nueva forma de cocinar con la sart\u00e9n ZWILLING Madura Plus de 28 cm. El nuevo revestimiento antiadherente de \u00faltima generaci\u00f3n CERAFORCE\" \/>\n<meta name=\"robots\" content=\"index, follow, max-snippet:-1, max-image-preview:large, max-video-preview:-1\" \/>\n<link rel=\"canonical\" href=\"https:\/\/www.erresse-shop.it\/es\/shop\/sartenes-y-ollas\/sartenes\/zwilling-madura-plus-sarten-antiadherente-24-cm-aluminio-copia\/\" \/>\n<meta property=\"og:locale\" content=\"es_ES\" \/>\n<meta property=\"og:type\" content=\"article\" \/>\n<meta property=\"og:title\" content=\"ZWILLING Madura Plus Sart\u00e9n con revestimiento cer\u00e1mico antiadherente 28 cm Aluminio\" \/>\n<meta property=\"og:description\" content=\"Descubre una nueva forma de cocinar con la sart\u00e9n ZWILLING Madura Plus de 28 cm. El nuevo revestimiento antiadherente de \u00faltima generaci\u00f3n CERAFORCE\" \/>\n<meta property=\"og:url\" content=\"https:\/\/www.erresse-shop.it\/es\/shop\/sartenes-y-ollas\/sartenes\/zwilling-madura-plus-sarten-antiadherente-24-cm-aluminio-copia\/\" \/>\n<meta property=\"og:site_name\" content=\"Erresse Shop\" \/>\n<meta property=\"article:modified_time\" content=\"2025-03-25T08:54:08+00:00\" \/>\n<meta property=\"og:image\" content=\"https:\/\/www.erresse-shop.it\/wp-content\/uploads\/2025\/03\/ZWILLING-Madura-Plus-Padella-Antiaderente-28-cm-Alluminio.jpg\" \/>\n\t<meta property=\"og:image:width\" content=\"1200\" \/>\n\t<meta property=\"og:image:height\" content=\"1200\" \/>\n\t<meta property=\"og:image:type\" content=\"image\/jpeg\" \/>\n<meta name=\"twitter:card\" content=\"summary_large_image\" \/>\n<script type=\"application\/ld+json\" class=\"yoast-schema-graph\">{\"@context\":\"https:\/\/schema.org\",\"@graph\":[{\"@type\":\"WebPage\",\"@id\":\"https:\/\/www.erresse-shop.it\/es\/shop\/sartenes-y-ollas\/sartenes\/zwilling-madura-plus-sarten-antiadherente-24-cm-aluminio-copia\/\",\"url\":\"https:\/\/www.erresse-shop.it\/es\/shop\/sartenes-y-ollas\/sartenes\/zwilling-madura-plus-sarten-antiadherente-24-cm-aluminio-copia\/\",\"name\":\"ZWILLING Madura Plus Sart\u00e9n con revestimiento cer\u00e1mico antiadherente 28 cm Aluminio - Erresse Shop\",\"isPartOf\":{\"@id\":\"https:\/\/www.erresse-shop.it\/es\/#website\"},\"datePublished\":\"2025-03-20T11:46:38+00:00\",\"dateModified\":\"2025-03-25T08:54:08+00:00\",\"description\":\"Descubre una nueva forma de cocinar con la sart\u00e9n ZWILLING Madura Plus de 28 cm. El nuevo revestimiento antiadherente de \u00faltima generaci\u00f3n CERAFORCE\",\"breadcrumb\":{\"@id\":\"https:\/\/www.erresse-shop.it\/es\/shop\/sartenes-y-ollas\/sartenes\/zwilling-madura-plus-sarten-antiadherente-24-cm-aluminio-copia\/#breadcrumb\"},\"inLanguage\":\"es\",\"potentialAction\":[{\"@type\":\"ReadAction\",\"target\":[\"https:\/\/www.erresse-shop.it\/es\/shop\/sartenes-y-ollas\/sartenes\/zwilling-madura-plus-sarten-antiadherente-24-cm-aluminio-copia\/\"]}]},{\"@type\":\"BreadcrumbList\",\"@id\":\"https:\/\/www.erresse-shop.it\/es\/shop\/sartenes-y-ollas\/sartenes\/zwilling-madura-plus-sarten-antiadherente-24-cm-aluminio-copia\/#breadcrumb\",\"itemListElement\":[{\"@type\":\"ListItem\",\"position\":1,\"name\":\"Home\",\"item\":\"https:\/\/www.erresse-shop.it\/es\/\"},{\"@type\":\"ListItem\",\"position\":2,\"name\":\"Shop\",\"item\":\"https:\/\/www.erresse-shop.it\/es\/shop\/\"},{\"@type\":\"ListItem\",\"position\":3,\"name\":\"ZWILLING Madura Plus Sart\u00e9n con revestimiento cer\u00e1mico antiadherente 28 cm Aluminio\"}]},{\"@type\":\"WebSite\",\"@id\":\"https:\/\/www.erresse-shop.it\/es\/#website\",\"url\":\"https:\/\/www.erresse-shop.it\/es\/\",\"name\":\"Erresse Shop\",\"description\":\"Articoli di qualit\u00e0 per la casa\",\"potentialAction\":[{\"@type\":\"SearchAction\",\"target\":{\"@type\":\"EntryPoint\",\"urlTemplate\":\"https:\/\/www.erresse-shop.it\/es\/?s={search_term_string}\"},\"query-input\":\"required name=search_term_string\"}],\"inLanguage\":\"es\"}]}<\/script>\n<!-- \/ Yoast SEO Premium plugin. -->","yoast_head_json":{"title":"ZWILLING Madura Plus Sart\u00e9n con revestimiento cer\u00e1mico antiadherente 28 cm Aluminio - Erresse Shop","description":"Descubre una nueva forma de cocinar con la sart\u00e9n ZWILLING Madura Plus de 28 cm. El nuevo revestimiento antiadherente de \u00faltima generaci\u00f3n CERAFORCE","robots":{"index":"index","follow":"follow","max-snippet":"max-snippet:-1","max-image-preview":"max-image-preview:large","max-video-preview":"max-video-preview:-1"},"canonical":"https:\/\/www.erresse-shop.it\/es\/shop\/sartenes-y-ollas\/sartenes\/zwilling-madura-plus-sarten-antiadherente-24-cm-aluminio-copia\/","og_locale":"es_ES","og_type":"article","og_title":"ZWILLING Madura Plus Sart\u00e9n con revestimiento cer\u00e1mico antiadherente 28 cm Aluminio","og_description":"Descubre una nueva forma de cocinar con la sart\u00e9n ZWILLING Madura Plus de 28 cm. El nuevo revestimiento antiadherente de \u00faltima generaci\u00f3n CERAFORCE","og_url":"https:\/\/www.erresse-shop.it\/es\/shop\/sartenes-y-ollas\/sartenes\/zwilling-madura-plus-sarten-antiadherente-24-cm-aluminio-copia\/","og_site_name":"Erresse Shop","article_modified_time":"2025-03-25T08:54:08+00:00","og_image":[{"width":1200,"height":1200,"url":"https:\/\/www.erresse-shop.it\/wp-content\/uploads\/2025\/03\/ZWILLING-Madura-Plus-Padella-Antiaderente-28-cm-Alluminio.jpg","type":"image\/jpeg"}],"twitter_card":"summary_large_image","schema":{"@context":"https:\/\/schema.org","@graph":[{"@type":"WebPage","@id":"https:\/\/www.erresse-shop.it\/es\/shop\/sartenes-y-ollas\/sartenes\/zwilling-madura-plus-sarten-antiadherente-24-cm-aluminio-copia\/","url":"https:\/\/www.erresse-shop.it\/es\/shop\/sartenes-y-ollas\/sartenes\/zwilling-madura-plus-sarten-antiadherente-24-cm-aluminio-copia\/","name":"ZWILLING Madura Plus Sart\u00e9n con revestimiento cer\u00e1mico antiadherente 28 cm Aluminio - Erresse Shop","isPartOf":{"@id":"https:\/\/www.erresse-shop.it\/es\/#website"},"datePublished":"2025-03-20T11:46:38+00:00","dateModified":"2025-03-25T08:54:08+00:00","description":"Descubre una nueva forma de cocinar con la sart\u00e9n ZWILLING Madura Plus de 28 cm. El nuevo revestimiento antiadherente de \u00faltima generaci\u00f3n CERAFORCE","breadcrumb":{"@id":"https:\/\/www.erresse-shop.it\/es\/shop\/sartenes-y-ollas\/sartenes\/zwilling-madura-plus-sarten-antiadherente-24-cm-aluminio-copia\/#breadcrumb"},"inLanguage":"es","potentialAction":[{"@type":"ReadAction","target":["https:\/\/www.erresse-shop.it\/es\/shop\/sartenes-y-ollas\/sartenes\/zwilling-madura-plus-sarten-antiadherente-24-cm-aluminio-copia\/"]}]},{"@type":"BreadcrumbList","@id":"https:\/\/www.erresse-shop.it\/es\/shop\/sartenes-y-ollas\/sartenes\/zwilling-madura-plus-sarten-antiadherente-24-cm-aluminio-copia\/#breadcrumb","itemListElement":[{"@type":"ListItem","position":1,"name":"Home","item":"https:\/\/www.erresse-shop.it\/es\/"},{"@type":"ListItem","position":2,"name":"Shop","item":"https:\/\/www.erresse-shop.it\/es\/shop\/"},{"@type":"ListItem","position":3,"name":"ZWILLING Madura Plus Sart\u00e9n con revestimiento cer\u00e1mico antiadherente 28 cm Aluminio"}]},{"@type":"WebSite","@id":"https:\/\/www.erresse-shop.it\/es\/#website","url":"https:\/\/www.erresse-shop.it\/es\/","name":"Erresse Shop","description":"Articoli di qualit\u00e0 per la casa","potentialAction":[{"@type":"SearchAction","target":{"@type":"EntryPoint","urlTemplate":"https:\/\/www.erresse-shop.it\/es\/?s={search_term_string}"},"query-input":"required name=search_term_string"}],"inLanguage":"es"}]}},"df_price":39.975,"df_sale_price":39.975,"df_regular_price":79.95,"df_image_link":"https:\/\/www.erresse-shop.it\/wp-content\/uploads\/2025\/03\/ZWILLING-Madura-Plus-Padella-Antiaderente-28-cm-Alluminio-300x300.jpg","_links":{"self":[{"href":"https:\/\/www.erresse-shop.it\/es\/wp-json\/wp\/v2\/product\/481973"}],"collection":[{"href":"https:\/\/www.erresse-shop.it\/es\/wp-json\/wp\/v2\/product"}],"about":[{"href":"https:\/\/www.erresse-shop.it\/es\/wp-json\/wp\/v2\/types\/product"}],"wp:featuredmedia":[{"embeddable":true,"href":"https:\/\/www.erresse-shop.it\/es\/wp-json\/wp\/v2\/media\/481999"}],"wp:attachment":[{"href":"https:\/\/www.erresse-shop.it\/es\/wp-json\/wp\/v2\/media?parent=481973"}],"wp:term":[{"taxonomy":"product_cat","embeddable":true,"href":"https:\/\/www.erresse-shop.it\/es\/wp-json\/wp\/v2\/product_cat?post=481973"},{"taxonomy":"product_tag","embeddable":true,"href":"https:\/\/www.erresse-shop.it\/es\/wp-json\/wp\/v2\/product_tag?post=481973"}],"curies":[{"name":"wp","href":"https:\/\/api.w.org\/{rel}","templated":true}]}}