{"id":481764,"date":"2025-03-20T10:18:51","date_gmt":"2025-03-20T10:19:02","guid":{"rendered":"https:\/\/www.erresse-shop.it\/?post_type=product&#038;p=481764"},"modified":"2026-01-09T11:26:14","modified_gmt":"2026-01-09T11:26:14","slug":"riedel-set-de-2-copas-de-champan-copia","status":"publish","type":"product","link":"https:\/\/www.erresse-shop.it\/es\/shop\/tabla\/vino\/calices\/riedel-set-de-2-copas-de-champan-copia\/","title":{"rendered":"RIEDEL ViNova Set 4 Balloon Vino tinto Vino Rojo"},"content":{"rendered":"<div class=\"flex flex-1 grow basis-auto flex-col overflow-hidden\">\n<div class=\"relative h-full\">\n<div class=\"flex h-full flex-col overflow-y-auto [scrollbar-gutter:stable]\">\n<div class=\"mt-1.5 flex flex-col text-sm @thread-xl\/thread:pt-header-height md:pb-9\">\n<article class=\"group\/turn w-full text-token-text-primary focus-visible:outline-2 focus-visible:outline-offset-[-4px]\" dir=\"auto\" tabindex=\"-1\" data-testid=\"conversation-turn-28\" data-scroll-anchor=\"true\">\n<div class=\"text-base my-auto mx-auto py-[18px] px-6\">\n<div class=\"mx-auto flex flex-1 text-base gap-4 md:gap-5 lg:gap-6 md:max-w-3xl\">\n<div class=\"grupo\/conversaci\u00f3n-turno relativo flex w-completo min-w-0 flex-col giro-agente @xs\/hilo:px-0 @sm\/hilo:px-1.5 @md\/hilo:px-4\">\n<div class=\"flex-col gap-1 md:gap-3\">\n<div class=\"flex max-w-completo flex-col flex-crecimiento\">\n<div class=\"min-h-8 mensaje-de-texto relativo flex w-completo flex-col fin-elementos gap-2 espacios-normales salto-palabras inicio-texto [.mensaje-de-texto+&amp;]:mt-5\" dir=\"auto\" data-message-id=\"0be73d8d-d48d-4334-901a-7a04bf24ba78\" data-message-model-slug=\"gpt-4o-mini\">\n<div class=\"flex w-full flex-col gap-1 empty:hidden first:pt-[3px]\">\n<div class=\"markdown prose w-full break-words dark:prose-invert dark\">\n<p data-start=\"0\" data-end=\"58\"><strong data-start=\"0\" data-end=\"58\">Set de copas de vino tinto ViNOVA \u2013 4 piezas<\/strong><\/p>\n<p data-start=\"60\" data-end=\"466\">Descubre la elegancia y la funcionalidad atemporales del juego de copas de vino tinto ViNOVA. Su forma de diamante, con \u00e1ngulos pronunciados, es perfecta para vinos tintos robustos del Nuevo Mundo, ya que les proporciona amplio espacio para desarrollar y liberar sus aromas. Esta copa realza el car\u00e1cter afrutado de los vinos tintos, equilibrando los taninos y promoviendo una degustaci\u00f3n m\u00e1s rica y armoniosa.<\/p>\n<p data-start=\"468\" data-end=\"501\"><strong data-start=\"468\" data-end=\"501\">Caracter\u00edsticas del producto:<\/strong><\/p>\n<ul data-start=\"502\" data-end=\"894\">\n<li data-start=\"502\" data-end=\"545\">Set de 4 copas para vino tinto<\/li>\n<li data-start=\"546\" data-end=\"603\">Dise\u00f1o de diamante que favorece el desarrollo de los aromas<\/li>\n<li data-start=\"604\" data-end=\"677\">Hechas de cristal de alta calidad para un brillo inigualable<\/li>\n<li data-start=\"678\" data-end=\"742\">Copas elegantes y funcionales para una degustaci\u00f3n superior<\/li>\n<li data-start=\"743\" data-end=\"798\">Apto para lavavajillas para un f\u00e1cil mantenimiento<\/li>\n<li data-start=\"799\" data-end=\"894\">Mecanizado de precisi\u00f3n (pueden existir ligeras tolerancias en las dimensiones)<\/li>\n<\/ul>\n<p data-start=\"896\" data-end=\"1090\" data-is-last-node=\"\" data-is-only-node=\"\">La colecci\u00f3n ViNOVA combina modernidad y sofisticaci\u00f3n, creando una experiencia de cata \u00fanica para cualquier aficionado al vino. Perfecto para embellecer tu mesa o como un regalo sofisticado.<\/p>\n<p data-start=\"823\" data-end=\"1042\" data-is-last-node=\"\" data-is-only-node=\"\">Capacidad: 840.0 ccm<br \/>\nAltura: 240.0 mm<\/p>\n<\/div>\n<\/div>\n<\/div>\n<\/div>\n<\/div>\n<\/div>\n<\/div>\n<\/div>\n<\/article>\n<\/div>\n<\/div>\n<\/div>\n<\/div>\n<div class=\"isolate w-full basis-auto has-[[data-has-thread-error]]:pt-2 has-[[data-has-thread-error]]:[box-shadow:var(--sharp-edge-bottom-shadow)] dark:border-white\/20 md:border-transparent md:pt-0 md:dark:border-transparent\">\n<div>\n<div>\n<p>&nbsp;<\/p>\n<div>\n<div>\n<div>\n<div id=\"compositor-fondo\">\n<div class=\"px-3 py-1\">\n<div class=\"flex flex-col justify-start\">\n<div class=\"flex min-h-[44px] items-start pl-1\">\n<div class=\"min-w-0 max-w-full flex-1\">\n<div class=\"_prosemirror-parent_11fu7_1 text-token-text-primary max-h-[25dvh] max-h-52 overflow-auto [scrollbar-width:thin] default-browser\">\n<div id=\"prompt-textarea\" class=\"ProseMirror\" contenteditable=\"true\" translate=\"no\" data-virtualkeyboard=\"true\"><\/div>\n<\/div>\n<\/div>\n<div class=\"w-[32px] pt-1\"><\/div>\n<\/div>\n<\/div>\n<\/div>\n<\/div>\n<\/div>\n<\/div>\n<\/div>\n<\/div>\n<\/div>\n<\/div>\n","protected":false},"excerpt":{"rendered":"<p>Set de copas de vino tinto ViNOVA \u2013 4 piezas Descubre la elegancia y la funcionalidad atemporales del juego de<\/p>\n","protected":false},"featured_media":481796,"template":"","meta":{"_acf_changed":false,"inline_featured_image":false},"product_cat":[16052,16051],"product_tag":[25090,23912,21987,23662,24417,16117,16610,21823,25023,23684],"acf":[],"yoast_head":"<!-- This site is optimized with the Yoast SEO Premium plugin v18.6 (Yoast SEO v19.13) - https:\/\/yoast.com\/wordpress\/plugins\/seo\/ -->\n<title>RIEDEL ViNova Set 4 Balloon Vino tinto Vino Rojo - Erresse Shop<\/title>\n<meta name=\"description\" content=\"Set de copas de vino tinto ViNOVA \u2013 4 piezas Descubre la elegancia y la funcionalidad atemporales del juego de copas de vino tinto ViNOVA. Su forma de\" \/>\n<meta name=\"robots\" content=\"index, follow, max-snippet:-1, max-image-preview:large, max-video-preview:-1\" \/>\n<link rel=\"canonical\" href=\"https:\/\/www.erresse-shop.it\/es\/shop\/tabla\/vino\/calices\/riedel-set-de-2-copas-de-champan-copia\/\" \/>\n<meta property=\"og:locale\" content=\"es_ES\" \/>\n<meta property=\"og:type\" content=\"article\" \/>\n<meta property=\"og:title\" content=\"RIEDEL ViNova Set 4 Balloon Vino tinto Vino Rojo\" \/>\n<meta property=\"og:description\" content=\"Set de copas de vino tinto ViNOVA \u2013 4 piezas Descubre la elegancia y la funcionalidad atemporales del juego de copas de vino tinto ViNOVA. Su forma de\" \/>\n<meta property=\"og:url\" content=\"https:\/\/www.erresse-shop.it\/es\/shop\/tabla\/vino\/calices\/riedel-set-de-2-copas-de-champan-copia\/\" \/>\n<meta property=\"og:site_name\" content=\"Erresse Shop\" \/>\n<meta property=\"article:modified_time\" content=\"2026-01-09T11:26:14+00:00\" \/>\n<meta property=\"og:image\" content=\"https:\/\/www.erresse-shop.it\/wp-content\/uploads\/2025\/03\/RIEDEL-Vinova-Set-4-Balloon-Vino-Rosso.jpg\" \/>\n\t<meta property=\"og:image:width\" content=\"1200\" \/>\n\t<meta property=\"og:image:height\" content=\"1200\" \/>\n\t<meta property=\"og:image:type\" content=\"image\/jpeg\" \/>\n<meta name=\"twitter:card\" content=\"summary_large_image\" \/>\n<script type=\"application\/ld+json\" class=\"yoast-schema-graph\">{\"@context\":\"https:\/\/schema.org\",\"@graph\":[{\"@type\":\"WebPage\",\"@id\":\"https:\/\/www.erresse-shop.it\/es\/shop\/tabla\/vino\/calices\/riedel-set-de-2-copas-de-champan-copia\/\",\"url\":\"https:\/\/www.erresse-shop.it\/es\/shop\/tabla\/vino\/calices\/riedel-set-de-2-copas-de-champan-copia\/\",\"name\":\"RIEDEL ViNova Set 4 Balloon Vino tinto Vino Rojo - Erresse Shop\",\"isPartOf\":{\"@id\":\"https:\/\/www.erresse-shop.it\/es\/#website\"},\"datePublished\":\"2025-03-20T10:19:02+00:00\",\"dateModified\":\"2026-01-09T11:26:14+00:00\",\"description\":\"Set de copas de vino tinto ViNOVA \u2013 4 piezas Descubre la elegancia y la funcionalidad atemporales del juego de copas de vino tinto ViNOVA. Su forma de\",\"breadcrumb\":{\"@id\":\"https:\/\/www.erresse-shop.it\/es\/shop\/tabla\/vino\/calices\/riedel-set-de-2-copas-de-champan-copia\/#breadcrumb\"},\"inLanguage\":\"es\",\"potentialAction\":[{\"@type\":\"ReadAction\",\"target\":[\"https:\/\/www.erresse-shop.it\/es\/shop\/tabla\/vino\/calices\/riedel-set-de-2-copas-de-champan-copia\/\"]}]},{\"@type\":\"BreadcrumbList\",\"@id\":\"https:\/\/www.erresse-shop.it\/es\/shop\/tabla\/vino\/calices\/riedel-set-de-2-copas-de-champan-copia\/#breadcrumb\",\"itemListElement\":[{\"@type\":\"ListItem\",\"position\":1,\"name\":\"Home\",\"item\":\"https:\/\/www.erresse-shop.it\/es\/\"},{\"@type\":\"ListItem\",\"position\":2,\"name\":\"Shop\",\"item\":\"https:\/\/www.erresse-shop.it\/es\/shop\/\"},{\"@type\":\"ListItem\",\"position\":3,\"name\":\"RIEDEL ViNova Set 4 Balloon Vino tinto Vino Rojo\"}]},{\"@type\":\"WebSite\",\"@id\":\"https:\/\/www.erresse-shop.it\/es\/#website\",\"url\":\"https:\/\/www.erresse-shop.it\/es\/\",\"name\":\"Erresse Shop\",\"description\":\"Articoli di qualit\u00e0 per la casa\",\"potentialAction\":[{\"@type\":\"SearchAction\",\"target\":{\"@type\":\"EntryPoint\",\"urlTemplate\":\"https:\/\/www.erresse-shop.it\/es\/?s={search_term_string}\"},\"query-input\":\"required name=search_term_string\"}],\"inLanguage\":\"es\"}]}<\/script>\n<!-- \/ Yoast SEO Premium plugin. -->","yoast_head_json":{"title":"RIEDEL ViNova Set 4 Balloon Vino tinto Vino Rojo - Erresse Shop","description":"Set de copas de vino tinto ViNOVA \u2013 4 piezas Descubre la elegancia y la funcionalidad atemporales del juego de copas de vino tinto ViNOVA. Su forma de","robots":{"index":"index","follow":"follow","max-snippet":"max-snippet:-1","max-image-preview":"max-image-preview:large","max-video-preview":"max-video-preview:-1"},"canonical":"https:\/\/www.erresse-shop.it\/es\/shop\/tabla\/vino\/calices\/riedel-set-de-2-copas-de-champan-copia\/","og_locale":"es_ES","og_type":"article","og_title":"RIEDEL ViNova Set 4 Balloon Vino tinto Vino Rojo","og_description":"Set de copas de vino tinto ViNOVA \u2013 4 piezas Descubre la elegancia y la funcionalidad atemporales del juego de copas de vino tinto ViNOVA. Su forma de","og_url":"https:\/\/www.erresse-shop.it\/es\/shop\/tabla\/vino\/calices\/riedel-set-de-2-copas-de-champan-copia\/","og_site_name":"Erresse Shop","article_modified_time":"2026-01-09T11:26:14+00:00","og_image":[{"width":1200,"height":1200,"url":"https:\/\/www.erresse-shop.it\/wp-content\/uploads\/2025\/03\/RIEDEL-Vinova-Set-4-Balloon-Vino-Rosso.jpg","type":"image\/jpeg"}],"twitter_card":"summary_large_image","schema":{"@context":"https:\/\/schema.org","@graph":[{"@type":"WebPage","@id":"https:\/\/www.erresse-shop.it\/es\/shop\/tabla\/vino\/calices\/riedel-set-de-2-copas-de-champan-copia\/","url":"https:\/\/www.erresse-shop.it\/es\/shop\/tabla\/vino\/calices\/riedel-set-de-2-copas-de-champan-copia\/","name":"RIEDEL ViNova Set 4 Balloon Vino tinto Vino Rojo - Erresse Shop","isPartOf":{"@id":"https:\/\/www.erresse-shop.it\/es\/#website"},"datePublished":"2025-03-20T10:19:02+00:00","dateModified":"2026-01-09T11:26:14+00:00","description":"Set de copas de vino tinto ViNOVA \u2013 4 piezas Descubre la elegancia y la funcionalidad atemporales del juego de copas de vino tinto ViNOVA. Su forma de","breadcrumb":{"@id":"https:\/\/www.erresse-shop.it\/es\/shop\/tabla\/vino\/calices\/riedel-set-de-2-copas-de-champan-copia\/#breadcrumb"},"inLanguage":"es","potentialAction":[{"@type":"ReadAction","target":["https:\/\/www.erresse-shop.it\/es\/shop\/tabla\/vino\/calices\/riedel-set-de-2-copas-de-champan-copia\/"]}]},{"@type":"BreadcrumbList","@id":"https:\/\/www.erresse-shop.it\/es\/shop\/tabla\/vino\/calices\/riedel-set-de-2-copas-de-champan-copia\/#breadcrumb","itemListElement":[{"@type":"ListItem","position":1,"name":"Home","item":"https:\/\/www.erresse-shop.it\/es\/"},{"@type":"ListItem","position":2,"name":"Shop","item":"https:\/\/www.erresse-shop.it\/es\/shop\/"},{"@type":"ListItem","position":3,"name":"RIEDEL ViNova Set 4 Balloon Vino tinto Vino Rojo"}]},{"@type":"WebSite","@id":"https:\/\/www.erresse-shop.it\/es\/#website","url":"https:\/\/www.erresse-shop.it\/es\/","name":"Erresse Shop","description":"Articoli di qualit\u00e0 per la casa","potentialAction":[{"@type":"SearchAction","target":{"@type":"EntryPoint","urlTemplate":"https:\/\/www.erresse-shop.it\/es\/?s={search_term_string}"},"query-input":"required name=search_term_string"}],"inLanguage":"es"}]}},"df_price":14.805,"df_sale_price":14.805,"df_regular_price":32.9,"df_image_link":"https:\/\/www.erresse-shop.it\/wp-content\/uploads\/2025\/03\/RIEDEL-Vinova-Set-4-Balloon-Vino-Rosso-300x300.jpg","_links":{"self":[{"href":"https:\/\/www.erresse-shop.it\/es\/wp-json\/wp\/v2\/product\/481764"}],"collection":[{"href":"https:\/\/www.erresse-shop.it\/es\/wp-json\/wp\/v2\/product"}],"about":[{"href":"https:\/\/www.erresse-shop.it\/es\/wp-json\/wp\/v2\/types\/product"}],"wp:featuredmedia":[{"embeddable":true,"href":"https:\/\/www.erresse-shop.it\/es\/wp-json\/wp\/v2\/media\/481796"}],"wp:attachment":[{"href":"https:\/\/www.erresse-shop.it\/es\/wp-json\/wp\/v2\/media?parent=481764"}],"wp:term":[{"taxonomy":"product_cat","embeddable":true,"href":"https:\/\/www.erresse-shop.it\/es\/wp-json\/wp\/v2\/product_cat?post=481764"},{"taxonomy":"product_tag","embeddable":true,"href":"https:\/\/www.erresse-shop.it\/es\/wp-json\/wp\/v2\/product_tag?post=481764"}],"curies":[{"name":"wp","href":"https:\/\/api.w.org\/{rel}","templated":true}]}}