{"id":481729,"date":"2025-03-20T10:08:09","date_gmt":"2025-03-20T10:08:12","guid":{"rendered":"https:\/\/www.erresse-shop.it\/?post_type=product&#038;p=481729"},"modified":"2025-03-20T10:17:51","modified_gmt":"2025-03-20T10:17:51","slug":"riedel-set-2-copas-de-chardonnay-gin-tonic-copia-2","status":"publish","type":"product","link":"https:\/\/www.erresse-shop.it\/es\/shop\/tabla\/vino\/calices\/riedel-set-2-copas-de-chardonnay-gin-tonic-copia-2\/","title":{"rendered":"RIEDEL Set de 2 copas de champ\u00e1n"},"content":{"rendered":"<div class=\"flex flex-1 grow basis-auto flex-col overflow-hidden\">\n<div class=\"relative h-full\">\n<div class=\"flex h-full flex-col overflow-y-auto [scrollbar-gutter:stable]\">\n<div class=\"mt-1.5 flex flex-col text-sm @thread-xl\/thread:pt-header-height md:pb-9\">\n<article class=\"group\/turn w-full text-token-text-primary focus-visible:outline-2 focus-visible:outline-offset-[-4px]\" dir=\"auto\" tabindex=\"-1\" data-testid=\"conversation-turn-28\" data-scroll-anchor=\"true\">\n<div class=\"text-base my-auto mx-auto py-[18px] px-6\">\n<div class=\"mx-auto flex flex-1 text-base gap-4 md:gap-5 lg:gap-6 md:max-w-3xl\">\n<div class=\"grupo\/conversaci\u00f3n-turno relativo flex w-completo min-w-0 flex-col giro-agente @xs\/hilo:px-0 @sm\/hilo:px-1.5 @md\/hilo:px-4\">\n<div class=\"flex-col gap-1 md:gap-3\">\n<div class=\"flex max-w-completo flex-col flex-crecimiento\">\n<div class=\"min-h-8 mensaje-de-texto relativo flex w-completo flex-col fin-elementos gap-2 espacios-normales salto-palabras inicio-texto [.mensaje-de-texto+&amp;]:mt-5\" dir=\"auto\" rol-de-autor-del-mensaje-de-datos=\"asistente\" data-message-id=\"0be73d8d-d48d-4334-901a-7a04bf24ba78\" data-message-model-slug=\"gpt-4o-mini\">\n<div class=\"flex w-full flex-col gap-1 empty:hidden first:pt-[3px]\">\n<div class=\"markdown prose w-full break-words dark:prose-invert dark\">\n<p data-start=\"0\" data-end=\"51\"><strong data-start=\"0\" data-end=\"51\">Juego de copas de champ\u00e1n 2024 \u2013 2 piezas<\/strong><\/p>\n<p data-start=\"53\" data-end=\"482\">Perfecta para champ\u00e1n y vinos espumosos secos, frescos y ligeros, la copa de champ\u00e1n GRAPE@RIEDEL 2024 est\u00e1 dise\u00f1ada para realzar la belleza y complejidad de las burbujas. Su forma alargada favorece el perlaje, ofreciendo una experiencia de degustaci\u00f3n \u00fanica y refinada. El punto de perlaje de la copa ayuda a mantener la formaci\u00f3n de burbujas, lo que la convierte en la opci\u00f3n ideal para los amantes del champ\u00e1n y los vinos espumosos.<\/p>\n<p data-start=\"484\" data-end=\"517\"><strong data-start=\"484\" data-end=\"517\">Caracter\u00edsticas del producto:<\/strong><\/p>\n<ul data-start=\"518\" data-end=\"821\">\n<li data-start=\"518\" data-end=\"556\">Juego de 2 copas de champ\u00e1n<\/li>\n<li data-start=\"557\" data-end=\"610\">Hechas de cristal transparente de alta calidad<\/li>\n<li data-start=\"611\" data-end=\"660\">Forma elegante y estilizada, ideal para el perlaje<\/li>\n<li data-start=\"661\" data-end=\"709\">Dise\u00f1o perfecto para una degustaci\u00f3n refinada<\/li>\n<li data-start=\"710\" data-end=\"765\">Fabricado a m\u00e1quina para mayor precisi\u00f3n y durabilidad<\/li>\n<li data-start=\"766\" data-end=\"821\">Apto para lavavajillas para un cuidado f\u00e1cil<\/li>\n<\/ul>\n<p data-start=\"823\" data-end=\"1042\" data-is-last-node=\"\" data-is-only-node=\"\">Descubre el equilibrio perfecto entre estilo, funcionalidad y precio asequible con la colecci\u00f3n GRAPE@RIEDEL 2024. Adecuada para una amplia gama de vinos, bebidas y c\u00f3cteles, esta copa flauta es ideal para cualquier ocasi\u00f3n especial.<\/p>\n<p data-start=\"823\" data-end=\"1042\" data-is-last-node=\"\" data-is-only-node=\"\">Capacidad: 250,0 ccm<br \/>\nAltura: 241,0 mm<\/p>\n<\/div>\n<\/div>\n<\/div>\n<\/div>\n<\/div>\n<\/div>\n<\/div>\n<\/div>\n<\/article>\n<\/div>\n<\/div>\n<\/div>\n<\/div>\n<div class=\"isolate w-full basis-auto has-[[data-has-thread-error]]:pt-2 has-[[data-has-thread-error]]:[box-shadow:var(--sharp-edge-bottom-shadow)] dark:border-white\/20 md:border-transparent md:pt-0 md:dark:border-transparent\">\n<div class=\"text-base mx-auto px-3 md:px-4 w-full md:px-5 lg:px-4 xl:px-5\">\n<div class=\"mx-auto flex flex-1 text-base gap-4 md:gap-5 lg:gap-6 md:max-w-3xl\">\n<form class=\"w-full\" aria-haspopup=\"dialog\" aria-expanded=\"false\" aria-controls=\"radix-:r6:\" data-state=\"closed\">\n<div class=\"relative z-[1] flex h-full max-w-full flex-1 flex-col\">\n<div class=\"group relative z-[1] flex w-full items-center\">\n<div class=\"w-full\">\n<div id=\"composer-background\" class=\"flex w-full cursor-text flex-col redondeado-t-3xl borde-t token-borde-luz-borde duraci\u00f3n-150 entrada-salida f\u00e1cil contener-tama\u00f1o-en-l\u00ednea movimiento-seguro:transici\u00f3n-[color,color-de-fondo,color-del-borde,color-de-decoraci\u00f3n-del-texto,relleno,trazo,sombra-del-cuadro,fondo] oscuro:borde-ninguno oscuro:sombra-ninguna sombra-[0_9px_9px_0px_rgba(0,0,0,0.01),_0_2px_5px_0px_rgba(0,0,0,0.06)] tiene-[:enfoque]:sombra-[0_2px_12px_0px_rgba(0,0,0,0.04),_0_9px_9px_0px_rgba(0,0,0,0.01),_0_2px_5px_0px_rgba(0,0,0,0.06)] Token de fondo principal, superficie primaria, oscuro: fondo-[#303030] redondeado-b-3xl borde-b\">\n<div class=\"px-3 py-1\">\n<div class=\"flex flex-col justify-start\">\n<div class=\"flex min-h-[44px] items-start pl-1\">\n<div class=\"min-w-0 max-w-full flex-1\">\n<div class=\"_prosemirror-parent_11fu7_1 token de texto, texto primario, m\u00e1x.-h-[25dvh] m\u00e1x.-h-52 overflow-auto [scrollbar-width:thin] navegador predeterminado\">\n<div id=\"\u00e1rea de texto del aviso\" class=\"ProseMirror\" contenteditable=\"true\" translate=\"no\" data-virtualkeyboard=\"true\"><\/div>\n<\/div>\n<\/div>\n<div class=\"w-[32px] pt-1\"><\/div>\n<\/div>\n<\/div>\n<\/div>\n<\/div>\n<\/div>\n<\/div>\n<\/div>\n<\/form>\n<\/div>\n<\/div>\n<\/div>\n","protected":false},"excerpt":{"rendered":"<p>Juego de copas de champ\u00e1n 2024 \u2013 2 piezas Perfecta para champ\u00e1n y vinos espumosos secos, frescos y ligeros, la<\/p>\n","protected":false},"featured_media":481756,"template":"","meta":{"_acf_changed":false,"inline_featured_image":false},"product_cat":[16052,16051],"product_tag":[25090,23912,21987,23662,24417,16117,16610,21823,25023,23684],"acf":[],"yoast_head":"<!-- This site is optimized with the Yoast SEO Premium plugin v18.6 (Yoast SEO v19.13) - https:\/\/yoast.com\/wordpress\/plugins\/seo\/ -->\n<title>RIEDEL Set de 2 copas de champ\u00e1n - Erresse Shop<\/title>\n<meta name=\"description\" content=\"Juego de copas de champ\u00e1n 2024 \u2013 2 piezas Perfecta para champ\u00e1n y vinos espumosos secos, frescos y ligeros, la copa de champ\u00e1n GRAPE@RIEDEL 2024 est\u00e1\" \/>\n<meta name=\"robots\" content=\"index, follow, max-snippet:-1, max-image-preview:large, max-video-preview:-1\" \/>\n<link rel=\"canonical\" href=\"https:\/\/www.erresse-shop.it\/es\/shop\/tabla\/vino\/calices\/riedel-set-2-copas-de-chardonnay-gin-tonic-copia-2\/\" \/>\n<meta property=\"og:locale\" content=\"es_ES\" \/>\n<meta property=\"og:type\" content=\"article\" \/>\n<meta property=\"og:title\" content=\"RIEDEL Set de 2 copas de champ\u00e1n\" \/>\n<meta property=\"og:description\" content=\"Juego de copas de champ\u00e1n 2024 \u2013 2 piezas Perfecta para champ\u00e1n y vinos espumosos secos, frescos y ligeros, la copa de champ\u00e1n GRAPE@RIEDEL 2024 est\u00e1\" \/>\n<meta property=\"og:url\" content=\"https:\/\/www.erresse-shop.it\/es\/shop\/tabla\/vino\/calices\/riedel-set-2-copas-de-chardonnay-gin-tonic-copia-2\/\" \/>\n<meta property=\"og:site_name\" content=\"Erresse Shop\" \/>\n<meta property=\"article:modified_time\" content=\"2025-03-20T10:17:51+00:00\" \/>\n<meta property=\"og:image\" content=\"https:\/\/www.erresse-shop.it\/wp-content\/uploads\/2025\/03\/RIEDEL-Set-2-Bicchieri-da-Champagne.jpg\" \/>\n\t<meta property=\"og:image:width\" content=\"1200\" \/>\n\t<meta property=\"og:image:height\" content=\"1200\" \/>\n\t<meta property=\"og:image:type\" content=\"image\/jpeg\" \/>\n<meta name=\"twitter:card\" content=\"summary_large_image\" \/>\n<script type=\"application\/ld+json\" class=\"yoast-schema-graph\">{\"@context\":\"https:\/\/schema.org\",\"@graph\":[{\"@type\":\"WebPage\",\"@id\":\"https:\/\/www.erresse-shop.it\/es\/shop\/tabla\/vino\/calices\/riedel-set-2-copas-de-chardonnay-gin-tonic-copia-2\/\",\"url\":\"https:\/\/www.erresse-shop.it\/es\/shop\/tabla\/vino\/calices\/riedel-set-2-copas-de-chardonnay-gin-tonic-copia-2\/\",\"name\":\"RIEDEL Set de 2 copas de champ\u00e1n - Erresse Shop\",\"isPartOf\":{\"@id\":\"https:\/\/www.erresse-shop.it\/es\/#website\"},\"datePublished\":\"2025-03-20T10:08:12+00:00\",\"dateModified\":\"2025-03-20T10:17:51+00:00\",\"description\":\"Juego de copas de champ\u00e1n 2024 \u2013 2 piezas Perfecta para champ\u00e1n y vinos espumosos secos, frescos y ligeros, la copa de champ\u00e1n GRAPE@RIEDEL 2024 est\u00e1\",\"breadcrumb\":{\"@id\":\"https:\/\/www.erresse-shop.it\/es\/shop\/tabla\/vino\/calices\/riedel-set-2-copas-de-chardonnay-gin-tonic-copia-2\/#breadcrumb\"},\"inLanguage\":\"es\",\"potentialAction\":[{\"@type\":\"ReadAction\",\"target\":[\"https:\/\/www.erresse-shop.it\/es\/shop\/tabla\/vino\/calices\/riedel-set-2-copas-de-chardonnay-gin-tonic-copia-2\/\"]}]},{\"@type\":\"BreadcrumbList\",\"@id\":\"https:\/\/www.erresse-shop.it\/es\/shop\/tabla\/vino\/calices\/riedel-set-2-copas-de-chardonnay-gin-tonic-copia-2\/#breadcrumb\",\"itemListElement\":[{\"@type\":\"ListItem\",\"position\":1,\"name\":\"Home\",\"item\":\"https:\/\/www.erresse-shop.it\/es\/\"},{\"@type\":\"ListItem\",\"position\":2,\"name\":\"Shop\",\"item\":\"https:\/\/www.erresse-shop.it\/es\/shop\/\"},{\"@type\":\"ListItem\",\"position\":3,\"name\":\"RIEDEL Set de 2 copas de champ\u00e1n\"}]},{\"@type\":\"WebSite\",\"@id\":\"https:\/\/www.erresse-shop.it\/es\/#website\",\"url\":\"https:\/\/www.erresse-shop.it\/es\/\",\"name\":\"Erresse Shop\",\"description\":\"Articoli di qualit\u00e0 per la casa\",\"potentialAction\":[{\"@type\":\"SearchAction\",\"target\":{\"@type\":\"EntryPoint\",\"urlTemplate\":\"https:\/\/www.erresse-shop.it\/es\/?s={search_term_string}\"},\"query-input\":\"required name=search_term_string\"}],\"inLanguage\":\"es\"}]}<\/script>\n<!-- \/ Yoast SEO Premium plugin. -->","yoast_head_json":{"title":"RIEDEL Set de 2 copas de champ\u00e1n - Erresse Shop","description":"Juego de copas de champ\u00e1n 2024 \u2013 2 piezas Perfecta para champ\u00e1n y vinos espumosos secos, frescos y ligeros, la copa de champ\u00e1n GRAPE@RIEDEL 2024 est\u00e1","robots":{"index":"index","follow":"follow","max-snippet":"max-snippet:-1","max-image-preview":"max-image-preview:large","max-video-preview":"max-video-preview:-1"},"canonical":"https:\/\/www.erresse-shop.it\/es\/shop\/tabla\/vino\/calices\/riedel-set-2-copas-de-chardonnay-gin-tonic-copia-2\/","og_locale":"es_ES","og_type":"article","og_title":"RIEDEL Set de 2 copas de champ\u00e1n","og_description":"Juego de copas de champ\u00e1n 2024 \u2013 2 piezas Perfecta para champ\u00e1n y vinos espumosos secos, frescos y ligeros, la copa de champ\u00e1n GRAPE@RIEDEL 2024 est\u00e1","og_url":"https:\/\/www.erresse-shop.it\/es\/shop\/tabla\/vino\/calices\/riedel-set-2-copas-de-chardonnay-gin-tonic-copia-2\/","og_site_name":"Erresse Shop","article_modified_time":"2025-03-20T10:17:51+00:00","og_image":[{"width":1200,"height":1200,"url":"https:\/\/www.erresse-shop.it\/wp-content\/uploads\/2025\/03\/RIEDEL-Set-2-Bicchieri-da-Champagne.jpg","type":"image\/jpeg"}],"twitter_card":"summary_large_image","schema":{"@context":"https:\/\/schema.org","@graph":[{"@type":"WebPage","@id":"https:\/\/www.erresse-shop.it\/es\/shop\/tabla\/vino\/calices\/riedel-set-2-copas-de-chardonnay-gin-tonic-copia-2\/","url":"https:\/\/www.erresse-shop.it\/es\/shop\/tabla\/vino\/calices\/riedel-set-2-copas-de-chardonnay-gin-tonic-copia-2\/","name":"RIEDEL Set de 2 copas de champ\u00e1n - Erresse Shop","isPartOf":{"@id":"https:\/\/www.erresse-shop.it\/es\/#website"},"datePublished":"2025-03-20T10:08:12+00:00","dateModified":"2025-03-20T10:17:51+00:00","description":"Juego de copas de champ\u00e1n 2024 \u2013 2 piezas Perfecta para champ\u00e1n y vinos espumosos secos, frescos y ligeros, la copa de champ\u00e1n GRAPE@RIEDEL 2024 est\u00e1","breadcrumb":{"@id":"https:\/\/www.erresse-shop.it\/es\/shop\/tabla\/vino\/calices\/riedel-set-2-copas-de-chardonnay-gin-tonic-copia-2\/#breadcrumb"},"inLanguage":"es","potentialAction":[{"@type":"ReadAction","target":["https:\/\/www.erresse-shop.it\/es\/shop\/tabla\/vino\/calices\/riedel-set-2-copas-de-chardonnay-gin-tonic-copia-2\/"]}]},{"@type":"BreadcrumbList","@id":"https:\/\/www.erresse-shop.it\/es\/shop\/tabla\/vino\/calices\/riedel-set-2-copas-de-chardonnay-gin-tonic-copia-2\/#breadcrumb","itemListElement":[{"@type":"ListItem","position":1,"name":"Home","item":"https:\/\/www.erresse-shop.it\/es\/"},{"@type":"ListItem","position":2,"name":"Shop","item":"https:\/\/www.erresse-shop.it\/es\/shop\/"},{"@type":"ListItem","position":3,"name":"RIEDEL Set de 2 copas de champ\u00e1n"}]},{"@type":"WebSite","@id":"https:\/\/www.erresse-shop.it\/es\/#website","url":"https:\/\/www.erresse-shop.it\/es\/","name":"Erresse Shop","description":"Articoli di qualit\u00e0 per la casa","potentialAction":[{"@type":"SearchAction","target":{"@type":"EntryPoint","urlTemplate":"https:\/\/www.erresse-shop.it\/es\/?s={search_term_string}"},"query-input":"required name=search_term_string"}],"inLanguage":"es"}]}},"df_price":11.205,"df_sale_price":11.205,"df_regular_price":24.9,"df_image_link":"https:\/\/www.erresse-shop.it\/wp-content\/uploads\/2025\/03\/RIEDEL-Set-2-Bicchieri-da-Champagne-300x300.jpg","_links":{"self":[{"href":"https:\/\/www.erresse-shop.it\/es\/wp-json\/wp\/v2\/product\/481729"}],"collection":[{"href":"https:\/\/www.erresse-shop.it\/es\/wp-json\/wp\/v2\/product"}],"about":[{"href":"https:\/\/www.erresse-shop.it\/es\/wp-json\/wp\/v2\/types\/product"}],"wp:featuredmedia":[{"embeddable":true,"href":"https:\/\/www.erresse-shop.it\/es\/wp-json\/wp\/v2\/media\/481756"}],"wp:attachment":[{"href":"https:\/\/www.erresse-shop.it\/es\/wp-json\/wp\/v2\/media?parent=481729"}],"wp:term":[{"taxonomy":"product_cat","embeddable":true,"href":"https:\/\/www.erresse-shop.it\/es\/wp-json\/wp\/v2\/product_cat?post=481729"},{"taxonomy":"product_tag","embeddable":true,"href":"https:\/\/www.erresse-shop.it\/es\/wp-json\/wp\/v2\/product_tag?post=481729"}],"curies":[{"name":"wp","href":"https:\/\/api.w.org\/{rel}","templated":true}]}}