{"id":481716,"date":"2025-03-20T09:59:59","date_gmt":"2025-03-20T10:00:02","guid":{"rendered":"https:\/\/www.erresse-shop.it\/?post_type=product&#038;p=481716"},"modified":"2025-03-20T10:06:51","modified_gmt":"2025-03-20T10:06:51","slug":"riedel-veritas-set-de-4-copas-riesling-y-decantador-mosel-copia-2","status":"publish","type":"product","link":"https:\/\/www.erresse-shop.it\/es\/shop\/tabla\/vasos\/riedel-veritas-set-de-4-copas-riesling-y-decantador-mosel-copia-2\/","title":{"rendered":"RIEDEL Veritas Set de 4 copas Cabernet y decantador Mosel"},"content":{"rendered":"<p data-start=\"0\" data-end=\"58\"><strong data-start=\"0\" data-end=\"58\">Set de RIEDEL Veritas Cabernet y decantador\u00a0 Mosel \u2013 5 Piezas<\/strong><\/p>\n<p data-start=\"60\" data-end=\"404\">Explora la m\u00e1xima expresi\u00f3n de la cata de vinos con el set RIEDEL Veritas Cabernet, que incluye 4 copas y un decantador Mosel. Perfecto para vinos tintos complejos, con cuerpo y ricos en taninos, la copa Cabernet realza el car\u00e1cter frutal y reduce el amargor de los taninos, creando una experiencia equilibrada, perfecta para cada sorbo.<\/p>\n<p data-start=\"406\" data-end=\"646\">El decantador Mosel, con su ic\u00f3nico impacto visual, es una excelente opci\u00f3n para los amantes del vino que buscan un producto elegante, vers\u00e1til y f\u00e1cil de usar. Su estructura optimizada ayuda a oxigenar el vino, realzando sus cualidades.<\/p>\n<p data-start=\"648\" data-end=\"681\"><strong data-start=\"648\" data-end=\"681\">Caracter\u00edsticas del producto:<\/strong><\/p>\n<ul data-start=\"682\" data-end=\"1053\">\n<li data-start=\"682\" data-end=\"754\">Set de 4 copas RIEDEL Veritas Cabernet y 1 decantador Mosel<\/li>\n<li data-start=\"755\" data-end=\"808\">Fabricado en cristal transparente de alta calidad<\/li>\n<li data-start=\"809\" data-end=\"855\">Copas fabricadas a m\u00e1quina para mayor precisi\u00f3n y durabilidad<\/li>\n<li data-start=\"856\" data-end=\"912\">Decantador con un dise\u00f1o distintivo y funcionalidad avanzada<\/li>\n<li data-start=\"913\" data-end=\"961\">F\u00e1cil mantenimiento, Apto para lavavajillas.<\/li>\n<li data-start=\"962\" data-end=\"1053\">RIEDEL recomienda usar perlas limpiadoras para decantadores para eliminar manchas.<\/li>\n<\/ul>\n<p data-start=\"1055\" data-end=\"1224\" data-is-last-node=\"\" data-is-only-node=\"\">Revolucione su experiencia de cata con este juego que combina belleza, funcionalidad y precisi\u00f3n, creando la copa perfecta para cualquier amante del vino.&lt;\/p<\/p>\n","protected":false},"excerpt":{"rendered":"<p>Set de RIEDEL Veritas Cabernet y decantador\u00a0 Mosel \u2013 5 Piezas Explora la m\u00e1xima expresi\u00f3n de la cata de vinos<\/p>\n","protected":false},"featured_media":481724,"template":"","meta":{"_acf_changed":false,"inline_featured_image":false},"product_cat":[16027,16028],"product_tag":[25090,23912,16119,22552,23353,16117,16610,22557,21823,25023],"acf":[],"yoast_head":"<!-- This site is optimized with the Yoast SEO Premium plugin v18.6 (Yoast SEO v19.13) - https:\/\/yoast.com\/wordpress\/plugins\/seo\/ -->\n<title>RIEDEL Veritas Set de 4 copas Cabernet y decantador Mosel - Erresse Shop<\/title>\n<meta name=\"description\" content=\"Set de RIEDEL Veritas Cabernet y decantador\u00a0 Mosel \u2013 5 Piezas Explora la m\u00e1xima expresi\u00f3n de la cata de vinos con el set RIEDEL Veritas Cabernet, que\" \/>\n<meta name=\"robots\" content=\"index, follow, max-snippet:-1, max-image-preview:large, max-video-preview:-1\" \/>\n<link rel=\"canonical\" href=\"https:\/\/www.erresse-shop.it\/es\/shop\/tabla\/vasos\/riedel-veritas-set-de-4-copas-riesling-y-decantador-mosel-copia-2\/\" \/>\n<meta property=\"og:locale\" content=\"es_ES\" \/>\n<meta property=\"og:type\" content=\"article\" \/>\n<meta property=\"og:title\" content=\"RIEDEL Veritas Set de 4 copas Cabernet y decantador Mosel\" \/>\n<meta property=\"og:description\" content=\"Set de RIEDEL Veritas Cabernet y decantador\u00a0 Mosel \u2013 5 Piezas Explora la m\u00e1xima expresi\u00f3n de la cata de vinos con el set RIEDEL Veritas Cabernet, que\" \/>\n<meta property=\"og:url\" content=\"https:\/\/www.erresse-shop.it\/es\/shop\/tabla\/vasos\/riedel-veritas-set-de-4-copas-riesling-y-decantador-mosel-copia-2\/\" \/>\n<meta property=\"og:site_name\" content=\"Erresse Shop\" \/>\n<meta property=\"article:modified_time\" content=\"2025-03-20T10:06:51+00:00\" \/>\n<meta property=\"og:image\" content=\"https:\/\/www.erresse-shop.it\/wp-content\/uploads\/2025\/03\/RIEDEL-Veritas-Set-4-Calici-Cabernet-e-Decanter-Mosel.jpg\" \/>\n\t<meta property=\"og:image:width\" content=\"1200\" \/>\n\t<meta property=\"og:image:height\" content=\"1200\" \/>\n\t<meta property=\"og:image:type\" content=\"image\/jpeg\" \/>\n<meta name=\"twitter:card\" content=\"summary_large_image\" \/>\n<script type=\"application\/ld+json\" class=\"yoast-schema-graph\">{\"@context\":\"https:\/\/schema.org\",\"@graph\":[{\"@type\":\"WebPage\",\"@id\":\"https:\/\/www.erresse-shop.it\/es\/shop\/tabla\/vasos\/riedel-veritas-set-de-4-copas-riesling-y-decantador-mosel-copia-2\/\",\"url\":\"https:\/\/www.erresse-shop.it\/es\/shop\/tabla\/vasos\/riedel-veritas-set-de-4-copas-riesling-y-decantador-mosel-copia-2\/\",\"name\":\"RIEDEL Veritas Set de 4 copas Cabernet y decantador Mosel - Erresse Shop\",\"isPartOf\":{\"@id\":\"https:\/\/www.erresse-shop.it\/es\/#website\"},\"datePublished\":\"2025-03-20T10:00:02+00:00\",\"dateModified\":\"2025-03-20T10:06:51+00:00\",\"description\":\"Set de RIEDEL Veritas Cabernet y decantador\u00a0 Mosel \u2013 5 Piezas Explora la m\u00e1xima expresi\u00f3n de la cata de vinos con el set RIEDEL Veritas Cabernet, que\",\"breadcrumb\":{\"@id\":\"https:\/\/www.erresse-shop.it\/es\/shop\/tabla\/vasos\/riedel-veritas-set-de-4-copas-riesling-y-decantador-mosel-copia-2\/#breadcrumb\"},\"inLanguage\":\"es\",\"potentialAction\":[{\"@type\":\"ReadAction\",\"target\":[\"https:\/\/www.erresse-shop.it\/es\/shop\/tabla\/vasos\/riedel-veritas-set-de-4-copas-riesling-y-decantador-mosel-copia-2\/\"]}]},{\"@type\":\"BreadcrumbList\",\"@id\":\"https:\/\/www.erresse-shop.it\/es\/shop\/tabla\/vasos\/riedel-veritas-set-de-4-copas-riesling-y-decantador-mosel-copia-2\/#breadcrumb\",\"itemListElement\":[{\"@type\":\"ListItem\",\"position\":1,\"name\":\"Home\",\"item\":\"https:\/\/www.erresse-shop.it\/es\/\"},{\"@type\":\"ListItem\",\"position\":2,\"name\":\"Shop\",\"item\":\"https:\/\/www.erresse-shop.it\/es\/shop\/\"},{\"@type\":\"ListItem\",\"position\":3,\"name\":\"RIEDEL Veritas Set de 4 copas Cabernet y decantador Mosel\"}]},{\"@type\":\"WebSite\",\"@id\":\"https:\/\/www.erresse-shop.it\/es\/#website\",\"url\":\"https:\/\/www.erresse-shop.it\/es\/\",\"name\":\"Erresse Shop\",\"description\":\"Articoli di qualit\u00e0 per la casa\",\"potentialAction\":[{\"@type\":\"SearchAction\",\"target\":{\"@type\":\"EntryPoint\",\"urlTemplate\":\"https:\/\/www.erresse-shop.it\/es\/?s={search_term_string}\"},\"query-input\":\"required name=search_term_string\"}],\"inLanguage\":\"es\"}]}<\/script>\n<!-- \/ Yoast SEO Premium plugin. -->","yoast_head_json":{"title":"RIEDEL Veritas Set de 4 copas Cabernet y decantador Mosel - Erresse Shop","description":"Set de RIEDEL Veritas Cabernet y decantador\u00a0 Mosel \u2013 5 Piezas Explora la m\u00e1xima expresi\u00f3n de la cata de vinos con el set RIEDEL Veritas Cabernet, que","robots":{"index":"index","follow":"follow","max-snippet":"max-snippet:-1","max-image-preview":"max-image-preview:large","max-video-preview":"max-video-preview:-1"},"canonical":"https:\/\/www.erresse-shop.it\/es\/shop\/tabla\/vasos\/riedel-veritas-set-de-4-copas-riesling-y-decantador-mosel-copia-2\/","og_locale":"es_ES","og_type":"article","og_title":"RIEDEL Veritas Set de 4 copas Cabernet y decantador Mosel","og_description":"Set de RIEDEL Veritas Cabernet y decantador\u00a0 Mosel \u2013 5 Piezas Explora la m\u00e1xima expresi\u00f3n de la cata de vinos con el set RIEDEL Veritas Cabernet, que","og_url":"https:\/\/www.erresse-shop.it\/es\/shop\/tabla\/vasos\/riedel-veritas-set-de-4-copas-riesling-y-decantador-mosel-copia-2\/","og_site_name":"Erresse Shop","article_modified_time":"2025-03-20T10:06:51+00:00","og_image":[{"width":1200,"height":1200,"url":"https:\/\/www.erresse-shop.it\/wp-content\/uploads\/2025\/03\/RIEDEL-Veritas-Set-4-Calici-Cabernet-e-Decanter-Mosel.jpg","type":"image\/jpeg"}],"twitter_card":"summary_large_image","schema":{"@context":"https:\/\/schema.org","@graph":[{"@type":"WebPage","@id":"https:\/\/www.erresse-shop.it\/es\/shop\/tabla\/vasos\/riedel-veritas-set-de-4-copas-riesling-y-decantador-mosel-copia-2\/","url":"https:\/\/www.erresse-shop.it\/es\/shop\/tabla\/vasos\/riedel-veritas-set-de-4-copas-riesling-y-decantador-mosel-copia-2\/","name":"RIEDEL Veritas Set de 4 copas Cabernet y decantador Mosel - Erresse Shop","isPartOf":{"@id":"https:\/\/www.erresse-shop.it\/es\/#website"},"datePublished":"2025-03-20T10:00:02+00:00","dateModified":"2025-03-20T10:06:51+00:00","description":"Set de RIEDEL Veritas Cabernet y decantador\u00a0 Mosel \u2013 5 Piezas Explora la m\u00e1xima expresi\u00f3n de la cata de vinos con el set RIEDEL Veritas Cabernet, que","breadcrumb":{"@id":"https:\/\/www.erresse-shop.it\/es\/shop\/tabla\/vasos\/riedel-veritas-set-de-4-copas-riesling-y-decantador-mosel-copia-2\/#breadcrumb"},"inLanguage":"es","potentialAction":[{"@type":"ReadAction","target":["https:\/\/www.erresse-shop.it\/es\/shop\/tabla\/vasos\/riedel-veritas-set-de-4-copas-riesling-y-decantador-mosel-copia-2\/"]}]},{"@type":"BreadcrumbList","@id":"https:\/\/www.erresse-shop.it\/es\/shop\/tabla\/vasos\/riedel-veritas-set-de-4-copas-riesling-y-decantador-mosel-copia-2\/#breadcrumb","itemListElement":[{"@type":"ListItem","position":1,"name":"Home","item":"https:\/\/www.erresse-shop.it\/es\/"},{"@type":"ListItem","position":2,"name":"Shop","item":"https:\/\/www.erresse-shop.it\/es\/shop\/"},{"@type":"ListItem","position":3,"name":"RIEDEL Veritas Set de 4 copas Cabernet y decantador Mosel"}]},{"@type":"WebSite","@id":"https:\/\/www.erresse-shop.it\/es\/#website","url":"https:\/\/www.erresse-shop.it\/es\/","name":"Erresse Shop","description":"Articoli di qualit\u00e0 per la casa","potentialAction":[{"@type":"SearchAction","target":{"@type":"EntryPoint","urlTemplate":"https:\/\/www.erresse-shop.it\/es\/?s={search_term_string}"},"query-input":"required name=search_term_string"}],"inLanguage":"es"}]}},"df_price":51.75,"df_sale_price":51.75,"df_regular_price":115,"df_image_link":"https:\/\/www.erresse-shop.it\/wp-content\/uploads\/2025\/03\/RIEDEL-Veritas-Set-4-Calici-Cabernet-e-Decanter-Mosel-300x300.jpg","_links":{"self":[{"href":"https:\/\/www.erresse-shop.it\/es\/wp-json\/wp\/v2\/product\/481716"}],"collection":[{"href":"https:\/\/www.erresse-shop.it\/es\/wp-json\/wp\/v2\/product"}],"about":[{"href":"https:\/\/www.erresse-shop.it\/es\/wp-json\/wp\/v2\/types\/product"}],"wp:featuredmedia":[{"embeddable":true,"href":"https:\/\/www.erresse-shop.it\/es\/wp-json\/wp\/v2\/media\/481724"}],"wp:attachment":[{"href":"https:\/\/www.erresse-shop.it\/es\/wp-json\/wp\/v2\/media?parent=481716"}],"wp:term":[{"taxonomy":"product_cat","embeddable":true,"href":"https:\/\/www.erresse-shop.it\/es\/wp-json\/wp\/v2\/product_cat?post=481716"},{"taxonomy":"product_tag","embeddable":true,"href":"https:\/\/www.erresse-shop.it\/es\/wp-json\/wp\/v2\/product_tag?post=481716"}],"curies":[{"name":"wp","href":"https:\/\/api.w.org\/{rel}","templated":true}]}}