{"id":481640,"date":"2025-03-20T09:27:39","date_gmt":"2025-03-20T09:27:42","guid":{"rendered":"https:\/\/www.erresse-shop.it\/?post_type=product&#038;p=481640"},"modified":"2026-02-17T10:30:24","modified_gmt":"2026-02-17T10:30:24","slug":"riedel-resort-double-rocks","status":"publish","type":"product","link":"https:\/\/www.erresse-shop.it\/es\/shop\/tabla\/vasos\/riedel-resort-double-rocks\/","title":{"rendered":"RIEDEL Resort Double Rocks"},"content":{"rendered":"<p data-start=\"0\" data-end=\"52\"><strong data-start=\"0\" data-end=\"52\">Set de Vasos RIEDEL Resort Double Rocks \u2013 2 Piezas<\/strong><\/p>\n<p data-start=\"54\" data-end=\"429\">Descubra el lujo y la funcionalidad con el vaso RIEDEL Resort Double Rocks, parte de la innovadora colecci\u00f3n que combina elegancia, resistencia y practicidad. Fabricado en Eastman Tritan\u2122 irrompible, este vaso es ideal para usar al aire libre, junto a la piscina o en spas, ofreciendo el brillo y la claridad del cristal sin riesgo de rotura.<\/p>\n<p data-start=\"431\" data-end=\"709\">Con una capacidad de 411 ml, una altura de 103 mm y un di\u00e1metro de 83 mm, el vaso es perfecto para cualquier ocasi\u00f3n. Su dise\u00f1o apilable facilita su transporte y almacenamiento, mientras que su durabilidad y seguridad alimentaria (libre de BPA) la convierten en una opci\u00f3n confiable.<\/p>\n<p data-start=\"711\" data-end=\"1021\">La colecci\u00f3n RIEDEL Resort combina el dise\u00f1o funcional de la cristaler\u00eda espec\u00edfica para bebidas, creada por Zane Harris, con la durabilidad del material Tritan\u2122. Perfecto para quienes buscan una experiencia al aire libre elegante y segura, Double Rocks es el accesorio ideal para cualquier reuni\u00f3n, brindis o momento de ocio.<\/p>\n<p data-start=\"1023\" data-end=\"1056\"><strong data-start=\"1023\" data-end=\"1056\">Caracter\u00edsticas del producto:<\/strong><\/p>\n<ul data-start=\"1057\" data-end=\"1403\">\n<li data-start=\"1057\" data-end=\"1102\">Set de 2 vasos RIEDEL Resort Double Rocks<\/li>\n<li data-start=\"1103\" data-end=\"1190\">Hecho de Tritan\u2122 irrompible de Eastman, apto para alimentos y sin BPA<\/li>\n<li data-start=\"1191\" data-end=\"1249\">Alta claridad y brillo, resistente a la rotura<\/li>\n<li data-start=\"1250\" data-end=\"1294\">Dise\u00f1o apilable para un almacenamiento c\u00f3modo<\/li>\n<li data-start=\"1295\" data-end=\"1350\">Apto para lavavajillas para un cuidado f\u00e1cil<\/li>\n<\/ul>\n<p data-start=\"1405\" data-end=\"1578\" data-is-last-node=\"\" data-is-only-node=\"\">A\u00f1ada un toque de lujo y durabilidad a sus momentos al aire libre con el juego de rocas dobles RIEDEL Resort, perfecto para cualquier ocasi\u00f3n elegante y pr\u00e1ctica.<\/p>\n","protected":false},"excerpt":{"rendered":"<p>Set de Vasos RIEDEL Resort Double Rocks \u2013 2 Piezas Descubra el lujo y la funcionalidad con el vaso RIEDEL<\/p>\n","protected":false},"featured_media":481672,"template":"","meta":{"_acf_changed":false,"inline_featured_image":false},"product_cat":[16027,16028],"product_tag":[25090,23912,16119,16117,16610,22557,21823,25023],"acf":[],"yoast_head":"<!-- This site is optimized with the Yoast SEO Premium plugin v18.6 (Yoast SEO v19.13) - https:\/\/yoast.com\/wordpress\/plugins\/seo\/ -->\n<title>RIEDEL Resort Double Rocks - Erresse Shop<\/title>\n<meta name=\"description\" content=\"Set de Vasos RIEDEL Resort Double Rocks \u2013 2 Piezas Descubra el lujo y la funcionalidad con el vaso RIEDEL Resort Double Rocks, parte de la innovadora\" \/>\n<meta name=\"robots\" content=\"index, follow, max-snippet:-1, max-image-preview:large, max-video-preview:-1\" \/>\n<link rel=\"canonical\" href=\"https:\/\/www.erresse-shop.it\/es\/shop\/tabla\/vasos\/riedel-resort-double-rocks\/\" \/>\n<meta property=\"og:locale\" content=\"es_ES\" \/>\n<meta property=\"og:type\" content=\"article\" \/>\n<meta property=\"og:title\" content=\"RIEDEL Resort Double Rocks\" \/>\n<meta property=\"og:description\" content=\"Set de Vasos RIEDEL Resort Double Rocks \u2013 2 Piezas Descubra el lujo y la funcionalidad con el vaso RIEDEL Resort Double Rocks, parte de la innovadora\" \/>\n<meta property=\"og:url\" content=\"https:\/\/www.erresse-shop.it\/es\/shop\/tabla\/vasos\/riedel-resort-double-rocks\/\" \/>\n<meta property=\"og:site_name\" content=\"Erresse Shop\" \/>\n<meta property=\"article:modified_time\" content=\"2026-02-17T10:30:24+00:00\" \/>\n<meta property=\"og:image\" content=\"https:\/\/www.erresse-shop.it\/wp-content\/uploads\/2025\/03\/RIEDEL-Resort-Double-Rocks.jpg\" \/>\n\t<meta property=\"og:image:width\" content=\"1200\" \/>\n\t<meta property=\"og:image:height\" content=\"1200\" \/>\n\t<meta property=\"og:image:type\" content=\"image\/jpeg\" \/>\n<meta name=\"twitter:card\" content=\"summary_large_image\" \/>\n<script type=\"application\/ld+json\" class=\"yoast-schema-graph\">{\"@context\":\"https:\/\/schema.org\",\"@graph\":[{\"@type\":\"WebPage\",\"@id\":\"https:\/\/www.erresse-shop.it\/es\/shop\/tabla\/vasos\/riedel-resort-double-rocks\/\",\"url\":\"https:\/\/www.erresse-shop.it\/es\/shop\/tabla\/vasos\/riedel-resort-double-rocks\/\",\"name\":\"RIEDEL Resort Double Rocks - Erresse Shop\",\"isPartOf\":{\"@id\":\"https:\/\/www.erresse-shop.it\/es\/#website\"},\"datePublished\":\"2025-03-20T09:27:42+00:00\",\"dateModified\":\"2026-02-17T10:30:24+00:00\",\"description\":\"Set de Vasos RIEDEL Resort Double Rocks \u2013 2 Piezas Descubra el lujo y la funcionalidad con el vaso RIEDEL Resort Double Rocks, parte de la innovadora\",\"breadcrumb\":{\"@id\":\"https:\/\/www.erresse-shop.it\/es\/shop\/tabla\/vasos\/riedel-resort-double-rocks\/#breadcrumb\"},\"inLanguage\":\"es\",\"potentialAction\":[{\"@type\":\"ReadAction\",\"target\":[\"https:\/\/www.erresse-shop.it\/es\/shop\/tabla\/vasos\/riedel-resort-double-rocks\/\"]}]},{\"@type\":\"BreadcrumbList\",\"@id\":\"https:\/\/www.erresse-shop.it\/es\/shop\/tabla\/vasos\/riedel-resort-double-rocks\/#breadcrumb\",\"itemListElement\":[{\"@type\":\"ListItem\",\"position\":1,\"name\":\"Home\",\"item\":\"https:\/\/www.erresse-shop.it\/es\/\"},{\"@type\":\"ListItem\",\"position\":2,\"name\":\"Shop\",\"item\":\"https:\/\/www.erresse-shop.it\/es\/shop\/\"},{\"@type\":\"ListItem\",\"position\":3,\"name\":\"RIEDEL Resort Double Rocks\"}]},{\"@type\":\"WebSite\",\"@id\":\"https:\/\/www.erresse-shop.it\/es\/#website\",\"url\":\"https:\/\/www.erresse-shop.it\/es\/\",\"name\":\"Erresse Shop\",\"description\":\"Articoli di qualit\u00e0 per la casa\",\"potentialAction\":[{\"@type\":\"SearchAction\",\"target\":{\"@type\":\"EntryPoint\",\"urlTemplate\":\"https:\/\/www.erresse-shop.it\/es\/?s={search_term_string}\"},\"query-input\":\"required name=search_term_string\"}],\"inLanguage\":\"es\"}]}<\/script>\n<!-- \/ Yoast SEO Premium plugin. -->","yoast_head_json":{"title":"RIEDEL Resort Double Rocks - Erresse Shop","description":"Set de Vasos RIEDEL Resort Double Rocks \u2013 2 Piezas Descubra el lujo y la funcionalidad con el vaso RIEDEL Resort Double Rocks, parte de la innovadora","robots":{"index":"index","follow":"follow","max-snippet":"max-snippet:-1","max-image-preview":"max-image-preview:large","max-video-preview":"max-video-preview:-1"},"canonical":"https:\/\/www.erresse-shop.it\/es\/shop\/tabla\/vasos\/riedel-resort-double-rocks\/","og_locale":"es_ES","og_type":"article","og_title":"RIEDEL Resort Double Rocks","og_description":"Set de Vasos RIEDEL Resort Double Rocks \u2013 2 Piezas Descubra el lujo y la funcionalidad con el vaso RIEDEL Resort Double Rocks, parte de la innovadora","og_url":"https:\/\/www.erresse-shop.it\/es\/shop\/tabla\/vasos\/riedel-resort-double-rocks\/","og_site_name":"Erresse Shop","article_modified_time":"2026-02-17T10:30:24+00:00","og_image":[{"width":1200,"height":1200,"url":"https:\/\/www.erresse-shop.it\/wp-content\/uploads\/2025\/03\/RIEDEL-Resort-Double-Rocks.jpg","type":"image\/jpeg"}],"twitter_card":"summary_large_image","schema":{"@context":"https:\/\/schema.org","@graph":[{"@type":"WebPage","@id":"https:\/\/www.erresse-shop.it\/es\/shop\/tabla\/vasos\/riedel-resort-double-rocks\/","url":"https:\/\/www.erresse-shop.it\/es\/shop\/tabla\/vasos\/riedel-resort-double-rocks\/","name":"RIEDEL Resort Double Rocks - Erresse Shop","isPartOf":{"@id":"https:\/\/www.erresse-shop.it\/es\/#website"},"datePublished":"2025-03-20T09:27:42+00:00","dateModified":"2026-02-17T10:30:24+00:00","description":"Set de Vasos RIEDEL Resort Double Rocks \u2013 2 Piezas Descubra el lujo y la funcionalidad con el vaso RIEDEL Resort Double Rocks, parte de la innovadora","breadcrumb":{"@id":"https:\/\/www.erresse-shop.it\/es\/shop\/tabla\/vasos\/riedel-resort-double-rocks\/#breadcrumb"},"inLanguage":"es","potentialAction":[{"@type":"ReadAction","target":["https:\/\/www.erresse-shop.it\/es\/shop\/tabla\/vasos\/riedel-resort-double-rocks\/"]}]},{"@type":"BreadcrumbList","@id":"https:\/\/www.erresse-shop.it\/es\/shop\/tabla\/vasos\/riedel-resort-double-rocks\/#breadcrumb","itemListElement":[{"@type":"ListItem","position":1,"name":"Home","item":"https:\/\/www.erresse-shop.it\/es\/"},{"@type":"ListItem","position":2,"name":"Shop","item":"https:\/\/www.erresse-shop.it\/es\/shop\/"},{"@type":"ListItem","position":3,"name":"RIEDEL Resort Double Rocks"}]},{"@type":"WebSite","@id":"https:\/\/www.erresse-shop.it\/es\/#website","url":"https:\/\/www.erresse-shop.it\/es\/","name":"Erresse Shop","description":"Articoli di qualit\u00e0 per la casa","potentialAction":[{"@type":"SearchAction","target":{"@type":"EntryPoint","urlTemplate":"https:\/\/www.erresse-shop.it\/es\/?s={search_term_string}"},"query-input":"required name=search_term_string"}],"inLanguage":"es"}]}},"df_price":20.25,"df_sale_price":20.25,"df_regular_price":45,"df_image_link":"https:\/\/www.erresse-shop.it\/wp-content\/uploads\/2025\/03\/RIEDEL-Resort-Double-Rocks-300x300.jpg","_links":{"self":[{"href":"https:\/\/www.erresse-shop.it\/es\/wp-json\/wp\/v2\/product\/481640"}],"collection":[{"href":"https:\/\/www.erresse-shop.it\/es\/wp-json\/wp\/v2\/product"}],"about":[{"href":"https:\/\/www.erresse-shop.it\/es\/wp-json\/wp\/v2\/types\/product"}],"wp:featuredmedia":[{"embeddable":true,"href":"https:\/\/www.erresse-shop.it\/es\/wp-json\/wp\/v2\/media\/481672"}],"wp:attachment":[{"href":"https:\/\/www.erresse-shop.it\/es\/wp-json\/wp\/v2\/media?parent=481640"}],"wp:term":[{"taxonomy":"product_cat","embeddable":true,"href":"https:\/\/www.erresse-shop.it\/es\/wp-json\/wp\/v2\/product_cat?post=481640"},{"taxonomy":"product_tag","embeddable":true,"href":"https:\/\/www.erresse-shop.it\/es\/wp-json\/wp\/v2\/product_tag?post=481640"}],"curies":[{"name":"wp","href":"https:\/\/api.w.org\/{rel}","templated":true}]}}