{"id":481599,"date":"2025-03-20T09:07:43","date_gmt":"2025-03-20T09:07:46","guid":{"rendered":"https:\/\/www.erresse-shop.it\/?post_type=product&#038;p=481599"},"modified":"2026-02-17T10:32:58","modified_gmt":"2026-02-17T10:32:58","slug":"riedel-set-summer-drinks","status":"publish","type":"product","link":"https:\/\/www.erresse-shop.it\/es\/shop\/tabla\/vasos\/riedel-set-summer-drinks\/","title":{"rendered":"RIEDEL Set Summer Drinks"},"content":{"rendered":"<article class=\"grupo\/turno w-completo texto-token-texto-principal foco-visible:contorno-2 foco-visible:desplazamiento-contorno-[-4px]\" dir=\"auto\" tabindex=\"-1\" data-testid=\"turno-conversaci\u00f3n-10\" data-scroll-anchor=\"true\">\n<div class=\"text-base my-auto mx-auto py-[18px] px-6\">\n<div class=\"mx-auto flex flex-1 text-base gap-4 md:gap-5 lg:gap-6 md:max-w-3xl\">\n<div class=\"grupo\/turno-conversaci\u00f3n flex relativo w-completo min-w-0 flex-col agente-turno @xs\/hilo:px-0 @sm\/hilo:px-1.5 @md\/hilo:px-4\">\n<div class=\"flex-col gap-1 md:gap-3\">\n<div class=\"flex m\u00e1x.-ancho-completo columna-flexible crecimiento-flexible\">\n<div class=\"m\u00edn.-h.-8 mensaje-de-texto relativo flex.ancho-completo columna-flexible fin-de-elementos espacio-en-blanco-normal palabras-de-salto inicio-de-texto [.mensaje-de-texto+&amp;]:mt-5\" dir=\"auto\">\n<div class=\"flex.ancho-completo columna-flexible espacio-en-blanco-1 vac\u00edo:oculto primero:pt-[3px]\">\n<div class=\"prosa-markdown.ancho-completo palabras-de-salto oscuro:prosa-invertida oscuro\">\n<p><strong data-end=\"59\">set de Copas para C\u00f3ctel y Aperitivo RIEDEL \u2013 4 Piezas<\/strong><\/p>\n<p data-start=\"61\" data-end=\"391\">Haz que tus bebidas y aperitivos de verano sean especiales con este elegante juego, dise\u00f1ado para servir a la perfecci\u00f3n tus bebidas favoritas en cualquier ocasi\u00f3n. El juego incluye copas ideales para degustar vino blanco, champ\u00e1n y c\u00f3cteles spritz, garantizando una experiencia de degustaci\u00f3n agradable y con estilo.<\/p>\n<p data-start=\"393\" data-end=\"792\">Perfecto para preparar c\u00f3cteles elegantes, servir aperitivos refrescantes, degustar un vino blanco espumoso o disfrutar de un gin-tonic cl\u00e1sico, cada copa est\u00e1 dise\u00f1ada para realzar las caracter\u00edsticas \u00fanicas de cada bebida. Con un dise\u00f1o vers\u00e1til y refinado, este juego es imprescindible para cualquier amante de las bebidas, ideal para el hogar o como regalo perfecto para los amantes de los c\u00f3cteles y las bebidas espirituosas.<\/p>\n<p data-start=\"794\" data-end=\"827\"><strong data-start=\"794\" data-end=\"827\">Caracter\u00edsticas del producto:<\/strong><\/p>\n<ul data-start=\"828\" data-end=\"1190\">\n<li data-start=\"828\" data-end=\"915\">set de 4 copas perfecto para c\u00f3cteles, aperitivos, vino blanco y champ\u00e1n<\/li>\n<li data-start=\"916\" data-end=\"969\">Hecho en cristal transparente de alta calidad<\/li>\n<li data-start=\"970\" data-end=\"1019\">Hecho a m\u00e1quina para una precisi\u00f3n impecable<\/li>\n<li data-start=\"1020\" data-end=\"1075\">Apto para lavavajillas para un f\u00e1cil mantenimiento<\/li>\n<li data-start=\"1076\" data-end=\"1139\">Dise\u00f1o vers\u00e1til, ideal para c\u00f3cteles, aperitivos y licores<\/li>\n<li data-start=\"1140\" data-end=\"1190\">Perfecto para usar en casa o como un elegante regalo<\/li>\n<\/ul>\n<p data-start=\"1192\" data-end=\"1466\" data-is-last-node=\"\" data-is-only-node=\"\">Lleva tus bebidas a otro nivel con el set RIEDEL para mezclas, licores y c\u00f3cteles. Con una gama de estilos para todos los gustos, este juego ser\u00e1 el compa\u00f1ero perfecto para cualquier ocasi\u00f3n, a\u00f1adiendo estilo y sofisticaci\u00f3n a tus momentos de relax.<\/p>\n<\/div>\n<\/div>\n<\/div>\n<\/div>\n<\/div>\n<\/div>\n<\/div>\n<\/div>\n<\/article>\n<p data-start=\"1366\" data-end=\"1628\" data-is-last-node=\"\" data-is-only-node=\"\">Capacidad: 550,0 ccm<br \/>\nAltura: 236,0 mm<\/p>\n","protected":false},"excerpt":{"rendered":"<p>set de Copas para C\u00f3ctel y Aperitivo RIEDEL \u2013 4 Piezas Haz que tus bebidas y aperitivos de verano sean<\/p>\n","protected":false},"featured_media":481631,"template":"","meta":{"_acf_changed":false,"inline_featured_image":false},"product_cat":[16027,16028],"product_tag":[25090,23912,16319,17757,16119,16117,16610,22557,21823,25023],"acf":[],"yoast_head":"<!-- This site is optimized with the Yoast SEO Premium plugin v18.6 (Yoast SEO v19.13) - https:\/\/yoast.com\/wordpress\/plugins\/seo\/ -->\n<title>RIEDEL Set Summer Drinks - Erresse Shop<\/title>\n<meta name=\"description\" content=\"set de Copas para C\u00f3ctel y Aperitivo RIEDEL \u2013 4 Piezas Haz que tus bebidas y aperitivos de verano sean especiales con este elegante juego, dise\u00f1ado para\" \/>\n<meta name=\"robots\" content=\"index, follow, max-snippet:-1, max-image-preview:large, max-video-preview:-1\" \/>\n<link rel=\"canonical\" href=\"https:\/\/www.erresse-shop.it\/es\/shop\/tabla\/vasos\/riedel-set-summer-drinks\/\" \/>\n<meta property=\"og:locale\" content=\"es_ES\" \/>\n<meta property=\"og:type\" content=\"article\" \/>\n<meta property=\"og:title\" content=\"RIEDEL Set Summer Drinks\" \/>\n<meta property=\"og:description\" content=\"set de Copas para C\u00f3ctel y Aperitivo RIEDEL \u2013 4 Piezas Haz que tus bebidas y aperitivos de verano sean especiales con este elegante juego, dise\u00f1ado para\" \/>\n<meta property=\"og:url\" content=\"https:\/\/www.erresse-shop.it\/es\/shop\/tabla\/vasos\/riedel-set-summer-drinks\/\" \/>\n<meta property=\"og:site_name\" content=\"Erresse Shop\" \/>\n<meta property=\"article:modified_time\" content=\"2026-02-17T10:32:58+00:00\" \/>\n<meta property=\"og:image\" content=\"https:\/\/www.erresse-shop.it\/wp-content\/uploads\/2025\/03\/RIEDEL-Set-Summer-Drinks.jpg\" \/>\n\t<meta property=\"og:image:width\" content=\"1200\" \/>\n\t<meta property=\"og:image:height\" content=\"1200\" \/>\n\t<meta property=\"og:image:type\" content=\"image\/jpeg\" \/>\n<meta name=\"twitter:card\" content=\"summary_large_image\" \/>\n<script type=\"application\/ld+json\" class=\"yoast-schema-graph\">{\"@context\":\"https:\/\/schema.org\",\"@graph\":[{\"@type\":\"WebPage\",\"@id\":\"https:\/\/www.erresse-shop.it\/es\/shop\/tabla\/vasos\/riedel-set-summer-drinks\/\",\"url\":\"https:\/\/www.erresse-shop.it\/es\/shop\/tabla\/vasos\/riedel-set-summer-drinks\/\",\"name\":\"RIEDEL Set Summer Drinks - Erresse Shop\",\"isPartOf\":{\"@id\":\"https:\/\/www.erresse-shop.it\/es\/#website\"},\"datePublished\":\"2025-03-20T09:07:46+00:00\",\"dateModified\":\"2026-02-17T10:32:58+00:00\",\"description\":\"set de Copas para C\u00f3ctel y Aperitivo RIEDEL \u2013 4 Piezas Haz que tus bebidas y aperitivos de verano sean especiales con este elegante juego, dise\u00f1ado para\",\"breadcrumb\":{\"@id\":\"https:\/\/www.erresse-shop.it\/es\/shop\/tabla\/vasos\/riedel-set-summer-drinks\/#breadcrumb\"},\"inLanguage\":\"es\",\"potentialAction\":[{\"@type\":\"ReadAction\",\"target\":[\"https:\/\/www.erresse-shop.it\/es\/shop\/tabla\/vasos\/riedel-set-summer-drinks\/\"]}]},{\"@type\":\"BreadcrumbList\",\"@id\":\"https:\/\/www.erresse-shop.it\/es\/shop\/tabla\/vasos\/riedel-set-summer-drinks\/#breadcrumb\",\"itemListElement\":[{\"@type\":\"ListItem\",\"position\":1,\"name\":\"Home\",\"item\":\"https:\/\/www.erresse-shop.it\/es\/\"},{\"@type\":\"ListItem\",\"position\":2,\"name\":\"Shop\",\"item\":\"https:\/\/www.erresse-shop.it\/es\/shop\/\"},{\"@type\":\"ListItem\",\"position\":3,\"name\":\"RIEDEL Set Summer Drinks\"}]},{\"@type\":\"WebSite\",\"@id\":\"https:\/\/www.erresse-shop.it\/es\/#website\",\"url\":\"https:\/\/www.erresse-shop.it\/es\/\",\"name\":\"Erresse Shop\",\"description\":\"Articoli di qualit\u00e0 per la casa\",\"potentialAction\":[{\"@type\":\"SearchAction\",\"target\":{\"@type\":\"EntryPoint\",\"urlTemplate\":\"https:\/\/www.erresse-shop.it\/es\/?s={search_term_string}\"},\"query-input\":\"required name=search_term_string\"}],\"inLanguage\":\"es\"}]}<\/script>\n<!-- \/ Yoast SEO Premium plugin. -->","yoast_head_json":{"title":"RIEDEL Set Summer Drinks - Erresse Shop","description":"set de Copas para C\u00f3ctel y Aperitivo RIEDEL \u2013 4 Piezas Haz que tus bebidas y aperitivos de verano sean especiales con este elegante juego, dise\u00f1ado para","robots":{"index":"index","follow":"follow","max-snippet":"max-snippet:-1","max-image-preview":"max-image-preview:large","max-video-preview":"max-video-preview:-1"},"canonical":"https:\/\/www.erresse-shop.it\/es\/shop\/tabla\/vasos\/riedel-set-summer-drinks\/","og_locale":"es_ES","og_type":"article","og_title":"RIEDEL Set Summer Drinks","og_description":"set de Copas para C\u00f3ctel y Aperitivo RIEDEL \u2013 4 Piezas Haz que tus bebidas y aperitivos de verano sean especiales con este elegante juego, dise\u00f1ado para","og_url":"https:\/\/www.erresse-shop.it\/es\/shop\/tabla\/vasos\/riedel-set-summer-drinks\/","og_site_name":"Erresse Shop","article_modified_time":"2026-02-17T10:32:58+00:00","og_image":[{"width":1200,"height":1200,"url":"https:\/\/www.erresse-shop.it\/wp-content\/uploads\/2025\/03\/RIEDEL-Set-Summer-Drinks.jpg","type":"image\/jpeg"}],"twitter_card":"summary_large_image","schema":{"@context":"https:\/\/schema.org","@graph":[{"@type":"WebPage","@id":"https:\/\/www.erresse-shop.it\/es\/shop\/tabla\/vasos\/riedel-set-summer-drinks\/","url":"https:\/\/www.erresse-shop.it\/es\/shop\/tabla\/vasos\/riedel-set-summer-drinks\/","name":"RIEDEL Set Summer Drinks - Erresse Shop","isPartOf":{"@id":"https:\/\/www.erresse-shop.it\/es\/#website"},"datePublished":"2025-03-20T09:07:46+00:00","dateModified":"2026-02-17T10:32:58+00:00","description":"set de Copas para C\u00f3ctel y Aperitivo RIEDEL \u2013 4 Piezas Haz que tus bebidas y aperitivos de verano sean especiales con este elegante juego, dise\u00f1ado para","breadcrumb":{"@id":"https:\/\/www.erresse-shop.it\/es\/shop\/tabla\/vasos\/riedel-set-summer-drinks\/#breadcrumb"},"inLanguage":"es","potentialAction":[{"@type":"ReadAction","target":["https:\/\/www.erresse-shop.it\/es\/shop\/tabla\/vasos\/riedel-set-summer-drinks\/"]}]},{"@type":"BreadcrumbList","@id":"https:\/\/www.erresse-shop.it\/es\/shop\/tabla\/vasos\/riedel-set-summer-drinks\/#breadcrumb","itemListElement":[{"@type":"ListItem","position":1,"name":"Home","item":"https:\/\/www.erresse-shop.it\/es\/"},{"@type":"ListItem","position":2,"name":"Shop","item":"https:\/\/www.erresse-shop.it\/es\/shop\/"},{"@type":"ListItem","position":3,"name":"RIEDEL Set Summer Drinks"}]},{"@type":"WebSite","@id":"https:\/\/www.erresse-shop.it\/es\/#website","url":"https:\/\/www.erresse-shop.it\/es\/","name":"Erresse Shop","description":"Articoli di qualit\u00e0 per la casa","potentialAction":[{"@type":"SearchAction","target":{"@type":"EntryPoint","urlTemplate":"https:\/\/www.erresse-shop.it\/es\/?s={search_term_string}"},"query-input":"required name=search_term_string"}],"inLanguage":"es"}]}},"df_price":16.875,"df_sale_price":16.875,"df_regular_price":37.5,"df_image_link":"https:\/\/www.erresse-shop.it\/wp-content\/uploads\/2025\/03\/RIEDEL-Set-Summer-Drinks-300x300.jpg","_links":{"self":[{"href":"https:\/\/www.erresse-shop.it\/es\/wp-json\/wp\/v2\/product\/481599"}],"collection":[{"href":"https:\/\/www.erresse-shop.it\/es\/wp-json\/wp\/v2\/product"}],"about":[{"href":"https:\/\/www.erresse-shop.it\/es\/wp-json\/wp\/v2\/types\/product"}],"wp:featuredmedia":[{"embeddable":true,"href":"https:\/\/www.erresse-shop.it\/es\/wp-json\/wp\/v2\/media\/481631"}],"wp:attachment":[{"href":"https:\/\/www.erresse-shop.it\/es\/wp-json\/wp\/v2\/media?parent=481599"}],"wp:term":[{"taxonomy":"product_cat","embeddable":true,"href":"https:\/\/www.erresse-shop.it\/es\/wp-json\/wp\/v2\/product_cat?post=481599"},{"taxonomy":"product_tag","embeddable":true,"href":"https:\/\/www.erresse-shop.it\/es\/wp-json\/wp\/v2\/product_tag?post=481599"}],"curies":[{"name":"wp","href":"https:\/\/api.w.org\/{rel}","templated":true}]}}