{"id":481565,"date":"2025-03-20T08:50:13","date_gmt":"2025-03-20T08:50:27","guid":{"rendered":"https:\/\/www.erresse-shop.it\/?post_type=product&#038;p=481565"},"modified":"2026-02-17T10:35:01","modified_gmt":"2026-02-17T10:35:01","slug":"riedel-ouverture-vasos-de-cerveza","status":"publish","type":"product","link":"https:\/\/www.erresse-shop.it\/es\/shop\/tabla\/vasos\/riedel-ouverture-vasos-de-cerveza\/","title":{"rendered":"RIEDEL Ouverture Vasos de cerveza"},"content":{"rendered":"<article class=\"grupo\/turno w-completo texto-token-texto-principal foco-visible:contorno-2 foco-visible:desplazamiento-contorno-[-4px]\" dir=\"auto\" tabindex=\"-1\" data-testid=\"turno-conversaci\u00f3n-10\" data-scroll-anchor=\"true\">\n<div class=\"text-base my-auto mx-auto py-[18px] px-6\">\n<div class=\"mx-auto flex flex-1 text-base gap-4 md:gap-5 lg:gap-6 md:max-w-3xl\">\n<div class=\"grupo\/turno-conversaci\u00f3n flex relativo w-completo min-w-0 flex-col agente-turno @xs\/hilo:px-0 @sm\/hilo:px-1.5 @md\/hilo:px-4\">\n<div class=\"flex-col gap-1 md:gap-3\">\n<div class=\"flex m\u00e1x.-ancho-completo columna-flexible crecimiento-flexible\">\n<div class=\"m\u00edn.-h.-8 mensaje-de-texto relativo flex.ancho-completo columna-flexible fin-de-elementos espacio-en-blanco-normal palabras-de-salto inicio-de-texto [.mensaje-de-texto+&amp;]:mt-5\" dir=\"auto\">\n<div class=\"flex.ancho-completo columna-flexible espacio-en-blanco-1 vac\u00edo:oculto primero:pt-[3px]\">\n<div class=\"markdown prosa.ancho-completo palabras-de-salto oscuro:prosa-invertida oscuro\">\n<p><strong data-end=\"53\">set de Vasos de Cerveza RIEDEL Ouverture \u2013 2 Piezas<\/strong><\/p>\n<p data-start=\"55\" data-end=\"422\">Mejora tu experiencia de cata con el vaso de cerveza RIEDEL Ouverture, perfecto para revelar el color, desarrollar el aroma y prolongar la sensaci\u00f3n en boca. Su forma de tulip\u00e1n est\u00e1 dise\u00f1ada para capturar toda la gama de aromas de la cerveza, disipa el exceso de carbonataci\u00f3n y ayuda a mantener la espuma, realzando cada sorbo.<\/p>\n<p data-start=\"424\" data-end=\"713\">Perteneciente a la serie RIEDEL Ouverture, este vaso est\u00e1 dise\u00f1ado para quienes buscan calidad sin necesidad de especializarse en una sola variedad de uva. Ouverture ofrece copas vers\u00e1tiles para vino, cerveza y licores, todas de cristal transparente, para una degustaci\u00f3n perfecta en todo momento.<\/p>\n<p data-start=\"715\" data-end=\"748\"><strong data-start=\"715\" data-end=\"748\">Caracter\u00edsticas del producto:<\/strong><\/p>\n<ul data-start=\"749\" data-end=\"1118\">\n<li data-start=\"749\" data-end=\"804\">set de 2 vasos de cerveza RIEDEL Ouverture<\/li>\n<li data-start=\"805\" data-end=\"884\">Forma de tulip\u00e1n para capturar los aromas y prolongar la sensaci\u00f3n en el paladar<\/li>\n<li data-start=\"885\" data-end=\"938\">Hechos de cristal transparente de alta calidad<\/li>\n<li data-start=\"939\" data-end=\"988\">Hechos a m\u00e1quina para una precisi\u00f3n impecable<\/li>\n<li data-start=\"989\" data-end=\"1044\">Apto para lavavajillas para un f\u00e1cil mantenimiento<\/li>\n<li data-start=\"1045\" data-end=\"1118\">Perfecto para quienes buscan vasos vers\u00e1tiles para cerveza, vino y licores<\/li>\n<\/ul>\n<p data-start=\"1120\" data-end=\"1254\" data-is-last-node=\"\" data-is-only-node=\"\">A\u00f1ade el juego RIEDEL Ouverture a tu colecci\u00f3n para disfrutar de cerveza, vino y licores con la m\u00e1xima comodidad y calidad.<\/p>\n<\/div>\n<\/div>\n<\/div>\n<\/div>\n<\/div>\n<\/div>\n<\/div>\n<\/div>\n<\/article>\n<p data-start=\"1366\" data-end=\"1628\" data-is-last-node=\"\" data-is-only-node=\"\">Capacidad: 500,0 cc<br \/>\nAltura: 170,0 mm<\/p>\n","protected":false},"excerpt":{"rendered":"<p>set de Vasos de Cerveza RIEDEL Ouverture \u2013 2 Piezas Mejora tu experiencia de cata con el vaso de cerveza<\/p>\n","protected":false},"featured_media":481591,"template":"","meta":{"_acf_changed":false,"inline_featured_image":false},"product_cat":[16027,16028],"product_tag":[25090,23912,16319,17757,16119,16117,16610,22557,21823,25023],"acf":[],"yoast_head":"<!-- This site is optimized with the Yoast SEO Premium plugin v18.6 (Yoast SEO v19.13) - https:\/\/yoast.com\/wordpress\/plugins\/seo\/ -->\n<title>RIEDEL Ouverture Vasos de cerveza - Erresse Shop<\/title>\n<meta name=\"description\" content=\"set de Vasos de Cerveza RIEDEL Ouverture \u2013 2 Piezas Mejora tu experiencia de cata con el vaso de cerveza RIEDEL Ouverture, perfecto para revelar el color,\" \/>\n<meta name=\"robots\" content=\"index, follow, max-snippet:-1, max-image-preview:large, max-video-preview:-1\" \/>\n<link rel=\"canonical\" href=\"https:\/\/www.erresse-shop.it\/es\/shop\/tabla\/vasos\/riedel-ouverture-vasos-de-cerveza\/\" \/>\n<meta property=\"og:locale\" content=\"es_ES\" \/>\n<meta property=\"og:type\" content=\"article\" \/>\n<meta property=\"og:title\" content=\"RIEDEL Ouverture Vasos de cerveza\" \/>\n<meta property=\"og:description\" content=\"set de Vasos de Cerveza RIEDEL Ouverture \u2013 2 Piezas Mejora tu experiencia de cata con el vaso de cerveza RIEDEL Ouverture, perfecto para revelar el color,\" \/>\n<meta property=\"og:url\" content=\"https:\/\/www.erresse-shop.it\/es\/shop\/tabla\/vasos\/riedel-ouverture-vasos-de-cerveza\/\" \/>\n<meta property=\"og:site_name\" content=\"Erresse Shop\" \/>\n<meta property=\"article:modified_time\" content=\"2026-02-17T10:35:01+00:00\" \/>\n<meta property=\"og:image\" content=\"https:\/\/www.erresse-shop.it\/wp-content\/uploads\/2025\/03\/RIEDEL-Ouverture-Bicchieri-Birra.jpg\" \/>\n\t<meta property=\"og:image:width\" content=\"1200\" \/>\n\t<meta property=\"og:image:height\" content=\"1200\" \/>\n\t<meta property=\"og:image:type\" content=\"image\/jpeg\" \/>\n<meta name=\"twitter:card\" content=\"summary_large_image\" \/>\n<script type=\"application\/ld+json\" class=\"yoast-schema-graph\">{\"@context\":\"https:\/\/schema.org\",\"@graph\":[{\"@type\":\"WebPage\",\"@id\":\"https:\/\/www.erresse-shop.it\/es\/shop\/tabla\/vasos\/riedel-ouverture-vasos-de-cerveza\/\",\"url\":\"https:\/\/www.erresse-shop.it\/es\/shop\/tabla\/vasos\/riedel-ouverture-vasos-de-cerveza\/\",\"name\":\"RIEDEL Ouverture Vasos de cerveza - Erresse Shop\",\"isPartOf\":{\"@id\":\"https:\/\/www.erresse-shop.it\/es\/#website\"},\"datePublished\":\"2025-03-20T08:50:27+00:00\",\"dateModified\":\"2026-02-17T10:35:01+00:00\",\"description\":\"set de Vasos de Cerveza RIEDEL Ouverture \u2013 2 Piezas Mejora tu experiencia de cata con el vaso de cerveza RIEDEL Ouverture, perfecto para revelar el color,\",\"breadcrumb\":{\"@id\":\"https:\/\/www.erresse-shop.it\/es\/shop\/tabla\/vasos\/riedel-ouverture-vasos-de-cerveza\/#breadcrumb\"},\"inLanguage\":\"es\",\"potentialAction\":[{\"@type\":\"ReadAction\",\"target\":[\"https:\/\/www.erresse-shop.it\/es\/shop\/tabla\/vasos\/riedel-ouverture-vasos-de-cerveza\/\"]}]},{\"@type\":\"BreadcrumbList\",\"@id\":\"https:\/\/www.erresse-shop.it\/es\/shop\/tabla\/vasos\/riedel-ouverture-vasos-de-cerveza\/#breadcrumb\",\"itemListElement\":[{\"@type\":\"ListItem\",\"position\":1,\"name\":\"Home\",\"item\":\"https:\/\/www.erresse-shop.it\/es\/\"},{\"@type\":\"ListItem\",\"position\":2,\"name\":\"Shop\",\"item\":\"https:\/\/www.erresse-shop.it\/es\/shop\/\"},{\"@type\":\"ListItem\",\"position\":3,\"name\":\"RIEDEL Ouverture Vasos de cerveza\"}]},{\"@type\":\"WebSite\",\"@id\":\"https:\/\/www.erresse-shop.it\/es\/#website\",\"url\":\"https:\/\/www.erresse-shop.it\/es\/\",\"name\":\"Erresse Shop\",\"description\":\"Articoli di qualit\u00e0 per la casa\",\"potentialAction\":[{\"@type\":\"SearchAction\",\"target\":{\"@type\":\"EntryPoint\",\"urlTemplate\":\"https:\/\/www.erresse-shop.it\/es\/?s={search_term_string}\"},\"query-input\":\"required name=search_term_string\"}],\"inLanguage\":\"es\"}]}<\/script>\n<!-- \/ Yoast SEO Premium plugin. -->","yoast_head_json":{"title":"RIEDEL Ouverture Vasos de cerveza - Erresse Shop","description":"set de Vasos de Cerveza RIEDEL Ouverture \u2013 2 Piezas Mejora tu experiencia de cata con el vaso de cerveza RIEDEL Ouverture, perfecto para revelar el color,","robots":{"index":"index","follow":"follow","max-snippet":"max-snippet:-1","max-image-preview":"max-image-preview:large","max-video-preview":"max-video-preview:-1"},"canonical":"https:\/\/www.erresse-shop.it\/es\/shop\/tabla\/vasos\/riedel-ouverture-vasos-de-cerveza\/","og_locale":"es_ES","og_type":"article","og_title":"RIEDEL Ouverture Vasos de cerveza","og_description":"set de Vasos de Cerveza RIEDEL Ouverture \u2013 2 Piezas Mejora tu experiencia de cata con el vaso de cerveza RIEDEL Ouverture, perfecto para revelar el color,","og_url":"https:\/\/www.erresse-shop.it\/es\/shop\/tabla\/vasos\/riedel-ouverture-vasos-de-cerveza\/","og_site_name":"Erresse Shop","article_modified_time":"2026-02-17T10:35:01+00:00","og_image":[{"width":1200,"height":1200,"url":"https:\/\/www.erresse-shop.it\/wp-content\/uploads\/2025\/03\/RIEDEL-Ouverture-Bicchieri-Birra.jpg","type":"image\/jpeg"}],"twitter_card":"summary_large_image","schema":{"@context":"https:\/\/schema.org","@graph":[{"@type":"WebPage","@id":"https:\/\/www.erresse-shop.it\/es\/shop\/tabla\/vasos\/riedel-ouverture-vasos-de-cerveza\/","url":"https:\/\/www.erresse-shop.it\/es\/shop\/tabla\/vasos\/riedel-ouverture-vasos-de-cerveza\/","name":"RIEDEL Ouverture Vasos de cerveza - Erresse Shop","isPartOf":{"@id":"https:\/\/www.erresse-shop.it\/es\/#website"},"datePublished":"2025-03-20T08:50:27+00:00","dateModified":"2026-02-17T10:35:01+00:00","description":"set de Vasos de Cerveza RIEDEL Ouverture \u2013 2 Piezas Mejora tu experiencia de cata con el vaso de cerveza RIEDEL Ouverture, perfecto para revelar el color,","breadcrumb":{"@id":"https:\/\/www.erresse-shop.it\/es\/shop\/tabla\/vasos\/riedel-ouverture-vasos-de-cerveza\/#breadcrumb"},"inLanguage":"es","potentialAction":[{"@type":"ReadAction","target":["https:\/\/www.erresse-shop.it\/es\/shop\/tabla\/vasos\/riedel-ouverture-vasos-de-cerveza\/"]}]},{"@type":"BreadcrumbList","@id":"https:\/\/www.erresse-shop.it\/es\/shop\/tabla\/vasos\/riedel-ouverture-vasos-de-cerveza\/#breadcrumb","itemListElement":[{"@type":"ListItem","position":1,"name":"Home","item":"https:\/\/www.erresse-shop.it\/es\/"},{"@type":"ListItem","position":2,"name":"Shop","item":"https:\/\/www.erresse-shop.it\/es\/shop\/"},{"@type":"ListItem","position":3,"name":"RIEDEL Ouverture Vasos de cerveza"}]},{"@type":"WebSite","@id":"https:\/\/www.erresse-shop.it\/es\/#website","url":"https:\/\/www.erresse-shop.it\/es\/","name":"Erresse Shop","description":"Articoli di qualit\u00e0 per la casa","potentialAction":[{"@type":"SearchAction","target":{"@type":"EntryPoint","urlTemplate":"https:\/\/www.erresse-shop.it\/es\/?s={search_term_string}"},"query-input":"required name=search_term_string"}],"inLanguage":"es"}]}},"df_price":19.95,"df_sale_price":19.95,"df_regular_price":24.9,"df_image_link":"https:\/\/www.erresse-shop.it\/wp-content\/uploads\/2025\/03\/RIEDEL-Ouverture-Bicchieri-Birra-300x300.jpg","_links":{"self":[{"href":"https:\/\/www.erresse-shop.it\/es\/wp-json\/wp\/v2\/product\/481565"}],"collection":[{"href":"https:\/\/www.erresse-shop.it\/es\/wp-json\/wp\/v2\/product"}],"about":[{"href":"https:\/\/www.erresse-shop.it\/es\/wp-json\/wp\/v2\/types\/product"}],"wp:featuredmedia":[{"embeddable":true,"href":"https:\/\/www.erresse-shop.it\/es\/wp-json\/wp\/v2\/media\/481591"}],"wp:attachment":[{"href":"https:\/\/www.erresse-shop.it\/es\/wp-json\/wp\/v2\/media?parent=481565"}],"wp:term":[{"taxonomy":"product_cat","embeddable":true,"href":"https:\/\/www.erresse-shop.it\/es\/wp-json\/wp\/v2\/product_cat?post=481565"},{"taxonomy":"product_tag","embeddable":true,"href":"https:\/\/www.erresse-shop.it\/es\/wp-json\/wp\/v2\/product_tag?post=481565"}],"curies":[{"name":"wp","href":"https:\/\/api.w.org\/{rel}","templated":true}]}}