{"id":481525,"date":"2025-03-20T08:36:20","date_gmt":"2025-03-20T08:36:23","guid":{"rendered":"https:\/\/www.erresse-shop.it\/?post_type=product&#038;p=481525"},"modified":"2026-02-17T10:37:22","modified_gmt":"2026-02-17T10:37:22","slug":"riedel-veritas-pay-3-get-4-cabernet","status":"publish","type":"product","link":"https:\/\/www.erresse-shop.it\/es\/shop\/tabla\/vasos\/riedel-veritas-pay-3-get-4-cabernet\/","title":{"rendered":"RIEDEL Veritas Pay 3 Get 4 Cabernet"},"content":{"rendered":"<article class=\"grupo\/turno w-completo texto-token-texto-principal foco-visible:contorno-2 foco-visible:desplazamiento-contorno-[-4px]\" dir=\"auto\" tabindex=\"-1\" data-testid=\"turno-conversaci\u00f3n-10\" data-scroll-anchor=\"true\">\n<div class=\"text-base my-auto mx-auto py-[18px] px-6\">\n<div class=\"mx-auto flex flex-1 text-base gap-4 md:gap-5 lg:gap-6 md:max-w-3xl\">\n<div class=\"grupo\/turno-conversaci\u00f3n flex relativo w-completo min-w-0 flex-col agente-turno @xs\/hilo:px-0 @sm\/hilo:px-1.5 @md\/hilo:px-4\">\n<div class=\"flex-col gap-1 md:gap-3\">\n<div class=\"flex m\u00e1x.-ancho-completo columna-flexible crecimiento-flexible\">\n<div class=\"m\u00edn.-h.-8 mensaje-de-texto relativo flex.ancho-completo columna-flexible fin-de-elementos espacio-en-blanco-normal palabras-de-salto inicio-de-texto [.mensaje-de-texto+&amp;]:mt-5\" dir=\"auto\">\n<div class=\"flex.ancho-completo columna-flexible espacio-en-blanco-1 vac\u00edo:oculto primero:pt-[3px]\">\n<div class=\"markdown prosa.ancho-completo palabras-de-salto oscuro:prosa-invertida oscuro\">\n<p><strong data-end=\"60\">Set RIEDEL Veritas Cabernet: 4 copas por el precio de 3<\/strong><\/p>\n<p data-start=\"62\" data-end=\"539\">La copa RIEDEL Cabernet es ideal para vinos tintos complejos, con cuerpo y con taninos intensos. Su generoso tama\u00f1o permite que el bouquet del vino se exprese plenamente, suavizando los taninos \u00e1speros y realzando el car\u00e1cter frutal. Perfecta para lograr el equilibrio ideal en vinos con m\u00e1s estructura, esta copa realza cada sorbo y ayuda a reducir el amargor de los taninos, ofreciendo una experiencia de cata perfectamente equilibrada.<\/p>\n<p data-start=\"541\" data-end=\"883\">Parte de la serie RIEDEL Veritas, lanzada en 2014, esta copa contin\u00faa marcando la pauta en la elaboraci\u00f3n de copas de vino. Creada por Georg J. Riedel, la d\u00e9cima generaci\u00f3n de la hist\u00f3rica familia, la serie Veritas combina est\u00e9tica, comodidad y una excelente relaci\u00f3n calidad-precio para una experiencia de cata \u00fanica.<\/p>\n<p data-start=\"885\" data-end=\"918\"><strong data-start=\"885\" data-end=\"918\">Caracter\u00edsticas del producto:<\/strong><\/p>\n<ul data-start=\"919\" data-end=\"1336\">\n<li data-start=\"919\" data-end=\"1005\">set de 4 copas RIEDEL Veritas Cabernet (oferta 4 por el precio de 3)<\/li>\n<li data-start=\"1006\" data-end=\"1073\">Perfectas para vinos tintos complejos, con cuerpo y muy t\u00e1nicos<\/li>\n<li data-start=\"1074\" data-end=\"1127\">Fabricadas en cristal transparente de alta calidad<\/li>\n<li data-start=\"1128\" data-end=\"1177\">Hecho a m\u00e1quina para una precisi\u00f3n impecable<\/li>\n<li data-start=\"1178\" data-end=\"1233\">Apto para lavavajillas para un cuidado f\u00e1cil<\/li>\n<li data-start=\"1234\" data-end=\"1336\"><strong data-start=\"1236\" data-end=\"1247\">Premium<\/strong>: Soplado a m\u00e1quina para una mayor precisi\u00f3n que el vidrio artesanal<\/li>\n<\/ul>\n<p data-start=\"1338\" data-end=\"1542\" data-is-last-node=\"\" data-is-only-node=\"\">A\u00f1ade el juego RIEDEL Veritas Cabernet a tu colecci\u00f3n y mejora la experiencia de degustar tus vinos tintos favoritos. \u00a1Aprovecha esta oferta y recibe 4 vasos por el precio de 3!<\/p>\n<\/div>\n<\/div>\n<\/div>\n<\/div>\n<\/div>\n<\/div>\n<\/div>\n<\/div>\n<\/article>\n<p data-start=\"1366\" data-end=\"1628\" data-is-last-node=\"\" data-is-only-node=\"\">Cilindrada: 709,0 cc<br \/>\nAltura: 235,0 mm<\/p>\n","protected":false},"excerpt":{"rendered":"<p>Set RIEDEL Veritas Cabernet: 4 copas por el precio de 3 La copa RIEDEL Cabernet es ideal para vinos tintos<\/p>\n","protected":false},"featured_media":481557,"template":"","meta":{"_acf_changed":false,"inline_featured_image":false},"product_cat":[16027,16028],"product_tag":[25090,23912,16319,17757,16119,16117,16610,22557,21823,25023],"acf":[],"yoast_head":"<!-- This site is optimized with the Yoast SEO Premium plugin v18.6 (Yoast SEO v19.13) - https:\/\/yoast.com\/wordpress\/plugins\/seo\/ -->\n<title>RIEDEL Veritas Pay 3 Get 4 Cabernet - Erresse Shop<\/title>\n<meta name=\"description\" content=\"Set RIEDEL Veritas Cabernet: 4 copas por el precio de 3 La copa RIEDEL Cabernet es ideal para vinos tintos complejos, con cuerpo y con taninos intensos.\" \/>\n<meta name=\"robots\" content=\"index, follow, max-snippet:-1, max-image-preview:large, max-video-preview:-1\" \/>\n<link rel=\"canonical\" href=\"https:\/\/www.erresse-shop.it\/es\/shop\/tabla\/vasos\/riedel-veritas-pay-3-get-4-cabernet\/\" \/>\n<meta property=\"og:locale\" content=\"es_ES\" \/>\n<meta property=\"og:type\" content=\"article\" \/>\n<meta property=\"og:title\" content=\"RIEDEL Veritas Pay 3 Get 4 Cabernet\" \/>\n<meta property=\"og:description\" content=\"Set RIEDEL Veritas Cabernet: 4 copas por el precio de 3 La copa RIEDEL Cabernet es ideal para vinos tintos complejos, con cuerpo y con taninos intensos.\" \/>\n<meta property=\"og:url\" content=\"https:\/\/www.erresse-shop.it\/es\/shop\/tabla\/vasos\/riedel-veritas-pay-3-get-4-cabernet\/\" \/>\n<meta property=\"og:site_name\" content=\"Erresse Shop\" \/>\n<meta property=\"article:modified_time\" content=\"2026-02-17T10:37:22+00:00\" \/>\n<meta property=\"og:image\" content=\"https:\/\/www.erresse-shop.it\/wp-content\/uploads\/2025\/03\/RIEDEL-Veritas-Pay-3-Get-4-Cabernet.jpg\" \/>\n\t<meta property=\"og:image:width\" content=\"1200\" \/>\n\t<meta property=\"og:image:height\" content=\"1200\" \/>\n\t<meta property=\"og:image:type\" content=\"image\/jpeg\" \/>\n<meta name=\"twitter:card\" content=\"summary_large_image\" \/>\n<script type=\"application\/ld+json\" class=\"yoast-schema-graph\">{\"@context\":\"https:\/\/schema.org\",\"@graph\":[{\"@type\":\"WebPage\",\"@id\":\"https:\/\/www.erresse-shop.it\/es\/shop\/tabla\/vasos\/riedel-veritas-pay-3-get-4-cabernet\/\",\"url\":\"https:\/\/www.erresse-shop.it\/es\/shop\/tabla\/vasos\/riedel-veritas-pay-3-get-4-cabernet\/\",\"name\":\"RIEDEL Veritas Pay 3 Get 4 Cabernet - Erresse Shop\",\"isPartOf\":{\"@id\":\"https:\/\/www.erresse-shop.it\/es\/#website\"},\"datePublished\":\"2025-03-20T08:36:23+00:00\",\"dateModified\":\"2026-02-17T10:37:22+00:00\",\"description\":\"Set RIEDEL Veritas Cabernet: 4 copas por el precio de 3 La copa RIEDEL Cabernet es ideal para vinos tintos complejos, con cuerpo y con taninos intensos.\",\"breadcrumb\":{\"@id\":\"https:\/\/www.erresse-shop.it\/es\/shop\/tabla\/vasos\/riedel-veritas-pay-3-get-4-cabernet\/#breadcrumb\"},\"inLanguage\":\"es\",\"potentialAction\":[{\"@type\":\"ReadAction\",\"target\":[\"https:\/\/www.erresse-shop.it\/es\/shop\/tabla\/vasos\/riedel-veritas-pay-3-get-4-cabernet\/\"]}]},{\"@type\":\"BreadcrumbList\",\"@id\":\"https:\/\/www.erresse-shop.it\/es\/shop\/tabla\/vasos\/riedel-veritas-pay-3-get-4-cabernet\/#breadcrumb\",\"itemListElement\":[{\"@type\":\"ListItem\",\"position\":1,\"name\":\"Home\",\"item\":\"https:\/\/www.erresse-shop.it\/es\/\"},{\"@type\":\"ListItem\",\"position\":2,\"name\":\"Shop\",\"item\":\"https:\/\/www.erresse-shop.it\/es\/shop\/\"},{\"@type\":\"ListItem\",\"position\":3,\"name\":\"RIEDEL Veritas Pay 3 Get 4 Cabernet\"}]},{\"@type\":\"WebSite\",\"@id\":\"https:\/\/www.erresse-shop.it\/es\/#website\",\"url\":\"https:\/\/www.erresse-shop.it\/es\/\",\"name\":\"Erresse Shop\",\"description\":\"Articoli di qualit\u00e0 per la casa\",\"potentialAction\":[{\"@type\":\"SearchAction\",\"target\":{\"@type\":\"EntryPoint\",\"urlTemplate\":\"https:\/\/www.erresse-shop.it\/es\/?s={search_term_string}\"},\"query-input\":\"required name=search_term_string\"}],\"inLanguage\":\"es\"}]}<\/script>\n<!-- \/ Yoast SEO Premium plugin. -->","yoast_head_json":{"title":"RIEDEL Veritas Pay 3 Get 4 Cabernet - Erresse Shop","description":"Set RIEDEL Veritas Cabernet: 4 copas por el precio de 3 La copa RIEDEL Cabernet es ideal para vinos tintos complejos, con cuerpo y con taninos intensos.","robots":{"index":"index","follow":"follow","max-snippet":"max-snippet:-1","max-image-preview":"max-image-preview:large","max-video-preview":"max-video-preview:-1"},"canonical":"https:\/\/www.erresse-shop.it\/es\/shop\/tabla\/vasos\/riedel-veritas-pay-3-get-4-cabernet\/","og_locale":"es_ES","og_type":"article","og_title":"RIEDEL Veritas Pay 3 Get 4 Cabernet","og_description":"Set RIEDEL Veritas Cabernet: 4 copas por el precio de 3 La copa RIEDEL Cabernet es ideal para vinos tintos complejos, con cuerpo y con taninos intensos.","og_url":"https:\/\/www.erresse-shop.it\/es\/shop\/tabla\/vasos\/riedel-veritas-pay-3-get-4-cabernet\/","og_site_name":"Erresse Shop","article_modified_time":"2026-02-17T10:37:22+00:00","og_image":[{"width":1200,"height":1200,"url":"https:\/\/www.erresse-shop.it\/wp-content\/uploads\/2025\/03\/RIEDEL-Veritas-Pay-3-Get-4-Cabernet.jpg","type":"image\/jpeg"}],"twitter_card":"summary_large_image","schema":{"@context":"https:\/\/schema.org","@graph":[{"@type":"WebPage","@id":"https:\/\/www.erresse-shop.it\/es\/shop\/tabla\/vasos\/riedel-veritas-pay-3-get-4-cabernet\/","url":"https:\/\/www.erresse-shop.it\/es\/shop\/tabla\/vasos\/riedel-veritas-pay-3-get-4-cabernet\/","name":"RIEDEL Veritas Pay 3 Get 4 Cabernet - Erresse Shop","isPartOf":{"@id":"https:\/\/www.erresse-shop.it\/es\/#website"},"datePublished":"2025-03-20T08:36:23+00:00","dateModified":"2026-02-17T10:37:22+00:00","description":"Set RIEDEL Veritas Cabernet: 4 copas por el precio de 3 La copa RIEDEL Cabernet es ideal para vinos tintos complejos, con cuerpo y con taninos intensos.","breadcrumb":{"@id":"https:\/\/www.erresse-shop.it\/es\/shop\/tabla\/vasos\/riedel-veritas-pay-3-get-4-cabernet\/#breadcrumb"},"inLanguage":"es","potentialAction":[{"@type":"ReadAction","target":["https:\/\/www.erresse-shop.it\/es\/shop\/tabla\/vasos\/riedel-veritas-pay-3-get-4-cabernet\/"]}]},{"@type":"BreadcrumbList","@id":"https:\/\/www.erresse-shop.it\/es\/shop\/tabla\/vasos\/riedel-veritas-pay-3-get-4-cabernet\/#breadcrumb","itemListElement":[{"@type":"ListItem","position":1,"name":"Home","item":"https:\/\/www.erresse-shop.it\/es\/"},{"@type":"ListItem","position":2,"name":"Shop","item":"https:\/\/www.erresse-shop.it\/es\/shop\/"},{"@type":"ListItem","position":3,"name":"RIEDEL Veritas Pay 3 Get 4 Cabernet"}]},{"@type":"WebSite","@id":"https:\/\/www.erresse-shop.it\/es\/#website","url":"https:\/\/www.erresse-shop.it\/es\/","name":"Erresse Shop","description":"Articoli di qualit\u00e0 per la casa","potentialAction":[{"@type":"SearchAction","target":{"@type":"EntryPoint","urlTemplate":"https:\/\/www.erresse-shop.it\/es\/?s={search_term_string}"},"query-input":"required name=search_term_string"}],"inLanguage":"es"}]}},"df_price":39.825,"df_sale_price":39.825,"df_regular_price":88.5,"df_image_link":"https:\/\/www.erresse-shop.it\/wp-content\/uploads\/2025\/03\/RIEDEL-Veritas-Pay-3-Get-4-Cabernet-300x300.jpg","_links":{"self":[{"href":"https:\/\/www.erresse-shop.it\/es\/wp-json\/wp\/v2\/product\/481525"}],"collection":[{"href":"https:\/\/www.erresse-shop.it\/es\/wp-json\/wp\/v2\/product"}],"about":[{"href":"https:\/\/www.erresse-shop.it\/es\/wp-json\/wp\/v2\/types\/product"}],"wp:featuredmedia":[{"embeddable":true,"href":"https:\/\/www.erresse-shop.it\/es\/wp-json\/wp\/v2\/media\/481557"}],"wp:attachment":[{"href":"https:\/\/www.erresse-shop.it\/es\/wp-json\/wp\/v2\/media?parent=481525"}],"wp:term":[{"taxonomy":"product_cat","embeddable":true,"href":"https:\/\/www.erresse-shop.it\/es\/wp-json\/wp\/v2\/product_cat?post=481525"},{"taxonomy":"product_tag","embeddable":true,"href":"https:\/\/www.erresse-shop.it\/es\/wp-json\/wp\/v2\/product_tag?post=481525"}],"curies":[{"name":"wp","href":"https:\/\/api.w.org\/{rel}","templated":true}]}}