{"id":481484,"date":"2025-03-20T08:19:59","date_gmt":"2025-03-20T08:20:23","guid":{"rendered":"https:\/\/www.erresse-shop.it\/?post_type=product&#038;p=481484"},"modified":"2026-02-17T10:39:46","modified_gmt":"2026-02-17T10:39:46","slug":"riedel-veritas-pay-3-get-4-old-world-pinot-noir","status":"publish","type":"product","link":"https:\/\/www.erresse-shop.it\/es\/shop\/tabla\/vasos\/riedel-veritas-pay-3-get-4-old-world-pinot-noir\/","title":{"rendered":"RIEDEL Veritas Pay 3 Get 4 Old World Pinot Noir"},"content":{"rendered":"<article class=\"grupo\/turno w-completo texto-token-texto-principal foco-visible:contorno-2 foco-visible:desplazamiento-contorno-[-4px]\" dir=\"auto\" tabindex=\"-1\" data-testid=\"turno-conversaci\u00f3n-10\" data-scroll-anchor=\"true\">\n<div class=\"text-base my-auto mx-auto py-[18px] px-6\">\n<div class=\"mx-auto flex flex-1 text-base gap-4 md:gap-5 lg:gap-6 md:max-w-3xl\">\n<div class=\"grupo\/turno-conversaci\u00f3n flex relativo w-completo min-w-0 flex-col agente-turno @xs\/hilo:px-0 @sm\/hilo:px-1.5 @md\/hilo:px-4\">\n<div class=\"flex-col gap-1 md:gap-3\">\n<div class=\"flex m\u00e1x.-ancho-completo columna-flexible crecimiento-flexible\">\n<div class=\"m\u00edn.-h.-8 mensaje-de-texto relativo flex.ancho-completo columna-flexible fin-de-elementos espacio-en-blanco-normal palabras-de-salto inicio-de-texto [.mensaje-de-texto+&amp;]:mt-5\" dir=\"auto\">\n<div class=\"flex.ancho-completo columna-flexible espacio-en-blanco-1 vac\u00edo:oculto primero:pt-[3px]\">\n<div class=\"markdown prosa.ancho-completo palabras-de-salto oscuro:prosa-invertida oscuro\">\n<p><strong data-end=\"76\">Set RIEDEL Veritas Pinot Noir Old World: 4 copas por el precio de 3<\/strong><\/p>\n<p data-start=\"78\" data-end=\"515\">La copa RIEDEL Pinot Noir Old World es ideal para vinos tintos ligeros, con alta acidez y taninos moderados. El dise\u00f1o abombado de la copa realza las ricas notas frutales y modera la acidez, permitiendo que los matices arom\u00e1ticos del vino se expresen al m\u00e1ximo. Perfecta para Pinot Noir y otros vinos tintos elegantes, esta copa realza cada detalle del bouquet.<\/p>\n<p data-start=\"517\" data-end=\"887\">Parte de la serie RIEDEL Veritas, lanzada en 2014, esta copa es el resultado de la continua investigaci\u00f3n en innovaci\u00f3n en copas de vino. Creado por Georg J. Riedel, miembro de la d\u00e9cima generaci\u00f3n de la hist\u00f3rica familia, este dise\u00f1o es visualmente impactante, c\u00f3modo de sostener y a un precio competitivo, garantizando una experiencia de degustaci\u00f3n \u00fanica.<\/p>\n<p data-start=\"889\" data-end=\"922\"><strong data-start=\"889\" data-end=\"922\">Caracter\u00edsticas del producto:<\/strong><\/p>\n<ul data-start=\"923\" data-end=\"1349\">\n<li data-start=\"923\" data-end=\"1025\">Juego de 4 copas RIEDEL Veritas Old World Pinot Noir (4 por el precio de 3)<\/li>\n<li data-start=\"1026\" data-end=\"1096\">Ideal para vinos tintos ligeros con alta acidez y taninos moderados<\/li>\n<li data-start=\"1097\" data-end=\"1150\">Fabricado en cristal transparente de alta calidad<\/li>\n<li data-start=\"1151\" data-end=\"1200\">Hecho a m\u00e1quina para una precisi\u00f3n impecable<\/li>\n<li data-start=\"1201\" data-end=\"1246\">F\u00e1cil de limpiar: apto para lavavajillas<\/li>\n<li data-start=\"1247\" data-end=\"1349\"><strong data-start=\"1249\" data-end=\"1260\">Premium: vidrio soplado a m\u00e1quina para una mayor precisi\u00f3n que el vidrio artesanal<\/strong><\/li>\n<\/ul>\n<p data-start=\"1351\" data-end=\"1553\" data-is-last-node=\"\" data-is-only-node=\"\">A\u00f1ade este juego RIEDEL Veritas a tu colecci\u00f3n para mejorar la experiencia de cata de tus vinos tintos favoritos. \u00a1Aprovecha esta oferta y recibe 4 vasos por el precio de 3!<\/p>\n<\/div>\n<\/div>\n<\/div>\n<\/div>\n<\/div>\n<\/div>\n<\/div>\n<\/div>\n<\/article>\n<p data-start=\"1366\" data-end=\"1628\" data-is-last-node=\"\" data-is-only-node=\"\">Cilindrada: 738,0 cc<br \/>\nAltura: 235,0 mm<\/p>\n","protected":false},"excerpt":{"rendered":"<p>Set RIEDEL Veritas Pinot Noir Old World: 4 copas por el precio de 3 La copa RIEDEL Pinot Noir Old<\/p>\n","protected":false},"featured_media":481516,"template":"","meta":{"_acf_changed":false,"inline_featured_image":false},"product_cat":[16027,16028],"product_tag":[25090,23912,16319,17757,16119,16117,16610,22557,21823,25023],"acf":[],"yoast_head":"<!-- This site is optimized with the Yoast SEO Premium plugin v18.6 (Yoast SEO v19.13) - https:\/\/yoast.com\/wordpress\/plugins\/seo\/ -->\n<title>RIEDEL Veritas Pay 3 Get 4 Old World Pinot Noir - Erresse Shop<\/title>\n<meta name=\"description\" content=\"Set RIEDEL Veritas Pinot Noir Old World: 4 copas por el precio de 3 La copa RIEDEL Pinot Noir Old World es ideal para vinos tintos ligeros, con alta\" \/>\n<meta name=\"robots\" content=\"index, follow, max-snippet:-1, max-image-preview:large, max-video-preview:-1\" \/>\n<link rel=\"canonical\" href=\"https:\/\/www.erresse-shop.it\/es\/shop\/tabla\/vasos\/riedel-veritas-pay-3-get-4-old-world-pinot-noir\/\" \/>\n<meta property=\"og:locale\" content=\"es_ES\" \/>\n<meta property=\"og:type\" content=\"article\" \/>\n<meta property=\"og:title\" content=\"RIEDEL Veritas Pay 3 Get 4 Old World Pinot Noir\" \/>\n<meta property=\"og:description\" content=\"Set RIEDEL Veritas Pinot Noir Old World: 4 copas por el precio de 3 La copa RIEDEL Pinot Noir Old World es ideal para vinos tintos ligeros, con alta\" \/>\n<meta property=\"og:url\" content=\"https:\/\/www.erresse-shop.it\/es\/shop\/tabla\/vasos\/riedel-veritas-pay-3-get-4-old-world-pinot-noir\/\" \/>\n<meta property=\"og:site_name\" content=\"Erresse Shop\" \/>\n<meta property=\"article:modified_time\" content=\"2026-02-17T10:39:46+00:00\" \/>\n<meta property=\"og:image\" content=\"https:\/\/www.erresse-shop.it\/wp-content\/uploads\/2025\/03\/RIEDEL-Veritas-Pay-3-Get-4-Pinot-Nero-Vecchio-Mondo.jpg\" \/>\n\t<meta property=\"og:image:width\" content=\"1200\" \/>\n\t<meta property=\"og:image:height\" content=\"1200\" \/>\n\t<meta property=\"og:image:type\" content=\"image\/jpeg\" \/>\n<meta name=\"twitter:card\" content=\"summary_large_image\" \/>\n<script type=\"application\/ld+json\" class=\"yoast-schema-graph\">{\"@context\":\"https:\/\/schema.org\",\"@graph\":[{\"@type\":\"WebPage\",\"@id\":\"https:\/\/www.erresse-shop.it\/es\/shop\/tabla\/vasos\/riedel-veritas-pay-3-get-4-old-world-pinot-noir\/\",\"url\":\"https:\/\/www.erresse-shop.it\/es\/shop\/tabla\/vasos\/riedel-veritas-pay-3-get-4-old-world-pinot-noir\/\",\"name\":\"RIEDEL Veritas Pay 3 Get 4 Old World Pinot Noir - Erresse Shop\",\"isPartOf\":{\"@id\":\"https:\/\/www.erresse-shop.it\/es\/#website\"},\"datePublished\":\"2025-03-20T08:20:23+00:00\",\"dateModified\":\"2026-02-17T10:39:46+00:00\",\"description\":\"Set RIEDEL Veritas Pinot Noir Old World: 4 copas por el precio de 3 La copa RIEDEL Pinot Noir Old World es ideal para vinos tintos ligeros, con alta\",\"breadcrumb\":{\"@id\":\"https:\/\/www.erresse-shop.it\/es\/shop\/tabla\/vasos\/riedel-veritas-pay-3-get-4-old-world-pinot-noir\/#breadcrumb\"},\"inLanguage\":\"es\",\"potentialAction\":[{\"@type\":\"ReadAction\",\"target\":[\"https:\/\/www.erresse-shop.it\/es\/shop\/tabla\/vasos\/riedel-veritas-pay-3-get-4-old-world-pinot-noir\/\"]}]},{\"@type\":\"BreadcrumbList\",\"@id\":\"https:\/\/www.erresse-shop.it\/es\/shop\/tabla\/vasos\/riedel-veritas-pay-3-get-4-old-world-pinot-noir\/#breadcrumb\",\"itemListElement\":[{\"@type\":\"ListItem\",\"position\":1,\"name\":\"Home\",\"item\":\"https:\/\/www.erresse-shop.it\/es\/\"},{\"@type\":\"ListItem\",\"position\":2,\"name\":\"Shop\",\"item\":\"https:\/\/www.erresse-shop.it\/es\/shop\/\"},{\"@type\":\"ListItem\",\"position\":3,\"name\":\"RIEDEL Veritas Pay 3 Get 4 Old World Pinot Noir\"}]},{\"@type\":\"WebSite\",\"@id\":\"https:\/\/www.erresse-shop.it\/es\/#website\",\"url\":\"https:\/\/www.erresse-shop.it\/es\/\",\"name\":\"Erresse Shop\",\"description\":\"Articoli di qualit\u00e0 per la casa\",\"potentialAction\":[{\"@type\":\"SearchAction\",\"target\":{\"@type\":\"EntryPoint\",\"urlTemplate\":\"https:\/\/www.erresse-shop.it\/es\/?s={search_term_string}\"},\"query-input\":\"required name=search_term_string\"}],\"inLanguage\":\"es\"}]}<\/script>\n<!-- \/ Yoast SEO Premium plugin. -->","yoast_head_json":{"title":"RIEDEL Veritas Pay 3 Get 4 Old World Pinot Noir - Erresse Shop","description":"Set RIEDEL Veritas Pinot Noir Old World: 4 copas por el precio de 3 La copa RIEDEL Pinot Noir Old World es ideal para vinos tintos ligeros, con alta","robots":{"index":"index","follow":"follow","max-snippet":"max-snippet:-1","max-image-preview":"max-image-preview:large","max-video-preview":"max-video-preview:-1"},"canonical":"https:\/\/www.erresse-shop.it\/es\/shop\/tabla\/vasos\/riedel-veritas-pay-3-get-4-old-world-pinot-noir\/","og_locale":"es_ES","og_type":"article","og_title":"RIEDEL Veritas Pay 3 Get 4 Old World Pinot Noir","og_description":"Set RIEDEL Veritas Pinot Noir Old World: 4 copas por el precio de 3 La copa RIEDEL Pinot Noir Old World es ideal para vinos tintos ligeros, con alta","og_url":"https:\/\/www.erresse-shop.it\/es\/shop\/tabla\/vasos\/riedel-veritas-pay-3-get-4-old-world-pinot-noir\/","og_site_name":"Erresse Shop","article_modified_time":"2026-02-17T10:39:46+00:00","og_image":[{"width":1200,"height":1200,"url":"https:\/\/www.erresse-shop.it\/wp-content\/uploads\/2025\/03\/RIEDEL-Veritas-Pay-3-Get-4-Pinot-Nero-Vecchio-Mondo.jpg","type":"image\/jpeg"}],"twitter_card":"summary_large_image","schema":{"@context":"https:\/\/schema.org","@graph":[{"@type":"WebPage","@id":"https:\/\/www.erresse-shop.it\/es\/shop\/tabla\/vasos\/riedel-veritas-pay-3-get-4-old-world-pinot-noir\/","url":"https:\/\/www.erresse-shop.it\/es\/shop\/tabla\/vasos\/riedel-veritas-pay-3-get-4-old-world-pinot-noir\/","name":"RIEDEL Veritas Pay 3 Get 4 Old World Pinot Noir - Erresse Shop","isPartOf":{"@id":"https:\/\/www.erresse-shop.it\/es\/#website"},"datePublished":"2025-03-20T08:20:23+00:00","dateModified":"2026-02-17T10:39:46+00:00","description":"Set RIEDEL Veritas Pinot Noir Old World: 4 copas por el precio de 3 La copa RIEDEL Pinot Noir Old World es ideal para vinos tintos ligeros, con alta","breadcrumb":{"@id":"https:\/\/www.erresse-shop.it\/es\/shop\/tabla\/vasos\/riedel-veritas-pay-3-get-4-old-world-pinot-noir\/#breadcrumb"},"inLanguage":"es","potentialAction":[{"@type":"ReadAction","target":["https:\/\/www.erresse-shop.it\/es\/shop\/tabla\/vasos\/riedel-veritas-pay-3-get-4-old-world-pinot-noir\/"]}]},{"@type":"BreadcrumbList","@id":"https:\/\/www.erresse-shop.it\/es\/shop\/tabla\/vasos\/riedel-veritas-pay-3-get-4-old-world-pinot-noir\/#breadcrumb","itemListElement":[{"@type":"ListItem","position":1,"name":"Home","item":"https:\/\/www.erresse-shop.it\/es\/"},{"@type":"ListItem","position":2,"name":"Shop","item":"https:\/\/www.erresse-shop.it\/es\/shop\/"},{"@type":"ListItem","position":3,"name":"RIEDEL Veritas Pay 3 Get 4 Old World Pinot Noir"}]},{"@type":"WebSite","@id":"https:\/\/www.erresse-shop.it\/es\/#website","url":"https:\/\/www.erresse-shop.it\/es\/","name":"Erresse Shop","description":"Articoli di qualit\u00e0 per la casa","potentialAction":[{"@type":"SearchAction","target":{"@type":"EntryPoint","urlTemplate":"https:\/\/www.erresse-shop.it\/es\/?s={search_term_string}"},"query-input":"required name=search_term_string"}],"inLanguage":"es"}]}},"df_price":39.825,"df_sale_price":39.825,"df_regular_price":88.5,"df_image_link":"https:\/\/www.erresse-shop.it\/wp-content\/uploads\/2025\/03\/RIEDEL-Veritas-Pay-3-Get-4-Pinot-Nero-Vecchio-Mondo-300x300.jpg","_links":{"self":[{"href":"https:\/\/www.erresse-shop.it\/es\/wp-json\/wp\/v2\/product\/481484"}],"collection":[{"href":"https:\/\/www.erresse-shop.it\/es\/wp-json\/wp\/v2\/product"}],"about":[{"href":"https:\/\/www.erresse-shop.it\/es\/wp-json\/wp\/v2\/types\/product"}],"wp:featuredmedia":[{"embeddable":true,"href":"https:\/\/www.erresse-shop.it\/es\/wp-json\/wp\/v2\/media\/481516"}],"wp:attachment":[{"href":"https:\/\/www.erresse-shop.it\/es\/wp-json\/wp\/v2\/media?parent=481484"}],"wp:term":[{"taxonomy":"product_cat","embeddable":true,"href":"https:\/\/www.erresse-shop.it\/es\/wp-json\/wp\/v2\/product_cat?post=481484"},{"taxonomy":"product_tag","embeddable":true,"href":"https:\/\/www.erresse-shop.it\/es\/wp-json\/wp\/v2\/product_tag?post=481484"}],"curies":[{"name":"wp","href":"https:\/\/api.w.org\/{rel}","templated":true}]}}