{"id":481373,"date":"2025-03-20T07:30:12","date_gmt":"2025-03-20T07:30:15","guid":{"rendered":"https:\/\/www.erresse-shop.it\/?post_type=product&#038;p=481373"},"modified":"2025-03-20T07:46:51","modified_gmt":"2025-03-20T07:46:51","slug":"riedel-black-tie-bordeaux-grand-cru-copia","status":"publish","type":"product","link":"https:\/\/www.erresse-shop.it\/es\/shop\/tabla\/vasos\/riedel-black-tie-bordeaux-grand-cru-copia\/","title":{"rendered":"RIEDEL Veritas Set de 4 copas Riesling y decantador Mosel"},"content":{"rendered":"<p data-start=\"0\" data-end=\"50\"><strong data-start=\"0\" data-end=\"50\">Set RIEDEL Veritas Riesling con Decantador Mosel<\/strong><\/p>\n<p data-start=\"52\" data-end=\"539\">Mejore su experiencia vin\u00edcola con el set RIEDEL Veritas Riesling, que incluye 4 elegantes copas y un decantador Mosel. Perfecto para quienes disfrutan de vinos blancos afrutados, la copa Riesling est\u00e1 dise\u00f1ada para equilibrar la alta acidez y el az\u00facar residual, garantizando una degustaci\u00f3n impecable. El decantador Mosel, con su ic\u00f3nico dise\u00f1o visual, es la opci\u00f3n ideal para quienes buscan una herramienta sencilla y vers\u00e1til, f\u00e1cil de usar sin complicaciones, pero a la vez elegante.<\/p>\n<p data-start=\"541\" data-end=\"863\">La serie RIEDEL Veritas, lanzada en 2014, ha revolucionado el mundo de la cristaler\u00eda para vino. Creada bajo la supervisi\u00f3n de Georg J. Riedel, la d\u00e9cima generaci\u00f3n de la hist\u00f3rica familia, esta colecci\u00f3n combina est\u00e9tica, comodidad y una excelente relaci\u00f3n calidad-precio, estableciendo un nuevo est\u00e1ndar en el dise\u00f1o de copas.<\/p>\n<p data-start=\"865\" data-end=\"898\"><strong data-start=\"865\" data-end=\"898\">Caracter\u00edsticas del producto:<\/strong><\/p>\n<ul data-start=\"899\" data-end=\"1411\">\n<li data-start=\"899\" data-end=\"978\">Juego de 4 copas RIEDEL Veritas Riesling y 1 decantador RIEDEL Mosel<\/li>\n<li data-start=\"979\" data-end=\"1075\">Copas ideales para vinos blancos afrutados, perfectas para equilibrar la acidez y el az\u00facar residual<\/li>\n<li data-start=\"1076\" data-end=\"1166\">Decantador Mosel con un dise\u00f1o sencillo y elegante. Elegante, para decantar sin complicaciones.<\/li>\n<li data-start=\"1167\" data-end=\"1220\">Fabricado en cristal transparente de alta calidad.<\/li>\n<li data-start=\"1221\" data-end=\"1270\">Hecho a m\u00e1quina para una precisi\u00f3n impecable.<\/li>\n<li data-start=\"1271\" data-end=\"1298\">Apto para lavavajillas.<\/li>\n<li data-start=\"1299\" data-end=\"1411\">RIEDEL recomienda usar perlas limpiadoras para botellas para eliminar cualquier mancha en el decantador.<\/li>\n<\/ul>\n<p data-start=\"1413\" data-end=\"1577\" data-is-last-node=\"\" data-is-only-node=\"\">A\u00f1ada este juego a su colecci\u00f3n para una experiencia de degustaci\u00f3n superior, que combina funcionalidad, elegancia y la inconfundible calidad RIEDEL.<\/p>\n","protected":false},"excerpt":{"rendered":"<p>Set RIEDEL Veritas Riesling con Decantador Mosel Mejore su experiencia vin\u00edcola con el set RIEDEL Veritas Riesling, que incluye 4<\/p>\n","protected":false},"featured_media":481400,"template":"","meta":{"_acf_changed":false,"inline_featured_image":false},"product_cat":[16027,16028],"product_tag":[25090,23912,16119,22552,23353,16117,16610,22557,21823,25023],"acf":[],"yoast_head":"<!-- This site is optimized with the Yoast SEO Premium plugin v18.6 (Yoast SEO v19.13) - https:\/\/yoast.com\/wordpress\/plugins\/seo\/ -->\n<title>RIEDEL Veritas Set de 4 copas Riesling y decantador Mosel - Erresse Shop<\/title>\n<meta name=\"description\" content=\"Set RIEDEL Veritas Riesling con Decantador Mosel Mejore su experiencia vin\u00edcola con el set RIEDEL Veritas Riesling, que incluye 4 elegantes copas y un\" \/>\n<meta name=\"robots\" content=\"index, follow, max-snippet:-1, max-image-preview:large, max-video-preview:-1\" \/>\n<link rel=\"canonical\" href=\"https:\/\/www.erresse-shop.it\/es\/shop\/tabla\/vasos\/riedel-black-tie-bordeaux-grand-cru-copia\/\" \/>\n<meta property=\"og:locale\" content=\"es_ES\" \/>\n<meta property=\"og:type\" content=\"article\" \/>\n<meta property=\"og:title\" content=\"RIEDEL Veritas Set de 4 copas Riesling y decantador Mosel\" \/>\n<meta property=\"og:description\" content=\"Set RIEDEL Veritas Riesling con Decantador Mosel Mejore su experiencia vin\u00edcola con el set RIEDEL Veritas Riesling, que incluye 4 elegantes copas y un\" \/>\n<meta property=\"og:url\" content=\"https:\/\/www.erresse-shop.it\/es\/shop\/tabla\/vasos\/riedel-black-tie-bordeaux-grand-cru-copia\/\" \/>\n<meta property=\"og:site_name\" content=\"Erresse Shop\" \/>\n<meta property=\"article:modified_time\" content=\"2025-03-20T07:46:51+00:00\" \/>\n<meta property=\"og:image\" content=\"https:\/\/www.erresse-shop.it\/wp-content\/uploads\/2025\/03\/RIEDEL-Veritas-Set-4-Calici-Riesling-e-Decanter-Mosel.jpg\" \/>\n\t<meta property=\"og:image:width\" content=\"1200\" \/>\n\t<meta property=\"og:image:height\" content=\"1200\" \/>\n\t<meta property=\"og:image:type\" content=\"image\/jpeg\" \/>\n<meta name=\"twitter:card\" content=\"summary_large_image\" \/>\n<script type=\"application\/ld+json\" class=\"yoast-schema-graph\">{\"@context\":\"https:\/\/schema.org\",\"@graph\":[{\"@type\":\"WebPage\",\"@id\":\"https:\/\/www.erresse-shop.it\/es\/shop\/tabla\/vasos\/riedel-black-tie-bordeaux-grand-cru-copia\/\",\"url\":\"https:\/\/www.erresse-shop.it\/es\/shop\/tabla\/vasos\/riedel-black-tie-bordeaux-grand-cru-copia\/\",\"name\":\"RIEDEL Veritas Set de 4 copas Riesling y decantador Mosel - Erresse Shop\",\"isPartOf\":{\"@id\":\"https:\/\/www.erresse-shop.it\/es\/#website\"},\"datePublished\":\"2025-03-20T07:30:15+00:00\",\"dateModified\":\"2025-03-20T07:46:51+00:00\",\"description\":\"Set RIEDEL Veritas Riesling con Decantador Mosel Mejore su experiencia vin\u00edcola con el set RIEDEL Veritas Riesling, que incluye 4 elegantes copas y un\",\"breadcrumb\":{\"@id\":\"https:\/\/www.erresse-shop.it\/es\/shop\/tabla\/vasos\/riedel-black-tie-bordeaux-grand-cru-copia\/#breadcrumb\"},\"inLanguage\":\"es\",\"potentialAction\":[{\"@type\":\"ReadAction\",\"target\":[\"https:\/\/www.erresse-shop.it\/es\/shop\/tabla\/vasos\/riedel-black-tie-bordeaux-grand-cru-copia\/\"]}]},{\"@type\":\"BreadcrumbList\",\"@id\":\"https:\/\/www.erresse-shop.it\/es\/shop\/tabla\/vasos\/riedel-black-tie-bordeaux-grand-cru-copia\/#breadcrumb\",\"itemListElement\":[{\"@type\":\"ListItem\",\"position\":1,\"name\":\"Home\",\"item\":\"https:\/\/www.erresse-shop.it\/es\/\"},{\"@type\":\"ListItem\",\"position\":2,\"name\":\"Shop\",\"item\":\"https:\/\/www.erresse-shop.it\/es\/shop\/\"},{\"@type\":\"ListItem\",\"position\":3,\"name\":\"RIEDEL Veritas Set de 4 copas Riesling y decantador Mosel\"}]},{\"@type\":\"WebSite\",\"@id\":\"https:\/\/www.erresse-shop.it\/es\/#website\",\"url\":\"https:\/\/www.erresse-shop.it\/es\/\",\"name\":\"Erresse Shop\",\"description\":\"Articoli di qualit\u00e0 per la casa\",\"potentialAction\":[{\"@type\":\"SearchAction\",\"target\":{\"@type\":\"EntryPoint\",\"urlTemplate\":\"https:\/\/www.erresse-shop.it\/es\/?s={search_term_string}\"},\"query-input\":\"required name=search_term_string\"}],\"inLanguage\":\"es\"}]}<\/script>\n<!-- \/ Yoast SEO Premium plugin. -->","yoast_head_json":{"title":"RIEDEL Veritas Set de 4 copas Riesling y decantador Mosel - Erresse Shop","description":"Set RIEDEL Veritas Riesling con Decantador Mosel Mejore su experiencia vin\u00edcola con el set RIEDEL Veritas Riesling, que incluye 4 elegantes copas y un","robots":{"index":"index","follow":"follow","max-snippet":"max-snippet:-1","max-image-preview":"max-image-preview:large","max-video-preview":"max-video-preview:-1"},"canonical":"https:\/\/www.erresse-shop.it\/es\/shop\/tabla\/vasos\/riedel-black-tie-bordeaux-grand-cru-copia\/","og_locale":"es_ES","og_type":"article","og_title":"RIEDEL Veritas Set de 4 copas Riesling y decantador Mosel","og_description":"Set RIEDEL Veritas Riesling con Decantador Mosel Mejore su experiencia vin\u00edcola con el set RIEDEL Veritas Riesling, que incluye 4 elegantes copas y un","og_url":"https:\/\/www.erresse-shop.it\/es\/shop\/tabla\/vasos\/riedel-black-tie-bordeaux-grand-cru-copia\/","og_site_name":"Erresse Shop","article_modified_time":"2025-03-20T07:46:51+00:00","og_image":[{"width":1200,"height":1200,"url":"https:\/\/www.erresse-shop.it\/wp-content\/uploads\/2025\/03\/RIEDEL-Veritas-Set-4-Calici-Riesling-e-Decanter-Mosel.jpg","type":"image\/jpeg"}],"twitter_card":"summary_large_image","schema":{"@context":"https:\/\/schema.org","@graph":[{"@type":"WebPage","@id":"https:\/\/www.erresse-shop.it\/es\/shop\/tabla\/vasos\/riedel-black-tie-bordeaux-grand-cru-copia\/","url":"https:\/\/www.erresse-shop.it\/es\/shop\/tabla\/vasos\/riedel-black-tie-bordeaux-grand-cru-copia\/","name":"RIEDEL Veritas Set de 4 copas Riesling y decantador Mosel - Erresse Shop","isPartOf":{"@id":"https:\/\/www.erresse-shop.it\/es\/#website"},"datePublished":"2025-03-20T07:30:15+00:00","dateModified":"2025-03-20T07:46:51+00:00","description":"Set RIEDEL Veritas Riesling con Decantador Mosel Mejore su experiencia vin\u00edcola con el set RIEDEL Veritas Riesling, que incluye 4 elegantes copas y un","breadcrumb":{"@id":"https:\/\/www.erresse-shop.it\/es\/shop\/tabla\/vasos\/riedel-black-tie-bordeaux-grand-cru-copia\/#breadcrumb"},"inLanguage":"es","potentialAction":[{"@type":"ReadAction","target":["https:\/\/www.erresse-shop.it\/es\/shop\/tabla\/vasos\/riedel-black-tie-bordeaux-grand-cru-copia\/"]}]},{"@type":"BreadcrumbList","@id":"https:\/\/www.erresse-shop.it\/es\/shop\/tabla\/vasos\/riedel-black-tie-bordeaux-grand-cru-copia\/#breadcrumb","itemListElement":[{"@type":"ListItem","position":1,"name":"Home","item":"https:\/\/www.erresse-shop.it\/es\/"},{"@type":"ListItem","position":2,"name":"Shop","item":"https:\/\/www.erresse-shop.it\/es\/shop\/"},{"@type":"ListItem","position":3,"name":"RIEDEL Veritas Set de 4 copas Riesling y decantador Mosel"}]},{"@type":"WebSite","@id":"https:\/\/www.erresse-shop.it\/es\/#website","url":"https:\/\/www.erresse-shop.it\/es\/","name":"Erresse Shop","description":"Articoli di qualit\u00e0 per la casa","potentialAction":[{"@type":"SearchAction","target":{"@type":"EntryPoint","urlTemplate":"https:\/\/www.erresse-shop.it\/es\/?s={search_term_string}"},"query-input":"required name=search_term_string"}],"inLanguage":"es"}]}},"df_price":92,"df_sale_price":92,"df_regular_price":115,"df_image_link":"https:\/\/www.erresse-shop.it\/wp-content\/uploads\/2025\/03\/RIEDEL-Veritas-Set-4-Calici-Riesling-e-Decanter-Mosel-300x300.jpg","_links":{"self":[{"href":"https:\/\/www.erresse-shop.it\/es\/wp-json\/wp\/v2\/product\/481373"}],"collection":[{"href":"https:\/\/www.erresse-shop.it\/es\/wp-json\/wp\/v2\/product"}],"about":[{"href":"https:\/\/www.erresse-shop.it\/es\/wp-json\/wp\/v2\/types\/product"}],"wp:featuredmedia":[{"embeddable":true,"href":"https:\/\/www.erresse-shop.it\/es\/wp-json\/wp\/v2\/media\/481400"}],"wp:attachment":[{"href":"https:\/\/www.erresse-shop.it\/es\/wp-json\/wp\/v2\/media?parent=481373"}],"wp:term":[{"taxonomy":"product_cat","embeddable":true,"href":"https:\/\/www.erresse-shop.it\/es\/wp-json\/wp\/v2\/product_cat?post=481373"},{"taxonomy":"product_tag","embeddable":true,"href":"https:\/\/www.erresse-shop.it\/es\/wp-json\/wp\/v2\/product_tag?post=481373"}],"curies":[{"name":"wp","href":"https:\/\/api.w.org\/{rel}","templated":true}]}}