{"id":481339,"date":"2025-03-20T07:16:50","date_gmt":"2025-03-20T07:17:06","guid":{"rendered":"https:\/\/www.erresse-shop.it\/?post_type=product&#038;p=481339"},"modified":"2025-03-20T07:28:51","modified_gmt":"2025-03-20T07:28:51","slug":"riedel-black-tie-chardonnay-copia","status":"publish","type":"product","link":"https:\/\/www.erresse-shop.it\/es\/shop\/tabla\/vasos\/riedel-black-tie-chardonnay-copia\/","title":{"rendered":"RIEDEL Black Tie Bordeaux Grand Cru"},"content":{"rendered":"<p data-start=\"0\" data-end=\"62\"><strong data-start=\"0\" data-end=\"62\">Copa RIEDEL Grand Cru Burdeos Artesanal Black Tie<\/strong><\/p>\n<p data-start=\"64\" data-end=\"565\">La copa Grand Cru Burdeos est\u00e1 dise\u00f1ada para realzar vinos tintos complejos, con cuerpo y con taninos intensos. Esta forma, una de las originales dise\u00f1adas por Claus J. RIEDEL de la novena generaci\u00f3n, es perfecta para optimizar la experiencia sensorial de los vinos m\u00e1s estructurados. Sus generosas dimensiones permiten que el bouquet se exprese plenamente, suavizando los taninos m\u00e1s \u00e1speros y enfatizando el car\u00e1cter frutal del vino, reduciendo el amargor y mejorando el equilibrio general.<\/p>\n<p data-start=\"567\" data-end=\"907\">Hecha a mano, esta copa cuenta con un tallo de cristal transparente y una base de cristal negro, creada a mano, que le aporta un toque de elegancia \u00fanica. La base decorativa llama la atenci\u00f3n, mientras que el dise\u00f1o general representa una combinaci\u00f3n perfecta de artesan\u00eda tradicional y la precisi\u00f3n de la producci\u00f3n moderna.<\/p>\n<p data-start=\"909\" data-end=\"942\"><strong data-start=\"909\" data-end=\"942\">Caracter\u00edsticas del producto:<\/strong><\/p>\n<ul data-start=\"943\" data-end=\"1249\">\n<li data-start=\"943\" data-end=\"967\">Copa artesanal<\/li>\n<li data-start=\"968\" data-end=\"1043\">V\u00e1stago de cristal transparente y base de cristal negro artesanal<\/li>\n<li data-start=\"1044\" data-end=\"1106\">Ideal para vinos tintos complejos, con cuerpo y ricos en taninos<\/li>\n<li data-start=\"1107\" data-end=\"1165\">Optimiza la expresi\u00f3n del bouquet y equilibra el&#8230; Taninos<\/li>\n<li data-start=\"1166\" data-end=\"1195\">Dise\u00f1o elegante y refinado<\/li>\n<li data-start=\"1196\" data-end=\"1223\">Apto para lavavajillas<\/li>\n<li data-start=\"1224\" data-end=\"1249\">Presentaci\u00f3n: 1 copa<\/li>\n<\/ul>\n<p data-start=\"1251\" data-end=\"1435\"><strong data-start=\"1251\" data-end=\"1259\">Nota:<\/strong> Dado que el proceso de producci\u00f3n es artesanal, cada copa puede presentar ligeras imperfecciones, variaciones de tama\u00f1o o superficie, lo que la hace \u00fanica.<\/p>\n<p data-start=\"1437\" data-end=\"1601\" data-is-last-node=\"\" data-is-only-node=\"\">Elija la copa RIEDEL Handcrafted Black Tie Bordeaux Grand Cru para enriquecer la experiencia de su vino tinto favorito con Un toque de clase y sofisticaci\u00f3n.<\/p>\n<p class=\"product-info__characteristics-paragraph flex justify-between\">Cilindrada: 953,0 cc<br \/>\nAltura: 282,0 mm<\/p>\n","protected":false},"excerpt":{"rendered":"<p>Copa RIEDEL Grand Cru Burdeos Artesanal Black Tie La copa Grand Cru Burdeos est\u00e1 dise\u00f1ada para realzar vinos tintos complejos,<\/p>\n","protected":false},"featured_media":481365,"template":"","meta":{"_acf_changed":false,"inline_featured_image":false},"product_cat":[16027,16028],"product_tag":[25090,23912,16119,16117,16610,22557,21823,25023],"acf":[],"yoast_head":"<!-- This site is optimized with the Yoast SEO Premium plugin v18.6 (Yoast SEO v19.13) - https:\/\/yoast.com\/wordpress\/plugins\/seo\/ -->\n<title>RIEDEL Black Tie Bordeaux Grand Cru - Erresse Shop<\/title>\n<meta name=\"description\" content=\"Copa RIEDEL Grand Cru Burdeos Artesanal Black Tie La copa Grand Cru Burdeos est\u00e1 dise\u00f1ada para realzar vinos tintos complejos, con cuerpo y con taninos\" \/>\n<meta name=\"robots\" content=\"index, follow, max-snippet:-1, max-image-preview:large, max-video-preview:-1\" \/>\n<link rel=\"canonical\" href=\"https:\/\/www.erresse-shop.it\/es\/shop\/tabla\/vasos\/riedel-black-tie-chardonnay-copia\/\" \/>\n<meta property=\"og:locale\" content=\"es_ES\" \/>\n<meta property=\"og:type\" content=\"article\" \/>\n<meta property=\"og:title\" content=\"RIEDEL Black Tie Bordeaux Grand Cru\" \/>\n<meta property=\"og:description\" content=\"Copa RIEDEL Grand Cru Burdeos Artesanal Black Tie La copa Grand Cru Burdeos est\u00e1 dise\u00f1ada para realzar vinos tintos complejos, con cuerpo y con taninos\" \/>\n<meta property=\"og:url\" content=\"https:\/\/www.erresse-shop.it\/es\/shop\/tabla\/vasos\/riedel-black-tie-chardonnay-copia\/\" \/>\n<meta property=\"og:site_name\" content=\"Erresse Shop\" \/>\n<meta property=\"article:modified_time\" content=\"2025-03-20T07:28:51+00:00\" \/>\n<meta property=\"og:image\" content=\"https:\/\/www.erresse-shop.it\/wp-content\/uploads\/2025\/03\/RIEDEL-Black-Tie-Bordeaux-Grand-Cru.jpg\" \/>\n\t<meta property=\"og:image:width\" content=\"1200\" \/>\n\t<meta property=\"og:image:height\" content=\"1200\" \/>\n\t<meta property=\"og:image:type\" content=\"image\/jpeg\" \/>\n<meta name=\"twitter:card\" content=\"summary_large_image\" \/>\n<script type=\"application\/ld+json\" class=\"yoast-schema-graph\">{\"@context\":\"https:\/\/schema.org\",\"@graph\":[{\"@type\":\"WebPage\",\"@id\":\"https:\/\/www.erresse-shop.it\/es\/shop\/tabla\/vasos\/riedel-black-tie-chardonnay-copia\/\",\"url\":\"https:\/\/www.erresse-shop.it\/es\/shop\/tabla\/vasos\/riedel-black-tie-chardonnay-copia\/\",\"name\":\"RIEDEL Black Tie Bordeaux Grand Cru - Erresse Shop\",\"isPartOf\":{\"@id\":\"https:\/\/www.erresse-shop.it\/es\/#website\"},\"datePublished\":\"2025-03-20T07:17:06+00:00\",\"dateModified\":\"2025-03-20T07:28:51+00:00\",\"description\":\"Copa RIEDEL Grand Cru Burdeos Artesanal Black Tie La copa Grand Cru Burdeos est\u00e1 dise\u00f1ada para realzar vinos tintos complejos, con cuerpo y con taninos\",\"breadcrumb\":{\"@id\":\"https:\/\/www.erresse-shop.it\/es\/shop\/tabla\/vasos\/riedel-black-tie-chardonnay-copia\/#breadcrumb\"},\"inLanguage\":\"es\",\"potentialAction\":[{\"@type\":\"ReadAction\",\"target\":[\"https:\/\/www.erresse-shop.it\/es\/shop\/tabla\/vasos\/riedel-black-tie-chardonnay-copia\/\"]}]},{\"@type\":\"BreadcrumbList\",\"@id\":\"https:\/\/www.erresse-shop.it\/es\/shop\/tabla\/vasos\/riedel-black-tie-chardonnay-copia\/#breadcrumb\",\"itemListElement\":[{\"@type\":\"ListItem\",\"position\":1,\"name\":\"Home\",\"item\":\"https:\/\/www.erresse-shop.it\/es\/\"},{\"@type\":\"ListItem\",\"position\":2,\"name\":\"Shop\",\"item\":\"https:\/\/www.erresse-shop.it\/es\/shop\/\"},{\"@type\":\"ListItem\",\"position\":3,\"name\":\"RIEDEL Black Tie Bordeaux Grand Cru\"}]},{\"@type\":\"WebSite\",\"@id\":\"https:\/\/www.erresse-shop.it\/es\/#website\",\"url\":\"https:\/\/www.erresse-shop.it\/es\/\",\"name\":\"Erresse Shop\",\"description\":\"Articoli di qualit\u00e0 per la casa\",\"potentialAction\":[{\"@type\":\"SearchAction\",\"target\":{\"@type\":\"EntryPoint\",\"urlTemplate\":\"https:\/\/www.erresse-shop.it\/es\/?s={search_term_string}\"},\"query-input\":\"required name=search_term_string\"}],\"inLanguage\":\"es\"}]}<\/script>\n<!-- \/ Yoast SEO Premium plugin. -->","yoast_head_json":{"title":"RIEDEL Black Tie Bordeaux Grand Cru - Erresse Shop","description":"Copa RIEDEL Grand Cru Burdeos Artesanal Black Tie La copa Grand Cru Burdeos est\u00e1 dise\u00f1ada para realzar vinos tintos complejos, con cuerpo y con taninos","robots":{"index":"index","follow":"follow","max-snippet":"max-snippet:-1","max-image-preview":"max-image-preview:large","max-video-preview":"max-video-preview:-1"},"canonical":"https:\/\/www.erresse-shop.it\/es\/shop\/tabla\/vasos\/riedel-black-tie-chardonnay-copia\/","og_locale":"es_ES","og_type":"article","og_title":"RIEDEL Black Tie Bordeaux Grand Cru","og_description":"Copa RIEDEL Grand Cru Burdeos Artesanal Black Tie La copa Grand Cru Burdeos est\u00e1 dise\u00f1ada para realzar vinos tintos complejos, con cuerpo y con taninos","og_url":"https:\/\/www.erresse-shop.it\/es\/shop\/tabla\/vasos\/riedel-black-tie-chardonnay-copia\/","og_site_name":"Erresse Shop","article_modified_time":"2025-03-20T07:28:51+00:00","og_image":[{"width":1200,"height":1200,"url":"https:\/\/www.erresse-shop.it\/wp-content\/uploads\/2025\/03\/RIEDEL-Black-Tie-Bordeaux-Grand-Cru.jpg","type":"image\/jpeg"}],"twitter_card":"summary_large_image","schema":{"@context":"https:\/\/schema.org","@graph":[{"@type":"WebPage","@id":"https:\/\/www.erresse-shop.it\/es\/shop\/tabla\/vasos\/riedel-black-tie-chardonnay-copia\/","url":"https:\/\/www.erresse-shop.it\/es\/shop\/tabla\/vasos\/riedel-black-tie-chardonnay-copia\/","name":"RIEDEL Black Tie Bordeaux Grand Cru - Erresse Shop","isPartOf":{"@id":"https:\/\/www.erresse-shop.it\/es\/#website"},"datePublished":"2025-03-20T07:17:06+00:00","dateModified":"2025-03-20T07:28:51+00:00","description":"Copa RIEDEL Grand Cru Burdeos Artesanal Black Tie La copa Grand Cru Burdeos est\u00e1 dise\u00f1ada para realzar vinos tintos complejos, con cuerpo y con taninos","breadcrumb":{"@id":"https:\/\/www.erresse-shop.it\/es\/shop\/tabla\/vasos\/riedel-black-tie-chardonnay-copia\/#breadcrumb"},"inLanguage":"es","potentialAction":[{"@type":"ReadAction","target":["https:\/\/www.erresse-shop.it\/es\/shop\/tabla\/vasos\/riedel-black-tie-chardonnay-copia\/"]}]},{"@type":"BreadcrumbList","@id":"https:\/\/www.erresse-shop.it\/es\/shop\/tabla\/vasos\/riedel-black-tie-chardonnay-copia\/#breadcrumb","itemListElement":[{"@type":"ListItem","position":1,"name":"Home","item":"https:\/\/www.erresse-shop.it\/es\/"},{"@type":"ListItem","position":2,"name":"Shop","item":"https:\/\/www.erresse-shop.it\/es\/shop\/"},{"@type":"ListItem","position":3,"name":"RIEDEL Black Tie Bordeaux Grand Cru"}]},{"@type":"WebSite","@id":"https:\/\/www.erresse-shop.it\/es\/#website","url":"https:\/\/www.erresse-shop.it\/es\/","name":"Erresse Shop","description":"Articoli di qualit\u00e0 per la casa","potentialAction":[{"@type":"SearchAction","target":{"@type":"EntryPoint","urlTemplate":"https:\/\/www.erresse-shop.it\/es\/?s={search_term_string}"},"query-input":"required name=search_term_string"}],"inLanguage":"es"}]}},"df_price":31.05,"df_sale_price":31.05,"df_regular_price":69,"df_image_link":"https:\/\/www.erresse-shop.it\/wp-content\/uploads\/2025\/03\/RIEDEL-Black-Tie-Bordeaux-Grand-Cru-300x300.jpg","_links":{"self":[{"href":"https:\/\/www.erresse-shop.it\/es\/wp-json\/wp\/v2\/product\/481339"}],"collection":[{"href":"https:\/\/www.erresse-shop.it\/es\/wp-json\/wp\/v2\/product"}],"about":[{"href":"https:\/\/www.erresse-shop.it\/es\/wp-json\/wp\/v2\/types\/product"}],"wp:featuredmedia":[{"embeddable":true,"href":"https:\/\/www.erresse-shop.it\/es\/wp-json\/wp\/v2\/media\/481365"}],"wp:attachment":[{"href":"https:\/\/www.erresse-shop.it\/es\/wp-json\/wp\/v2\/media?parent=481339"}],"wp:term":[{"taxonomy":"product_cat","embeddable":true,"href":"https:\/\/www.erresse-shop.it\/es\/wp-json\/wp\/v2\/product_cat?post=481339"},{"taxonomy":"product_tag","embeddable":true,"href":"https:\/\/www.erresse-shop.it\/es\/wp-json\/wp\/v2\/product_tag?post=481339"}],"curies":[{"name":"wp","href":"https:\/\/api.w.org\/{rel}","templated":true}]}}