{"id":481236,"date":"2025-03-19T14:37:05","date_gmt":"2025-03-19T14:37:09","guid":{"rendered":"https:\/\/www.erresse-shop.it\/?post_type=product&#038;p=481236"},"modified":"2026-02-23T07:54:37","modified_gmt":"2026-02-23T07:54:37","slug":"riedel-black-tie-riesling","status":"publish","type":"product","link":"https:\/\/www.erresse-shop.it\/es\/shop\/tabla\/vasos\/riedel-black-tie-riesling\/","title":{"rendered":"RIEDEL Black Tie Riesling"},"content":{"rendered":"<p data-start=\"0\" data-end=\"56\"><strong data-start=\"0\" data-end=\"56\">Copa RIEDEL para Riesling, Black Tie, hecha a mano<\/strong><\/p>\n<p data-start=\"58\" data-end=\"507\">La copa RIEDEL para Riesling fue dise\u00f1ada para equilibrar la alta acidez y los az\u00facares residuales de los vinos blancos afrutados. Su forma evolucionada realza la experiencia sensorial, realzando la frescura y los elementos minerales de los vinos, mientras que su mayor tama\u00f1o permite una degustaci\u00f3n m\u00e1s arom\u00e1tica y completa. Perfecta para Riesling y otros vinos blancos arom\u00e1ticos, es una copa ideal para realzar los perfiles frescos y afrutados.<\/p>\n<p data-start=\"509\" data-end=\"529\"><strong data-start=\"509\" data-end=\"529\">Caracter\u00edsticas:<\/strong><\/p>\n<ul data-start=\"530\" data-end=\"890\">\n<li data-start=\"530\" data-end=\"625\"><strong data-start=\"532\" data-end=\"552\">Dise\u00f1o exclusivo:<\/strong> Forma que realza la experiencia arom\u00e1tica y equilibra la acidez y el dulzor.<\/li>\n<li data-start=\"626\" data-end=\"703\"><strong data-start=\"628\" data-end=\"652\">Base decorativa negra:<\/strong> Elegante base de cristal negro artesanal.<\/li>\n<li data-start=\"704\" data-end=\"748\"><strong data-start=\"706\" data-end=\"727\">Tallo transparente:<\/strong> Fino y elegante<\/li>\n<li data-start=\"749\" data-end=\"828\"><strong data-start=\"751\" data-end=\"767\">Hecho a mano:<\/strong> Cada copa es \u00fanica, elaborada por expertos vidrieros (al ser cada pieza artesanal, puede haber ligeras diferencias de tama\u00f1o y peso).<\/li>\n<li data-start=\"829\" data-end=\"890\"><strong data-start=\"831\" data-end=\"860\">Apto para lavavajillas:<\/strong> para un f\u00e1cil mantenimiento<\/li>\n<\/ul>\n<p data-start=\"892\" data-end=\"1033\"><strong data-start=\"1009\" data-end=\"1023\">Paquete:<\/strong> 1 unidad.<\/p>\n<p class=\"product-info__characteristics-paragraph flex justify-between\">Capacidad: 400,0 cc<br \/>\nAltura: 252,0 mm<\/p>\n","protected":false},"excerpt":{"rendered":"<p>Copa RIEDEL para Riesling, Black Tie, hecha a mano La copa RIEDEL para Riesling fue dise\u00f1ada para equilibrar la alta<\/p>\n","protected":false},"featured_media":481262,"template":"","meta":{"_acf_changed":false,"inline_featured_image":false},"product_cat":[16027,16028],"product_tag":[25090,23912,16119,16117,16610,22557,21823,25023],"acf":[],"yoast_head":"<!-- This site is optimized with the Yoast SEO Premium plugin v18.6 (Yoast SEO v19.13) - https:\/\/yoast.com\/wordpress\/plugins\/seo\/ -->\n<title>RIEDEL Black Tie Riesling - Erresse Shop<\/title>\n<meta name=\"description\" content=\"Copa RIEDEL para Riesling, Black Tie, hecha a mano La copa RIEDEL para Riesling fue dise\u00f1ada para equilibrar la alta acidez y los az\u00facares residuales de\" \/>\n<meta name=\"robots\" content=\"index, follow, max-snippet:-1, max-image-preview:large, max-video-preview:-1\" \/>\n<link rel=\"canonical\" href=\"https:\/\/www.erresse-shop.it\/es\/shop\/tabla\/vasos\/riedel-black-tie-riesling\/\" \/>\n<meta property=\"og:locale\" content=\"es_ES\" \/>\n<meta property=\"og:type\" content=\"article\" \/>\n<meta property=\"og:title\" content=\"RIEDEL Black Tie Riesling\" \/>\n<meta property=\"og:description\" content=\"Copa RIEDEL para Riesling, Black Tie, hecha a mano La copa RIEDEL para Riesling fue dise\u00f1ada para equilibrar la alta acidez y los az\u00facares residuales de\" \/>\n<meta property=\"og:url\" content=\"https:\/\/www.erresse-shop.it\/es\/shop\/tabla\/vasos\/riedel-black-tie-riesling\/\" \/>\n<meta property=\"og:site_name\" content=\"Erresse Shop\" \/>\n<meta property=\"article:modified_time\" content=\"2026-02-23T07:54:37+00:00\" \/>\n<meta property=\"og:image\" content=\"https:\/\/www.erresse-shop.it\/wp-content\/uploads\/2025\/03\/RIEDEL-Black-Tie-Riesling.jpg\" \/>\n\t<meta property=\"og:image:width\" content=\"1200\" \/>\n\t<meta property=\"og:image:height\" content=\"1200\" \/>\n\t<meta property=\"og:image:type\" content=\"image\/jpeg\" \/>\n<meta name=\"twitter:card\" content=\"summary_large_image\" \/>\n<script type=\"application\/ld+json\" class=\"yoast-schema-graph\">{\"@context\":\"https:\/\/schema.org\",\"@graph\":[{\"@type\":\"WebPage\",\"@id\":\"https:\/\/www.erresse-shop.it\/es\/shop\/tabla\/vasos\/riedel-black-tie-riesling\/\",\"url\":\"https:\/\/www.erresse-shop.it\/es\/shop\/tabla\/vasos\/riedel-black-tie-riesling\/\",\"name\":\"RIEDEL Black Tie Riesling - Erresse Shop\",\"isPartOf\":{\"@id\":\"https:\/\/www.erresse-shop.it\/es\/#website\"},\"datePublished\":\"2025-03-19T14:37:09+00:00\",\"dateModified\":\"2026-02-23T07:54:37+00:00\",\"description\":\"Copa RIEDEL para Riesling, Black Tie, hecha a mano La copa RIEDEL para Riesling fue dise\u00f1ada para equilibrar la alta acidez y los az\u00facares residuales de\",\"breadcrumb\":{\"@id\":\"https:\/\/www.erresse-shop.it\/es\/shop\/tabla\/vasos\/riedel-black-tie-riesling\/#breadcrumb\"},\"inLanguage\":\"es\",\"potentialAction\":[{\"@type\":\"ReadAction\",\"target\":[\"https:\/\/www.erresse-shop.it\/es\/shop\/tabla\/vasos\/riedel-black-tie-riesling\/\"]}]},{\"@type\":\"BreadcrumbList\",\"@id\":\"https:\/\/www.erresse-shop.it\/es\/shop\/tabla\/vasos\/riedel-black-tie-riesling\/#breadcrumb\",\"itemListElement\":[{\"@type\":\"ListItem\",\"position\":1,\"name\":\"Home\",\"item\":\"https:\/\/www.erresse-shop.it\/es\/\"},{\"@type\":\"ListItem\",\"position\":2,\"name\":\"Shop\",\"item\":\"https:\/\/www.erresse-shop.it\/es\/shop\/\"},{\"@type\":\"ListItem\",\"position\":3,\"name\":\"RIEDEL Black Tie Riesling\"}]},{\"@type\":\"WebSite\",\"@id\":\"https:\/\/www.erresse-shop.it\/es\/#website\",\"url\":\"https:\/\/www.erresse-shop.it\/es\/\",\"name\":\"Erresse Shop\",\"description\":\"Articoli di qualit\u00e0 per la casa\",\"potentialAction\":[{\"@type\":\"SearchAction\",\"target\":{\"@type\":\"EntryPoint\",\"urlTemplate\":\"https:\/\/www.erresse-shop.it\/es\/?s={search_term_string}\"},\"query-input\":\"required name=search_term_string\"}],\"inLanguage\":\"es\"}]}<\/script>\n<!-- \/ Yoast SEO Premium plugin. -->","yoast_head_json":{"title":"RIEDEL Black Tie Riesling - Erresse Shop","description":"Copa RIEDEL para Riesling, Black Tie, hecha a mano La copa RIEDEL para Riesling fue dise\u00f1ada para equilibrar la alta acidez y los az\u00facares residuales de","robots":{"index":"index","follow":"follow","max-snippet":"max-snippet:-1","max-image-preview":"max-image-preview:large","max-video-preview":"max-video-preview:-1"},"canonical":"https:\/\/www.erresse-shop.it\/es\/shop\/tabla\/vasos\/riedel-black-tie-riesling\/","og_locale":"es_ES","og_type":"article","og_title":"RIEDEL Black Tie Riesling","og_description":"Copa RIEDEL para Riesling, Black Tie, hecha a mano La copa RIEDEL para Riesling fue dise\u00f1ada para equilibrar la alta acidez y los az\u00facares residuales de","og_url":"https:\/\/www.erresse-shop.it\/es\/shop\/tabla\/vasos\/riedel-black-tie-riesling\/","og_site_name":"Erresse Shop","article_modified_time":"2026-02-23T07:54:37+00:00","og_image":[{"width":1200,"height":1200,"url":"https:\/\/www.erresse-shop.it\/wp-content\/uploads\/2025\/03\/RIEDEL-Black-Tie-Riesling.jpg","type":"image\/jpeg"}],"twitter_card":"summary_large_image","schema":{"@context":"https:\/\/schema.org","@graph":[{"@type":"WebPage","@id":"https:\/\/www.erresse-shop.it\/es\/shop\/tabla\/vasos\/riedel-black-tie-riesling\/","url":"https:\/\/www.erresse-shop.it\/es\/shop\/tabla\/vasos\/riedel-black-tie-riesling\/","name":"RIEDEL Black Tie Riesling - Erresse Shop","isPartOf":{"@id":"https:\/\/www.erresse-shop.it\/es\/#website"},"datePublished":"2025-03-19T14:37:09+00:00","dateModified":"2026-02-23T07:54:37+00:00","description":"Copa RIEDEL para Riesling, Black Tie, hecha a mano La copa RIEDEL para Riesling fue dise\u00f1ada para equilibrar la alta acidez y los az\u00facares residuales de","breadcrumb":{"@id":"https:\/\/www.erresse-shop.it\/es\/shop\/tabla\/vasos\/riedel-black-tie-riesling\/#breadcrumb"},"inLanguage":"es","potentialAction":[{"@type":"ReadAction","target":["https:\/\/www.erresse-shop.it\/es\/shop\/tabla\/vasos\/riedel-black-tie-riesling\/"]}]},{"@type":"BreadcrumbList","@id":"https:\/\/www.erresse-shop.it\/es\/shop\/tabla\/vasos\/riedel-black-tie-riesling\/#breadcrumb","itemListElement":[{"@type":"ListItem","position":1,"name":"Home","item":"https:\/\/www.erresse-shop.it\/es\/"},{"@type":"ListItem","position":2,"name":"Shop","item":"https:\/\/www.erresse-shop.it\/es\/shop\/"},{"@type":"ListItem","position":3,"name":"RIEDEL Black Tie Riesling"}]},{"@type":"WebSite","@id":"https:\/\/www.erresse-shop.it\/es\/#website","url":"https:\/\/www.erresse-shop.it\/es\/","name":"Erresse Shop","description":"Articoli di qualit\u00e0 per la casa","potentialAction":[{"@type":"SearchAction","target":{"@type":"EntryPoint","urlTemplate":"https:\/\/www.erresse-shop.it\/es\/?s={search_term_string}"},"query-input":"required name=search_term_string"}],"inLanguage":"es"}]}},"df_price":52.95,"df_sale_price":52.95,"df_regular_price":69,"df_image_link":"https:\/\/www.erresse-shop.it\/wp-content\/uploads\/2025\/03\/RIEDEL-Black-Tie-Riesling-300x300.jpg","_links":{"self":[{"href":"https:\/\/www.erresse-shop.it\/es\/wp-json\/wp\/v2\/product\/481236"}],"collection":[{"href":"https:\/\/www.erresse-shop.it\/es\/wp-json\/wp\/v2\/product"}],"about":[{"href":"https:\/\/www.erresse-shop.it\/es\/wp-json\/wp\/v2\/types\/product"}],"wp:featuredmedia":[{"embeddable":true,"href":"https:\/\/www.erresse-shop.it\/es\/wp-json\/wp\/v2\/media\/481262"}],"wp:attachment":[{"href":"https:\/\/www.erresse-shop.it\/es\/wp-json\/wp\/v2\/media?parent=481236"}],"wp:term":[{"taxonomy":"product_cat","embeddable":true,"href":"https:\/\/www.erresse-shop.it\/es\/wp-json\/wp\/v2\/product_cat?post=481236"},{"taxonomy":"product_tag","embeddable":true,"href":"https:\/\/www.erresse-shop.it\/es\/wp-json\/wp\/v2\/product_tag?post=481236"}],"curies":[{"name":"wp","href":"https:\/\/api.w.org\/{rel}","templated":true}]}}