{"id":481113,"date":"2025-03-19T13:23:08","date_gmt":"2025-03-19T13:23:11","guid":{"rendered":"https:\/\/www.erresse-shop.it\/?post_type=product&#038;p=481113"},"modified":"2026-02-23T08:02:38","modified_gmt":"2026-02-23T08:02:38","slug":"riedel-set-2-copas-de-chardonnay-gin-tonic","status":"publish","type":"product","link":"https:\/\/www.erresse-shop.it\/es\/shop\/tabla\/vino\/calices\/riedel-set-2-copas-de-chardonnay-gin-tonic\/","title":{"rendered":"RIEDEL Set 2 Copas de Chardonnay\/Gin Tonic"},"content":{"rendered":"<p>La elegante copa para Chardonnay\/Gin &amp; Tonic, elaborada a m\u00e1quina, ofrece a los amantes del vino y los c\u00f3cteles un dise\u00f1o que realzar\u00e1 ambos sabores. Su amplio c\u00e1liz realza la textura cremosa del Chardonnay en el paladar, mientras que su forma vers\u00e1til es perfecta para realzar las refrescantes notas bot\u00e1nicas de un gin-tonic cl\u00e1sico.<\/p>\n<p>Ideales para una variedad de vinos, bebidas y c\u00f3cteles. Elaboradas con esmero para garantizar la m\u00e1xima precisi\u00f3n seg\u00fan la variedad, estas copas ofrecen lo mejor en cocteler\u00eda y placer al beber.<\/p>\n<p><strong>Detalles del producto:<\/strong><\/p>\n<ul>\n<li>Este producto est\u00e1 elaborado a m\u00e1quina.<\/li>\n<li>Este art\u00edculo es apto para lavavajillas.<\/li>\n<li>Paquete de 2.<\/li>\n<\/ul>\n<p class=\"product-info__characteristics-paragraph flex justify-between\">Capacidad: 650.0 ccm<br \/>\nAltura: 215.0 mm<\/p>\n","protected":false},"excerpt":{"rendered":"<p>La elegante copa para Chardonnay\/Gin &amp; Tonic, elaborada a m\u00e1quina, ofrece a los amantes del vino y los c\u00f3cteles un<\/p>\n","protected":false},"featured_media":481133,"template":"","meta":{"_acf_changed":false,"inline_featured_image":false},"product_cat":[16052,16051],"product_tag":[25090,23912,21987,23662,24417,16117,16610,21823,25023,23684],"acf":[],"yoast_head":"<!-- This site is optimized with the Yoast SEO Premium plugin v18.6 (Yoast SEO v19.13) - https:\/\/yoast.com\/wordpress\/plugins\/seo\/ -->\n<title>RIEDEL Set 2 Copas de Chardonnay\/Gin Tonic - Erresse Shop<\/title>\n<meta name=\"description\" content=\"La elegante copa para Chardonnay\/Gin &amp; Tonic, elaborada a m\u00e1quina, ofrece a los amantes del vino y los c\u00f3cteles un dise\u00f1o que realzar\u00e1 ambos sabores.\" \/>\n<meta name=\"robots\" content=\"index, follow, max-snippet:-1, max-image-preview:large, max-video-preview:-1\" \/>\n<link rel=\"canonical\" href=\"https:\/\/www.erresse-shop.it\/es\/shop\/tabla\/vino\/calices\/riedel-set-2-copas-de-chardonnay-gin-tonic\/\" \/>\n<meta property=\"og:locale\" content=\"es_ES\" \/>\n<meta property=\"og:type\" content=\"article\" \/>\n<meta property=\"og:title\" content=\"RIEDEL Set 2 Copas de Chardonnay\/Gin Tonic\" \/>\n<meta property=\"og:description\" content=\"La elegante copa para Chardonnay\/Gin &amp; Tonic, elaborada a m\u00e1quina, ofrece a los amantes del vino y los c\u00f3cteles un dise\u00f1o que realzar\u00e1 ambos sabores.\" \/>\n<meta property=\"og:url\" content=\"https:\/\/www.erresse-shop.it\/es\/shop\/tabla\/vino\/calices\/riedel-set-2-copas-de-chardonnay-gin-tonic\/\" \/>\n<meta property=\"og:site_name\" content=\"Erresse Shop\" \/>\n<meta property=\"article:modified_time\" content=\"2026-02-23T08:02:38+00:00\" \/>\n<meta property=\"og:image\" content=\"https:\/\/www.erresse-shop.it\/wp-content\/uploads\/2025\/03\/RIEDEL-Set-2-Calici-Chardonnay_Gin-Tonic.jpg\" \/>\n\t<meta property=\"og:image:width\" content=\"1200\" \/>\n\t<meta property=\"og:image:height\" content=\"1200\" \/>\n\t<meta property=\"og:image:type\" content=\"image\/jpeg\" \/>\n<meta name=\"twitter:card\" content=\"summary_large_image\" \/>\n<script type=\"application\/ld+json\" class=\"yoast-schema-graph\">{\"@context\":\"https:\/\/schema.org\",\"@graph\":[{\"@type\":\"WebPage\",\"@id\":\"https:\/\/www.erresse-shop.it\/es\/shop\/tabla\/vino\/calices\/riedel-set-2-copas-de-chardonnay-gin-tonic\/\",\"url\":\"https:\/\/www.erresse-shop.it\/es\/shop\/tabla\/vino\/calices\/riedel-set-2-copas-de-chardonnay-gin-tonic\/\",\"name\":\"RIEDEL Set 2 Copas de Chardonnay\/Gin Tonic - Erresse Shop\",\"isPartOf\":{\"@id\":\"https:\/\/www.erresse-shop.it\/es\/#website\"},\"datePublished\":\"2025-03-19T13:23:11+00:00\",\"dateModified\":\"2026-02-23T08:02:38+00:00\",\"description\":\"La elegante copa para Chardonnay\/Gin &amp; Tonic, elaborada a m\u00e1quina, ofrece a los amantes del vino y los c\u00f3cteles un dise\u00f1o que realzar\u00e1 ambos sabores.\",\"breadcrumb\":{\"@id\":\"https:\/\/www.erresse-shop.it\/es\/shop\/tabla\/vino\/calices\/riedel-set-2-copas-de-chardonnay-gin-tonic\/#breadcrumb\"},\"inLanguage\":\"es\",\"potentialAction\":[{\"@type\":\"ReadAction\",\"target\":[\"https:\/\/www.erresse-shop.it\/es\/shop\/tabla\/vino\/calices\/riedel-set-2-copas-de-chardonnay-gin-tonic\/\"]}]},{\"@type\":\"BreadcrumbList\",\"@id\":\"https:\/\/www.erresse-shop.it\/es\/shop\/tabla\/vino\/calices\/riedel-set-2-copas-de-chardonnay-gin-tonic\/#breadcrumb\",\"itemListElement\":[{\"@type\":\"ListItem\",\"position\":1,\"name\":\"Home\",\"item\":\"https:\/\/www.erresse-shop.it\/es\/\"},{\"@type\":\"ListItem\",\"position\":2,\"name\":\"Shop\",\"item\":\"https:\/\/www.erresse-shop.it\/es\/shop\/\"},{\"@type\":\"ListItem\",\"position\":3,\"name\":\"RIEDEL Set 2 Copas de Chardonnay\/Gin Tonic\"}]},{\"@type\":\"WebSite\",\"@id\":\"https:\/\/www.erresse-shop.it\/es\/#website\",\"url\":\"https:\/\/www.erresse-shop.it\/es\/\",\"name\":\"Erresse Shop\",\"description\":\"Articoli di qualit\u00e0 per la casa\",\"potentialAction\":[{\"@type\":\"SearchAction\",\"target\":{\"@type\":\"EntryPoint\",\"urlTemplate\":\"https:\/\/www.erresse-shop.it\/es\/?s={search_term_string}\"},\"query-input\":\"required name=search_term_string\"}],\"inLanguage\":\"es\"}]}<\/script>\n<!-- \/ Yoast SEO Premium plugin. -->","yoast_head_json":{"title":"RIEDEL Set 2 Copas de Chardonnay\/Gin Tonic - Erresse Shop","description":"La elegante copa para Chardonnay\/Gin &amp; Tonic, elaborada a m\u00e1quina, ofrece a los amantes del vino y los c\u00f3cteles un dise\u00f1o que realzar\u00e1 ambos sabores.","robots":{"index":"index","follow":"follow","max-snippet":"max-snippet:-1","max-image-preview":"max-image-preview:large","max-video-preview":"max-video-preview:-1"},"canonical":"https:\/\/www.erresse-shop.it\/es\/shop\/tabla\/vino\/calices\/riedel-set-2-copas-de-chardonnay-gin-tonic\/","og_locale":"es_ES","og_type":"article","og_title":"RIEDEL Set 2 Copas de Chardonnay\/Gin Tonic","og_description":"La elegante copa para Chardonnay\/Gin &amp; Tonic, elaborada a m\u00e1quina, ofrece a los amantes del vino y los c\u00f3cteles un dise\u00f1o que realzar\u00e1 ambos sabores.","og_url":"https:\/\/www.erresse-shop.it\/es\/shop\/tabla\/vino\/calices\/riedel-set-2-copas-de-chardonnay-gin-tonic\/","og_site_name":"Erresse Shop","article_modified_time":"2026-02-23T08:02:38+00:00","og_image":[{"width":1200,"height":1200,"url":"https:\/\/www.erresse-shop.it\/wp-content\/uploads\/2025\/03\/RIEDEL-Set-2-Calici-Chardonnay_Gin-Tonic.jpg","type":"image\/jpeg"}],"twitter_card":"summary_large_image","schema":{"@context":"https:\/\/schema.org","@graph":[{"@type":"WebPage","@id":"https:\/\/www.erresse-shop.it\/es\/shop\/tabla\/vino\/calices\/riedel-set-2-copas-de-chardonnay-gin-tonic\/","url":"https:\/\/www.erresse-shop.it\/es\/shop\/tabla\/vino\/calices\/riedel-set-2-copas-de-chardonnay-gin-tonic\/","name":"RIEDEL Set 2 Copas de Chardonnay\/Gin Tonic - Erresse Shop","isPartOf":{"@id":"https:\/\/www.erresse-shop.it\/es\/#website"},"datePublished":"2025-03-19T13:23:11+00:00","dateModified":"2026-02-23T08:02:38+00:00","description":"La elegante copa para Chardonnay\/Gin &amp; Tonic, elaborada a m\u00e1quina, ofrece a los amantes del vino y los c\u00f3cteles un dise\u00f1o que realzar\u00e1 ambos sabores.","breadcrumb":{"@id":"https:\/\/www.erresse-shop.it\/es\/shop\/tabla\/vino\/calices\/riedel-set-2-copas-de-chardonnay-gin-tonic\/#breadcrumb"},"inLanguage":"es","potentialAction":[{"@type":"ReadAction","target":["https:\/\/www.erresse-shop.it\/es\/shop\/tabla\/vino\/calices\/riedel-set-2-copas-de-chardonnay-gin-tonic\/"]}]},{"@type":"BreadcrumbList","@id":"https:\/\/www.erresse-shop.it\/es\/shop\/tabla\/vino\/calices\/riedel-set-2-copas-de-chardonnay-gin-tonic\/#breadcrumb","itemListElement":[{"@type":"ListItem","position":1,"name":"Home","item":"https:\/\/www.erresse-shop.it\/es\/"},{"@type":"ListItem","position":2,"name":"Shop","item":"https:\/\/www.erresse-shop.it\/es\/shop\/"},{"@type":"ListItem","position":3,"name":"RIEDEL Set 2 Copas de Chardonnay\/Gin Tonic"}]},{"@type":"WebSite","@id":"https:\/\/www.erresse-shop.it\/es\/#website","url":"https:\/\/www.erresse-shop.it\/es\/","name":"Erresse Shop","description":"Articoli di qualit\u00e0 per la casa","potentialAction":[{"@type":"SearchAction","target":{"@type":"EntryPoint","urlTemplate":"https:\/\/www.erresse-shop.it\/es\/?s={search_term_string}"},"query-input":"required name=search_term_string"}],"inLanguage":"es"}]}},"df_price":11.205,"df_sale_price":11.205,"df_regular_price":24.9,"df_image_link":"https:\/\/www.erresse-shop.it\/wp-content\/uploads\/2025\/03\/RIEDEL-Set-2-Calici-Chardonnay_Gin-Tonic-300x300.jpg","_links":{"self":[{"href":"https:\/\/www.erresse-shop.it\/es\/wp-json\/wp\/v2\/product\/481113"}],"collection":[{"href":"https:\/\/www.erresse-shop.it\/es\/wp-json\/wp\/v2\/product"}],"about":[{"href":"https:\/\/www.erresse-shop.it\/es\/wp-json\/wp\/v2\/types\/product"}],"wp:featuredmedia":[{"embeddable":true,"href":"https:\/\/www.erresse-shop.it\/es\/wp-json\/wp\/v2\/media\/481133"}],"wp:attachment":[{"href":"https:\/\/www.erresse-shop.it\/es\/wp-json\/wp\/v2\/media?parent=481113"}],"wp:term":[{"taxonomy":"product_cat","embeddable":true,"href":"https:\/\/www.erresse-shop.it\/es\/wp-json\/wp\/v2\/product_cat?post=481113"},{"taxonomy":"product_tag","embeddable":true,"href":"https:\/\/www.erresse-shop.it\/es\/wp-json\/wp\/v2\/product_tag?post=481113"}],"curies":[{"name":"wp","href":"https:\/\/api.w.org\/{rel}","templated":true}]}}