{"id":481058,"date":"2025-03-19T11:45:06","date_gmt":"2025-03-19T11:45:10","guid":{"rendered":"https:\/\/www.erresse-shop.it\/?post_type=product&#038;p=481058"},"modified":"2025-03-19T13:20:23","modified_gmt":"2025-03-19T13:20:23","slug":"riedel-amedeo-decantador-copia","status":"publish","type":"product","link":"https:\/\/www.erresse-shop.it\/es\/shop\/tabla\/vino\/decantadores\/riedel-amedeo-decantador-copia\/","title":{"rendered":"RIEDEL Amedeo Decantador Verde Blanco Rojo"},"content":{"rendered":"<p><strong>RIEDEL<\/strong> ofrece una amplia gama de elegantes decantadores de vidrio soplado a mano que se adaptan a cada estilo de vida. Un decantador es un elemento esencial para cualquier amante del vino, y todos los decantadores RIEDEL est\u00e1n fabricados con cristal fino para brindar a los vinos finos el tratamiento que merecen. Tanto los vinos a\u00f1ejos como los j\u00f3venes pueden beneficiarse de la decantaci\u00f3n, ya sea para eliminar sedimentos o para hacerlos m\u00e1s suaves y redondos.<\/p>\n<p>El decantador <strong>Amadeo<\/strong> se lanz\u00f3 en 2006 para celebrar el 250 aniversario de RIEDEL. Toma su nombre del compositor austr\u00edaco Wolfgang Amadeus Mozart, quien tambi\u00e9n celebraba su 250 cumplea\u00f1os ese mismo a\u00f1o. Este decantador de vidrio soplado a mano tiene forma de lira y vierte vino como un sue\u00f1o. El vino se decanta f\u00e1cilmente desde la boca m\u00e1s ancha del recipiente y se vierte en la copa desde la boca m\u00e1s estrecha.<\/p>\n<p>Este decantador puede contener una botella de vino est\u00e1ndar.<\/p>\n<p>Esta versi\u00f3n presenta un dise\u00f1o sofisticado que presenta tres rayas alternadas en llamativos tonos verde, blanco y rojo, integr\u00e1ndose perfectamente en la ic\u00f3nica silueta de Amadeo. La combinaci\u00f3n de colores atrevida pero elegante realza la forma \u00fanica del decantador, convirti\u00e9ndolo en una impresionante pieza central y una pieza atemporal de su cristaler\u00eda.<\/p>\n<p>Hecho a mano. Lavar a mano \u00fanicamente.<br \/>\nAltura: 350,0 mm<br \/>\nCilindrada: 750,0 cc<\/p>\n","protected":false},"excerpt":{"rendered":"<p>RIEDEL ofrece una amplia gama de elegantes decantadores de vidrio soplado a mano que se adaptan a cada estilo de<\/p>\n","protected":false},"featured_media":481078,"template":"","meta":{"_acf_changed":false,"inline_featured_image":false},"product_cat":[18541,16027,16051],"product_tag":[22552,24682,16308,23684],"acf":[],"yoast_head":"<!-- This site is optimized with the Yoast SEO Premium plugin v18.6 (Yoast SEO v19.13) - https:\/\/yoast.com\/wordpress\/plugins\/seo\/ -->\n<title>RIEDEL Amedeo Decantador Verde Blanco Rojo - Erresse Shop<\/title>\n<meta name=\"description\" content=\"RIEDEL ofrece una amplia gama de elegantes decantadores de vidrio soplado a mano que se adaptan a cada estilo de vida. Un decantador es un elemento\" \/>\n<meta name=\"robots\" content=\"index, follow, max-snippet:-1, max-image-preview:large, max-video-preview:-1\" \/>\n<link rel=\"canonical\" href=\"https:\/\/www.erresse-shop.it\/es\/shop\/tabla\/vino\/decantadores\/riedel-amedeo-decantador-copia\/\" \/>\n<meta property=\"og:locale\" content=\"es_ES\" \/>\n<meta property=\"og:type\" content=\"article\" \/>\n<meta property=\"og:title\" content=\"RIEDEL Amedeo Decantador Verde Blanco Rojo\" \/>\n<meta property=\"og:description\" content=\"RIEDEL ofrece una amplia gama de elegantes decantadores de vidrio soplado a mano que se adaptan a cada estilo de vida. Un decantador es un elemento\" \/>\n<meta property=\"og:url\" content=\"https:\/\/www.erresse-shop.it\/es\/shop\/tabla\/vino\/decantadores\/riedel-amedeo-decantador-copia\/\" \/>\n<meta property=\"og:site_name\" content=\"Erresse Shop\" \/>\n<meta property=\"article:modified_time\" content=\"2025-03-19T13:20:23+00:00\" \/>\n<meta property=\"og:image\" content=\"https:\/\/www.erresse-shop.it\/wp-content\/uploads\/2025\/03\/RIEDEL-Amadeo-Decanter-Verde-Bianco-Rosso.jpg\" \/>\n\t<meta property=\"og:image:width\" content=\"1200\" \/>\n\t<meta property=\"og:image:height\" content=\"1200\" \/>\n\t<meta property=\"og:image:type\" content=\"image\/jpeg\" \/>\n<meta name=\"twitter:card\" content=\"summary_large_image\" \/>\n<script type=\"application\/ld+json\" class=\"yoast-schema-graph\">{\"@context\":\"https:\/\/schema.org\",\"@graph\":[{\"@type\":\"WebPage\",\"@id\":\"https:\/\/www.erresse-shop.it\/es\/shop\/tabla\/vino\/decantadores\/riedel-amedeo-decantador-copia\/\",\"url\":\"https:\/\/www.erresse-shop.it\/es\/shop\/tabla\/vino\/decantadores\/riedel-amedeo-decantador-copia\/\",\"name\":\"RIEDEL Amedeo Decantador Verde Blanco Rojo - Erresse Shop\",\"isPartOf\":{\"@id\":\"https:\/\/www.erresse-shop.it\/es\/#website\"},\"datePublished\":\"2025-03-19T11:45:10+00:00\",\"dateModified\":\"2025-03-19T13:20:23+00:00\",\"description\":\"RIEDEL ofrece una amplia gama de elegantes decantadores de vidrio soplado a mano que se adaptan a cada estilo de vida. Un decantador es un elemento\",\"breadcrumb\":{\"@id\":\"https:\/\/www.erresse-shop.it\/es\/shop\/tabla\/vino\/decantadores\/riedel-amedeo-decantador-copia\/#breadcrumb\"},\"inLanguage\":\"es\",\"potentialAction\":[{\"@type\":\"ReadAction\",\"target\":[\"https:\/\/www.erresse-shop.it\/es\/shop\/tabla\/vino\/decantadores\/riedel-amedeo-decantador-copia\/\"]}]},{\"@type\":\"BreadcrumbList\",\"@id\":\"https:\/\/www.erresse-shop.it\/es\/shop\/tabla\/vino\/decantadores\/riedel-amedeo-decantador-copia\/#breadcrumb\",\"itemListElement\":[{\"@type\":\"ListItem\",\"position\":1,\"name\":\"Home\",\"item\":\"https:\/\/www.erresse-shop.it\/es\/\"},{\"@type\":\"ListItem\",\"position\":2,\"name\":\"Shop\",\"item\":\"https:\/\/www.erresse-shop.it\/es\/shop\/\"},{\"@type\":\"ListItem\",\"position\":3,\"name\":\"RIEDEL Amedeo Decantador Verde Blanco Rojo\"}]},{\"@type\":\"WebSite\",\"@id\":\"https:\/\/www.erresse-shop.it\/es\/#website\",\"url\":\"https:\/\/www.erresse-shop.it\/es\/\",\"name\":\"Erresse Shop\",\"description\":\"Articoli di qualit\u00e0 per la casa\",\"potentialAction\":[{\"@type\":\"SearchAction\",\"target\":{\"@type\":\"EntryPoint\",\"urlTemplate\":\"https:\/\/www.erresse-shop.it\/es\/?s={search_term_string}\"},\"query-input\":\"required name=search_term_string\"}],\"inLanguage\":\"es\"}]}<\/script>\n<!-- \/ Yoast SEO Premium plugin. -->","yoast_head_json":{"title":"RIEDEL Amedeo Decantador Verde Blanco Rojo - Erresse Shop","description":"RIEDEL ofrece una amplia gama de elegantes decantadores de vidrio soplado a mano que se adaptan a cada estilo de vida. Un decantador es un elemento","robots":{"index":"index","follow":"follow","max-snippet":"max-snippet:-1","max-image-preview":"max-image-preview:large","max-video-preview":"max-video-preview:-1"},"canonical":"https:\/\/www.erresse-shop.it\/es\/shop\/tabla\/vino\/decantadores\/riedel-amedeo-decantador-copia\/","og_locale":"es_ES","og_type":"article","og_title":"RIEDEL Amedeo Decantador Verde Blanco Rojo","og_description":"RIEDEL ofrece una amplia gama de elegantes decantadores de vidrio soplado a mano que se adaptan a cada estilo de vida. Un decantador es un elemento","og_url":"https:\/\/www.erresse-shop.it\/es\/shop\/tabla\/vino\/decantadores\/riedel-amedeo-decantador-copia\/","og_site_name":"Erresse Shop","article_modified_time":"2025-03-19T13:20:23+00:00","og_image":[{"width":1200,"height":1200,"url":"https:\/\/www.erresse-shop.it\/wp-content\/uploads\/2025\/03\/RIEDEL-Amadeo-Decanter-Verde-Bianco-Rosso.jpg","type":"image\/jpeg"}],"twitter_card":"summary_large_image","schema":{"@context":"https:\/\/schema.org","@graph":[{"@type":"WebPage","@id":"https:\/\/www.erresse-shop.it\/es\/shop\/tabla\/vino\/decantadores\/riedel-amedeo-decantador-copia\/","url":"https:\/\/www.erresse-shop.it\/es\/shop\/tabla\/vino\/decantadores\/riedel-amedeo-decantador-copia\/","name":"RIEDEL Amedeo Decantador Verde Blanco Rojo - Erresse Shop","isPartOf":{"@id":"https:\/\/www.erresse-shop.it\/es\/#website"},"datePublished":"2025-03-19T11:45:10+00:00","dateModified":"2025-03-19T13:20:23+00:00","description":"RIEDEL ofrece una amplia gama de elegantes decantadores de vidrio soplado a mano que se adaptan a cada estilo de vida. Un decantador es un elemento","breadcrumb":{"@id":"https:\/\/www.erresse-shop.it\/es\/shop\/tabla\/vino\/decantadores\/riedel-amedeo-decantador-copia\/#breadcrumb"},"inLanguage":"es","potentialAction":[{"@type":"ReadAction","target":["https:\/\/www.erresse-shop.it\/es\/shop\/tabla\/vino\/decantadores\/riedel-amedeo-decantador-copia\/"]}]},{"@type":"BreadcrumbList","@id":"https:\/\/www.erresse-shop.it\/es\/shop\/tabla\/vino\/decantadores\/riedel-amedeo-decantador-copia\/#breadcrumb","itemListElement":[{"@type":"ListItem","position":1,"name":"Home","item":"https:\/\/www.erresse-shop.it\/es\/"},{"@type":"ListItem","position":2,"name":"Shop","item":"https:\/\/www.erresse-shop.it\/es\/shop\/"},{"@type":"ListItem","position":3,"name":"RIEDEL Amedeo Decantador Verde Blanco Rojo"}]},{"@type":"WebSite","@id":"https:\/\/www.erresse-shop.it\/es\/#website","url":"https:\/\/www.erresse-shop.it\/es\/","name":"Erresse Shop","description":"Articoli di qualit\u00e0 per la casa","potentialAction":[{"@type":"SearchAction","target":{"@type":"EntryPoint","urlTemplate":"https:\/\/www.erresse-shop.it\/es\/?s={search_term_string}"},"query-input":"required name=search_term_string"}],"inLanguage":"es"}]}},"df_price":168.75,"df_sale_price":168.75,"df_regular_price":375,"df_image_link":"https:\/\/www.erresse-shop.it\/wp-content\/uploads\/2025\/03\/RIEDEL-Amadeo-Decanter-Verde-Bianco-Rosso-300x300.jpg","_links":{"self":[{"href":"https:\/\/www.erresse-shop.it\/es\/wp-json\/wp\/v2\/product\/481058"}],"collection":[{"href":"https:\/\/www.erresse-shop.it\/es\/wp-json\/wp\/v2\/product"}],"about":[{"href":"https:\/\/www.erresse-shop.it\/es\/wp-json\/wp\/v2\/types\/product"}],"wp:featuredmedia":[{"embeddable":true,"href":"https:\/\/www.erresse-shop.it\/es\/wp-json\/wp\/v2\/media\/481078"}],"wp:attachment":[{"href":"https:\/\/www.erresse-shop.it\/es\/wp-json\/wp\/v2\/media?parent=481058"}],"wp:term":[{"taxonomy":"product_cat","embeddable":true,"href":"https:\/\/www.erresse-shop.it\/es\/wp-json\/wp\/v2\/product_cat?post=481058"},{"taxonomy":"product_tag","embeddable":true,"href":"https:\/\/www.erresse-shop.it\/es\/wp-json\/wp\/v2\/product_tag?post=481058"}],"curies":[{"name":"wp","href":"https:\/\/api.w.org\/{rel}","templated":true}]}}