{"id":480963,"date":"2025-03-19T10:49:51","date_gmt":"2025-03-19T10:49:54","guid":{"rendered":"https:\/\/www.erresse-shop.it\/?post_type=product&#038;p=480963"},"modified":"2026-02-23T08:05:00","modified_gmt":"2026-02-23T08:05:00","slug":"riedel-noblesse-set-de-4-vasos-universales","status":"publish","type":"product","link":"https:\/\/www.erresse-shop.it\/es\/shop\/tabla\/vasos\/riedel-noblesse-set-de-4-vasos-universales\/","title":{"rendered":"RIEDEL Noblesse set de 4 vasos universales"},"content":{"rendered":"<p>Este vaso universal es apto para todo tipo de bebidas, incluyendo vino y c\u00f3cteles. Gracias a su pr\u00e1ctico tama\u00f1o y forma vers\u00e1til, tambi\u00e9n se puede usar para bebidas sin alcohol como zumos de frutas o agua.<\/p>\n<p>La serie Noblesse a\u00f1ade un toque de distinci\u00f3n a tu hogar y celebra el regreso del dise\u00f1o cl\u00e1sico. Fabricados en cristal de primera calidad, bellamente tallado, estos productos son imprescindibles para quienes desean darle un toque nuevo a su hogar.<\/p>\n<p><strong>Detalles del producto:<\/strong><\/p>\n<ul>\n<li>Este producto est\u00e1 fabricado a m\u00e1quina. Puede haber tolerancias m\u00ednimas en las dimensiones debido al proceso de fabricaci\u00f3n.<\/li>\n<li>Este producto est\u00e1 hecho de vidrio, que puede romperse y formar fragmentos afilados si se inclina o se cae.<\/li>\n<li>Este art\u00edculo es apto para lavavajillas.<\/li>\n<\/ul>\n<p>Capacidad: 350,0 ccm<br \/>\nAltura: 147,0 mm<\/p>\n","protected":false},"excerpt":{"rendered":"<p>Este vaso universal es apto para todo tipo de bebidas, incluyendo vino y c\u00f3cteles. Gracias a su pr\u00e1ctico tama\u00f1o y<\/p>\n","protected":false},"featured_media":480995,"template":"","meta":{"_acf_changed":false,"inline_featured_image":false},"product_cat":[16027,16028],"product_tag":[25090,23912,16119,16117,16610,22557,21823,25023],"acf":[],"yoast_head":"<!-- This site is optimized with the Yoast SEO Premium plugin v18.6 (Yoast SEO v19.13) - https:\/\/yoast.com\/wordpress\/plugins\/seo\/ -->\n<title>RIEDEL Noblesse set de 4 vasos universales - Erresse Shop<\/title>\n<meta name=\"description\" content=\"Este vaso universal es apto para todo tipo de bebidas, incluyendo vino y c\u00f3cteles. Gracias a su pr\u00e1ctico tama\u00f1o y forma vers\u00e1til, tambi\u00e9n se puede usar\" \/>\n<meta name=\"robots\" content=\"index, follow, max-snippet:-1, max-image-preview:large, max-video-preview:-1\" \/>\n<link rel=\"canonical\" href=\"https:\/\/www.erresse-shop.it\/es\/shop\/tabla\/vasos\/riedel-noblesse-set-de-4-vasos-universales\/\" \/>\n<meta property=\"og:locale\" content=\"es_ES\" \/>\n<meta property=\"og:type\" content=\"article\" \/>\n<meta property=\"og:title\" content=\"RIEDEL Noblesse set de 4 vasos universales\" \/>\n<meta property=\"og:description\" content=\"Este vaso universal es apto para todo tipo de bebidas, incluyendo vino y c\u00f3cteles. Gracias a su pr\u00e1ctico tama\u00f1o y forma vers\u00e1til, tambi\u00e9n se puede usar\" \/>\n<meta property=\"og:url\" content=\"https:\/\/www.erresse-shop.it\/es\/shop\/tabla\/vasos\/riedel-noblesse-set-de-4-vasos-universales\/\" \/>\n<meta property=\"og:site_name\" content=\"Erresse Shop\" \/>\n<meta property=\"article:modified_time\" content=\"2026-02-23T08:05:00+00:00\" \/>\n<meta property=\"og:image\" content=\"https:\/\/www.erresse-shop.it\/wp-content\/uploads\/2025\/03\/RIEDEL-Noblesse-Set-4-Bicchieri-Universali.jpg\" \/>\n\t<meta property=\"og:image:width\" content=\"1200\" \/>\n\t<meta property=\"og:image:height\" content=\"1200\" \/>\n\t<meta property=\"og:image:type\" content=\"image\/jpeg\" \/>\n<meta name=\"twitter:card\" content=\"summary_large_image\" \/>\n<script type=\"application\/ld+json\" class=\"yoast-schema-graph\">{\"@context\":\"https:\/\/schema.org\",\"@graph\":[{\"@type\":\"WebPage\",\"@id\":\"https:\/\/www.erresse-shop.it\/es\/shop\/tabla\/vasos\/riedel-noblesse-set-de-4-vasos-universales\/\",\"url\":\"https:\/\/www.erresse-shop.it\/es\/shop\/tabla\/vasos\/riedel-noblesse-set-de-4-vasos-universales\/\",\"name\":\"RIEDEL Noblesse set de 4 vasos universales - Erresse Shop\",\"isPartOf\":{\"@id\":\"https:\/\/www.erresse-shop.it\/es\/#website\"},\"datePublished\":\"2025-03-19T10:49:54+00:00\",\"dateModified\":\"2026-02-23T08:05:00+00:00\",\"description\":\"Este vaso universal es apto para todo tipo de bebidas, incluyendo vino y c\u00f3cteles. Gracias a su pr\u00e1ctico tama\u00f1o y forma vers\u00e1til, tambi\u00e9n se puede usar\",\"breadcrumb\":{\"@id\":\"https:\/\/www.erresse-shop.it\/es\/shop\/tabla\/vasos\/riedel-noblesse-set-de-4-vasos-universales\/#breadcrumb\"},\"inLanguage\":\"es\",\"potentialAction\":[{\"@type\":\"ReadAction\",\"target\":[\"https:\/\/www.erresse-shop.it\/es\/shop\/tabla\/vasos\/riedel-noblesse-set-de-4-vasos-universales\/\"]}]},{\"@type\":\"BreadcrumbList\",\"@id\":\"https:\/\/www.erresse-shop.it\/es\/shop\/tabla\/vasos\/riedel-noblesse-set-de-4-vasos-universales\/#breadcrumb\",\"itemListElement\":[{\"@type\":\"ListItem\",\"position\":1,\"name\":\"Home\",\"item\":\"https:\/\/www.erresse-shop.it\/es\/\"},{\"@type\":\"ListItem\",\"position\":2,\"name\":\"Shop\",\"item\":\"https:\/\/www.erresse-shop.it\/es\/shop\/\"},{\"@type\":\"ListItem\",\"position\":3,\"name\":\"RIEDEL Noblesse set de 4 vasos universales\"}]},{\"@type\":\"WebSite\",\"@id\":\"https:\/\/www.erresse-shop.it\/es\/#website\",\"url\":\"https:\/\/www.erresse-shop.it\/es\/\",\"name\":\"Erresse Shop\",\"description\":\"Articoli di qualit\u00e0 per la casa\",\"potentialAction\":[{\"@type\":\"SearchAction\",\"target\":{\"@type\":\"EntryPoint\",\"urlTemplate\":\"https:\/\/www.erresse-shop.it\/es\/?s={search_term_string}\"},\"query-input\":\"required name=search_term_string\"}],\"inLanguage\":\"es\"}]}<\/script>\n<!-- \/ Yoast SEO Premium plugin. -->","yoast_head_json":{"title":"RIEDEL Noblesse set de 4 vasos universales - Erresse Shop","description":"Este vaso universal es apto para todo tipo de bebidas, incluyendo vino y c\u00f3cteles. Gracias a su pr\u00e1ctico tama\u00f1o y forma vers\u00e1til, tambi\u00e9n se puede usar","robots":{"index":"index","follow":"follow","max-snippet":"max-snippet:-1","max-image-preview":"max-image-preview:large","max-video-preview":"max-video-preview:-1"},"canonical":"https:\/\/www.erresse-shop.it\/es\/shop\/tabla\/vasos\/riedel-noblesse-set-de-4-vasos-universales\/","og_locale":"es_ES","og_type":"article","og_title":"RIEDEL Noblesse set de 4 vasos universales","og_description":"Este vaso universal es apto para todo tipo de bebidas, incluyendo vino y c\u00f3cteles. Gracias a su pr\u00e1ctico tama\u00f1o y forma vers\u00e1til, tambi\u00e9n se puede usar","og_url":"https:\/\/www.erresse-shop.it\/es\/shop\/tabla\/vasos\/riedel-noblesse-set-de-4-vasos-universales\/","og_site_name":"Erresse Shop","article_modified_time":"2026-02-23T08:05:00+00:00","og_image":[{"width":1200,"height":1200,"url":"https:\/\/www.erresse-shop.it\/wp-content\/uploads\/2025\/03\/RIEDEL-Noblesse-Set-4-Bicchieri-Universali.jpg","type":"image\/jpeg"}],"twitter_card":"summary_large_image","schema":{"@context":"https:\/\/schema.org","@graph":[{"@type":"WebPage","@id":"https:\/\/www.erresse-shop.it\/es\/shop\/tabla\/vasos\/riedel-noblesse-set-de-4-vasos-universales\/","url":"https:\/\/www.erresse-shop.it\/es\/shop\/tabla\/vasos\/riedel-noblesse-set-de-4-vasos-universales\/","name":"RIEDEL Noblesse set de 4 vasos universales - Erresse Shop","isPartOf":{"@id":"https:\/\/www.erresse-shop.it\/es\/#website"},"datePublished":"2025-03-19T10:49:54+00:00","dateModified":"2026-02-23T08:05:00+00:00","description":"Este vaso universal es apto para todo tipo de bebidas, incluyendo vino y c\u00f3cteles. Gracias a su pr\u00e1ctico tama\u00f1o y forma vers\u00e1til, tambi\u00e9n se puede usar","breadcrumb":{"@id":"https:\/\/www.erresse-shop.it\/es\/shop\/tabla\/vasos\/riedel-noblesse-set-de-4-vasos-universales\/#breadcrumb"},"inLanguage":"es","potentialAction":[{"@type":"ReadAction","target":["https:\/\/www.erresse-shop.it\/es\/shop\/tabla\/vasos\/riedel-noblesse-set-de-4-vasos-universales\/"]}]},{"@type":"BreadcrumbList","@id":"https:\/\/www.erresse-shop.it\/es\/shop\/tabla\/vasos\/riedel-noblesse-set-de-4-vasos-universales\/#breadcrumb","itemListElement":[{"@type":"ListItem","position":1,"name":"Home","item":"https:\/\/www.erresse-shop.it\/es\/"},{"@type":"ListItem","position":2,"name":"Shop","item":"https:\/\/www.erresse-shop.it\/es\/shop\/"},{"@type":"ListItem","position":3,"name":"RIEDEL Noblesse set de 4 vasos universales"}]},{"@type":"WebSite","@id":"https:\/\/www.erresse-shop.it\/es\/#website","url":"https:\/\/www.erresse-shop.it\/es\/","name":"Erresse Shop","description":"Articoli di qualit\u00e0 per la casa","potentialAction":[{"@type":"SearchAction","target":{"@type":"EntryPoint","urlTemplate":"https:\/\/www.erresse-shop.it\/es\/?s={search_term_string}"},"query-input":"required name=search_term_string"}],"inLanguage":"es"}]}},"df_price":13.905,"df_sale_price":13.905,"df_regular_price":30.9,"df_image_link":"https:\/\/www.erresse-shop.it\/wp-content\/uploads\/2025\/03\/RIEDEL-Noblesse-Set-4-Bicchieri-Universali-300x300.jpg","_links":{"self":[{"href":"https:\/\/www.erresse-shop.it\/es\/wp-json\/wp\/v2\/product\/480963"}],"collection":[{"href":"https:\/\/www.erresse-shop.it\/es\/wp-json\/wp\/v2\/product"}],"about":[{"href":"https:\/\/www.erresse-shop.it\/es\/wp-json\/wp\/v2\/types\/product"}],"wp:featuredmedia":[{"embeddable":true,"href":"https:\/\/www.erresse-shop.it\/es\/wp-json\/wp\/v2\/media\/480995"}],"wp:attachment":[{"href":"https:\/\/www.erresse-shop.it\/es\/wp-json\/wp\/v2\/media?parent=480963"}],"wp:term":[{"taxonomy":"product_cat","embeddable":true,"href":"https:\/\/www.erresse-shop.it\/es\/wp-json\/wp\/v2\/product_cat?post=480963"},{"taxonomy":"product_tag","embeddable":true,"href":"https:\/\/www.erresse-shop.it\/es\/wp-json\/wp\/v2\/product_tag?post=480963"}],"curies":[{"name":"wp","href":"https:\/\/api.w.org\/{rel}","templated":true}]}}