{"id":480929,"date":"2025-03-19T09:55:46","date_gmt":"2025-03-19T09:55:48","guid":{"rendered":"https:\/\/www.erresse-shop.it\/?post_type=product&#038;p=480929"},"modified":"2026-02-23T08:07:24","modified_gmt":"2026-02-23T08:07:24","slug":"riedel-highland-set-de-4-vasos","status":"publish","type":"product","link":"https:\/\/www.erresse-shop.it\/es\/shop\/tabla\/vasos\/riedel-highland-set-de-4-vasos\/","title":{"rendered":"RIEDEL Highland set de 4 vasos"},"content":{"rendered":"<p>Estos vasos son perfectos para a\u00f1adir un toque de lujo a tu hogar.<br \/>\nEstas espl\u00e9ndidas copas, fabricadas en fino cristal, son un art\u00edculo imprescindible para quien quiera hacer brillar con nueva luz su rinc\u00f3n de bar.<\/p>\n<p>La serie Highland es perfecta para cenas, ya que cada juego incluye cuatro modelos distintos: \u201cCross\u201d, \u201cDiamond\u201d, \u201cSquare\u201d y \u201cStraight\u201d. De dise\u00f1o cl\u00e1sico pero original, son la verdadera expresi\u00f3n de tu estilo de vida personal. Estos vasos elegantes y de alta calidad a\u00f1aden un toque de clase y luz adicional a su rinc\u00f3n de bar o mesa.<\/p>\n<p>Detalles del producto:<\/p>\n<ul>\n<li>Este producto est\u00e1 hecho a m\u00e1quina. Puede haber tolerancias m\u00ednimas en las dimensiones debido al proceso de fabricaci\u00f3n.<\/li>\n<li>Este producto est\u00e1 hecho de vidrio, que puede romperse y crear fragmentos afilados si se inclina o se cae.<\/li>\n<li>Este art\u00edculo es apto para lavavajillas.<\/li>\n<\/ul>\n<p>Cilindrada: 345,0 cc<br \/>\nAltura: 102,0 mm<\/p>\n","protected":false},"excerpt":{"rendered":"<p>Estos vasos son perfectos para a\u00f1adir un toque de lujo a tu hogar. Estas espl\u00e9ndidas copas, fabricadas en fino cristal,<\/p>\n","protected":false},"featured_media":480955,"template":"","meta":{"_acf_changed":false,"inline_featured_image":false},"product_cat":[16027,16028],"product_tag":[25090,23912,16119,16117,16610,22557,21823,25023],"acf":[],"yoast_head":"<!-- This site is optimized with the Yoast SEO Premium plugin v18.6 (Yoast SEO v19.13) - https:\/\/yoast.com\/wordpress\/plugins\/seo\/ -->\n<title>RIEDEL Highland set de 4 vasos - Erresse Shop<\/title>\n<meta name=\"description\" content=\"Estos vasos son perfectos para a\u00f1adir un toque de lujo a tu hogar. Estas espl\u00e9ndidas copas, fabricadas en fino cristal, son un art\u00edculo imprescindible\" \/>\n<meta name=\"robots\" content=\"index, follow, max-snippet:-1, max-image-preview:large, max-video-preview:-1\" \/>\n<link rel=\"canonical\" href=\"https:\/\/www.erresse-shop.it\/es\/shop\/tabla\/vasos\/riedel-highland-set-de-4-vasos\/\" \/>\n<meta property=\"og:locale\" content=\"es_ES\" \/>\n<meta property=\"og:type\" content=\"article\" \/>\n<meta property=\"og:title\" content=\"RIEDEL Highland set de 4 vasos\" \/>\n<meta property=\"og:description\" content=\"Estos vasos son perfectos para a\u00f1adir un toque de lujo a tu hogar. Estas espl\u00e9ndidas copas, fabricadas en fino cristal, son un art\u00edculo imprescindible\" \/>\n<meta property=\"og:url\" content=\"https:\/\/www.erresse-shop.it\/es\/shop\/tabla\/vasos\/riedel-highland-set-de-4-vasos\/\" \/>\n<meta property=\"og:site_name\" content=\"Erresse Shop\" \/>\n<meta property=\"article:modified_time\" content=\"2026-02-23T08:07:24+00:00\" \/>\n<meta property=\"og:image\" content=\"https:\/\/www.erresse-shop.it\/wp-content\/uploads\/2025\/03\/RIEDEL-Highland-Set-4-Tumbler.jpg\" \/>\n\t<meta property=\"og:image:width\" content=\"1200\" \/>\n\t<meta property=\"og:image:height\" content=\"1200\" \/>\n\t<meta property=\"og:image:type\" content=\"image\/jpeg\" \/>\n<meta name=\"twitter:card\" content=\"summary_large_image\" \/>\n<script type=\"application\/ld+json\" class=\"yoast-schema-graph\">{\"@context\":\"https:\/\/schema.org\",\"@graph\":[{\"@type\":\"WebPage\",\"@id\":\"https:\/\/www.erresse-shop.it\/es\/shop\/tabla\/vasos\/riedel-highland-set-de-4-vasos\/\",\"url\":\"https:\/\/www.erresse-shop.it\/es\/shop\/tabla\/vasos\/riedel-highland-set-de-4-vasos\/\",\"name\":\"RIEDEL Highland set de 4 vasos - Erresse Shop\",\"isPartOf\":{\"@id\":\"https:\/\/www.erresse-shop.it\/es\/#website\"},\"datePublished\":\"2025-03-19T09:55:48+00:00\",\"dateModified\":\"2026-02-23T08:07:24+00:00\",\"description\":\"Estos vasos son perfectos para a\u00f1adir un toque de lujo a tu hogar. Estas espl\u00e9ndidas copas, fabricadas en fino cristal, son un art\u00edculo imprescindible\",\"breadcrumb\":{\"@id\":\"https:\/\/www.erresse-shop.it\/es\/shop\/tabla\/vasos\/riedel-highland-set-de-4-vasos\/#breadcrumb\"},\"inLanguage\":\"es\",\"potentialAction\":[{\"@type\":\"ReadAction\",\"target\":[\"https:\/\/www.erresse-shop.it\/es\/shop\/tabla\/vasos\/riedel-highland-set-de-4-vasos\/\"]}]},{\"@type\":\"BreadcrumbList\",\"@id\":\"https:\/\/www.erresse-shop.it\/es\/shop\/tabla\/vasos\/riedel-highland-set-de-4-vasos\/#breadcrumb\",\"itemListElement\":[{\"@type\":\"ListItem\",\"position\":1,\"name\":\"Home\",\"item\":\"https:\/\/www.erresse-shop.it\/es\/\"},{\"@type\":\"ListItem\",\"position\":2,\"name\":\"Shop\",\"item\":\"https:\/\/www.erresse-shop.it\/es\/shop\/\"},{\"@type\":\"ListItem\",\"position\":3,\"name\":\"RIEDEL Highland set de 4 vasos\"}]},{\"@type\":\"WebSite\",\"@id\":\"https:\/\/www.erresse-shop.it\/es\/#website\",\"url\":\"https:\/\/www.erresse-shop.it\/es\/\",\"name\":\"Erresse Shop\",\"description\":\"Articoli di qualit\u00e0 per la casa\",\"potentialAction\":[{\"@type\":\"SearchAction\",\"target\":{\"@type\":\"EntryPoint\",\"urlTemplate\":\"https:\/\/www.erresse-shop.it\/es\/?s={search_term_string}\"},\"query-input\":\"required name=search_term_string\"}],\"inLanguage\":\"es\"}]}<\/script>\n<!-- \/ Yoast SEO Premium plugin. -->","yoast_head_json":{"title":"RIEDEL Highland set de 4 vasos - Erresse Shop","description":"Estos vasos son perfectos para a\u00f1adir un toque de lujo a tu hogar. Estas espl\u00e9ndidas copas, fabricadas en fino cristal, son un art\u00edculo imprescindible","robots":{"index":"index","follow":"follow","max-snippet":"max-snippet:-1","max-image-preview":"max-image-preview:large","max-video-preview":"max-video-preview:-1"},"canonical":"https:\/\/www.erresse-shop.it\/es\/shop\/tabla\/vasos\/riedel-highland-set-de-4-vasos\/","og_locale":"es_ES","og_type":"article","og_title":"RIEDEL Highland set de 4 vasos","og_description":"Estos vasos son perfectos para a\u00f1adir un toque de lujo a tu hogar. Estas espl\u00e9ndidas copas, fabricadas en fino cristal, son un art\u00edculo imprescindible","og_url":"https:\/\/www.erresse-shop.it\/es\/shop\/tabla\/vasos\/riedel-highland-set-de-4-vasos\/","og_site_name":"Erresse Shop","article_modified_time":"2026-02-23T08:07:24+00:00","og_image":[{"width":1200,"height":1200,"url":"https:\/\/www.erresse-shop.it\/wp-content\/uploads\/2025\/03\/RIEDEL-Highland-Set-4-Tumbler.jpg","type":"image\/jpeg"}],"twitter_card":"summary_large_image","schema":{"@context":"https:\/\/schema.org","@graph":[{"@type":"WebPage","@id":"https:\/\/www.erresse-shop.it\/es\/shop\/tabla\/vasos\/riedel-highland-set-de-4-vasos\/","url":"https:\/\/www.erresse-shop.it\/es\/shop\/tabla\/vasos\/riedel-highland-set-de-4-vasos\/","name":"RIEDEL Highland set de 4 vasos - Erresse Shop","isPartOf":{"@id":"https:\/\/www.erresse-shop.it\/es\/#website"},"datePublished":"2025-03-19T09:55:48+00:00","dateModified":"2026-02-23T08:07:24+00:00","description":"Estos vasos son perfectos para a\u00f1adir un toque de lujo a tu hogar. Estas espl\u00e9ndidas copas, fabricadas en fino cristal, son un art\u00edculo imprescindible","breadcrumb":{"@id":"https:\/\/www.erresse-shop.it\/es\/shop\/tabla\/vasos\/riedel-highland-set-de-4-vasos\/#breadcrumb"},"inLanguage":"es","potentialAction":[{"@type":"ReadAction","target":["https:\/\/www.erresse-shop.it\/es\/shop\/tabla\/vasos\/riedel-highland-set-de-4-vasos\/"]}]},{"@type":"BreadcrumbList","@id":"https:\/\/www.erresse-shop.it\/es\/shop\/tabla\/vasos\/riedel-highland-set-de-4-vasos\/#breadcrumb","itemListElement":[{"@type":"ListItem","position":1,"name":"Home","item":"https:\/\/www.erresse-shop.it\/es\/"},{"@type":"ListItem","position":2,"name":"Shop","item":"https:\/\/www.erresse-shop.it\/es\/shop\/"},{"@type":"ListItem","position":3,"name":"RIEDEL Highland set de 4 vasos"}]},{"@type":"WebSite","@id":"https:\/\/www.erresse-shop.it\/es\/#website","url":"https:\/\/www.erresse-shop.it\/es\/","name":"Erresse Shop","description":"Articoli di qualit\u00e0 per la casa","potentialAction":[{"@type":"SearchAction","target":{"@type":"EntryPoint","urlTemplate":"https:\/\/www.erresse-shop.it\/es\/?s={search_term_string}"},"query-input":"required name=search_term_string"}],"inLanguage":"es"}]}},"df_price":13.455,"df_sale_price":13.455,"df_regular_price":29.9,"df_image_link":"https:\/\/www.erresse-shop.it\/wp-content\/uploads\/2025\/03\/RIEDEL-Highland-Set-4-Tumbler-300x300.jpg","_links":{"self":[{"href":"https:\/\/www.erresse-shop.it\/es\/wp-json\/wp\/v2\/product\/480929"}],"collection":[{"href":"https:\/\/www.erresse-shop.it\/es\/wp-json\/wp\/v2\/product"}],"about":[{"href":"https:\/\/www.erresse-shop.it\/es\/wp-json\/wp\/v2\/types\/product"}],"wp:featuredmedia":[{"embeddable":true,"href":"https:\/\/www.erresse-shop.it\/es\/wp-json\/wp\/v2\/media\/480955"}],"wp:attachment":[{"href":"https:\/\/www.erresse-shop.it\/es\/wp-json\/wp\/v2\/media?parent=480929"}],"wp:term":[{"taxonomy":"product_cat","embeddable":true,"href":"https:\/\/www.erresse-shop.it\/es\/wp-json\/wp\/v2\/product_cat?post=480929"},{"taxonomy":"product_tag","embeddable":true,"href":"https:\/\/www.erresse-shop.it\/es\/wp-json\/wp\/v2\/product_tag?post=480929"}],"curies":[{"name":"wp","href":"https:\/\/api.w.org\/{rel}","templated":true}]}}