{"id":480895,"date":"2025-03-19T09:34:48","date_gmt":"2025-03-19T09:34:51","guid":{"rendered":"https:\/\/www.erresse-shop.it\/?post_type=product&#038;p=480895"},"modified":"2026-02-23T08:10:47","modified_gmt":"2026-02-23T08:10:47","slug":"riedel-noblesse-jarra-de-cerveza","status":"publish","type":"product","link":"https:\/\/www.erresse-shop.it\/es\/shop\/tabla\/vasos\/riedel-noblesse-jarra-de-cerveza\/","title":{"rendered":"RIEDEL Noblesse Jarra de cerveza"},"content":{"rendered":"<p>Esta jarra de cerveza es la compa\u00f1era perfecta para los amantes de la cerveza. Dise\u00f1ada para quienes saborean cada sorbo, su robusta construcci\u00f3n mantiene la cerveza fr\u00eda por m\u00e1s tiempo, garantizando una experiencia refrescante hasta la \u00faltima gota. Realza tus reuniones sociales, barbacoas y noches de juegos. \u00a1Brindemos por el capricho cervecero perfecto!<\/p>\n<p>La serie Noblesse a\u00f1ade un toque de distinci\u00f3n a tu hogar y celebra el regreso del dise\u00f1o cl\u00e1sico. Elaboradas con cristal premium bellamente tallado, estas jarras son imprescindibles para quienes desean embellecer su hogar.<\/p>\n<p><strong>Detalles del producto:<\/strong><\/p>\n<ul>\n<li>Hecho a m\u00e1quina. Puede haber peque\u00f1as tolerancias en las dimensiones debido al proceso de fabricaci\u00f3n.<\/li>\n<li>Hecho de vidrio, que puede romperse y generar fragmentos afilados si se inclina o se cae.<\/li>\n<li>Apto para lavavajillas.<\/li>\n<\/ul>\n<p>Capacidad: 600.0 ccm<br \/>\nAltura: 139.0 mm<\/p>\n","protected":false},"excerpt":{"rendered":"<p>Esta jarra de cerveza es la compa\u00f1era perfecta para los amantes de la cerveza. Dise\u00f1ada para quienes saborean cada sorbo,<\/p>\n","protected":false},"featured_media":480921,"template":"","meta":{"_acf_changed":false,"inline_featured_image":false},"product_cat":[16027,16028],"product_tag":[25090,23912,16119,16117,16610,22557,21823,25023],"acf":[],"yoast_head":"<!-- This site is optimized with the Yoast SEO Premium plugin v18.6 (Yoast SEO v19.13) - https:\/\/yoast.com\/wordpress\/plugins\/seo\/ -->\n<title>RIEDEL Noblesse Jarra de cerveza - Erresse Shop<\/title>\n<meta name=\"description\" content=\"Esta jarra de cerveza es la compa\u00f1era perfecta para los amantes de la cerveza. Dise\u00f1ada para quienes saborean cada sorbo, su robusta construcci\u00f3n mantiene\" \/>\n<meta name=\"robots\" content=\"index, follow, max-snippet:-1, max-image-preview:large, max-video-preview:-1\" \/>\n<link rel=\"canonical\" href=\"https:\/\/www.erresse-shop.it\/es\/shop\/tabla\/vasos\/riedel-noblesse-jarra-de-cerveza\/\" \/>\n<meta property=\"og:locale\" content=\"es_ES\" \/>\n<meta property=\"og:type\" content=\"article\" \/>\n<meta property=\"og:title\" content=\"RIEDEL Noblesse Jarra de cerveza\" \/>\n<meta property=\"og:description\" content=\"Esta jarra de cerveza es la compa\u00f1era perfecta para los amantes de la cerveza. Dise\u00f1ada para quienes saborean cada sorbo, su robusta construcci\u00f3n mantiene\" \/>\n<meta property=\"og:url\" content=\"https:\/\/www.erresse-shop.it\/es\/shop\/tabla\/vasos\/riedel-noblesse-jarra-de-cerveza\/\" \/>\n<meta property=\"og:site_name\" content=\"Erresse Shop\" \/>\n<meta property=\"article:modified_time\" content=\"2026-02-23T08:10:47+00:00\" \/>\n<meta property=\"og:image\" content=\"https:\/\/www.erresse-shop.it\/wp-content\/uploads\/2025\/03\/RIEDEL-Noblesse-Boccale-da-Birra.jpg\" \/>\n\t<meta property=\"og:image:width\" content=\"1200\" \/>\n\t<meta property=\"og:image:height\" content=\"1200\" \/>\n\t<meta property=\"og:image:type\" content=\"image\/jpeg\" \/>\n<meta name=\"twitter:card\" content=\"summary_large_image\" \/>\n<script type=\"application\/ld+json\" class=\"yoast-schema-graph\">{\"@context\":\"https:\/\/schema.org\",\"@graph\":[{\"@type\":\"WebPage\",\"@id\":\"https:\/\/www.erresse-shop.it\/es\/shop\/tabla\/vasos\/riedel-noblesse-jarra-de-cerveza\/\",\"url\":\"https:\/\/www.erresse-shop.it\/es\/shop\/tabla\/vasos\/riedel-noblesse-jarra-de-cerveza\/\",\"name\":\"RIEDEL Noblesse Jarra de cerveza - Erresse Shop\",\"isPartOf\":{\"@id\":\"https:\/\/www.erresse-shop.it\/es\/#website\"},\"datePublished\":\"2025-03-19T09:34:51+00:00\",\"dateModified\":\"2026-02-23T08:10:47+00:00\",\"description\":\"Esta jarra de cerveza es la compa\u00f1era perfecta para los amantes de la cerveza. Dise\u00f1ada para quienes saborean cada sorbo, su robusta construcci\u00f3n mantiene\",\"breadcrumb\":{\"@id\":\"https:\/\/www.erresse-shop.it\/es\/shop\/tabla\/vasos\/riedel-noblesse-jarra-de-cerveza\/#breadcrumb\"},\"inLanguage\":\"es\",\"potentialAction\":[{\"@type\":\"ReadAction\",\"target\":[\"https:\/\/www.erresse-shop.it\/es\/shop\/tabla\/vasos\/riedel-noblesse-jarra-de-cerveza\/\"]}]},{\"@type\":\"BreadcrumbList\",\"@id\":\"https:\/\/www.erresse-shop.it\/es\/shop\/tabla\/vasos\/riedel-noblesse-jarra-de-cerveza\/#breadcrumb\",\"itemListElement\":[{\"@type\":\"ListItem\",\"position\":1,\"name\":\"Home\",\"item\":\"https:\/\/www.erresse-shop.it\/es\/\"},{\"@type\":\"ListItem\",\"position\":2,\"name\":\"Shop\",\"item\":\"https:\/\/www.erresse-shop.it\/es\/shop\/\"},{\"@type\":\"ListItem\",\"position\":3,\"name\":\"RIEDEL Noblesse Jarra de cerveza\"}]},{\"@type\":\"WebSite\",\"@id\":\"https:\/\/www.erresse-shop.it\/es\/#website\",\"url\":\"https:\/\/www.erresse-shop.it\/es\/\",\"name\":\"Erresse Shop\",\"description\":\"Articoli di qualit\u00e0 per la casa\",\"potentialAction\":[{\"@type\":\"SearchAction\",\"target\":{\"@type\":\"EntryPoint\",\"urlTemplate\":\"https:\/\/www.erresse-shop.it\/es\/?s={search_term_string}\"},\"query-input\":\"required name=search_term_string\"}],\"inLanguage\":\"es\"}]}<\/script>\n<!-- \/ Yoast SEO Premium plugin. -->","yoast_head_json":{"title":"RIEDEL Noblesse Jarra de cerveza - Erresse Shop","description":"Esta jarra de cerveza es la compa\u00f1era perfecta para los amantes de la cerveza. Dise\u00f1ada para quienes saborean cada sorbo, su robusta construcci\u00f3n mantiene","robots":{"index":"index","follow":"follow","max-snippet":"max-snippet:-1","max-image-preview":"max-image-preview:large","max-video-preview":"max-video-preview:-1"},"canonical":"https:\/\/www.erresse-shop.it\/es\/shop\/tabla\/vasos\/riedel-noblesse-jarra-de-cerveza\/","og_locale":"es_ES","og_type":"article","og_title":"RIEDEL Noblesse Jarra de cerveza","og_description":"Esta jarra de cerveza es la compa\u00f1era perfecta para los amantes de la cerveza. Dise\u00f1ada para quienes saborean cada sorbo, su robusta construcci\u00f3n mantiene","og_url":"https:\/\/www.erresse-shop.it\/es\/shop\/tabla\/vasos\/riedel-noblesse-jarra-de-cerveza\/","og_site_name":"Erresse Shop","article_modified_time":"2026-02-23T08:10:47+00:00","og_image":[{"width":1200,"height":1200,"url":"https:\/\/www.erresse-shop.it\/wp-content\/uploads\/2025\/03\/RIEDEL-Noblesse-Boccale-da-Birra.jpg","type":"image\/jpeg"}],"twitter_card":"summary_large_image","schema":{"@context":"https:\/\/schema.org","@graph":[{"@type":"WebPage","@id":"https:\/\/www.erresse-shop.it\/es\/shop\/tabla\/vasos\/riedel-noblesse-jarra-de-cerveza\/","url":"https:\/\/www.erresse-shop.it\/es\/shop\/tabla\/vasos\/riedel-noblesse-jarra-de-cerveza\/","name":"RIEDEL Noblesse Jarra de cerveza - Erresse Shop","isPartOf":{"@id":"https:\/\/www.erresse-shop.it\/es\/#website"},"datePublished":"2025-03-19T09:34:51+00:00","dateModified":"2026-02-23T08:10:47+00:00","description":"Esta jarra de cerveza es la compa\u00f1era perfecta para los amantes de la cerveza. Dise\u00f1ada para quienes saborean cada sorbo, su robusta construcci\u00f3n mantiene","breadcrumb":{"@id":"https:\/\/www.erresse-shop.it\/es\/shop\/tabla\/vasos\/riedel-noblesse-jarra-de-cerveza\/#breadcrumb"},"inLanguage":"es","potentialAction":[{"@type":"ReadAction","target":["https:\/\/www.erresse-shop.it\/es\/shop\/tabla\/vasos\/riedel-noblesse-jarra-de-cerveza\/"]}]},{"@type":"BreadcrumbList","@id":"https:\/\/www.erresse-shop.it\/es\/shop\/tabla\/vasos\/riedel-noblesse-jarra-de-cerveza\/#breadcrumb","itemListElement":[{"@type":"ListItem","position":1,"name":"Home","item":"https:\/\/www.erresse-shop.it\/es\/"},{"@type":"ListItem","position":2,"name":"Shop","item":"https:\/\/www.erresse-shop.it\/es\/shop\/"},{"@type":"ListItem","position":3,"name":"RIEDEL Noblesse Jarra de cerveza"}]},{"@type":"WebSite","@id":"https:\/\/www.erresse-shop.it\/es\/#website","url":"https:\/\/www.erresse-shop.it\/es\/","name":"Erresse Shop","description":"Articoli di qualit\u00e0 per la casa","potentialAction":[{"@type":"SearchAction","target":{"@type":"EntryPoint","urlTemplate":"https:\/\/www.erresse-shop.it\/es\/?s={search_term_string}"},"query-input":"required name=search_term_string"}],"inLanguage":"es"}]}},"df_price":19.95,"df_sale_price":19.95,"df_regular_price":21.5,"df_image_link":"https:\/\/www.erresse-shop.it\/wp-content\/uploads\/2025\/03\/RIEDEL-Noblesse-Boccale-da-Birra-300x300.jpg","_links":{"self":[{"href":"https:\/\/www.erresse-shop.it\/es\/wp-json\/wp\/v2\/product\/480895"}],"collection":[{"href":"https:\/\/www.erresse-shop.it\/es\/wp-json\/wp\/v2\/product"}],"about":[{"href":"https:\/\/www.erresse-shop.it\/es\/wp-json\/wp\/v2\/types\/product"}],"wp:featuredmedia":[{"embeddable":true,"href":"https:\/\/www.erresse-shop.it\/es\/wp-json\/wp\/v2\/media\/480921"}],"wp:attachment":[{"href":"https:\/\/www.erresse-shop.it\/es\/wp-json\/wp\/v2\/media?parent=480895"}],"wp:term":[{"taxonomy":"product_cat","embeddable":true,"href":"https:\/\/www.erresse-shop.it\/es\/wp-json\/wp\/v2\/product_cat?post=480895"},{"taxonomy":"product_tag","embeddable":true,"href":"https:\/\/www.erresse-shop.it\/es\/wp-json\/wp\/v2\/product_tag?post=480895"}],"curies":[{"name":"wp","href":"https:\/\/api.w.org\/{rel}","templated":true}]}}