{"id":480813,"date":"2025-03-19T08:41:24","date_gmt":"2025-03-19T08:41:29","guid":{"rendered":"https:\/\/www.erresse-shop.it\/?post_type=product&#038;p=480813"},"modified":"2025-03-19T09:02:34","modified_gmt":"2025-03-19T09:02:34","slug":"wd-lifestyle-tetera-de-cristal-con-filtro-y-mango-verde-copia-2","status":"publish","type":"product","link":"https:\/\/www.erresse-shop.it\/es\/shop\/tabla\/teteras-azucareras-jarras-de-leche\/wd-lifestyle-tetera-de-cristal-con-filtro-y-mango-verde-copia-2\/","title":{"rendered":"LE CREUSET Tetera con infusor de metal 1.3 L Naranja"},"content":{"rendered":"<p>Sirva su bebida caliente favorita en nuestra tetera de acero inoxidable con infusor. Su forma cl\u00e1sica le da un toque vintage a su ritual del t\u00e9. Gracias a este elemento, las hojas de t\u00e9 permanecen infusionadas en la tetera sin mezclarse con el agua.<\/p><\/div>\n<\/div>\n<\/div>\n<\/div>\n<div><\/div>\n<div><strong>Detalles del producto:<\/strong><\/div>\n<div class=\"flex-shrink-0 flex flex-col relative items-end\">\n<div class=\"pt-0\">\n<div class=\"gizmo-bot-avatar flex h-8 w-8 items-center justify-center overflow-hidden rounded-full\">\n<ul>\n<li class=\"mb-3\">Siempre a la altura: Nuestro gres vitrificado es resistente a los ara\u00f1azos y f\u00e1cil de limpiar.<\/li>\n<li class=\"mb-3\">Elaboraci\u00f3n perfecta: Fabricados con cer\u00e1mica de alta calidad, nuestros productos de gres vitrificado mantienen una temperatura uniforme y garantizan resistencia y durabilidad en el tiempo.<\/li>\n<li class=\"mb-3\">Un arco\u00edris de colores: Disponible en una amplia gama de colores, nuestra gama a\u00f1adir\u00e1 un toque de color a su Cocina.<\/li>\n<li class=\"mb-3\">Apto tanto para fr\u00edo como para calor: Nuestro gres es resistente al calor desde -23 \u00b0C hasta +260 \u00b0C.<\/li>\n<li class=\"mb-3\">El mejor en su clase: Nuestros productos se fabrican con los mejores materiales en f\u00e1bricas de todo el mundo para garantizar la calidad que espera de Le Creuset.<\/li>\n<\/ul>\n<div class=\"col-12 d-flex p-0 pt-1-2 border-image-top-2\">\n<div class=\"col-4 p-0 t-style-2 t-lyon\"><strong>Material:<\/strong> Gres<\/div>\n<\/div>\n<div class=\"col-12 d-flex p-0 pt-1-2 border-image-top-2\">\n<div class=\"col-4 p-0 t-style-2 t-lyon\"><strong>Hecho en:<\/strong> China<\/div>\n<\/div>\n<div class=\"col-12 d-flex p-0 pt-1-2 border-image-top-2\">\n<div class=\"col-4 p-0 t-style-2 t-lyon\"><strong>Garant\u00eda:<\/strong> 10 a\u00f1os<\/div>\n<\/div>\n<\/div>\n<\/div>\n<\/div>\n<div><\/div>\n<div>Capacidad: 1.3 L<\/div>\n<div><\/div>\n<div><strong>Fuente de calor:<\/strong><\/div>\n<div><\/div>\n<div>Horno con modo grill<\/div>\n<div><\/div>\n<div><strong>Limpieza y cuidado:<\/strong><\/div>\n<div>\n<ul>\n<li class=\"mb-3\">Espere a que el producto se enfr\u00ede por completo antes de comenzar a limpiarlo.<\/li>\n<li class=\"mb-3\">Elimine cualquier residuo de la base y los laterales del producto. Para residuos de comida dif\u00edciles, llene el producto con agua tibia y jab\u00f3n y d\u00e9jelo en remojo de 15 a 20 minutos antes de lavarlo como de costumbre.<\/li>\n<li class=\"mb-3\">Lave y seque a mano. O coloque su producto de cer\u00e1mica en el lavavajillas durante un ciclo completo.<\/li>\n<\/ul>\n<\/div>\n","protected":false},"excerpt":{"rendered":"<p>Sirva su bebida caliente favorita en nuestra tetera de acero inoxidable con infusor. Su forma cl\u00e1sica le da un toque<\/p>\n","protected":false},"featured_media":480845,"template":"","meta":{"_acf_changed":false,"inline_featured_image":false},"product_cat":[16027,16035],"product_tag":[17245,16412],"acf":[],"yoast_head":"<!-- This site is optimized with the Yoast SEO Premium plugin v18.6 (Yoast SEO v19.13) - https:\/\/yoast.com\/wordpress\/plugins\/seo\/ -->\n<title>LE CREUSET Tetera con infusor de metal 1.3 L Naranja - Erresse Shop<\/title>\n<meta name=\"description\" content=\"Sirva su bebida caliente favorita en nuestra tetera de acero inoxidable con infusor. Su forma cl\u00e1sica le da un toque vintage a su ritual del t\u00e9. Gracias a\" \/>\n<meta name=\"robots\" content=\"index, follow, max-snippet:-1, max-image-preview:large, max-video-preview:-1\" \/>\n<link rel=\"canonical\" href=\"https:\/\/www.erresse-shop.it\/es\/shop\/tabla\/teteras-azucareras-jarras-de-leche\/wd-lifestyle-tetera-de-cristal-con-filtro-y-mango-verde-copia-2\/\" \/>\n<meta property=\"og:locale\" content=\"es_ES\" \/>\n<meta property=\"og:type\" content=\"article\" \/>\n<meta property=\"og:title\" content=\"LE CREUSET Tetera con infusor de metal 1.3 L Naranja\" \/>\n<meta property=\"og:description\" content=\"Sirva su bebida caliente favorita en nuestra tetera de acero inoxidable con infusor. Su forma cl\u00e1sica le da un toque vintage a su ritual del t\u00e9. Gracias a\" \/>\n<meta property=\"og:url\" content=\"https:\/\/www.erresse-shop.it\/es\/shop\/tabla\/teteras-azucareras-jarras-de-leche\/wd-lifestyle-tetera-de-cristal-con-filtro-y-mango-verde-copia-2\/\" \/>\n<meta property=\"og:site_name\" content=\"Erresse Shop\" \/>\n<meta property=\"article:modified_time\" content=\"2025-03-19T09:02:34+00:00\" \/>\n<meta property=\"og:image\" content=\"https:\/\/www.erresse-shop.it\/wp-content\/uploads\/2025\/03\/LE-CREUSET-Teiera-con-Infusore-di-Metallo-1.3-L-Arancio.jpg\" \/>\n\t<meta property=\"og:image:width\" content=\"1200\" \/>\n\t<meta property=\"og:image:height\" content=\"1200\" \/>\n\t<meta property=\"og:image:type\" content=\"image\/jpeg\" \/>\n<meta name=\"twitter:card\" content=\"summary_large_image\" \/>\n<script type=\"application\/ld+json\" class=\"yoast-schema-graph\">{\"@context\":\"https:\/\/schema.org\",\"@graph\":[{\"@type\":\"WebPage\",\"@id\":\"https:\/\/www.erresse-shop.it\/es\/shop\/tabla\/teteras-azucareras-jarras-de-leche\/wd-lifestyle-tetera-de-cristal-con-filtro-y-mango-verde-copia-2\/\",\"url\":\"https:\/\/www.erresse-shop.it\/es\/shop\/tabla\/teteras-azucareras-jarras-de-leche\/wd-lifestyle-tetera-de-cristal-con-filtro-y-mango-verde-copia-2\/\",\"name\":\"LE CREUSET Tetera con infusor de metal 1.3 L Naranja - Erresse Shop\",\"isPartOf\":{\"@id\":\"https:\/\/www.erresse-shop.it\/es\/#website\"},\"datePublished\":\"2025-03-19T08:41:29+00:00\",\"dateModified\":\"2025-03-19T09:02:34+00:00\",\"description\":\"Sirva su bebida caliente favorita en nuestra tetera de acero inoxidable con infusor. Su forma cl\u00e1sica le da un toque vintage a su ritual del t\u00e9. Gracias a\",\"breadcrumb\":{\"@id\":\"https:\/\/www.erresse-shop.it\/es\/shop\/tabla\/teteras-azucareras-jarras-de-leche\/wd-lifestyle-tetera-de-cristal-con-filtro-y-mango-verde-copia-2\/#breadcrumb\"},\"inLanguage\":\"es\",\"potentialAction\":[{\"@type\":\"ReadAction\",\"target\":[\"https:\/\/www.erresse-shop.it\/es\/shop\/tabla\/teteras-azucareras-jarras-de-leche\/wd-lifestyle-tetera-de-cristal-con-filtro-y-mango-verde-copia-2\/\"]}]},{\"@type\":\"BreadcrumbList\",\"@id\":\"https:\/\/www.erresse-shop.it\/es\/shop\/tabla\/teteras-azucareras-jarras-de-leche\/wd-lifestyle-tetera-de-cristal-con-filtro-y-mango-verde-copia-2\/#breadcrumb\",\"itemListElement\":[{\"@type\":\"ListItem\",\"position\":1,\"name\":\"Home\",\"item\":\"https:\/\/www.erresse-shop.it\/es\/\"},{\"@type\":\"ListItem\",\"position\":2,\"name\":\"Shop\",\"item\":\"https:\/\/www.erresse-shop.it\/es\/shop\/\"},{\"@type\":\"ListItem\",\"position\":3,\"name\":\"LE CREUSET Tetera con infusor de metal 1.3 L Naranja\"}]},{\"@type\":\"WebSite\",\"@id\":\"https:\/\/www.erresse-shop.it\/es\/#website\",\"url\":\"https:\/\/www.erresse-shop.it\/es\/\",\"name\":\"Erresse Shop\",\"description\":\"Articoli di qualit\u00e0 per la casa\",\"potentialAction\":[{\"@type\":\"SearchAction\",\"target\":{\"@type\":\"EntryPoint\",\"urlTemplate\":\"https:\/\/www.erresse-shop.it\/es\/?s={search_term_string}\"},\"query-input\":\"required name=search_term_string\"}],\"inLanguage\":\"es\"}]}<\/script>\n<!-- \/ Yoast SEO Premium plugin. -->","yoast_head_json":{"title":"LE CREUSET Tetera con infusor de metal 1.3 L Naranja - Erresse Shop","description":"Sirva su bebida caliente favorita en nuestra tetera de acero inoxidable con infusor. Su forma cl\u00e1sica le da un toque vintage a su ritual del t\u00e9. Gracias a","robots":{"index":"index","follow":"follow","max-snippet":"max-snippet:-1","max-image-preview":"max-image-preview:large","max-video-preview":"max-video-preview:-1"},"canonical":"https:\/\/www.erresse-shop.it\/es\/shop\/tabla\/teteras-azucareras-jarras-de-leche\/wd-lifestyle-tetera-de-cristal-con-filtro-y-mango-verde-copia-2\/","og_locale":"es_ES","og_type":"article","og_title":"LE CREUSET Tetera con infusor de metal 1.3 L Naranja","og_description":"Sirva su bebida caliente favorita en nuestra tetera de acero inoxidable con infusor. Su forma cl\u00e1sica le da un toque vintage a su ritual del t\u00e9. Gracias a","og_url":"https:\/\/www.erresse-shop.it\/es\/shop\/tabla\/teteras-azucareras-jarras-de-leche\/wd-lifestyle-tetera-de-cristal-con-filtro-y-mango-verde-copia-2\/","og_site_name":"Erresse Shop","article_modified_time":"2025-03-19T09:02:34+00:00","og_image":[{"width":1200,"height":1200,"url":"https:\/\/www.erresse-shop.it\/wp-content\/uploads\/2025\/03\/LE-CREUSET-Teiera-con-Infusore-di-Metallo-1.3-L-Arancio.jpg","type":"image\/jpeg"}],"twitter_card":"summary_large_image","schema":{"@context":"https:\/\/schema.org","@graph":[{"@type":"WebPage","@id":"https:\/\/www.erresse-shop.it\/es\/shop\/tabla\/teteras-azucareras-jarras-de-leche\/wd-lifestyle-tetera-de-cristal-con-filtro-y-mango-verde-copia-2\/","url":"https:\/\/www.erresse-shop.it\/es\/shop\/tabla\/teteras-azucareras-jarras-de-leche\/wd-lifestyle-tetera-de-cristal-con-filtro-y-mango-verde-copia-2\/","name":"LE CREUSET Tetera con infusor de metal 1.3 L Naranja - Erresse Shop","isPartOf":{"@id":"https:\/\/www.erresse-shop.it\/es\/#website"},"datePublished":"2025-03-19T08:41:29+00:00","dateModified":"2025-03-19T09:02:34+00:00","description":"Sirva su bebida caliente favorita en nuestra tetera de acero inoxidable con infusor. Su forma cl\u00e1sica le da un toque vintage a su ritual del t\u00e9. Gracias a","breadcrumb":{"@id":"https:\/\/www.erresse-shop.it\/es\/shop\/tabla\/teteras-azucareras-jarras-de-leche\/wd-lifestyle-tetera-de-cristal-con-filtro-y-mango-verde-copia-2\/#breadcrumb"},"inLanguage":"es","potentialAction":[{"@type":"ReadAction","target":["https:\/\/www.erresse-shop.it\/es\/shop\/tabla\/teteras-azucareras-jarras-de-leche\/wd-lifestyle-tetera-de-cristal-con-filtro-y-mango-verde-copia-2\/"]}]},{"@type":"BreadcrumbList","@id":"https:\/\/www.erresse-shop.it\/es\/shop\/tabla\/teteras-azucareras-jarras-de-leche\/wd-lifestyle-tetera-de-cristal-con-filtro-y-mango-verde-copia-2\/#breadcrumb","itemListElement":[{"@type":"ListItem","position":1,"name":"Home","item":"https:\/\/www.erresse-shop.it\/es\/"},{"@type":"ListItem","position":2,"name":"Shop","item":"https:\/\/www.erresse-shop.it\/es\/shop\/"},{"@type":"ListItem","position":3,"name":"LE CREUSET Tetera con infusor de metal 1.3 L Naranja"}]},{"@type":"WebSite","@id":"https:\/\/www.erresse-shop.it\/es\/#website","url":"https:\/\/www.erresse-shop.it\/es\/","name":"Erresse Shop","description":"Articoli di qualit\u00e0 per la casa","potentialAction":[{"@type":"SearchAction","target":{"@type":"EntryPoint","urlTemplate":"https:\/\/www.erresse-shop.it\/es\/?s={search_term_string}"},"query-input":"required name=search_term_string"}],"inLanguage":"es"}]}},"df_price":45,"df_sale_price":45,"df_regular_price":75,"df_image_link":"https:\/\/www.erresse-shop.it\/wp-content\/uploads\/2025\/03\/LE-CREUSET-Teiera-con-Infusore-di-Metallo-1.3-L-Arancio-300x300.jpg","_links":{"self":[{"href":"https:\/\/www.erresse-shop.it\/es\/wp-json\/wp\/v2\/product\/480813"}],"collection":[{"href":"https:\/\/www.erresse-shop.it\/es\/wp-json\/wp\/v2\/product"}],"about":[{"href":"https:\/\/www.erresse-shop.it\/es\/wp-json\/wp\/v2\/types\/product"}],"wp:featuredmedia":[{"embeddable":true,"href":"https:\/\/www.erresse-shop.it\/es\/wp-json\/wp\/v2\/media\/480845"}],"wp:attachment":[{"href":"https:\/\/www.erresse-shop.it\/es\/wp-json\/wp\/v2\/media?parent=480813"}],"wp:term":[{"taxonomy":"product_cat","embeddable":true,"href":"https:\/\/www.erresse-shop.it\/es\/wp-json\/wp\/v2\/product_cat?post=480813"},{"taxonomy":"product_tag","embeddable":true,"href":"https:\/\/www.erresse-shop.it\/es\/wp-json\/wp\/v2\/product_tag?post=480813"}],"curies":[{"name":"wp","href":"https:\/\/api.w.org\/{rel}","templated":true}]}}