{"id":480766,"date":"2025-03-19T08:30:34","date_gmt":"2025-03-19T08:30:37","guid":{"rendered":"https:\/\/www.erresse-shop.it\/?post_type=product&#038;p=480766"},"modified":"2025-03-19T08:38:26","modified_gmt":"2025-03-19T08:38:26","slug":"le-creuset-set-de-4-mini-cocottes-10-cm-colores-calidos-copia","status":"publish","type":"product","link":"https:\/\/www.erresse-shop.it\/es\/shop\/sartenes-y-ollas\/marmitas-y-cocottes\/le-creuset-set-de-4-mini-cocottes-10-cm-colores-calidos-copia\/","title":{"rendered":"LE CREUSET Set de 4 Mini Cocottes 10 cm Colores fr\u00edos"},"content":{"rendered":"<p>Este set de cuatro llamativas mini cocottes combina una gama de colores \u00fanicos de Le Creuset: Azul Caribe, Azul Marsella, Verde Palma y Menta Fr\u00eda. \u00dasalas como tarros de mermelada, para servir aperitivos, postres o un peque\u00f1o aperitivo. Presentadas en una bonita caja, son el regalo perfecto.<\/p>\n<p style=\"text-align: justify;\"><strong>Detalles del producto:<\/strong><\/p>\n<ul>\n<li class=\"mb-3\">Siempre a la \u00faltima: Nuestra vajilla de gres es resistente a los ara\u00f1azos y f\u00e1cil de limpiar.<\/li>\n<li class=\"mb-3\">Elaboraci\u00f3n perfecta: Fabricados con cer\u00e1mica de alta calidad, nuestros productos de gres mantienen una temperatura uniforme y son duraderos.<\/li>\n<li class=\"mb-3\">Un icono moderno: Con su distintivo dise\u00f1o de tres anillos, este producto combina con nuestra ic\u00f3nica bater\u00eda de cocina de hierro fundido, convirti\u00e9ndolo en el complemento perfecto para su colecci\u00f3n Le Creuset.<\/li>\n<li class=\"mb-3\">Apto tanto para fr\u00edo como para calor: Nuestra vajilla de gres es resistente al calor desde -23 \u00b0C hasta +260 \u00b0C.<\/li>\n<li class=\"mb-3\">El mejor de su clase: Nuestros productos se elaboran con los mejores materiales en f\u00e1bricas de todo el mundo para garantizar la calidad que espera de Le Creuset.<\/li>\n<\/ul>\n<p>Material: Gres<br \/>\nHecho en: Tailandia<br \/>\nGarant\u00eda: 10 a\u00f1os<\/p>\n<p>Capacidad: 0,25 L<\/p>\n<p><strong>Fuente de calor:<\/strong><\/p>\n<ul>\n<li>Horno<\/li>\n<li>Modo grill<\/li>\n<li>Microondas<\/li>\n<\/ul>\n<p><strong>Limpieza y cuidado:<\/strong><\/p>\n<ul>\n<li class=\"mb-3\">Espere a que el producto se enfr\u00ede completamente antes de limpiarlo.<\/li>\n<li class=\"mb-3\">Elimine cualquier residuo de la base y los laterales del producto. Para residuos de comida dif\u00edciles, llene el producto con agua tibia y jab\u00f3n y d\u00e9jelo en remojo de 15 a 20 minutos antes de lavarlo como de costumbre.<\/li>\n<li class=\"mb-3\">Lave y seque a mano. Tambi\u00e9n puede colocar su producto de gres vitrificado en el lavavajillas durante un ciclo completo.<\/li>\n<\/ul>\n","protected":false},"excerpt":{"rendered":"<p>Este set de cuatro llamativas mini cocottes combina una gama de colores \u00fanicos de Le Creuset: Azul Caribe, Azul Marsella,<\/p>\n","protected":false},"featured_media":480802,"template":"","meta":{"_acf_changed":false,"inline_featured_image":false},"product_cat":[16065,16058],"product_tag":[16111,16211,21537,16781,17104,16248,16158,21093,22976,24393],"acf":[],"yoast_head":"<!-- This site is optimized with the Yoast SEO Premium plugin v18.6 (Yoast SEO v19.13) - https:\/\/yoast.com\/wordpress\/plugins\/seo\/ -->\n<title>LE CREUSET Set de 4 Mini Cocottes 10 cm Colores fr\u00edos - Erresse Shop<\/title>\n<meta name=\"description\" content=\"Este set de cuatro llamativas mini cocottes combina una gama de colores \u00fanicos de Le Creuset: Azul Caribe, Azul Marsella, Verde Palma y Menta Fr\u00eda. \u00dasalas\" \/>\n<meta name=\"robots\" content=\"index, follow, max-snippet:-1, max-image-preview:large, max-video-preview:-1\" \/>\n<link rel=\"canonical\" href=\"https:\/\/www.erresse-shop.it\/es\/shop\/sartenes-y-ollas\/marmitas-y-cocottes\/le-creuset-set-de-4-mini-cocottes-10-cm-colores-calidos-copia\/\" \/>\n<meta property=\"og:locale\" content=\"es_ES\" \/>\n<meta property=\"og:type\" content=\"article\" \/>\n<meta property=\"og:title\" content=\"LE CREUSET Set de 4 Mini Cocottes 10 cm Colores fr\u00edos\" \/>\n<meta property=\"og:description\" content=\"Este set de cuatro llamativas mini cocottes combina una gama de colores \u00fanicos de Le Creuset: Azul Caribe, Azul Marsella, Verde Palma y Menta Fr\u00eda. \u00dasalas\" \/>\n<meta property=\"og:url\" content=\"https:\/\/www.erresse-shop.it\/es\/shop\/sartenes-y-ollas\/marmitas-y-cocottes\/le-creuset-set-de-4-mini-cocottes-10-cm-colores-calidos-copia\/\" \/>\n<meta property=\"og:site_name\" content=\"Erresse Shop\" \/>\n<meta property=\"article:modified_time\" content=\"2025-03-19T08:38:26+00:00\" \/>\n<meta property=\"og:image\" content=\"https:\/\/www.erresse-shop.it\/wp-content\/uploads\/2025\/03\/LE-CREUSET-Set-4-Mini-Cocotte-10-cm-Colori-Freddi.jpg\" \/>\n\t<meta property=\"og:image:width\" content=\"1200\" \/>\n\t<meta property=\"og:image:height\" content=\"1200\" \/>\n\t<meta property=\"og:image:type\" content=\"image\/jpeg\" \/>\n<meta name=\"twitter:card\" content=\"summary_large_image\" \/>\n<script type=\"application\/ld+json\" class=\"yoast-schema-graph\">{\"@context\":\"https:\/\/schema.org\",\"@graph\":[{\"@type\":\"WebPage\",\"@id\":\"https:\/\/www.erresse-shop.it\/es\/shop\/sartenes-y-ollas\/marmitas-y-cocottes\/le-creuset-set-de-4-mini-cocottes-10-cm-colores-calidos-copia\/\",\"url\":\"https:\/\/www.erresse-shop.it\/es\/shop\/sartenes-y-ollas\/marmitas-y-cocottes\/le-creuset-set-de-4-mini-cocottes-10-cm-colores-calidos-copia\/\",\"name\":\"LE CREUSET Set de 4 Mini Cocottes 10 cm Colores fr\u00edos - Erresse Shop\",\"isPartOf\":{\"@id\":\"https:\/\/www.erresse-shop.it\/es\/#website\"},\"datePublished\":\"2025-03-19T08:30:37+00:00\",\"dateModified\":\"2025-03-19T08:38:26+00:00\",\"description\":\"Este set de cuatro llamativas mini cocottes combina una gama de colores \u00fanicos de Le Creuset: Azul Caribe, Azul Marsella, Verde Palma y Menta Fr\u00eda. \u00dasalas\",\"breadcrumb\":{\"@id\":\"https:\/\/www.erresse-shop.it\/es\/shop\/sartenes-y-ollas\/marmitas-y-cocottes\/le-creuset-set-de-4-mini-cocottes-10-cm-colores-calidos-copia\/#breadcrumb\"},\"inLanguage\":\"es\",\"potentialAction\":[{\"@type\":\"ReadAction\",\"target\":[\"https:\/\/www.erresse-shop.it\/es\/shop\/sartenes-y-ollas\/marmitas-y-cocottes\/le-creuset-set-de-4-mini-cocottes-10-cm-colores-calidos-copia\/\"]}]},{\"@type\":\"BreadcrumbList\",\"@id\":\"https:\/\/www.erresse-shop.it\/es\/shop\/sartenes-y-ollas\/marmitas-y-cocottes\/le-creuset-set-de-4-mini-cocottes-10-cm-colores-calidos-copia\/#breadcrumb\",\"itemListElement\":[{\"@type\":\"ListItem\",\"position\":1,\"name\":\"Home\",\"item\":\"https:\/\/www.erresse-shop.it\/es\/\"},{\"@type\":\"ListItem\",\"position\":2,\"name\":\"Shop\",\"item\":\"https:\/\/www.erresse-shop.it\/es\/shop\/\"},{\"@type\":\"ListItem\",\"position\":3,\"name\":\"LE CREUSET Set de 4 Mini Cocottes 10 cm Colores fr\u00edos\"}]},{\"@type\":\"WebSite\",\"@id\":\"https:\/\/www.erresse-shop.it\/es\/#website\",\"url\":\"https:\/\/www.erresse-shop.it\/es\/\",\"name\":\"Erresse Shop\",\"description\":\"Articoli di qualit\u00e0 per la casa\",\"potentialAction\":[{\"@type\":\"SearchAction\",\"target\":{\"@type\":\"EntryPoint\",\"urlTemplate\":\"https:\/\/www.erresse-shop.it\/es\/?s={search_term_string}\"},\"query-input\":\"required name=search_term_string\"}],\"inLanguage\":\"es\"}]}<\/script>\n<!-- \/ Yoast SEO Premium plugin. -->","yoast_head_json":{"title":"LE CREUSET Set de 4 Mini Cocottes 10 cm Colores fr\u00edos - Erresse Shop","description":"Este set de cuatro llamativas mini cocottes combina una gama de colores \u00fanicos de Le Creuset: Azul Caribe, Azul Marsella, Verde Palma y Menta Fr\u00eda. \u00dasalas","robots":{"index":"index","follow":"follow","max-snippet":"max-snippet:-1","max-image-preview":"max-image-preview:large","max-video-preview":"max-video-preview:-1"},"canonical":"https:\/\/www.erresse-shop.it\/es\/shop\/sartenes-y-ollas\/marmitas-y-cocottes\/le-creuset-set-de-4-mini-cocottes-10-cm-colores-calidos-copia\/","og_locale":"es_ES","og_type":"article","og_title":"LE CREUSET Set de 4 Mini Cocottes 10 cm Colores fr\u00edos","og_description":"Este set de cuatro llamativas mini cocottes combina una gama de colores \u00fanicos de Le Creuset: Azul Caribe, Azul Marsella, Verde Palma y Menta Fr\u00eda. \u00dasalas","og_url":"https:\/\/www.erresse-shop.it\/es\/shop\/sartenes-y-ollas\/marmitas-y-cocottes\/le-creuset-set-de-4-mini-cocottes-10-cm-colores-calidos-copia\/","og_site_name":"Erresse Shop","article_modified_time":"2025-03-19T08:38:26+00:00","og_image":[{"width":1200,"height":1200,"url":"https:\/\/www.erresse-shop.it\/wp-content\/uploads\/2025\/03\/LE-CREUSET-Set-4-Mini-Cocotte-10-cm-Colori-Freddi.jpg","type":"image\/jpeg"}],"twitter_card":"summary_large_image","schema":{"@context":"https:\/\/schema.org","@graph":[{"@type":"WebPage","@id":"https:\/\/www.erresse-shop.it\/es\/shop\/sartenes-y-ollas\/marmitas-y-cocottes\/le-creuset-set-de-4-mini-cocottes-10-cm-colores-calidos-copia\/","url":"https:\/\/www.erresse-shop.it\/es\/shop\/sartenes-y-ollas\/marmitas-y-cocottes\/le-creuset-set-de-4-mini-cocottes-10-cm-colores-calidos-copia\/","name":"LE CREUSET Set de 4 Mini Cocottes 10 cm Colores fr\u00edos - Erresse Shop","isPartOf":{"@id":"https:\/\/www.erresse-shop.it\/es\/#website"},"datePublished":"2025-03-19T08:30:37+00:00","dateModified":"2025-03-19T08:38:26+00:00","description":"Este set de cuatro llamativas mini cocottes combina una gama de colores \u00fanicos de Le Creuset: Azul Caribe, Azul Marsella, Verde Palma y Menta Fr\u00eda. \u00dasalas","breadcrumb":{"@id":"https:\/\/www.erresse-shop.it\/es\/shop\/sartenes-y-ollas\/marmitas-y-cocottes\/le-creuset-set-de-4-mini-cocottes-10-cm-colores-calidos-copia\/#breadcrumb"},"inLanguage":"es","potentialAction":[{"@type":"ReadAction","target":["https:\/\/www.erresse-shop.it\/es\/shop\/sartenes-y-ollas\/marmitas-y-cocottes\/le-creuset-set-de-4-mini-cocottes-10-cm-colores-calidos-copia\/"]}]},{"@type":"BreadcrumbList","@id":"https:\/\/www.erresse-shop.it\/es\/shop\/sartenes-y-ollas\/marmitas-y-cocottes\/le-creuset-set-de-4-mini-cocottes-10-cm-colores-calidos-copia\/#breadcrumb","itemListElement":[{"@type":"ListItem","position":1,"name":"Home","item":"https:\/\/www.erresse-shop.it\/es\/"},{"@type":"ListItem","position":2,"name":"Shop","item":"https:\/\/www.erresse-shop.it\/es\/shop\/"},{"@type":"ListItem","position":3,"name":"LE CREUSET Set de 4 Mini Cocottes 10 cm Colores fr\u00edos"}]},{"@type":"WebSite","@id":"https:\/\/www.erresse-shop.it\/es\/#website","url":"https:\/\/www.erresse-shop.it\/es\/","name":"Erresse Shop","description":"Articoli di qualit\u00e0 per la casa","potentialAction":[{"@type":"SearchAction","target":{"@type":"EntryPoint","urlTemplate":"https:\/\/www.erresse-shop.it\/es\/?s={search_term_string}"},"query-input":"required name=search_term_string"}],"inLanguage":"es"}]}},"df_price":40.050000000000004,"df_sale_price":40.050000000000004,"df_regular_price":89,"df_image_link":"https:\/\/www.erresse-shop.it\/wp-content\/uploads\/2025\/03\/LE-CREUSET-Set-4-Mini-Cocotte-10-cm-Colori-Freddi-300x300.jpg","_links":{"self":[{"href":"https:\/\/www.erresse-shop.it\/es\/wp-json\/wp\/v2\/product\/480766"}],"collection":[{"href":"https:\/\/www.erresse-shop.it\/es\/wp-json\/wp\/v2\/product"}],"about":[{"href":"https:\/\/www.erresse-shop.it\/es\/wp-json\/wp\/v2\/types\/product"}],"wp:featuredmedia":[{"embeddable":true,"href":"https:\/\/www.erresse-shop.it\/es\/wp-json\/wp\/v2\/media\/480802"}],"wp:attachment":[{"href":"https:\/\/www.erresse-shop.it\/es\/wp-json\/wp\/v2\/media?parent=480766"}],"wp:term":[{"taxonomy":"product_cat","embeddable":true,"href":"https:\/\/www.erresse-shop.it\/es\/wp-json\/wp\/v2\/product_cat?post=480766"},{"taxonomy":"product_tag","embeddable":true,"href":"https:\/\/www.erresse-shop.it\/es\/wp-json\/wp\/v2\/product_tag?post=480766"}],"curies":[{"name":"wp","href":"https:\/\/api.w.org\/{rel}","templated":true}]}}