{"id":480292,"date":"2025-03-18T15:09:13","date_gmt":"2025-03-18T15:09:15","guid":{"rendered":"https:\/\/www.erresse-shop.it\/?post_type=product&#038;p=480292"},"modified":"2026-02-23T08:22:23","modified_gmt":"2026-02-23T08:22:23","slug":"le-creuset-molde-redondo-de-gres-para-tartas-tradition-28-cm-garnet","status":"publish","type":"product","link":"https:\/\/www.erresse-shop.it\/es\/shop\/sartenes-y-ollas\/moldes-para-pasteles-y-creperas\/le-creuset-molde-redondo-de-gres-para-tartas-tradition-28-cm-garnet\/","title":{"rendered":"LE CREUSET Molde redondo de gres para tartas Tradition 28 cm Garnet"},"content":{"rendered":"<p>Crea deliciosas tartas, quiches y pasteles con nuestro molde redondo. Pr\u00e1ctico y elegante, sus paredes curvas a\u00f1aden un toque de personalidad a tus creaciones horneadas y te permiten cocinar los bordes de tus tartas a la perfecci\u00f3n. El gres vitrificado distribuye el calor uniformemente para obtener resultados de cocci\u00f3n perfectos.<\/p>\n<ul>\n<li class=\"mb-3\">Siempre a la altura: Nuestro gres es resistente a los ara\u00f1azos y f\u00e1cil de limpiar.<\/li>\n<li class=\"mb-3\">Construcci\u00f3n perfecta: Fabricados con cer\u00e1mica de alta calidad, nuestros productos de gres mantienen una temperatura uniforme y son resistentes y duraderos.<\/li>\n<li class=\"mb-3\">Apto tanto para fr\u00edo como para calor: Nuestro gres es resistente al calor desde -23 \u00b0C hasta +260 \u00b0C.<\/li>\n<li class=\"mb-3\">El mejor en su clase: Nuestros productos se fabrican con los mejores materiales en f\u00e1bricas de todo el mundo para garantizar la calidad que espera de Le Creuset.<\/li>\n<\/ul>\n<p>Material: Gres vitrificado<br \/>\nHecho en: Tailandia<br \/>\nGarant\u00eda: 10 a\u00f1os<\/p>\n<p><strong>Fuente de calor:<\/strong><\/p>\n<ul>\n<li>Horno<\/li>\n<li>Horno grill<\/li>\n<li>Microondas<\/li>\n<\/ul>\n<p><strong>Limpieza y Cuidado:<\/strong><\/p>\n<ul>\n<li class=\"mb-3\">Espere a que el producto se enfr\u00ede por completo antes de empezar a limpiarlo.<\/li>\n<li class=\"mb-3\">Elimine cualquier residuo de la base y los laterales del producto. Para residuos de comida dif\u00edciles, ll\u00e9nelo con agua tibia y jab\u00f3n y d\u00e9jelo en remojo de 15 a 20 minutos antes de lavarlo como de costumbre.<\/li>\n<li class=\"mb-3\">Lave y seque a mano. Tambi\u00e9n puede colocar su producto de cer\u00e1mica de gres en el lavavajillas durante un ciclo completo.<\/li>\n<\/ul>\n","protected":false},"excerpt":{"rendered":"<p>Crea deliciosas tartas, quiches y pasteles con nuestro molde redondo. Pr\u00e1ctico y elegante, sus paredes curvas a\u00f1aden un toque de<\/p>\n","protected":false},"featured_media":480317,"template":"","meta":{"_acf_changed":false,"inline_featured_image":false},"product_cat":[16068,16063,16058],"product_tag":[16251,16158,18191],"acf":[],"yoast_head":"<!-- This site is optimized with the Yoast SEO Premium plugin v18.6 (Yoast SEO v19.13) - https:\/\/yoast.com\/wordpress\/plugins\/seo\/ -->\n<title>LE CREUSET Molde redondo de gres para tartas Tradition 28 cm Garnet - Erresse Shop<\/title>\n<meta name=\"description\" content=\"Crea deliciosas tartas, quiches y pasteles con nuestro molde redondo. Pr\u00e1ctico y elegante, sus paredes curvas a\u00f1aden un toque de personalidad a tus\" \/>\n<meta name=\"robots\" content=\"index, follow, max-snippet:-1, max-image-preview:large, max-video-preview:-1\" \/>\n<link rel=\"canonical\" href=\"https:\/\/www.erresse-shop.it\/es\/shop\/sartenes-y-ollas\/moldes-para-pasteles-y-creperas\/le-creuset-molde-redondo-de-gres-para-tartas-tradition-28-cm-garnet\/\" \/>\n<meta property=\"og:locale\" content=\"es_ES\" \/>\n<meta property=\"og:type\" content=\"article\" \/>\n<meta property=\"og:title\" content=\"LE CREUSET Molde redondo de gres para tartas Tradition 28 cm Garnet\" \/>\n<meta property=\"og:description\" content=\"Crea deliciosas tartas, quiches y pasteles con nuestro molde redondo. Pr\u00e1ctico y elegante, sus paredes curvas a\u00f1aden un toque de personalidad a tus\" \/>\n<meta property=\"og:url\" content=\"https:\/\/www.erresse-shop.it\/es\/shop\/sartenes-y-ollas\/moldes-para-pasteles-y-creperas\/le-creuset-molde-redondo-de-gres-para-tartas-tradition-28-cm-garnet\/\" \/>\n<meta property=\"og:site_name\" content=\"Erresse Shop\" \/>\n<meta property=\"article:modified_time\" content=\"2026-02-23T08:22:23+00:00\" \/>\n<meta property=\"og:image\" content=\"https:\/\/www.erresse-shop.it\/wp-content\/uploads\/2025\/03\/LE-CREUSET-Tortiera-Rotonda-Tradition-in-Ghisa-28-cm-Garnet.jpg\" \/>\n\t<meta property=\"og:image:width\" content=\"1200\" \/>\n\t<meta property=\"og:image:height\" content=\"1200\" \/>\n\t<meta property=\"og:image:type\" content=\"image\/jpeg\" \/>\n<meta name=\"twitter:card\" content=\"summary_large_image\" \/>\n<script type=\"application\/ld+json\" class=\"yoast-schema-graph\">{\"@context\":\"https:\/\/schema.org\",\"@graph\":[{\"@type\":\"WebPage\",\"@id\":\"https:\/\/www.erresse-shop.it\/es\/shop\/sartenes-y-ollas\/moldes-para-pasteles-y-creperas\/le-creuset-molde-redondo-de-gres-para-tartas-tradition-28-cm-garnet\/\",\"url\":\"https:\/\/www.erresse-shop.it\/es\/shop\/sartenes-y-ollas\/moldes-para-pasteles-y-creperas\/le-creuset-molde-redondo-de-gres-para-tartas-tradition-28-cm-garnet\/\",\"name\":\"LE CREUSET Molde redondo de gres para tartas Tradition 28 cm Garnet - Erresse Shop\",\"isPartOf\":{\"@id\":\"https:\/\/www.erresse-shop.it\/es\/#website\"},\"datePublished\":\"2025-03-18T15:09:15+00:00\",\"dateModified\":\"2026-02-23T08:22:23+00:00\",\"description\":\"Crea deliciosas tartas, quiches y pasteles con nuestro molde redondo. Pr\u00e1ctico y elegante, sus paredes curvas a\u00f1aden un toque de personalidad a tus\",\"breadcrumb\":{\"@id\":\"https:\/\/www.erresse-shop.it\/es\/shop\/sartenes-y-ollas\/moldes-para-pasteles-y-creperas\/le-creuset-molde-redondo-de-gres-para-tartas-tradition-28-cm-garnet\/#breadcrumb\"},\"inLanguage\":\"es\",\"potentialAction\":[{\"@type\":\"ReadAction\",\"target\":[\"https:\/\/www.erresse-shop.it\/es\/shop\/sartenes-y-ollas\/moldes-para-pasteles-y-creperas\/le-creuset-molde-redondo-de-gres-para-tartas-tradition-28-cm-garnet\/\"]}]},{\"@type\":\"BreadcrumbList\",\"@id\":\"https:\/\/www.erresse-shop.it\/es\/shop\/sartenes-y-ollas\/moldes-para-pasteles-y-creperas\/le-creuset-molde-redondo-de-gres-para-tartas-tradition-28-cm-garnet\/#breadcrumb\",\"itemListElement\":[{\"@type\":\"ListItem\",\"position\":1,\"name\":\"Home\",\"item\":\"https:\/\/www.erresse-shop.it\/es\/\"},{\"@type\":\"ListItem\",\"position\":2,\"name\":\"Shop\",\"item\":\"https:\/\/www.erresse-shop.it\/es\/shop\/\"},{\"@type\":\"ListItem\",\"position\":3,\"name\":\"LE CREUSET Molde redondo de gres para tartas Tradition 28 cm Garnet\"}]},{\"@type\":\"WebSite\",\"@id\":\"https:\/\/www.erresse-shop.it\/es\/#website\",\"url\":\"https:\/\/www.erresse-shop.it\/es\/\",\"name\":\"Erresse Shop\",\"description\":\"Articoli di qualit\u00e0 per la casa\",\"potentialAction\":[{\"@type\":\"SearchAction\",\"target\":{\"@type\":\"EntryPoint\",\"urlTemplate\":\"https:\/\/www.erresse-shop.it\/es\/?s={search_term_string}\"},\"query-input\":\"required name=search_term_string\"}],\"inLanguage\":\"es\"}]}<\/script>\n<!-- \/ Yoast SEO Premium plugin. -->","yoast_head_json":{"title":"LE CREUSET Molde redondo de gres para tartas Tradition 28 cm Garnet - Erresse Shop","description":"Crea deliciosas tartas, quiches y pasteles con nuestro molde redondo. Pr\u00e1ctico y elegante, sus paredes curvas a\u00f1aden un toque de personalidad a tus","robots":{"index":"index","follow":"follow","max-snippet":"max-snippet:-1","max-image-preview":"max-image-preview:large","max-video-preview":"max-video-preview:-1"},"canonical":"https:\/\/www.erresse-shop.it\/es\/shop\/sartenes-y-ollas\/moldes-para-pasteles-y-creperas\/le-creuset-molde-redondo-de-gres-para-tartas-tradition-28-cm-garnet\/","og_locale":"es_ES","og_type":"article","og_title":"LE CREUSET Molde redondo de gres para tartas Tradition 28 cm Garnet","og_description":"Crea deliciosas tartas, quiches y pasteles con nuestro molde redondo. Pr\u00e1ctico y elegante, sus paredes curvas a\u00f1aden un toque de personalidad a tus","og_url":"https:\/\/www.erresse-shop.it\/es\/shop\/sartenes-y-ollas\/moldes-para-pasteles-y-creperas\/le-creuset-molde-redondo-de-gres-para-tartas-tradition-28-cm-garnet\/","og_site_name":"Erresse Shop","article_modified_time":"2026-02-23T08:22:23+00:00","og_image":[{"width":1200,"height":1200,"url":"https:\/\/www.erresse-shop.it\/wp-content\/uploads\/2025\/03\/LE-CREUSET-Tortiera-Rotonda-Tradition-in-Ghisa-28-cm-Garnet.jpg","type":"image\/jpeg"}],"twitter_card":"summary_large_image","schema":{"@context":"https:\/\/schema.org","@graph":[{"@type":"WebPage","@id":"https:\/\/www.erresse-shop.it\/es\/shop\/sartenes-y-ollas\/moldes-para-pasteles-y-creperas\/le-creuset-molde-redondo-de-gres-para-tartas-tradition-28-cm-garnet\/","url":"https:\/\/www.erresse-shop.it\/es\/shop\/sartenes-y-ollas\/moldes-para-pasteles-y-creperas\/le-creuset-molde-redondo-de-gres-para-tartas-tradition-28-cm-garnet\/","name":"LE CREUSET Molde redondo de gres para tartas Tradition 28 cm Garnet - Erresse Shop","isPartOf":{"@id":"https:\/\/www.erresse-shop.it\/es\/#website"},"datePublished":"2025-03-18T15:09:15+00:00","dateModified":"2026-02-23T08:22:23+00:00","description":"Crea deliciosas tartas, quiches y pasteles con nuestro molde redondo. Pr\u00e1ctico y elegante, sus paredes curvas a\u00f1aden un toque de personalidad a tus","breadcrumb":{"@id":"https:\/\/www.erresse-shop.it\/es\/shop\/sartenes-y-ollas\/moldes-para-pasteles-y-creperas\/le-creuset-molde-redondo-de-gres-para-tartas-tradition-28-cm-garnet\/#breadcrumb"},"inLanguage":"es","potentialAction":[{"@type":"ReadAction","target":["https:\/\/www.erresse-shop.it\/es\/shop\/sartenes-y-ollas\/moldes-para-pasteles-y-creperas\/le-creuset-molde-redondo-de-gres-para-tartas-tradition-28-cm-garnet\/"]}]},{"@type":"BreadcrumbList","@id":"https:\/\/www.erresse-shop.it\/es\/shop\/sartenes-y-ollas\/moldes-para-pasteles-y-creperas\/le-creuset-molde-redondo-de-gres-para-tartas-tradition-28-cm-garnet\/#breadcrumb","itemListElement":[{"@type":"ListItem","position":1,"name":"Home","item":"https:\/\/www.erresse-shop.it\/es\/"},{"@type":"ListItem","position":2,"name":"Shop","item":"https:\/\/www.erresse-shop.it\/es\/shop\/"},{"@type":"ListItem","position":3,"name":"LE CREUSET Molde redondo de gres para tartas Tradition 28 cm Garnet"}]},{"@type":"WebSite","@id":"https:\/\/www.erresse-shop.it\/es\/#website","url":"https:\/\/www.erresse-shop.it\/es\/","name":"Erresse Shop","description":"Articoli di qualit\u00e0 per la casa","potentialAction":[{"@type":"SearchAction","target":{"@type":"EntryPoint","urlTemplate":"https:\/\/www.erresse-shop.it\/es\/?s={search_term_string}"},"query-input":"required name=search_term_string"}],"inLanguage":"es"}]}},"df_price":39.95,"df_sale_price":39.95,"df_regular_price":59,"df_image_link":"https:\/\/www.erresse-shop.it\/wp-content\/uploads\/2025\/03\/LE-CREUSET-Tortiera-Rotonda-Tradition-in-Ghisa-28-cm-Garnet-300x300.jpg","_links":{"self":[{"href":"https:\/\/www.erresse-shop.it\/es\/wp-json\/wp\/v2\/product\/480292"}],"collection":[{"href":"https:\/\/www.erresse-shop.it\/es\/wp-json\/wp\/v2\/product"}],"about":[{"href":"https:\/\/www.erresse-shop.it\/es\/wp-json\/wp\/v2\/types\/product"}],"wp:featuredmedia":[{"embeddable":true,"href":"https:\/\/www.erresse-shop.it\/es\/wp-json\/wp\/v2\/media\/480317"}],"wp:attachment":[{"href":"https:\/\/www.erresse-shop.it\/es\/wp-json\/wp\/v2\/media?parent=480292"}],"wp:term":[{"taxonomy":"product_cat","embeddable":true,"href":"https:\/\/www.erresse-shop.it\/es\/wp-json\/wp\/v2\/product_cat?post=480292"},{"taxonomy":"product_tag","embeddable":true,"href":"https:\/\/www.erresse-shop.it\/es\/wp-json\/wp\/v2\/product_tag?post=480292"}],"curies":[{"name":"wp","href":"https:\/\/api.w.org\/{rel}","templated":true}]}}