{"id":479526,"date":"2025-03-18T09:52:25","date_gmt":"2025-03-18T09:52:27","guid":{"rendered":"https:\/\/www.erresse-shop.it\/?post_type=product&#038;p=479526"},"modified":"2025-03-18T10:09:08","modified_gmt":"2025-03-18T10:09:08","slug":"le-creuset-marmita-26-cm-sea-salt-copia","status":"publish","type":"product","link":"https:\/\/www.erresse-shop.it\/es\/shop\/sartenes-y-ollas\/marmitas-y-cocottes\/le-creuset-marmita-26-cm-sea-salt-copia\/","title":{"rendered":"LE CREUSET olla de cocina con tapa alta Evolution 26 cm Cereza"},"content":{"rendered":"<p>Cocina un guiso a fuego lento en la estufa o en el horno, permitiendo que los deliciosos sabores se intensifiquen y se integren. Con sus lados inclinados, tapa abovedada y distribuci\u00f3n uniforme del calor, esta cacerola Evolution de hierro fundido esmaltado har\u00e1 que cocinar tus platos \u00fanicos sea a\u00fan m\u00e1s placentero. <\/p>\n<ul>\n<li class=\"mb-3\">Nuestra perilla resistente al calor (hasta 260 \u00b0C) est\u00e1 dise\u00f1ada para proporcionar un agarre perfecto, incluso al usar una agarradera para levantar la tapa.<\/li>\n<li class=\"mb-3\">Limpieza r\u00e1pida: una fina capa interior esmaltada facilita la limpieza.<\/li>\n<li class=\"mb-3\">Asas de ensue\u00f1o: gracias a nuestras asas anchas, podr\u00e1 pasar f\u00e1cilmente de la placa a la mesa, incluso con guantes de cocina.<\/li>\n<li class=\"mb-3\">Versatilidad: Este producto es apto para horno, parrilla y estufa.<\/li>\n<li class=\"mb-3\">Comida deliciosa: el hierro fundido esmaltado retiene el calor para una cocci\u00f3n y un dorado uniformes. Tus deliciosas creaciones se mantendr\u00e1n calientes durante m\u00e1s tiempo en la mesa.<\/li>\n<li class=\"mb-3\">Conserva la jugosidad: Nuestra tapa retiene el vapor generado al cocinar los alimentos y realza los sabores, para obtener resultados extraordinarios.<\/li>\n<li class=\"mb-3\">F\u00e1cil agarre: Las elegantes y c\u00f3modas asas te permiten levantar el producto con seguridad.<\/li>\n<li class=\"mb-3\">El mejor en su clase: Nuestros productos se fabrican con los mejores materiales en f\u00e1bricas de todo el mundo para garantizar la calidad que esperas de Le Creuset.<\/li>\n<\/ul>\n<p>Material: Hierro fundido vitrificado<br \/>\nHecho en: Francia<br \/>\nGarant\u00eda: De por vida<\/p>\n<p><strong>Fuente de calor:<\/strong><\/p>\n<ul>\n<li>Horno<\/li>\n<li>Modo grill<\/li>\n<li>Placa el\u00e9ctrica<\/li>\n<li>Vitrocer\u00e1mica<\/li>\n<li>Placa de gas<\/li>\n<li>Inducci\u00f3n Placa de cocina<\/li>\n<\/ul>\n<p><strong>Limpieza y cuidado:<\/strong><\/p>\n<ul>\n<li>Espere a que el producto se enfr\u00ede antes de empezar a limpiarlo.<\/li>\n<li>Limpie cualquier residuo de comida de la base y los laterales del producto. Si hay restos de comida pegados, ll\u00e9nelo con agua caliente jabonosa y d\u00e9jelo en remojo de 15 a 20 minutos antes de lavarlo como de costumbre.<\/li>\n<li>No utilice limpiadores abrasivos ni esponjas o cepillos met\u00e1licos, abrasivos o muy duros en ninguna de las superficies.<\/li>\n<li>Seque bien despu\u00e9s del lavado y gu\u00e1rdelo en un lugar seco.<\/li>\n<\/ul>\n","protected":false},"excerpt":{"rendered":"<p>Cocina un guiso a fuego lento en la estufa o en el horno, permitiendo que los deliciosos sabores se intensifiquen<\/p>\n","protected":false},"featured_media":479558,"template":"","meta":{"_acf_changed":false,"inline_featured_image":false},"product_cat":[16065,16058],"product_tag":[25090,21537,16781,17104,24405,16248,16654,16249,25023],"acf":[],"yoast_head":"<!-- This site is optimized with the Yoast SEO Premium plugin v18.6 (Yoast SEO v19.13) - https:\/\/yoast.com\/wordpress\/plugins\/seo\/ -->\n<title>LE CREUSET olla de cocina con tapa alta Evolution 26 cm Cereza - Erresse Shop<\/title>\n<meta name=\"description\" content=\"Cocina un guiso a fuego lento en la estufa o en el horno, permitiendo que los deliciosos sabores se intensifiquen y se integren. Con sus lados inclinados,\" \/>\n<meta name=\"robots\" content=\"index, follow, max-snippet:-1, max-image-preview:large, max-video-preview:-1\" \/>\n<link rel=\"canonical\" href=\"https:\/\/www.erresse-shop.it\/es\/shop\/sartenes-y-ollas\/marmitas-y-cocottes\/le-creuset-marmita-26-cm-sea-salt-copia\/\" \/>\n<meta property=\"og:locale\" content=\"es_ES\" \/>\n<meta property=\"og:type\" content=\"article\" \/>\n<meta property=\"og:title\" content=\"LE CREUSET olla de cocina con tapa alta Evolution 26 cm Cereza\" \/>\n<meta property=\"og:description\" content=\"Cocina un guiso a fuego lento en la estufa o en el horno, permitiendo que los deliciosos sabores se intensifiquen y se integren. Con sus lados inclinados,\" \/>\n<meta property=\"og:url\" content=\"https:\/\/www.erresse-shop.it\/es\/shop\/sartenes-y-ollas\/marmitas-y-cocottes\/le-creuset-marmita-26-cm-sea-salt-copia\/\" \/>\n<meta property=\"og:site_name\" content=\"Erresse Shop\" \/>\n<meta property=\"article:modified_time\" content=\"2025-03-18T10:09:08+00:00\" \/>\n<meta property=\"og:image\" content=\"https:\/\/www.erresse-shop.it\/wp-content\/uploads\/2025\/03\/LE-CREUSET-Marmitta-con-Coperchio-Alto-Evolution-in-Ghisa-26-cm-Ciliegia.jpg\" \/>\n\t<meta property=\"og:image:width\" content=\"1200\" \/>\n\t<meta property=\"og:image:height\" content=\"1200\" \/>\n\t<meta property=\"og:image:type\" content=\"image\/jpeg\" \/>\n<meta name=\"twitter:card\" content=\"summary_large_image\" \/>\n<script type=\"application\/ld+json\" class=\"yoast-schema-graph\">{\"@context\":\"https:\/\/schema.org\",\"@graph\":[{\"@type\":\"WebPage\",\"@id\":\"https:\/\/www.erresse-shop.it\/es\/shop\/sartenes-y-ollas\/marmitas-y-cocottes\/le-creuset-marmita-26-cm-sea-salt-copia\/\",\"url\":\"https:\/\/www.erresse-shop.it\/es\/shop\/sartenes-y-ollas\/marmitas-y-cocottes\/le-creuset-marmita-26-cm-sea-salt-copia\/\",\"name\":\"LE CREUSET olla de cocina con tapa alta Evolution 26 cm Cereza - Erresse Shop\",\"isPartOf\":{\"@id\":\"https:\/\/www.erresse-shop.it\/es\/#website\"},\"datePublished\":\"2025-03-18T09:52:27+00:00\",\"dateModified\":\"2025-03-18T10:09:08+00:00\",\"description\":\"Cocina un guiso a fuego lento en la estufa o en el horno, permitiendo que los deliciosos sabores se intensifiquen y se integren. Con sus lados inclinados,\",\"breadcrumb\":{\"@id\":\"https:\/\/www.erresse-shop.it\/es\/shop\/sartenes-y-ollas\/marmitas-y-cocottes\/le-creuset-marmita-26-cm-sea-salt-copia\/#breadcrumb\"},\"inLanguage\":\"es\",\"potentialAction\":[{\"@type\":\"ReadAction\",\"target\":[\"https:\/\/www.erresse-shop.it\/es\/shop\/sartenes-y-ollas\/marmitas-y-cocottes\/le-creuset-marmita-26-cm-sea-salt-copia\/\"]}]},{\"@type\":\"BreadcrumbList\",\"@id\":\"https:\/\/www.erresse-shop.it\/es\/shop\/sartenes-y-ollas\/marmitas-y-cocottes\/le-creuset-marmita-26-cm-sea-salt-copia\/#breadcrumb\",\"itemListElement\":[{\"@type\":\"ListItem\",\"position\":1,\"name\":\"Home\",\"item\":\"https:\/\/www.erresse-shop.it\/es\/\"},{\"@type\":\"ListItem\",\"position\":2,\"name\":\"Shop\",\"item\":\"https:\/\/www.erresse-shop.it\/es\/shop\/\"},{\"@type\":\"ListItem\",\"position\":3,\"name\":\"LE CREUSET olla de cocina con tapa alta Evolution 26 cm Cereza\"}]},{\"@type\":\"WebSite\",\"@id\":\"https:\/\/www.erresse-shop.it\/es\/#website\",\"url\":\"https:\/\/www.erresse-shop.it\/es\/\",\"name\":\"Erresse Shop\",\"description\":\"Articoli di qualit\u00e0 per la casa\",\"potentialAction\":[{\"@type\":\"SearchAction\",\"target\":{\"@type\":\"EntryPoint\",\"urlTemplate\":\"https:\/\/www.erresse-shop.it\/es\/?s={search_term_string}\"},\"query-input\":\"required name=search_term_string\"}],\"inLanguage\":\"es\"}]}<\/script>\n<!-- \/ Yoast SEO Premium plugin. -->","yoast_head_json":{"title":"LE CREUSET olla de cocina con tapa alta Evolution 26 cm Cereza - Erresse Shop","description":"Cocina un guiso a fuego lento en la estufa o en el horno, permitiendo que los deliciosos sabores se intensifiquen y se integren. Con sus lados inclinados,","robots":{"index":"index","follow":"follow","max-snippet":"max-snippet:-1","max-image-preview":"max-image-preview:large","max-video-preview":"max-video-preview:-1"},"canonical":"https:\/\/www.erresse-shop.it\/es\/shop\/sartenes-y-ollas\/marmitas-y-cocottes\/le-creuset-marmita-26-cm-sea-salt-copia\/","og_locale":"es_ES","og_type":"article","og_title":"LE CREUSET olla de cocina con tapa alta Evolution 26 cm Cereza","og_description":"Cocina un guiso a fuego lento en la estufa o en el horno, permitiendo que los deliciosos sabores se intensifiquen y se integren. Con sus lados inclinados,","og_url":"https:\/\/www.erresse-shop.it\/es\/shop\/sartenes-y-ollas\/marmitas-y-cocottes\/le-creuset-marmita-26-cm-sea-salt-copia\/","og_site_name":"Erresse Shop","article_modified_time":"2025-03-18T10:09:08+00:00","og_image":[{"width":1200,"height":1200,"url":"https:\/\/www.erresse-shop.it\/wp-content\/uploads\/2025\/03\/LE-CREUSET-Marmitta-con-Coperchio-Alto-Evolution-in-Ghisa-26-cm-Ciliegia.jpg","type":"image\/jpeg"}],"twitter_card":"summary_large_image","schema":{"@context":"https:\/\/schema.org","@graph":[{"@type":"WebPage","@id":"https:\/\/www.erresse-shop.it\/es\/shop\/sartenes-y-ollas\/marmitas-y-cocottes\/le-creuset-marmita-26-cm-sea-salt-copia\/","url":"https:\/\/www.erresse-shop.it\/es\/shop\/sartenes-y-ollas\/marmitas-y-cocottes\/le-creuset-marmita-26-cm-sea-salt-copia\/","name":"LE CREUSET olla de cocina con tapa alta Evolution 26 cm Cereza - Erresse Shop","isPartOf":{"@id":"https:\/\/www.erresse-shop.it\/es\/#website"},"datePublished":"2025-03-18T09:52:27+00:00","dateModified":"2025-03-18T10:09:08+00:00","description":"Cocina un guiso a fuego lento en la estufa o en el horno, permitiendo que los deliciosos sabores se intensifiquen y se integren. Con sus lados inclinados,","breadcrumb":{"@id":"https:\/\/www.erresse-shop.it\/es\/shop\/sartenes-y-ollas\/marmitas-y-cocottes\/le-creuset-marmita-26-cm-sea-salt-copia\/#breadcrumb"},"inLanguage":"es","potentialAction":[{"@type":"ReadAction","target":["https:\/\/www.erresse-shop.it\/es\/shop\/sartenes-y-ollas\/marmitas-y-cocottes\/le-creuset-marmita-26-cm-sea-salt-copia\/"]}]},{"@type":"BreadcrumbList","@id":"https:\/\/www.erresse-shop.it\/es\/shop\/sartenes-y-ollas\/marmitas-y-cocottes\/le-creuset-marmita-26-cm-sea-salt-copia\/#breadcrumb","itemListElement":[{"@type":"ListItem","position":1,"name":"Home","item":"https:\/\/www.erresse-shop.it\/es\/"},{"@type":"ListItem","position":2,"name":"Shop","item":"https:\/\/www.erresse-shop.it\/es\/shop\/"},{"@type":"ListItem","position":3,"name":"LE CREUSET olla de cocina con tapa alta Evolution 26 cm Cereza"}]},{"@type":"WebSite","@id":"https:\/\/www.erresse-shop.it\/es\/#website","url":"https:\/\/www.erresse-shop.it\/es\/","name":"Erresse Shop","description":"Articoli di qualit\u00e0 per la casa","potentialAction":[{"@type":"SearchAction","target":{"@type":"EntryPoint","urlTemplate":"https:\/\/www.erresse-shop.it\/es\/?s={search_term_string}"},"query-input":"required name=search_term_string"}],"inLanguage":"es"}]}},"df_price":219.95,"df_sale_price":219.95,"df_regular_price":329,"df_image_link":"https:\/\/www.erresse-shop.it\/wp-content\/uploads\/2025\/03\/LE-CREUSET-Marmitta-con-Coperchio-Alto-Evolution-in-Ghisa-26-cm-Ciliegia-300x300.jpg","_links":{"self":[{"href":"https:\/\/www.erresse-shop.it\/es\/wp-json\/wp\/v2\/product\/479526"}],"collection":[{"href":"https:\/\/www.erresse-shop.it\/es\/wp-json\/wp\/v2\/product"}],"about":[{"href":"https:\/\/www.erresse-shop.it\/es\/wp-json\/wp\/v2\/types\/product"}],"wp:featuredmedia":[{"embeddable":true,"href":"https:\/\/www.erresse-shop.it\/es\/wp-json\/wp\/v2\/media\/479558"}],"wp:attachment":[{"href":"https:\/\/www.erresse-shop.it\/es\/wp-json\/wp\/v2\/media?parent=479526"}],"wp:term":[{"taxonomy":"product_cat","embeddable":true,"href":"https:\/\/www.erresse-shop.it\/es\/wp-json\/wp\/v2\/product_cat?post=479526"},{"taxonomy":"product_tag","embeddable":true,"href":"https:\/\/www.erresse-shop.it\/es\/wp-json\/wp\/v2\/product_tag?post=479526"}],"curies":[{"name":"wp","href":"https:\/\/api.w.org\/{rel}","templated":true}]}}