{"id":479294,"date":"2025-03-18T07:03:22","date_gmt":"2025-03-18T07:03:26","guid":{"rendered":"https:\/\/www.erresse-shop.it\/?post_type=product&#038;p=479294"},"modified":"2025-03-18T07:21:03","modified_gmt":"2025-03-18T07:21:03","slug":"le-creuset-parrilla-grill-bistro-de-hierro-fundido-32-cm-cereza-copia","status":"publish","type":"product","link":"https:\/\/www.erresse-shop.it\/es\/shop\/sartenes-y-ollas\/parrillas\/le-creuset-parrilla-grill-bistro-de-hierro-fundido-32-cm-cereza-copia\/","title":{"rendered":"LE CREUSET Parrilla redonda extragrande de hierro fundido 32 cm Cereza"},"content":{"rendered":"<p>Esta parrilla resistente le permite conservar el delicioso sabor de carnes a la parrilla y pescado asado, todo en la comodidad de su cocina. Aproveche al m\u00e1ximo la amplia superficie de cocci\u00f3n y ase filetes, chuletas, salchichas, camarones, pollo, pescado y verduras en grandes cantidades.<\/p>\n<ul>\n<li class=\"mb-3\">Versatilidad: Este producto es apto para horno, estufa y horno en modo grill.<\/li>\n<li class=\"mb-3\">Comida deliciosa: El hierro fundido esmaltado retiene el calor para una cocci\u00f3n y un dorado uniformes. Tus deliciosas creaciones tambi\u00e9n se mantendr\u00e1n calientes por m\u00e1s tiempo en la mesa.<\/li>\n<li class=\"mb-3\">Ranuras para parrilla: Crea aut\u00e9nticas rayas de barbacoa para una comida con un aspecto incre\u00edble.<\/li>\n<li class=\"mb-3\">No demasiado caliente: Cocina a fuego lento o medio constante para cuidar tu producto de hierro fundido esmaltado y lograr resultados deliciosos.<\/li>\n<li class=\"mb-3\">Mejora con el tiempo: El interior esmaltado desarrolla una p\u00e1tina natural que act\u00faa casi como una superficie antiadherente. Su acabado tiene propiedades que evitan que los alimentos se peguen incluso con peque\u00f1as cantidades de aceite. Lave el producto \u00fanicamente con agua para que se desarrolle la p\u00e1tina.<\/li>\n<li class=\"mb-3\">Excelente en su clase: Nuestros productos se fabrican con los mejores materiales en f\u00e1bricas de todo el mundo para garantizar la calidad que espera de Le Creuset.<\/li>\n<\/ul>\n<p>Material: Hierro fundido vitrificado<br \/>\nHecho en: Francia<br \/>\nGarant\u00eda: De por vida<\/p>\n<p><strong>Fuente de calor:<\/strong><\/p>\n<ul>\n<li>Horno<\/li>\n<li>Horno grill<\/li>\n<li>Placa el\u00e9ctrica<\/li>\n<li>Vitrocer\u00e1mica<\/li>\n<li>Placa de gas<\/li>\n<li>Placa de inducci\u00f3n<\/li>\n<\/ul>\n<p><strong>Limpieza y cuidado:<\/strong><\/p>\n<ul>\n<li>Espere a que el producto se enfr\u00ede antes de comenzar a limpiarlo.<\/li>\n<li>Limpie cualquier residuo de la base y los laterales del producto. Si se atasca alg\u00fan alimento, llene el producto con agua tibia y jab\u00f3n y d\u00e9jelo en remojo de 15 a 20 minutos antes de lavarlo como de costumbre.\n<p>No utilice limpiadores abrasivos ni esponjas o cepillos met\u00e1licos, abrasivos o muy duros en ninguna de las superficies.<\/p>\n<p>Seque bien despu\u00e9s del lavado y gu\u00e1rdelo en un lugar seco.<\/p>\n","protected":false},"excerpt":{"rendered":"<p>Esta parrilla resistente le permite conservar el delicioso sabor de carnes a la parrilla y pescado asado, todo en la<\/p>\n","protected":false},"featured_media":479318,"template":"","meta":{"_acf_changed":false,"inline_featured_image":false},"product_cat":[16060,16058],"product_tag":[25090,16343,16139,16248,16158,16170,21093,16171,16654,16138,25023],"acf":[],"yoast_head":"<!-- This site is optimized with the Yoast SEO Premium plugin v18.6 (Yoast SEO v19.13) - https:\/\/yoast.com\/wordpress\/plugins\/seo\/ -->\n<title>LE CREUSET Parrilla redonda extragrande de hierro fundido 32 cm Cereza - Erresse Shop<\/title>\n<meta name=\"description\" content=\"Esta parrilla resistente le permite conservar el delicioso sabor de carnes a la parrilla y pescado asado, todo en la comodidad de su cocina. Aproveche al\" \/>\n<meta name=\"robots\" content=\"index, follow, max-snippet:-1, max-image-preview:large, max-video-preview:-1\" \/>\n<link rel=\"canonical\" href=\"https:\/\/www.erresse-shop.it\/es\/shop\/sartenes-y-ollas\/parrillas\/le-creuset-parrilla-grill-bistro-de-hierro-fundido-32-cm-cereza-copia\/\" \/>\n<meta property=\"og:locale\" content=\"es_ES\" \/>\n<meta property=\"og:type\" content=\"article\" \/>\n<meta property=\"og:title\" content=\"LE CREUSET Parrilla redonda extragrande de hierro fundido 32 cm Cereza\" \/>\n<meta property=\"og:description\" content=\"Esta parrilla resistente le permite conservar el delicioso sabor de carnes a la parrilla y pescado asado, todo en la comodidad de su cocina. Aproveche al\" \/>\n<meta property=\"og:url\" content=\"https:\/\/www.erresse-shop.it\/es\/shop\/sartenes-y-ollas\/parrillas\/le-creuset-parrilla-grill-bistro-de-hierro-fundido-32-cm-cereza-copia\/\" \/>\n<meta property=\"og:site_name\" content=\"Erresse Shop\" \/>\n<meta property=\"article:modified_time\" content=\"2025-03-18T07:21:03+00:00\" \/>\n<meta property=\"og:image\" content=\"https:\/\/www.erresse-shop.it\/wp-content\/uploads\/2025\/03\/LE-CREUSET-Grill-Rotondo-Extralarge-in-Ghisa-32-cm-Ciliegia.jpg\" \/>\n\t<meta property=\"og:image:width\" content=\"1200\" \/>\n\t<meta property=\"og:image:height\" content=\"1200\" \/>\n\t<meta property=\"og:image:type\" content=\"image\/jpeg\" \/>\n<meta name=\"twitter:card\" content=\"summary_large_image\" \/>\n<script type=\"application\/ld+json\" class=\"yoast-schema-graph\">{\"@context\":\"https:\/\/schema.org\",\"@graph\":[{\"@type\":\"WebPage\",\"@id\":\"https:\/\/www.erresse-shop.it\/es\/shop\/sartenes-y-ollas\/parrillas\/le-creuset-parrilla-grill-bistro-de-hierro-fundido-32-cm-cereza-copia\/\",\"url\":\"https:\/\/www.erresse-shop.it\/es\/shop\/sartenes-y-ollas\/parrillas\/le-creuset-parrilla-grill-bistro-de-hierro-fundido-32-cm-cereza-copia\/\",\"name\":\"LE CREUSET Parrilla redonda extragrande de hierro fundido 32 cm Cereza - Erresse Shop\",\"isPartOf\":{\"@id\":\"https:\/\/www.erresse-shop.it\/es\/#website\"},\"datePublished\":\"2025-03-18T07:03:26+00:00\",\"dateModified\":\"2025-03-18T07:21:03+00:00\",\"description\":\"Esta parrilla resistente le permite conservar el delicioso sabor de carnes a la parrilla y pescado asado, todo en la comodidad de su cocina. Aproveche al\",\"breadcrumb\":{\"@id\":\"https:\/\/www.erresse-shop.it\/es\/shop\/sartenes-y-ollas\/parrillas\/le-creuset-parrilla-grill-bistro-de-hierro-fundido-32-cm-cereza-copia\/#breadcrumb\"},\"inLanguage\":\"es\",\"potentialAction\":[{\"@type\":\"ReadAction\",\"target\":[\"https:\/\/www.erresse-shop.it\/es\/shop\/sartenes-y-ollas\/parrillas\/le-creuset-parrilla-grill-bistro-de-hierro-fundido-32-cm-cereza-copia\/\"]}]},{\"@type\":\"BreadcrumbList\",\"@id\":\"https:\/\/www.erresse-shop.it\/es\/shop\/sartenes-y-ollas\/parrillas\/le-creuset-parrilla-grill-bistro-de-hierro-fundido-32-cm-cereza-copia\/#breadcrumb\",\"itemListElement\":[{\"@type\":\"ListItem\",\"position\":1,\"name\":\"Home\",\"item\":\"https:\/\/www.erresse-shop.it\/es\/\"},{\"@type\":\"ListItem\",\"position\":2,\"name\":\"Shop\",\"item\":\"https:\/\/www.erresse-shop.it\/es\/shop\/\"},{\"@type\":\"ListItem\",\"position\":3,\"name\":\"LE CREUSET Parrilla redonda extragrande de hierro fundido 32 cm Cereza\"}]},{\"@type\":\"WebSite\",\"@id\":\"https:\/\/www.erresse-shop.it\/es\/#website\",\"url\":\"https:\/\/www.erresse-shop.it\/es\/\",\"name\":\"Erresse Shop\",\"description\":\"Articoli di qualit\u00e0 per la casa\",\"potentialAction\":[{\"@type\":\"SearchAction\",\"target\":{\"@type\":\"EntryPoint\",\"urlTemplate\":\"https:\/\/www.erresse-shop.it\/es\/?s={search_term_string}\"},\"query-input\":\"required name=search_term_string\"}],\"inLanguage\":\"es\"}]}<\/script>\n<!-- \/ Yoast SEO Premium plugin. -->","yoast_head_json":{"title":"LE CREUSET Parrilla redonda extragrande de hierro fundido 32 cm Cereza - Erresse Shop","description":"Esta parrilla resistente le permite conservar el delicioso sabor de carnes a la parrilla y pescado asado, todo en la comodidad de su cocina. Aproveche al","robots":{"index":"index","follow":"follow","max-snippet":"max-snippet:-1","max-image-preview":"max-image-preview:large","max-video-preview":"max-video-preview:-1"},"canonical":"https:\/\/www.erresse-shop.it\/es\/shop\/sartenes-y-ollas\/parrillas\/le-creuset-parrilla-grill-bistro-de-hierro-fundido-32-cm-cereza-copia\/","og_locale":"es_ES","og_type":"article","og_title":"LE CREUSET Parrilla redonda extragrande de hierro fundido 32 cm Cereza","og_description":"Esta parrilla resistente le permite conservar el delicioso sabor de carnes a la parrilla y pescado asado, todo en la comodidad de su cocina. Aproveche al","og_url":"https:\/\/www.erresse-shop.it\/es\/shop\/sartenes-y-ollas\/parrillas\/le-creuset-parrilla-grill-bistro-de-hierro-fundido-32-cm-cereza-copia\/","og_site_name":"Erresse Shop","article_modified_time":"2025-03-18T07:21:03+00:00","og_image":[{"width":1200,"height":1200,"url":"https:\/\/www.erresse-shop.it\/wp-content\/uploads\/2025\/03\/LE-CREUSET-Grill-Rotondo-Extralarge-in-Ghisa-32-cm-Ciliegia.jpg","type":"image\/jpeg"}],"twitter_card":"summary_large_image","schema":{"@context":"https:\/\/schema.org","@graph":[{"@type":"WebPage","@id":"https:\/\/www.erresse-shop.it\/es\/shop\/sartenes-y-ollas\/parrillas\/le-creuset-parrilla-grill-bistro-de-hierro-fundido-32-cm-cereza-copia\/","url":"https:\/\/www.erresse-shop.it\/es\/shop\/sartenes-y-ollas\/parrillas\/le-creuset-parrilla-grill-bistro-de-hierro-fundido-32-cm-cereza-copia\/","name":"LE CREUSET Parrilla redonda extragrande de hierro fundido 32 cm Cereza - Erresse Shop","isPartOf":{"@id":"https:\/\/www.erresse-shop.it\/es\/#website"},"datePublished":"2025-03-18T07:03:26+00:00","dateModified":"2025-03-18T07:21:03+00:00","description":"Esta parrilla resistente le permite conservar el delicioso sabor de carnes a la parrilla y pescado asado, todo en la comodidad de su cocina. Aproveche al","breadcrumb":{"@id":"https:\/\/www.erresse-shop.it\/es\/shop\/sartenes-y-ollas\/parrillas\/le-creuset-parrilla-grill-bistro-de-hierro-fundido-32-cm-cereza-copia\/#breadcrumb"},"inLanguage":"es","potentialAction":[{"@type":"ReadAction","target":["https:\/\/www.erresse-shop.it\/es\/shop\/sartenes-y-ollas\/parrillas\/le-creuset-parrilla-grill-bistro-de-hierro-fundido-32-cm-cereza-copia\/"]}]},{"@type":"BreadcrumbList","@id":"https:\/\/www.erresse-shop.it\/es\/shop\/sartenes-y-ollas\/parrillas\/le-creuset-parrilla-grill-bistro-de-hierro-fundido-32-cm-cereza-copia\/#breadcrumb","itemListElement":[{"@type":"ListItem","position":1,"name":"Home","item":"https:\/\/www.erresse-shop.it\/es\/"},{"@type":"ListItem","position":2,"name":"Shop","item":"https:\/\/www.erresse-shop.it\/es\/shop\/"},{"@type":"ListItem","position":3,"name":"LE CREUSET Parrilla redonda extragrande de hierro fundido 32 cm Cereza"}]},{"@type":"WebSite","@id":"https:\/\/www.erresse-shop.it\/es\/#website","url":"https:\/\/www.erresse-shop.it\/es\/","name":"Erresse Shop","description":"Articoli di qualit\u00e0 per la casa","potentialAction":[{"@type":"SearchAction","target":{"@type":"EntryPoint","urlTemplate":"https:\/\/www.erresse-shop.it\/es\/?s={search_term_string}"},"query-input":"required name=search_term_string"}],"inLanguage":"es"}]}},"df_price":85.05,"df_sale_price":85.05,"df_regular_price":189,"df_image_link":"https:\/\/www.erresse-shop.it\/wp-content\/uploads\/2025\/03\/LE-CREUSET-Grill-Rotondo-Extralarge-in-Ghisa-32-cm-Ciliegia-300x300.jpg","_links":{"self":[{"href":"https:\/\/www.erresse-shop.it\/es\/wp-json\/wp\/v2\/product\/479294"}],"collection":[{"href":"https:\/\/www.erresse-shop.it\/es\/wp-json\/wp\/v2\/product"}],"about":[{"href":"https:\/\/www.erresse-shop.it\/es\/wp-json\/wp\/v2\/types\/product"}],"wp:featuredmedia":[{"embeddable":true,"href":"https:\/\/www.erresse-shop.it\/es\/wp-json\/wp\/v2\/media\/479318"}],"wp:attachment":[{"href":"https:\/\/www.erresse-shop.it\/es\/wp-json\/wp\/v2\/media?parent=479294"}],"wp:term":[{"taxonomy":"product_cat","embeddable":true,"href":"https:\/\/www.erresse-shop.it\/es\/wp-json\/wp\/v2\/product_cat?post=479294"},{"taxonomy":"product_tag","embeddable":true,"href":"https:\/\/www.erresse-shop.it\/es\/wp-json\/wp\/v2\/product_tag?post=479294"}],"curies":[{"name":"wp","href":"https:\/\/api.w.org\/{rel}","templated":true}]}}