{"id":479197,"date":"2025-03-17T14:45:13","date_gmt":"2025-03-17T14:45:15","guid":{"rendered":"https:\/\/www.erresse-shop.it\/?post_type=product&#038;p=479197"},"modified":"2026-02-23T08:36:58","modified_gmt":"2026-02-23T08:36:58","slug":"le-creuset-parrilla-cuadrada-bbq-outdoor-en-hierro-fundido-26-cm-negro","status":"publish","type":"product","link":"https:\/\/www.erresse-shop.it\/es\/shop\/sartenes-y-ollas\/parrillas\/le-creuset-parrilla-cuadrada-bbq-outdoor-en-hierro-fundido-26-cm-negro\/","title":{"rendered":"LE CREUSET Parrilla cuadrada BBQ Outdoor en hierro fundido 26 cm Negro"},"content":{"rendered":"<p>Ve m\u00e1s all\u00e1 de la cocina con la parrilla Quadrato, ideal para cocinar al aire libre. Con \u00e1reas de cocci\u00f3n separadas, puedes cocinar diferentes alimentos a la vez. Adem\u00e1s, su estructura acanalada drena el exceso de grasa para una cocci\u00f3n m\u00e1s saludable, lo que la hace ideal para preparar carnes y pescados.<\/p>\n<ul>\n<li class=\"mb-3\">Excelentes sabores: El hierro fundido esmaltado retiene el calor para una cocci\u00f3n y un dorado uniformes. Tus deliciosas creaciones se mantendr\u00e1n calientes durante m\u00e1s tiempo, incluso en la mesa.<\/li>\n<li class=\"mb-3\">Mejora con el tiempo: El interior esmaltado desarrolla una p\u00e1tina natural. Su acabado evita que los alimentos se peguen incluso con un poco de condimento. Lave el producto preferiblemente solo con agua.<\/li>\n<li class=\"mb-3\">Excelente en su clase: nuestros productos se fabrican con los mejores materiales en f\u00e1bricas de todo el mundo para garantizar la calidad que espera de Le Creuset.<\/li>\n<\/ul>\n<p>Material: hierro fundido esmaltado<br \/>\nHecho en: Francia<br \/>\nGarant\u00eda: de por vida<\/p>\n<p><strong>Fuente de calor:<\/strong><\/p>\n<div class=\"text-center Icons-align Col-md-4 Col-xl-2 Pb-3 Col-6 Col-sm-2 HeatSource-item\">\n<ul>\n<li>Horno<\/li>\n<li>Parrilla<\/li>\n<li>Horno de le\u00f1a<\/li>\n<li>Horno para pizza<\/li>\n<\/ul>\n<\/div>\n<p><strong>Limpieza y cuidado:<\/strong><\/p>\n<ul>\n<li>Espere a que el producto se enfr\u00ede por completo antes de comenzar a limpiarlo.<\/li>\n<li>Elimine cualquier residuo. Limpie la base y los bordes del producto. Para residuos de comida dif\u00edciles, llene el producto con agua tibia y jab\u00f3n y d\u00e9jelo en remojo de 15 a 20 minutos antes de lavarlo.<\/li>\n<li>No utilice detergentes agresivos, esponjas abrasivas o met\u00e1licas, ni cepillos muy duros o r\u00edgidos para limpiar las superficies.<\/li>\n<li>Despu\u00e9s del lavado, seque bien el producto y gu\u00e1rdelo en un lugar seco.<\/li>\n<\/ul>\n","protected":false},"excerpt":{"rendered":"<p>Ve m\u00e1s all\u00e1 de la cocina con la parrilla Quadrato, ideal para cocinar al aire libre. Con \u00e1reas de cocci\u00f3n<\/p>\n","protected":false},"featured_media":479229,"template":"","meta":{"_acf_changed":false,"inline_featured_image":false},"product_cat":[16060,16058],"product_tag":[25090,16139,16248,16158,16654,16138,16168,25023],"acf":[],"yoast_head":"<!-- This site is optimized with the Yoast SEO Premium plugin v18.6 (Yoast SEO v19.13) - https:\/\/yoast.com\/wordpress\/plugins\/seo\/ -->\n<title>LE CREUSET Parrilla cuadrada BBQ Outdoor en hierro fundido 26 cm Negro - Erresse Shop<\/title>\n<meta name=\"description\" content=\"Ve m\u00e1s all\u00e1 de la cocina con la parrilla Quadrato, ideal para cocinar al aire libre. Con \u00e1reas de cocci\u00f3n separadas, puedes cocinar diferentes alimentos a\" \/>\n<meta name=\"robots\" content=\"index, follow, max-snippet:-1, max-image-preview:large, max-video-preview:-1\" \/>\n<link rel=\"canonical\" href=\"https:\/\/www.erresse-shop.it\/es\/shop\/sartenes-y-ollas\/parrillas\/le-creuset-parrilla-cuadrada-bbq-outdoor-en-hierro-fundido-26-cm-negro\/\" \/>\n<meta property=\"og:locale\" content=\"es_ES\" \/>\n<meta property=\"og:type\" content=\"article\" \/>\n<meta property=\"og:title\" content=\"LE CREUSET Parrilla cuadrada BBQ Outdoor en hierro fundido 26 cm Negro\" \/>\n<meta property=\"og:description\" content=\"Ve m\u00e1s all\u00e1 de la cocina con la parrilla Quadrato, ideal para cocinar al aire libre. Con \u00e1reas de cocci\u00f3n separadas, puedes cocinar diferentes alimentos a\" \/>\n<meta property=\"og:url\" content=\"https:\/\/www.erresse-shop.it\/es\/shop\/sartenes-y-ollas\/parrillas\/le-creuset-parrilla-cuadrada-bbq-outdoor-en-hierro-fundido-26-cm-negro\/\" \/>\n<meta property=\"og:site_name\" content=\"Erresse Shop\" \/>\n<meta property=\"article:modified_time\" content=\"2026-02-23T08:36:58+00:00\" \/>\n<meta property=\"og:image\" content=\"https:\/\/www.erresse-shop.it\/wp-content\/uploads\/2025\/03\/LE-CREUSET-Grill-Quadrato-BBQ-Outdoor-in-Ghisa-26-cm-Nero.jpg\" \/>\n\t<meta property=\"og:image:width\" content=\"1200\" \/>\n\t<meta property=\"og:image:height\" content=\"1200\" \/>\n\t<meta property=\"og:image:type\" content=\"image\/jpeg\" \/>\n<meta name=\"twitter:card\" content=\"summary_large_image\" \/>\n<script type=\"application\/ld+json\" class=\"yoast-schema-graph\">{\"@context\":\"https:\/\/schema.org\",\"@graph\":[{\"@type\":\"WebPage\",\"@id\":\"https:\/\/www.erresse-shop.it\/es\/shop\/sartenes-y-ollas\/parrillas\/le-creuset-parrilla-cuadrada-bbq-outdoor-en-hierro-fundido-26-cm-negro\/\",\"url\":\"https:\/\/www.erresse-shop.it\/es\/shop\/sartenes-y-ollas\/parrillas\/le-creuset-parrilla-cuadrada-bbq-outdoor-en-hierro-fundido-26-cm-negro\/\",\"name\":\"LE CREUSET Parrilla cuadrada BBQ Outdoor en hierro fundido 26 cm Negro - Erresse Shop\",\"isPartOf\":{\"@id\":\"https:\/\/www.erresse-shop.it\/es\/#website\"},\"datePublished\":\"2025-03-17T14:45:15+00:00\",\"dateModified\":\"2026-02-23T08:36:58+00:00\",\"description\":\"Ve m\u00e1s all\u00e1 de la cocina con la parrilla Quadrato, ideal para cocinar al aire libre. Con \u00e1reas de cocci\u00f3n separadas, puedes cocinar diferentes alimentos a\",\"breadcrumb\":{\"@id\":\"https:\/\/www.erresse-shop.it\/es\/shop\/sartenes-y-ollas\/parrillas\/le-creuset-parrilla-cuadrada-bbq-outdoor-en-hierro-fundido-26-cm-negro\/#breadcrumb\"},\"inLanguage\":\"es\",\"potentialAction\":[{\"@type\":\"ReadAction\",\"target\":[\"https:\/\/www.erresse-shop.it\/es\/shop\/sartenes-y-ollas\/parrillas\/le-creuset-parrilla-cuadrada-bbq-outdoor-en-hierro-fundido-26-cm-negro\/\"]}]},{\"@type\":\"BreadcrumbList\",\"@id\":\"https:\/\/www.erresse-shop.it\/es\/shop\/sartenes-y-ollas\/parrillas\/le-creuset-parrilla-cuadrada-bbq-outdoor-en-hierro-fundido-26-cm-negro\/#breadcrumb\",\"itemListElement\":[{\"@type\":\"ListItem\",\"position\":1,\"name\":\"Home\",\"item\":\"https:\/\/www.erresse-shop.it\/es\/\"},{\"@type\":\"ListItem\",\"position\":2,\"name\":\"Shop\",\"item\":\"https:\/\/www.erresse-shop.it\/es\/shop\/\"},{\"@type\":\"ListItem\",\"position\":3,\"name\":\"LE CREUSET Parrilla cuadrada BBQ Outdoor en hierro fundido 26 cm Negro\"}]},{\"@type\":\"WebSite\",\"@id\":\"https:\/\/www.erresse-shop.it\/es\/#website\",\"url\":\"https:\/\/www.erresse-shop.it\/es\/\",\"name\":\"Erresse Shop\",\"description\":\"Articoli di qualit\u00e0 per la casa\",\"potentialAction\":[{\"@type\":\"SearchAction\",\"target\":{\"@type\":\"EntryPoint\",\"urlTemplate\":\"https:\/\/www.erresse-shop.it\/es\/?s={search_term_string}\"},\"query-input\":\"required name=search_term_string\"}],\"inLanguage\":\"es\"}]}<\/script>\n<!-- \/ Yoast SEO Premium plugin. -->","yoast_head_json":{"title":"LE CREUSET Parrilla cuadrada BBQ Outdoor en hierro fundido 26 cm Negro - Erresse Shop","description":"Ve m\u00e1s all\u00e1 de la cocina con la parrilla Quadrato, ideal para cocinar al aire libre. Con \u00e1reas de cocci\u00f3n separadas, puedes cocinar diferentes alimentos a","robots":{"index":"index","follow":"follow","max-snippet":"max-snippet:-1","max-image-preview":"max-image-preview:large","max-video-preview":"max-video-preview:-1"},"canonical":"https:\/\/www.erresse-shop.it\/es\/shop\/sartenes-y-ollas\/parrillas\/le-creuset-parrilla-cuadrada-bbq-outdoor-en-hierro-fundido-26-cm-negro\/","og_locale":"es_ES","og_type":"article","og_title":"LE CREUSET Parrilla cuadrada BBQ Outdoor en hierro fundido 26 cm Negro","og_description":"Ve m\u00e1s all\u00e1 de la cocina con la parrilla Quadrato, ideal para cocinar al aire libre. Con \u00e1reas de cocci\u00f3n separadas, puedes cocinar diferentes alimentos a","og_url":"https:\/\/www.erresse-shop.it\/es\/shop\/sartenes-y-ollas\/parrillas\/le-creuset-parrilla-cuadrada-bbq-outdoor-en-hierro-fundido-26-cm-negro\/","og_site_name":"Erresse Shop","article_modified_time":"2026-02-23T08:36:58+00:00","og_image":[{"width":1200,"height":1200,"url":"https:\/\/www.erresse-shop.it\/wp-content\/uploads\/2025\/03\/LE-CREUSET-Grill-Quadrato-BBQ-Outdoor-in-Ghisa-26-cm-Nero.jpg","type":"image\/jpeg"}],"twitter_card":"summary_large_image","schema":{"@context":"https:\/\/schema.org","@graph":[{"@type":"WebPage","@id":"https:\/\/www.erresse-shop.it\/es\/shop\/sartenes-y-ollas\/parrillas\/le-creuset-parrilla-cuadrada-bbq-outdoor-en-hierro-fundido-26-cm-negro\/","url":"https:\/\/www.erresse-shop.it\/es\/shop\/sartenes-y-ollas\/parrillas\/le-creuset-parrilla-cuadrada-bbq-outdoor-en-hierro-fundido-26-cm-negro\/","name":"LE CREUSET Parrilla cuadrada BBQ Outdoor en hierro fundido 26 cm Negro - Erresse Shop","isPartOf":{"@id":"https:\/\/www.erresse-shop.it\/es\/#website"},"datePublished":"2025-03-17T14:45:15+00:00","dateModified":"2026-02-23T08:36:58+00:00","description":"Ve m\u00e1s all\u00e1 de la cocina con la parrilla Quadrato, ideal para cocinar al aire libre. Con \u00e1reas de cocci\u00f3n separadas, puedes cocinar diferentes alimentos a","breadcrumb":{"@id":"https:\/\/www.erresse-shop.it\/es\/shop\/sartenes-y-ollas\/parrillas\/le-creuset-parrilla-cuadrada-bbq-outdoor-en-hierro-fundido-26-cm-negro\/#breadcrumb"},"inLanguage":"es","potentialAction":[{"@type":"ReadAction","target":["https:\/\/www.erresse-shop.it\/es\/shop\/sartenes-y-ollas\/parrillas\/le-creuset-parrilla-cuadrada-bbq-outdoor-en-hierro-fundido-26-cm-negro\/"]}]},{"@type":"BreadcrumbList","@id":"https:\/\/www.erresse-shop.it\/es\/shop\/sartenes-y-ollas\/parrillas\/le-creuset-parrilla-cuadrada-bbq-outdoor-en-hierro-fundido-26-cm-negro\/#breadcrumb","itemListElement":[{"@type":"ListItem","position":1,"name":"Home","item":"https:\/\/www.erresse-shop.it\/es\/"},{"@type":"ListItem","position":2,"name":"Shop","item":"https:\/\/www.erresse-shop.it\/es\/shop\/"},{"@type":"ListItem","position":3,"name":"LE CREUSET Parrilla cuadrada BBQ Outdoor en hierro fundido 26 cm Negro"}]},{"@type":"WebSite","@id":"https:\/\/www.erresse-shop.it\/es\/#website","url":"https:\/\/www.erresse-shop.it\/es\/","name":"Erresse Shop","description":"Articoli di qualit\u00e0 per la casa","potentialAction":[{"@type":"SearchAction","target":{"@type":"EntryPoint","urlTemplate":"https:\/\/www.erresse-shop.it\/es\/?s={search_term_string}"},"query-input":"required name=search_term_string"}],"inLanguage":"es"}]}},"df_price":114,"df_sale_price":114,"df_regular_price":179,"df_image_link":"https:\/\/www.erresse-shop.it\/wp-content\/uploads\/2025\/03\/LE-CREUSET-Grill-Quadrato-BBQ-Outdoor-in-Ghisa-26-cm-Nero-300x300.jpg","_links":{"self":[{"href":"https:\/\/www.erresse-shop.it\/es\/wp-json\/wp\/v2\/product\/479197"}],"collection":[{"href":"https:\/\/www.erresse-shop.it\/es\/wp-json\/wp\/v2\/product"}],"about":[{"href":"https:\/\/www.erresse-shop.it\/es\/wp-json\/wp\/v2\/types\/product"}],"wp:featuredmedia":[{"embeddable":true,"href":"https:\/\/www.erresse-shop.it\/es\/wp-json\/wp\/v2\/media\/479229"}],"wp:attachment":[{"href":"https:\/\/www.erresse-shop.it\/es\/wp-json\/wp\/v2\/media?parent=479197"}],"wp:term":[{"taxonomy":"product_cat","embeddable":true,"href":"https:\/\/www.erresse-shop.it\/es\/wp-json\/wp\/v2\/product_cat?post=479197"},{"taxonomy":"product_tag","embeddable":true,"href":"https:\/\/www.erresse-shop.it\/es\/wp-json\/wp\/v2\/product_tag?post=479197"}],"curies":[{"name":"wp","href":"https:\/\/api.w.org\/{rel}","templated":true}]}}