{"id":478827,"date":"2025-03-17T11:03:55","date_gmt":"2025-03-17T11:04:12","guid":{"rendered":"https:\/\/www.erresse-shop.it\/?post_type=product&#038;p=478827"},"modified":"2025-03-17T11:18:40","modified_gmt":"2025-03-17T11:18:40","slug":"le-creuset-cacerola-baja-evolution-hierro-fundido-26-cm-garnet-copia","status":"publish","type":"product","link":"https:\/\/www.erresse-shop.it\/es\/shop\/sartenes-y-ollas\/cazuelas\/le-creuset-cacerola-baja-evolution-hierro-fundido-26-cm-garnet-copia\/","title":{"rendered":"LE CREUSET Cacerola Baja Evolution Hierro Fundido 26 cm Sea Salt"},"content":{"rendered":"<p>Fabricados en nuestra fundici\u00f3n francesa, nuestros productos de hierro fundido se han convertido en leyenda en el mundo de la cocina. Esta sart\u00e9n baja no es la excepci\u00f3n. Su forma ancha y plana, con bordes poco profundos, la hace perfecta para sellar carne y verduras, cocinar a fuego lento, fre\u00edr y hornear. Tambi\u00e9n mejora la caramelizaci\u00f3n, para platos a\u00fan m\u00e1s apetitosos.<\/p>\n<p><strong>Detalles del producto:<\/strong><\/p>\n<ul>\n<li class=\"mb-3\">Nuestra perilla resistente al calor (hasta 260 \u00b0C) est\u00e1 dise\u00f1ada para proporcionar un agarre excelente, incluso al usar una agarradera para levantar la tapa.<\/li>\n<li class=\"mb-3\">Limpieza r\u00e1pida: una fina capa interna de esmalte facilita la limpieza.<\/li>\n<li class=\"mb-3\">Asas de ensue\u00f1o: gracias a nuestras amplias asas, podr\u00e1 pasar f\u00e1cilmente de la placa a la mesa, incluso con guantes de cocina.<\/li>\n<li class=\"mb-3\">Versatilidad: Este producto es apto para horno, estufa y horno en modo grill.<\/li>\n<li class=\"mb-3\">Comida deliciosa: el hierro fundido esmaltado retiene el calor para una cocci\u00f3n y un dorado uniformes. Tus deliciosas creaciones tambi\u00e9n se mantendr\u00e1n calientes durante m\u00e1s tiempo en la mesa.<\/li>\n<li class=\"mb-3\">Mant\u00e9n el jugo: Nuestra tapa retiene el vapor generado al cocinar tus alimentos y realza los sabores, para obtener resultados extraordinarios.<\/li>\n<li class=\"mb-3\">F\u00e1cil agarre: Las elegantes y c\u00f3modas asas te permiten levantar tu producto con seguridad.<\/li>\n<li class=\"mb-3\">Un arco\u00edris de colores: Disponible en una amplia gama de colores, nuestra gama a\u00f1adir\u00e1 un toque de color a tu cocina.<\/li>\n<li class=\"mb-3\">No demasiado caliente: Cocina a fuego lento o medio constante para cuidar tu producto de hierro fundido esmaltado y lograr resultados deliciosos.<\/li>\n<li class=\"mb-3\">El mejor en su clase: Nuestros productos se fabrican con los mejores materiales en f\u00e1bricas de todo el mundo para garantizar la calidad que esperas de Le Creuset.<\/li>\n<\/ul>\n<p>Material: hierro fundido esmaltado<br \/>\nHecho en: Francia<br \/>\nGarant\u00eda: de por vida<\/p>\n<p>Capacidad: 2.2 L<\/p>\n<p><strong>Fuente de calor:<\/strong><\/p>\n<ul>\n<li>Horno<\/li>\n<li>Modo grill<\/li>\n<li>Placa el\u00e9ctrica<\/li>\n<li>Vitrocer\u00e1mica<\/li>\n<li>Placa de gas<\/li>\n<li>Placa de inducci\u00f3n<\/li>\n<\/ul>\n<p><strong>Limpieza y cuidado:<\/strong><\/p>\n<div class=\"description-and-detail m-0 py-4 py-sm-5 pt-sm-6 mt-sm-2-3 mt-md-0 py-md-7\">\n<div class=\"container overflow-hidden\">\n<div class=\"row justify-content-sm-center\">\n<div class=\"col-xl-5 accord-detail-section col-md-6 col-12 m-auto\">\n<div class=\"description-details col-sm-12 px-0 pl-0\">\n<div class=\"justify-content-end\">\n<div id=\"desc-accordion-21177240101441\" class=\"desc-accordion\">\n<div class=\"mb-0\">\n<div class=\"border-top-solid desc-accordion-item\">\n<div id=\"collapseFour-21177240101441\" class=\"collapse show\" data-parent=\"#desc-accordion-21177240101441\">\n<div class=\"col-12 d-flex p-0 pt-1-2 border-image-top-2\">\n<div class=\"col-8 p-0 description-message t-style-2 t-lyon\">\n<ul>\n<li class=\"mb-3\">Espere a que el producto se enfr\u00ede por completo antes de comenzar a limpiarlo.<\/li>\n<li class=\"mb-3\">Elimine cualquier residuo de la base y los bordes del producto. Para residuos de comida dif\u00edciles, llene el producto con agua tibia jabonosa y d\u00e9jelo en remojo de 15 a 20 minutos antes de lavarlo como de costumbre.\n<li class=\"mb-3\">No utilice detergentes agresivos, esponjas abrasivas o met\u00e1licas, ni cepillos muy duros y r\u00edgidos para limpiar las superficies.\n<li class=\"mb-3\">Despu\u00e9s del lavado, seque bien el producto y gu\u00e1rdelo en un lugar seco.\n<li class=\"mb-3\">Cazo: Las cacerolas con mangos de hierro fundido y fen\u00f3lico son aptas para lavavajillas. Sin embargo, el uso constante del lavavajillas puede opacar el acabado del esmaltado.\n<li class=\"mb-3\">Tapa de la cacerola: Las tapas con perillas de acero inoxidable y fen\u00f3lico son aptas para lavavajillas. Las cubiertas con perillas doradas, iridiscentes, de cobre y n\u00edquel negro deben lavarse a mano para conservar su acabado.<\/li>\n<\/ul>\n<\/div>\n<\/div>\n<\/div>\n<\/div>\n<\/div>\n<\/div>\n<\/div>\n<\/div>\n<\/div>\n<\/div>\n<\/div>\n<div class=\"recommendations bg-white\">\n<div id=\"cq_recomm_slot-453657c5068d11797fb8ac5a37\">\n<div class=\"container justify-content-center overflow-hidden t-color-1 Recommendation-Products Slot-Recommendation-Products\">\n<div class=\"\"><\/div>\n<\/div>\n<\/div>\n<\/div>\n","protected":false},"excerpt":{"rendered":"<p>Fabricados en nuestra fundici\u00f3n francesa, nuestros productos de hierro fundido se han convertido en leyenda en el mundo de la<\/p>\n","protected":false},"featured_media":478857,"template":"","meta":{"_acf_changed":false,"inline_featured_image":false},"product_cat":[16072,16058],"product_tag":[25090,16211,20671,16137,21537,17104,16248,16158,16654,25023],"acf":[],"yoast_head":"<!-- This site is optimized with the Yoast SEO Premium plugin v18.6 (Yoast SEO v19.13) - https:\/\/yoast.com\/wordpress\/plugins\/seo\/ -->\n<title>LE CREUSET Cacerola Baja Evolution Hierro Fundido 26 cm Sea Salt - Erresse Shop<\/title>\n<meta name=\"description\" content=\"Fabricados en nuestra fundici\u00f3n francesa, nuestros productos de hierro fundido se han convertido en leyenda en el mundo de la cocina. Esta sart\u00e9n baja no\" \/>\n<meta name=\"robots\" content=\"index, follow, max-snippet:-1, max-image-preview:large, max-video-preview:-1\" \/>\n<link rel=\"canonical\" href=\"https:\/\/www.erresse-shop.it\/es\/shop\/sartenes-y-ollas\/cazuelas\/le-creuset-cacerola-baja-evolution-hierro-fundido-26-cm-garnet-copia\/\" \/>\n<meta property=\"og:locale\" content=\"es_ES\" \/>\n<meta property=\"og:type\" content=\"article\" \/>\n<meta property=\"og:title\" content=\"LE CREUSET Cacerola Baja Evolution Hierro Fundido 26 cm Sea Salt\" \/>\n<meta property=\"og:description\" content=\"Fabricados en nuestra fundici\u00f3n francesa, nuestros productos de hierro fundido se han convertido en leyenda en el mundo de la cocina. Esta sart\u00e9n baja no\" \/>\n<meta property=\"og:url\" content=\"https:\/\/www.erresse-shop.it\/es\/shop\/sartenes-y-ollas\/cazuelas\/le-creuset-cacerola-baja-evolution-hierro-fundido-26-cm-garnet-copia\/\" \/>\n<meta property=\"og:site_name\" content=\"Erresse Shop\" \/>\n<meta property=\"article:modified_time\" content=\"2025-03-17T11:18:40+00:00\" \/>\n<meta property=\"og:image\" content=\"https:\/\/www.erresse-shop.it\/wp-content\/uploads\/2025\/03\/LE-CREUSET-Tegame-Basso-Evolution-in-Ghisa-26-cm-Sea-Salt.jpg\" \/>\n\t<meta property=\"og:image:width\" content=\"1200\" \/>\n\t<meta property=\"og:image:height\" content=\"1200\" \/>\n\t<meta property=\"og:image:type\" content=\"image\/jpeg\" \/>\n<meta name=\"twitter:card\" content=\"summary_large_image\" \/>\n<script type=\"application\/ld+json\" class=\"yoast-schema-graph\">{\"@context\":\"https:\/\/schema.org\",\"@graph\":[{\"@type\":\"WebPage\",\"@id\":\"https:\/\/www.erresse-shop.it\/es\/shop\/sartenes-y-ollas\/cazuelas\/le-creuset-cacerola-baja-evolution-hierro-fundido-26-cm-garnet-copia\/\",\"url\":\"https:\/\/www.erresse-shop.it\/es\/shop\/sartenes-y-ollas\/cazuelas\/le-creuset-cacerola-baja-evolution-hierro-fundido-26-cm-garnet-copia\/\",\"name\":\"LE CREUSET Cacerola Baja Evolution Hierro Fundido 26 cm Sea Salt - Erresse Shop\",\"isPartOf\":{\"@id\":\"https:\/\/www.erresse-shop.it\/es\/#website\"},\"datePublished\":\"2025-03-17T11:04:12+00:00\",\"dateModified\":\"2025-03-17T11:18:40+00:00\",\"description\":\"Fabricados en nuestra fundici\u00f3n francesa, nuestros productos de hierro fundido se han convertido en leyenda en el mundo de la cocina. Esta sart\u00e9n baja no\",\"breadcrumb\":{\"@id\":\"https:\/\/www.erresse-shop.it\/es\/shop\/sartenes-y-ollas\/cazuelas\/le-creuset-cacerola-baja-evolution-hierro-fundido-26-cm-garnet-copia\/#breadcrumb\"},\"inLanguage\":\"es\",\"potentialAction\":[{\"@type\":\"ReadAction\",\"target\":[\"https:\/\/www.erresse-shop.it\/es\/shop\/sartenes-y-ollas\/cazuelas\/le-creuset-cacerola-baja-evolution-hierro-fundido-26-cm-garnet-copia\/\"]}]},{\"@type\":\"BreadcrumbList\",\"@id\":\"https:\/\/www.erresse-shop.it\/es\/shop\/sartenes-y-ollas\/cazuelas\/le-creuset-cacerola-baja-evolution-hierro-fundido-26-cm-garnet-copia\/#breadcrumb\",\"itemListElement\":[{\"@type\":\"ListItem\",\"position\":1,\"name\":\"Home\",\"item\":\"https:\/\/www.erresse-shop.it\/es\/\"},{\"@type\":\"ListItem\",\"position\":2,\"name\":\"Shop\",\"item\":\"https:\/\/www.erresse-shop.it\/es\/shop\/\"},{\"@type\":\"ListItem\",\"position\":3,\"name\":\"LE CREUSET Cacerola Baja Evolution Hierro Fundido 26 cm Sea Salt\"}]},{\"@type\":\"WebSite\",\"@id\":\"https:\/\/www.erresse-shop.it\/es\/#website\",\"url\":\"https:\/\/www.erresse-shop.it\/es\/\",\"name\":\"Erresse Shop\",\"description\":\"Articoli di qualit\u00e0 per la casa\",\"potentialAction\":[{\"@type\":\"SearchAction\",\"target\":{\"@type\":\"EntryPoint\",\"urlTemplate\":\"https:\/\/www.erresse-shop.it\/es\/?s={search_term_string}\"},\"query-input\":\"required name=search_term_string\"}],\"inLanguage\":\"es\"}]}<\/script>\n<!-- \/ Yoast SEO Premium plugin. -->","yoast_head_json":{"title":"LE CREUSET Cacerola Baja Evolution Hierro Fundido 26 cm Sea Salt - Erresse Shop","description":"Fabricados en nuestra fundici\u00f3n francesa, nuestros productos de hierro fundido se han convertido en leyenda en el mundo de la cocina. Esta sart\u00e9n baja no","robots":{"index":"index","follow":"follow","max-snippet":"max-snippet:-1","max-image-preview":"max-image-preview:large","max-video-preview":"max-video-preview:-1"},"canonical":"https:\/\/www.erresse-shop.it\/es\/shop\/sartenes-y-ollas\/cazuelas\/le-creuset-cacerola-baja-evolution-hierro-fundido-26-cm-garnet-copia\/","og_locale":"es_ES","og_type":"article","og_title":"LE CREUSET Cacerola Baja Evolution Hierro Fundido 26 cm Sea Salt","og_description":"Fabricados en nuestra fundici\u00f3n francesa, nuestros productos de hierro fundido se han convertido en leyenda en el mundo de la cocina. Esta sart\u00e9n baja no","og_url":"https:\/\/www.erresse-shop.it\/es\/shop\/sartenes-y-ollas\/cazuelas\/le-creuset-cacerola-baja-evolution-hierro-fundido-26-cm-garnet-copia\/","og_site_name":"Erresse Shop","article_modified_time":"2025-03-17T11:18:40+00:00","og_image":[{"width":1200,"height":1200,"url":"https:\/\/www.erresse-shop.it\/wp-content\/uploads\/2025\/03\/LE-CREUSET-Tegame-Basso-Evolution-in-Ghisa-26-cm-Sea-Salt.jpg","type":"image\/jpeg"}],"twitter_card":"summary_large_image","schema":{"@context":"https:\/\/schema.org","@graph":[{"@type":"WebPage","@id":"https:\/\/www.erresse-shop.it\/es\/shop\/sartenes-y-ollas\/cazuelas\/le-creuset-cacerola-baja-evolution-hierro-fundido-26-cm-garnet-copia\/","url":"https:\/\/www.erresse-shop.it\/es\/shop\/sartenes-y-ollas\/cazuelas\/le-creuset-cacerola-baja-evolution-hierro-fundido-26-cm-garnet-copia\/","name":"LE CREUSET Cacerola Baja Evolution Hierro Fundido 26 cm Sea Salt - Erresse Shop","isPartOf":{"@id":"https:\/\/www.erresse-shop.it\/es\/#website"},"datePublished":"2025-03-17T11:04:12+00:00","dateModified":"2025-03-17T11:18:40+00:00","description":"Fabricados en nuestra fundici\u00f3n francesa, nuestros productos de hierro fundido se han convertido en leyenda en el mundo de la cocina. Esta sart\u00e9n baja no","breadcrumb":{"@id":"https:\/\/www.erresse-shop.it\/es\/shop\/sartenes-y-ollas\/cazuelas\/le-creuset-cacerola-baja-evolution-hierro-fundido-26-cm-garnet-copia\/#breadcrumb"},"inLanguage":"es","potentialAction":[{"@type":"ReadAction","target":["https:\/\/www.erresse-shop.it\/es\/shop\/sartenes-y-ollas\/cazuelas\/le-creuset-cacerola-baja-evolution-hierro-fundido-26-cm-garnet-copia\/"]}]},{"@type":"BreadcrumbList","@id":"https:\/\/www.erresse-shop.it\/es\/shop\/sartenes-y-ollas\/cazuelas\/le-creuset-cacerola-baja-evolution-hierro-fundido-26-cm-garnet-copia\/#breadcrumb","itemListElement":[{"@type":"ListItem","position":1,"name":"Home","item":"https:\/\/www.erresse-shop.it\/es\/"},{"@type":"ListItem","position":2,"name":"Shop","item":"https:\/\/www.erresse-shop.it\/es\/shop\/"},{"@type":"ListItem","position":3,"name":"LE CREUSET Cacerola Baja Evolution Hierro Fundido 26 cm Sea Salt"}]},{"@type":"WebSite","@id":"https:\/\/www.erresse-shop.it\/es\/#website","url":"https:\/\/www.erresse-shop.it\/es\/","name":"Erresse Shop","description":"Articoli di qualit\u00e0 per la casa","potentialAction":[{"@type":"SearchAction","target":{"@type":"EntryPoint","urlTemplate":"https:\/\/www.erresse-shop.it\/es\/?s={search_term_string}"},"query-input":"required name=search_term_string"}],"inLanguage":"es"}]}},"df_price":134.55,"df_sale_price":134.55,"df_regular_price":299,"df_image_link":"https:\/\/www.erresse-shop.it\/wp-content\/uploads\/2025\/03\/LE-CREUSET-Tegame-Basso-Evolution-in-Ghisa-26-cm-Sea-Salt-300x300.jpg","_links":{"self":[{"href":"https:\/\/www.erresse-shop.it\/es\/wp-json\/wp\/v2\/product\/478827"}],"collection":[{"href":"https:\/\/www.erresse-shop.it\/es\/wp-json\/wp\/v2\/product"}],"about":[{"href":"https:\/\/www.erresse-shop.it\/es\/wp-json\/wp\/v2\/types\/product"}],"wp:featuredmedia":[{"embeddable":true,"href":"https:\/\/www.erresse-shop.it\/es\/wp-json\/wp\/v2\/media\/478857"}],"wp:attachment":[{"href":"https:\/\/www.erresse-shop.it\/es\/wp-json\/wp\/v2\/media?parent=478827"}],"wp:term":[{"taxonomy":"product_cat","embeddable":true,"href":"https:\/\/www.erresse-shop.it\/es\/wp-json\/wp\/v2\/product_cat?post=478827"},{"taxonomy":"product_tag","embeddable":true,"href":"https:\/\/www.erresse-shop.it\/es\/wp-json\/wp\/v2\/product_tag?post=478827"}],"curies":[{"name":"wp","href":"https:\/\/api.w.org\/{rel}","templated":true}]}}