{"id":478744,"date":"2025-03-17T10:40:00","date_gmt":"2025-03-17T10:40:06","guid":{"rendered":"https:\/\/www.erresse-shop.it\/?post_type=product&#038;p=478744"},"modified":"2025-03-17T10:52:14","modified_gmt":"2025-03-17T10:52:14","slug":"le-creuset-sarten-alta-para-risotto-30-cm-naranja-copia","status":"publish","type":"product","link":"https:\/\/www.erresse-shop.it\/es\/shop\/sartenes-y-ollas\/cazuelas\/le-creuset-sarten-alta-para-risotto-30-cm-naranja-copia\/","title":{"rendered":"LE CREUSET Sart\u00e9n de hierro fundido Risotto Evolution 30 cm Merengue"},"content":{"rendered":"<p><strong>CREA PLATOS INCRE\u00cdBLES<\/strong><\/p>\n<p>Ya sea que est\u00e9s preparando un risotto, una deliciosa pasta o una hogaza de pan, esta cocotte es perfecta para ti. Es muy f\u00e1cil de remover gracias a su borde bajo y base ancha. Mientras cocinas, el hierro fundido esmaltado garantiza una distribuci\u00f3n uniforme del calor.<\/p>\n<ul>\n<li>Nuestra perilla resistente al calor (hasta 260 \u00b0C) est\u00e1 dise\u00f1ada para un agarre excelente, incluso al usar una agarradera para levantar la tapa.<\/li>\n<li>Limpieza r\u00e1pida: una fina capa interior esmaltada facilita la limpieza.<\/li>\n<li>Asas de ensue\u00f1o: gracias a nuestras asas grandes, puedes moverte f\u00e1cilmente de la placa a la mesa, incluso con guantes de cocina.<\/li>\n<li>Versatilidad: Este producto es apto para horno, vitrocer\u00e1mica y horno en modo grill.<\/li>\n<li>Comida deliciosa: El hierro fundido esmaltado retiene el calor para una cocci\u00f3n y un dorado uniformes. Tus deliciosas creaciones se mantendr\u00e1n calientes durante m\u00e1s tiempo en la mesa.<\/li>\n<li>Conserva la jugosidad: Nuestra tapa retiene el vapor generado al cocinar los alimentos y realza los sabores, para obtener resultados extraordinarios.<\/li>\n<li>F\u00e1cil agarre: Las elegantes y c\u00f3modas asas te permiten levantar el producto con seguridad.<\/li>\n<li>No demasiado caliente: Cocina a fuego lento o medio constante para cuidar tu producto de hierro fundido y lograr resultados deliciosos.<\/li>\n<li>Nuestros productos se fabrican con los mejores materiales en f\u00e1bricas de todo el mundo para garantizar la calidad que esperas de Le Creuset.<\/li>\n<\/ul>\n<p>Material: Hierro fundido<br \/>\nHecho en: Francia<br \/>\nGarant\u00eda: De por vida<\/p>\n<p><strong>Fuente de calor:<\/strong><\/p>\n<ul>\n<li>Horno<\/li>\n<li>Horno grill<\/li>\n<li>Placa el\u00e9ctrica<\/li>\n<li>Vitrocer\u00e1mica<\/li>\n<li>Placa de gas<\/li>\n<li>Inducci\u00f3n Placa de cocina<\/li>\n<\/ul>\n<p><strong>Limpieza y cuidado:<\/strong><\/p>\n<ul>\n<li>Espere a que el producto se enfr\u00ede antes de empezar a limpiarlo.<\/li>\n<li>Limpie cualquier resto de comida de la base y los laterales. Si hay restos de comida pegados, ll\u00e9nelo con agua caliente jabonosa y d\u00e9jelo en remojo de 15 a 20 minutos antes de lavarlo como de costumbre.<\/li>\n<li>No utilice limpiadores abrasivos ni esponjas o cepillos met\u00e1licos, abrasivos o muy duros en ninguna de las superficies.<\/li>\n<li>Seque bien despu\u00e9s del lavado y gu\u00e1rdelo en un lugar seco.<\/li>\n<\/ul>\n","protected":false},"excerpt":{"rendered":"<p>CREA PLATOS INCRE\u00cdBLES Ya sea que est\u00e9s preparando un risotto, una deliciosa pasta o una hogaza de pan, esta cocotte<\/p>\n","protected":false},"featured_media":478774,"template":"","meta":{"_acf_changed":false,"inline_featured_image":false},"product_cat":[16072,16058],"product_tag":[16211,20671,16137,21537,16158,16654,16449],"acf":[],"yoast_head":"<!-- This site is optimized with the Yoast SEO Premium plugin v18.6 (Yoast SEO v19.13) - https:\/\/yoast.com\/wordpress\/plugins\/seo\/ -->\n<title>LE CREUSET Sart\u00e9n de hierro fundido Risotto Evolution 30 cm Merengue - Erresse Shop<\/title>\n<meta name=\"description\" content=\"CREA PLATOS INCRE\u00cdBLES Ya sea que est\u00e9s preparando un risotto, una deliciosa pasta o una hogaza de pan, esta cocotte es perfecta para ti. Es muy f\u00e1cil de\" \/>\n<meta name=\"robots\" content=\"index, follow, max-snippet:-1, max-image-preview:large, max-video-preview:-1\" \/>\n<link rel=\"canonical\" href=\"https:\/\/www.erresse-shop.it\/es\/shop\/sartenes-y-ollas\/cazuelas\/le-creuset-sarten-alta-para-risotto-30-cm-naranja-copia\/\" \/>\n<meta property=\"og:locale\" content=\"es_ES\" \/>\n<meta property=\"og:type\" content=\"article\" \/>\n<meta property=\"og:title\" content=\"LE CREUSET Sart\u00e9n de hierro fundido Risotto Evolution 30 cm Merengue\" \/>\n<meta property=\"og:description\" content=\"CREA PLATOS INCRE\u00cdBLES Ya sea que est\u00e9s preparando un risotto, una deliciosa pasta o una hogaza de pan, esta cocotte es perfecta para ti. Es muy f\u00e1cil de\" \/>\n<meta property=\"og:url\" content=\"https:\/\/www.erresse-shop.it\/es\/shop\/sartenes-y-ollas\/cazuelas\/le-creuset-sarten-alta-para-risotto-30-cm-naranja-copia\/\" \/>\n<meta property=\"og:site_name\" content=\"Erresse Shop\" \/>\n<meta property=\"article:modified_time\" content=\"2025-03-17T10:52:14+00:00\" \/>\n<meta property=\"og:image\" content=\"https:\/\/www.erresse-shop.it\/wp-content\/uploads\/2025\/03\/LE-CREUSET-Tegame-Risotto-Evolution-in-Ghisa-30-cm-Meringa.jpg\" \/>\n\t<meta property=\"og:image:width\" content=\"1200\" \/>\n\t<meta property=\"og:image:height\" content=\"1200\" \/>\n\t<meta property=\"og:image:type\" content=\"image\/jpeg\" \/>\n<meta name=\"twitter:card\" content=\"summary_large_image\" \/>\n<script type=\"application\/ld+json\" class=\"yoast-schema-graph\">{\"@context\":\"https:\/\/schema.org\",\"@graph\":[{\"@type\":\"WebPage\",\"@id\":\"https:\/\/www.erresse-shop.it\/es\/shop\/sartenes-y-ollas\/cazuelas\/le-creuset-sarten-alta-para-risotto-30-cm-naranja-copia\/\",\"url\":\"https:\/\/www.erresse-shop.it\/es\/shop\/sartenes-y-ollas\/cazuelas\/le-creuset-sarten-alta-para-risotto-30-cm-naranja-copia\/\",\"name\":\"LE CREUSET Sart\u00e9n de hierro fundido Risotto Evolution 30 cm Merengue - Erresse Shop\",\"isPartOf\":{\"@id\":\"https:\/\/www.erresse-shop.it\/es\/#website\"},\"datePublished\":\"2025-03-17T10:40:06+00:00\",\"dateModified\":\"2025-03-17T10:52:14+00:00\",\"description\":\"CREA PLATOS INCRE\u00cdBLES Ya sea que est\u00e9s preparando un risotto, una deliciosa pasta o una hogaza de pan, esta cocotte es perfecta para ti. Es muy f\u00e1cil de\",\"breadcrumb\":{\"@id\":\"https:\/\/www.erresse-shop.it\/es\/shop\/sartenes-y-ollas\/cazuelas\/le-creuset-sarten-alta-para-risotto-30-cm-naranja-copia\/#breadcrumb\"},\"inLanguage\":\"es\",\"potentialAction\":[{\"@type\":\"ReadAction\",\"target\":[\"https:\/\/www.erresse-shop.it\/es\/shop\/sartenes-y-ollas\/cazuelas\/le-creuset-sarten-alta-para-risotto-30-cm-naranja-copia\/\"]}]},{\"@type\":\"BreadcrumbList\",\"@id\":\"https:\/\/www.erresse-shop.it\/es\/shop\/sartenes-y-ollas\/cazuelas\/le-creuset-sarten-alta-para-risotto-30-cm-naranja-copia\/#breadcrumb\",\"itemListElement\":[{\"@type\":\"ListItem\",\"position\":1,\"name\":\"Home\",\"item\":\"https:\/\/www.erresse-shop.it\/es\/\"},{\"@type\":\"ListItem\",\"position\":2,\"name\":\"Shop\",\"item\":\"https:\/\/www.erresse-shop.it\/es\/shop\/\"},{\"@type\":\"ListItem\",\"position\":3,\"name\":\"LE CREUSET Sart\u00e9n de hierro fundido Risotto Evolution 30 cm Merengue\"}]},{\"@type\":\"WebSite\",\"@id\":\"https:\/\/www.erresse-shop.it\/es\/#website\",\"url\":\"https:\/\/www.erresse-shop.it\/es\/\",\"name\":\"Erresse Shop\",\"description\":\"Articoli di qualit\u00e0 per la casa\",\"potentialAction\":[{\"@type\":\"SearchAction\",\"target\":{\"@type\":\"EntryPoint\",\"urlTemplate\":\"https:\/\/www.erresse-shop.it\/es\/?s={search_term_string}\"},\"query-input\":\"required name=search_term_string\"}],\"inLanguage\":\"es\"}]}<\/script>\n<!-- \/ Yoast SEO Premium plugin. -->","yoast_head_json":{"title":"LE CREUSET Sart\u00e9n de hierro fundido Risotto Evolution 30 cm Merengue - Erresse Shop","description":"CREA PLATOS INCRE\u00cdBLES Ya sea que est\u00e9s preparando un risotto, una deliciosa pasta o una hogaza de pan, esta cocotte es perfecta para ti. Es muy f\u00e1cil de","robots":{"index":"index","follow":"follow","max-snippet":"max-snippet:-1","max-image-preview":"max-image-preview:large","max-video-preview":"max-video-preview:-1"},"canonical":"https:\/\/www.erresse-shop.it\/es\/shop\/sartenes-y-ollas\/cazuelas\/le-creuset-sarten-alta-para-risotto-30-cm-naranja-copia\/","og_locale":"es_ES","og_type":"article","og_title":"LE CREUSET Sart\u00e9n de hierro fundido Risotto Evolution 30 cm Merengue","og_description":"CREA PLATOS INCRE\u00cdBLES Ya sea que est\u00e9s preparando un risotto, una deliciosa pasta o una hogaza de pan, esta cocotte es perfecta para ti. Es muy f\u00e1cil de","og_url":"https:\/\/www.erresse-shop.it\/es\/shop\/sartenes-y-ollas\/cazuelas\/le-creuset-sarten-alta-para-risotto-30-cm-naranja-copia\/","og_site_name":"Erresse Shop","article_modified_time":"2025-03-17T10:52:14+00:00","og_image":[{"width":1200,"height":1200,"url":"https:\/\/www.erresse-shop.it\/wp-content\/uploads\/2025\/03\/LE-CREUSET-Tegame-Risotto-Evolution-in-Ghisa-30-cm-Meringa.jpg","type":"image\/jpeg"}],"twitter_card":"summary_large_image","schema":{"@context":"https:\/\/schema.org","@graph":[{"@type":"WebPage","@id":"https:\/\/www.erresse-shop.it\/es\/shop\/sartenes-y-ollas\/cazuelas\/le-creuset-sarten-alta-para-risotto-30-cm-naranja-copia\/","url":"https:\/\/www.erresse-shop.it\/es\/shop\/sartenes-y-ollas\/cazuelas\/le-creuset-sarten-alta-para-risotto-30-cm-naranja-copia\/","name":"LE CREUSET Sart\u00e9n de hierro fundido Risotto Evolution 30 cm Merengue - Erresse Shop","isPartOf":{"@id":"https:\/\/www.erresse-shop.it\/es\/#website"},"datePublished":"2025-03-17T10:40:06+00:00","dateModified":"2025-03-17T10:52:14+00:00","description":"CREA PLATOS INCRE\u00cdBLES Ya sea que est\u00e9s preparando un risotto, una deliciosa pasta o una hogaza de pan, esta cocotte es perfecta para ti. Es muy f\u00e1cil de","breadcrumb":{"@id":"https:\/\/www.erresse-shop.it\/es\/shop\/sartenes-y-ollas\/cazuelas\/le-creuset-sarten-alta-para-risotto-30-cm-naranja-copia\/#breadcrumb"},"inLanguage":"es","potentialAction":[{"@type":"ReadAction","target":["https:\/\/www.erresse-shop.it\/es\/shop\/sartenes-y-ollas\/cazuelas\/le-creuset-sarten-alta-para-risotto-30-cm-naranja-copia\/"]}]},{"@type":"BreadcrumbList","@id":"https:\/\/www.erresse-shop.it\/es\/shop\/sartenes-y-ollas\/cazuelas\/le-creuset-sarten-alta-para-risotto-30-cm-naranja-copia\/#breadcrumb","itemListElement":[{"@type":"ListItem","position":1,"name":"Home","item":"https:\/\/www.erresse-shop.it\/es\/"},{"@type":"ListItem","position":2,"name":"Shop","item":"https:\/\/www.erresse-shop.it\/es\/shop\/"},{"@type":"ListItem","position":3,"name":"LE CREUSET Sart\u00e9n de hierro fundido Risotto Evolution 30 cm Merengue"}]},{"@type":"WebSite","@id":"https:\/\/www.erresse-shop.it\/es\/#website","url":"https:\/\/www.erresse-shop.it\/es\/","name":"Erresse Shop","description":"Articoli di qualit\u00e0 per la casa","potentialAction":[{"@type":"SearchAction","target":{"@type":"EntryPoint","urlTemplate":"https:\/\/www.erresse-shop.it\/es\/?s={search_term_string}"},"query-input":"required name=search_term_string"}],"inLanguage":"es"}]}},"df_price":170.55,"df_sale_price":170.55,"df_regular_price":379,"df_image_link":"https:\/\/www.erresse-shop.it\/wp-content\/uploads\/2025\/03\/LE-CREUSET-Tegame-Risotto-Evolution-in-Ghisa-30-cm-Meringa-300x300.jpg","_links":{"self":[{"href":"https:\/\/www.erresse-shop.it\/es\/wp-json\/wp\/v2\/product\/478744"}],"collection":[{"href":"https:\/\/www.erresse-shop.it\/es\/wp-json\/wp\/v2\/product"}],"about":[{"href":"https:\/\/www.erresse-shop.it\/es\/wp-json\/wp\/v2\/types\/product"}],"wp:featuredmedia":[{"embeddable":true,"href":"https:\/\/www.erresse-shop.it\/es\/wp-json\/wp\/v2\/media\/478774"}],"wp:attachment":[{"href":"https:\/\/www.erresse-shop.it\/es\/wp-json\/wp\/v2\/media?parent=478744"}],"wp:term":[{"taxonomy":"product_cat","embeddable":true,"href":"https:\/\/www.erresse-shop.it\/es\/wp-json\/wp\/v2\/product_cat?post=478744"},{"taxonomy":"product_tag","embeddable":true,"href":"https:\/\/www.erresse-shop.it\/es\/wp-json\/wp\/v2\/product_tag?post=478744"}],"curies":[{"name":"wp","href":"https:\/\/api.w.org\/{rel}","templated":true}]}}