{"id":478662,"date":"2025-03-17T10:16:26","date_gmt":"2025-03-17T10:16:30","guid":{"rendered":"https:\/\/www.erresse-shop.it\/?post_type=product&#038;p=478662"},"modified":"2025-03-17T10:25:01","modified_gmt":"2025-03-17T10:25:01","slug":"le-creuset-cocotte-oval-evolution-de-hierro-fundido-29-cm-blanco-copia-2","status":"publish","type":"product","link":"https:\/\/www.erresse-shop.it\/es\/shop\/sartenes-y-ollas\/marmitas-y-cocottes\/le-creuset-cocotte-oval-evolution-de-hierro-fundido-29-cm-blanco-copia-2\/","title":{"rendered":"LE CREUSET Cocotte Oval Evolution de Hierro Fundido 29 cm Sea Salt"},"content":{"rendered":"<p>Tan vers\u00e1til como el cl\u00e1sico modelo redondo, en esta cocotte ovalada cabe una pierna entera de cordero sin ocupar todo el horno, por lo que tambi\u00e9n tendr\u00e1s espacio para guarniciones. Dondequiera que le lleve su talento culinario, ha encontrado el compa\u00f1ero ideal para un viaje embriagador a trav\u00e9s de sabores y aromas.<\/p>\n<p style=\"text-align: justify;\"><strong>Propiedades de las cocottes de hierro fundido esmaltado:<\/strong><\/p>\n<ul>\n<li class=\"mb-3\">Nuestra perilla resistente al calor (hasta 260\u00a0\u00b0C) est\u00e1 dise\u00f1ada para un agarre excelente, incluso cuando se utiliza una agarradera para levantar la tapa.<\/li>\n<li class=\"mb-3\">Limpieza r\u00e1pida: una fina capa interior vitrificada facilita la limpieza.<\/li>\n<li class=\"mb-3\">Asas de ensue\u00f1o: Gracias a nuestras asas grandes, podr\u00e1s pasar f\u00e1cilmente de la estufa a la mesa, incluso usando guantes para horno.<\/li>\n<li class=\"mb-3\">Versatilidad: este producto es apto para horno, vitrocer\u00e1mica y horno en modo grill.<\/li>\n<li class=\"mb-3\">Comida de excelente sabor: el hierro fundido vitrificado retiene el calor para cocinar y dorar de manera uniforme. Tus deliciosas creaciones se mantendr\u00e1n calientes por m\u00e1s tiempo incluso en la mesa.<\/li>\n<li class=\"mb-3\">Conserva la suculencia: nuestra tapa preserva el vapor generado al cocinar los alimentos y realza los sabores, para obtener resultados de cocci\u00f3n extraordinarios.<\/li>\n<li class=\"mb-3\">F\u00e1cil de agarrar: Las elegantes y c\u00f3modas asas permiten levantar el producto de forma segura.<\/li>\n<li class=\"mb-3\">Un arco\u00edris de colores: disponible en una amplia variedad de colores, nuestra gama a\u00f1adir\u00e1 un toque de color a tu cocina.<\/li>\n<li class=\"mb-3\">No demasiado caliente: cocine a fuego medio y bajo constante para cuidar su producto de hierro fundido y lograr resultados deliciosos.<\/li>\n<li class=\"mb-3\">La elecci\u00f3n es tuya: disponible en varios tama\u00f1os para las necesidades de tu cocina.<\/li>\n<li class=\"mb-3\">Lo mejor de su clase: nuestros productos se fabrican con los mejores materiales en f\u00e1bricas ubicadas en todo el mundo para garantizar la calidad que espera de Le\u00a0Creuset.<\/li>\n<\/ul>\n<p>Material: hierro fundido vitrificado<br \/>\nFabricado en: Francia<br \/>\nGarant\u00eda: de por vida<\/p>\n<p>Capacidad: 4,7 L<\/p>\n<p><strong>Fuente de calor:<\/strong><\/p>\n<ul>\n<li>Horno<\/li>\n<li>Horno modo grill<\/li>\n<li>Cocina el\u00e9ctrica<\/li>\n<li>Vidrio cer\u00e1mico<\/li>\n<li>Encimera de gas<\/li>\n<li>Placa de inducci\u00f3n<\/li>\n<\/ul>\n<p><strong>Limpieza y cuidado:<\/strong><\/p>\n<ul>\n<li class=\"mb-3\">Espera a que el producto se enfr\u00ede por completo antes de comenzar a limpiarlo.<\/li>\n<li class=\"mb-3\">Elimine cualquier residuo de la base y los bordes del producto. Para residuos de comida rebeldes, llene el producto con agua tibia y jab\u00f3n y d\u00e9jelo en remojo durante 15 a 20 minutos antes de lavarlo como de costumbre.<\/li>\n<li class=\"mb-3\">No utilice detergentes agresivos, esponjas abrasivas y\/o met\u00e1licas ni cepillos muy duros y r\u00edgidos para limpiar las superficies.<\/li>\n<li class=\"mb-3\">Despu\u00e9s del lavado, seque el producto con cuidado y gu\u00e1rdelo en un lugar seco.<\/li>\n<li class=\"mb-3\">Cacerola: Las cacerolas con mangos de hierro fundido y fen\u00f3lico son aptas para lavavajillas. Sin embargo, el uso constante del lavavajillas puede provocar que el acabado vitrificado se pierda.<\/li>\n<li class=\"mb-3\">Tapa de cacerola: Las tapas con perillas de acero inoxidable y fen\u00f3lico son aptas para lavavajillas. Las cubiertas con perillas doradas, iridiscentes, cobre y n\u00edquel negro deben lavarse a mano para mantener su acabado.<\/li>\n<\/ul>\n","protected":false},"excerpt":{"rendered":"<p>Tan vers\u00e1til como el cl\u00e1sico modelo redondo, en esta cocotte ovalada cabe una pierna entera de cordero sin ocupar todo<\/p>\n","protected":false},"featured_media":478692,"template":"","meta":{"_acf_changed":false,"inline_featured_image":false},"product_cat":[16065,16058],"product_tag":[25090,16111,23912,16211,21537,16781,17104,16248,16158,21093,16654,23786,22976,25023],"acf":[],"yoast_head":"<!-- This site is optimized with the Yoast SEO Premium plugin v18.6 (Yoast SEO v19.13) - https:\/\/yoast.com\/wordpress\/plugins\/seo\/ -->\n<title>LE CREUSET Cocotte Oval Evolution de Hierro Fundido 29 cm Sea Salt - Erresse Shop<\/title>\n<meta name=\"description\" content=\"Tan vers\u00e1til como el cl\u00e1sico modelo redondo, en esta cocotte ovalada cabe una pierna entera de cordero sin ocupar todo el horno, por lo que tambi\u00e9n\" \/>\n<meta name=\"robots\" content=\"index, follow, max-snippet:-1, max-image-preview:large, max-video-preview:-1\" \/>\n<link rel=\"canonical\" href=\"https:\/\/www.erresse-shop.it\/es\/shop\/sartenes-y-ollas\/marmitas-y-cocottes\/le-creuset-cocotte-oval-evolution-de-hierro-fundido-29-cm-blanco-copia-2\/\" \/>\n<meta property=\"og:locale\" content=\"es_ES\" \/>\n<meta property=\"og:type\" content=\"article\" \/>\n<meta property=\"og:title\" content=\"LE CREUSET Cocotte Oval Evolution de Hierro Fundido 29 cm Sea Salt\" \/>\n<meta property=\"og:description\" content=\"Tan vers\u00e1til como el cl\u00e1sico modelo redondo, en esta cocotte ovalada cabe una pierna entera de cordero sin ocupar todo el horno, por lo que tambi\u00e9n\" \/>\n<meta property=\"og:url\" content=\"https:\/\/www.erresse-shop.it\/es\/shop\/sartenes-y-ollas\/marmitas-y-cocottes\/le-creuset-cocotte-oval-evolution-de-hierro-fundido-29-cm-blanco-copia-2\/\" \/>\n<meta property=\"og:site_name\" content=\"Erresse Shop\" \/>\n<meta property=\"article:modified_time\" content=\"2025-03-17T10:25:01+00:00\" \/>\n<meta property=\"og:image\" content=\"https:\/\/www.erresse-shop.it\/wp-content\/uploads\/2025\/03\/LE-CREUSET-Cocotte-Ovale-Evolution-in-Ghisa-29-cm-Sea-Salt.jpg\" \/>\n\t<meta property=\"og:image:width\" content=\"1200\" \/>\n\t<meta property=\"og:image:height\" content=\"1200\" \/>\n\t<meta property=\"og:image:type\" content=\"image\/jpeg\" \/>\n<meta name=\"twitter:card\" content=\"summary_large_image\" \/>\n<script type=\"application\/ld+json\" class=\"yoast-schema-graph\">{\"@context\":\"https:\/\/schema.org\",\"@graph\":[{\"@type\":\"WebPage\",\"@id\":\"https:\/\/www.erresse-shop.it\/es\/shop\/sartenes-y-ollas\/marmitas-y-cocottes\/le-creuset-cocotte-oval-evolution-de-hierro-fundido-29-cm-blanco-copia-2\/\",\"url\":\"https:\/\/www.erresse-shop.it\/es\/shop\/sartenes-y-ollas\/marmitas-y-cocottes\/le-creuset-cocotte-oval-evolution-de-hierro-fundido-29-cm-blanco-copia-2\/\",\"name\":\"LE CREUSET Cocotte Oval Evolution de Hierro Fundido 29 cm Sea Salt - Erresse Shop\",\"isPartOf\":{\"@id\":\"https:\/\/www.erresse-shop.it\/es\/#website\"},\"datePublished\":\"2025-03-17T10:16:30+00:00\",\"dateModified\":\"2025-03-17T10:25:01+00:00\",\"description\":\"Tan vers\u00e1til como el cl\u00e1sico modelo redondo, en esta cocotte ovalada cabe una pierna entera de cordero sin ocupar todo el horno, por lo que tambi\u00e9n\",\"breadcrumb\":{\"@id\":\"https:\/\/www.erresse-shop.it\/es\/shop\/sartenes-y-ollas\/marmitas-y-cocottes\/le-creuset-cocotte-oval-evolution-de-hierro-fundido-29-cm-blanco-copia-2\/#breadcrumb\"},\"inLanguage\":\"es\",\"potentialAction\":[{\"@type\":\"ReadAction\",\"target\":[\"https:\/\/www.erresse-shop.it\/es\/shop\/sartenes-y-ollas\/marmitas-y-cocottes\/le-creuset-cocotte-oval-evolution-de-hierro-fundido-29-cm-blanco-copia-2\/\"]}]},{\"@type\":\"BreadcrumbList\",\"@id\":\"https:\/\/www.erresse-shop.it\/es\/shop\/sartenes-y-ollas\/marmitas-y-cocottes\/le-creuset-cocotte-oval-evolution-de-hierro-fundido-29-cm-blanco-copia-2\/#breadcrumb\",\"itemListElement\":[{\"@type\":\"ListItem\",\"position\":1,\"name\":\"Home\",\"item\":\"https:\/\/www.erresse-shop.it\/es\/\"},{\"@type\":\"ListItem\",\"position\":2,\"name\":\"Shop\",\"item\":\"https:\/\/www.erresse-shop.it\/es\/shop\/\"},{\"@type\":\"ListItem\",\"position\":3,\"name\":\"LE CREUSET Cocotte Oval Evolution de Hierro Fundido 29 cm Sea Salt\"}]},{\"@type\":\"WebSite\",\"@id\":\"https:\/\/www.erresse-shop.it\/es\/#website\",\"url\":\"https:\/\/www.erresse-shop.it\/es\/\",\"name\":\"Erresse Shop\",\"description\":\"Articoli di qualit\u00e0 per la casa\",\"potentialAction\":[{\"@type\":\"SearchAction\",\"target\":{\"@type\":\"EntryPoint\",\"urlTemplate\":\"https:\/\/www.erresse-shop.it\/es\/?s={search_term_string}\"},\"query-input\":\"required name=search_term_string\"}],\"inLanguage\":\"es\"}]}<\/script>\n<!-- \/ Yoast SEO Premium plugin. -->","yoast_head_json":{"title":"LE CREUSET Cocotte Oval Evolution de Hierro Fundido 29 cm Sea Salt - Erresse Shop","description":"Tan vers\u00e1til como el cl\u00e1sico modelo redondo, en esta cocotte ovalada cabe una pierna entera de cordero sin ocupar todo el horno, por lo que tambi\u00e9n","robots":{"index":"index","follow":"follow","max-snippet":"max-snippet:-1","max-image-preview":"max-image-preview:large","max-video-preview":"max-video-preview:-1"},"canonical":"https:\/\/www.erresse-shop.it\/es\/shop\/sartenes-y-ollas\/marmitas-y-cocottes\/le-creuset-cocotte-oval-evolution-de-hierro-fundido-29-cm-blanco-copia-2\/","og_locale":"es_ES","og_type":"article","og_title":"LE CREUSET Cocotte Oval Evolution de Hierro Fundido 29 cm Sea Salt","og_description":"Tan vers\u00e1til como el cl\u00e1sico modelo redondo, en esta cocotte ovalada cabe una pierna entera de cordero sin ocupar todo el horno, por lo que tambi\u00e9n","og_url":"https:\/\/www.erresse-shop.it\/es\/shop\/sartenes-y-ollas\/marmitas-y-cocottes\/le-creuset-cocotte-oval-evolution-de-hierro-fundido-29-cm-blanco-copia-2\/","og_site_name":"Erresse Shop","article_modified_time":"2025-03-17T10:25:01+00:00","og_image":[{"width":1200,"height":1200,"url":"https:\/\/www.erresse-shop.it\/wp-content\/uploads\/2025\/03\/LE-CREUSET-Cocotte-Ovale-Evolution-in-Ghisa-29-cm-Sea-Salt.jpg","type":"image\/jpeg"}],"twitter_card":"summary_large_image","schema":{"@context":"https:\/\/schema.org","@graph":[{"@type":"WebPage","@id":"https:\/\/www.erresse-shop.it\/es\/shop\/sartenes-y-ollas\/marmitas-y-cocottes\/le-creuset-cocotte-oval-evolution-de-hierro-fundido-29-cm-blanco-copia-2\/","url":"https:\/\/www.erresse-shop.it\/es\/shop\/sartenes-y-ollas\/marmitas-y-cocottes\/le-creuset-cocotte-oval-evolution-de-hierro-fundido-29-cm-blanco-copia-2\/","name":"LE CREUSET Cocotte Oval Evolution de Hierro Fundido 29 cm Sea Salt - Erresse Shop","isPartOf":{"@id":"https:\/\/www.erresse-shop.it\/es\/#website"},"datePublished":"2025-03-17T10:16:30+00:00","dateModified":"2025-03-17T10:25:01+00:00","description":"Tan vers\u00e1til como el cl\u00e1sico modelo redondo, en esta cocotte ovalada cabe una pierna entera de cordero sin ocupar todo el horno, por lo que tambi\u00e9n","breadcrumb":{"@id":"https:\/\/www.erresse-shop.it\/es\/shop\/sartenes-y-ollas\/marmitas-y-cocottes\/le-creuset-cocotte-oval-evolution-de-hierro-fundido-29-cm-blanco-copia-2\/#breadcrumb"},"inLanguage":"es","potentialAction":[{"@type":"ReadAction","target":["https:\/\/www.erresse-shop.it\/es\/shop\/sartenes-y-ollas\/marmitas-y-cocottes\/le-creuset-cocotte-oval-evolution-de-hierro-fundido-29-cm-blanco-copia-2\/"]}]},{"@type":"BreadcrumbList","@id":"https:\/\/www.erresse-shop.it\/es\/shop\/sartenes-y-ollas\/marmitas-y-cocottes\/le-creuset-cocotte-oval-evolution-de-hierro-fundido-29-cm-blanco-copia-2\/#breadcrumb","itemListElement":[{"@type":"ListItem","position":1,"name":"Home","item":"https:\/\/www.erresse-shop.it\/es\/"},{"@type":"ListItem","position":2,"name":"Shop","item":"https:\/\/www.erresse-shop.it\/es\/shop\/"},{"@type":"ListItem","position":3,"name":"LE CREUSET Cocotte Oval Evolution de Hierro Fundido 29 cm Sea Salt"}]},{"@type":"WebSite","@id":"https:\/\/www.erresse-shop.it\/es\/#website","url":"https:\/\/www.erresse-shop.it\/es\/","name":"Erresse Shop","description":"Articoli di qualit\u00e0 per la casa","potentialAction":[{"@type":"SearchAction","target":{"@type":"EntryPoint","urlTemplate":"https:\/\/www.erresse-shop.it\/es\/?s={search_term_string}"},"query-input":"required name=search_term_string"}],"inLanguage":"es"}]}},"df_price":170.55,"df_sale_price":170.55,"df_regular_price":379,"df_image_link":"https:\/\/www.erresse-shop.it\/wp-content\/uploads\/2025\/03\/LE-CREUSET-Cocotte-Ovale-Evolution-in-Ghisa-29-cm-Sea-Salt-300x300.jpg","_links":{"self":[{"href":"https:\/\/www.erresse-shop.it\/es\/wp-json\/wp\/v2\/product\/478662"}],"collection":[{"href":"https:\/\/www.erresse-shop.it\/es\/wp-json\/wp\/v2\/product"}],"about":[{"href":"https:\/\/www.erresse-shop.it\/es\/wp-json\/wp\/v2\/types\/product"}],"wp:featuredmedia":[{"embeddable":true,"href":"https:\/\/www.erresse-shop.it\/es\/wp-json\/wp\/v2\/media\/478692"}],"wp:attachment":[{"href":"https:\/\/www.erresse-shop.it\/es\/wp-json\/wp\/v2\/media?parent=478662"}],"wp:term":[{"taxonomy":"product_cat","embeddable":true,"href":"https:\/\/www.erresse-shop.it\/es\/wp-json\/wp\/v2\/product_cat?post=478662"},{"taxonomy":"product_tag","embeddable":true,"href":"https:\/\/www.erresse-shop.it\/es\/wp-json\/wp\/v2\/product_tag?post=478662"}],"curies":[{"name":"wp","href":"https:\/\/api.w.org\/{rel}","templated":true}]}}