{"id":478621,"date":"2025-03-17T09:55:41","date_gmt":"2025-03-17T09:55:51","guid":{"rendered":"https:\/\/www.erresse-shop.it\/?post_type=product&#038;p=478621"},"modified":"2025-03-17T10:13:29","modified_gmt":"2025-03-17T10:13:29","slug":"le-creuset-cocotte-oval-evolution-de-hierro-fundido-27-cm-garnet-copia","status":"publish","type":"product","link":"https:\/\/www.erresse-shop.it\/es\/shop\/sartenes-y-ollas\/marmitas-y-cocottes\/le-creuset-cocotte-oval-evolution-de-hierro-fundido-27-cm-garnet-copia\/","title":{"rendered":"LE CREUSET Cocotte Oval Evolution de Hierro Fundido 27 cm Sea Salt"},"content":{"rendered":"<p><strong>\u00a1TODOS A LA MESA!<\/strong><\/p>\n<p>Tan vers\u00e1til como el cl\u00e1sico modelo redondo, esta cocotte ovalada tiene capacidad para una pierna de cordero entera sin ocupar todo el horno, as\u00ed que tambi\u00e9n tendr\u00e1s espacio para guarniciones. Dondequiera que te lleve tu inspiraci\u00f3n culinaria, has encontrado la compa\u00f1era ideal para un viaje embriagador a trav\u00e9s de sabores y aromas.<\/p>\n<p style=\"text-align: justify;\"><strong>Detalles del producto:<\/strong><\/p>\n<ul>\n<li class=\"mb-3\">Nuestra perilla resistente al calor (hasta 260 \u00b0C) est\u00e1 dise\u00f1ada para proporcionar un agarre perfecto, incluso al usar una agarradera para levantar la tapa.<\/li>\n<li class=\"mb-3\">Limpieza r\u00e1pida: Una fina capa interior esmaltada facilita la limpieza.<\/li>\n<li class=\"mb-3\">Asas de ensue\u00f1o: Nuestras asas grandes facilitan el traslado de la placa a la mesa, incluso con guantes de cocina.<\/li>\n<li class=\"mb-3\">Versatilidad: Este producto es apto para horno, estufa y parrilla.<\/li>\n<li class=\"mb-3\">Comida deliciosa: El hierro fundido esmaltado retiene el calor para una cocci\u00f3n y un dorado uniformes. Tus deliciosas creaciones tambi\u00e9n se mantendr\u00e1n calientes por m\u00e1s tiempo en la mesa.<\/li>\n<li class=\"mb-3\">Mant\u00e9n el jugo: Nuestra tapa retiene el vapor generado al cocinar tus alimentos y realza los sabores, para obtener resultados extraordinarios.<\/li>\n<li class=\"mb-3\">F\u00e1cil agarre: Las elegantes y c\u00f3modas asas te permiten levantar tu producto con seguridad.<\/li>\n<li class=\"mb-3\">Un arco\u00edris de colores: Disponible en una amplia gama de colores, nuestra gama a\u00f1adir\u00e1 un toque de color a tu cocina.<\/li>\n<li class=\"mb-3\">No demasiado caliente: Cocina a fuego lento o medio constante para cuidar tu producto de hierro fundido esmaltado y lograr resultados deliciosos.<\/li>\n<li class=\"mb-3\">T\u00fa eliges: Disponible en varios tama\u00f1os para adaptarse a tus necesidades culinarias.<\/li>\n<li class=\"mb-3\">Lo mejor en su clase: Nuestros productos se fabrican con los mejores materiales en nuestras f\u00e1bricas ubicadas en todo el mundo para garantizar la calidad que esperas de Le Creuset.<\/li>\n<\/ul>\n<p>Material: hierro fundido esmaltado<br \/>\nFabricado en: Francia<br \/>\nGarant\u00eda: de por vida<\/p>\n<p>Capacidad: 4,1 L<\/p>\n<p><strong>Fuente de calor:<\/strong><\/p>\n<ul>\n<li>Horno<\/li>\n<li>Modo grill<\/li>\n<li>Placa el\u00e9ctrica<\/li>\n<li>Vitrocer\u00e1mica<\/li>\n<li>Placa de gas<\/li>\n<li>Placa de inducci\u00f3n<\/li>\n<\/ul>\n<p><strong>Limpieza y cuidado:<\/strong><\/p>\n<ul>\n<li>Espere a que el producto se enfr\u00ede antes de limpiarlo.<\/li>\n<li>Limpie cualquier residuo de la base y los laterales del producto. Si se atasca alg\u00fan alimento, llene el producto con agua tibia y jab\u00f3n y d\u00e9jelo en remojo de 15 a 20 minutos antes de lavarlo como de costumbre.<\/li>\n<li>No utilice limpiadores abrasivos ni esponjas o cepillos met\u00e1licos, abrasivos o muy duros en ninguna de las superficies.<\/li>\n<li>Seque bien despu\u00e9s del lavado y gu\u00e1rdelo en un lugar seco.<\/li>\n<\/ul>\n","protected":false},"excerpt":{"rendered":"<p>\u00a1TODOS A LA MESA! Tan vers\u00e1til como el cl\u00e1sico modelo redondo, esta cocotte ovalada tiene capacidad para una pierna de<\/p>\n","protected":false},"featured_media":478651,"template":"","meta":{"_acf_changed":false,"inline_featured_image":false},"product_cat":[16065,16058],"product_tag":[25090,16111,21537,16781,17104,16248,16158,21093,16654,24393,25023],"acf":[],"yoast_head":"<!-- This site is optimized with the Yoast SEO Premium plugin v18.6 (Yoast SEO v19.13) - https:\/\/yoast.com\/wordpress\/plugins\/seo\/ -->\n<title>LE CREUSET Cocotte Oval Evolution de Hierro Fundido 27 cm Sea Salt - Erresse Shop<\/title>\n<meta name=\"description\" content=\"\u00a1TODOS A LA MESA! Tan vers\u00e1til como el cl\u00e1sico modelo redondo, esta cocotte ovalada tiene capacidad para una pierna de cordero entera sin ocupar todo el\" \/>\n<meta name=\"robots\" content=\"index, follow, max-snippet:-1, max-image-preview:large, max-video-preview:-1\" \/>\n<link rel=\"canonical\" href=\"https:\/\/www.erresse-shop.it\/es\/shop\/sartenes-y-ollas\/marmitas-y-cocottes\/le-creuset-cocotte-oval-evolution-de-hierro-fundido-27-cm-garnet-copia\/\" \/>\n<meta property=\"og:locale\" content=\"es_ES\" \/>\n<meta property=\"og:type\" content=\"article\" \/>\n<meta property=\"og:title\" content=\"LE CREUSET Cocotte Oval Evolution de Hierro Fundido 27 cm Sea Salt\" \/>\n<meta property=\"og:description\" content=\"\u00a1TODOS A LA MESA! Tan vers\u00e1til como el cl\u00e1sico modelo redondo, esta cocotte ovalada tiene capacidad para una pierna de cordero entera sin ocupar todo el\" \/>\n<meta property=\"og:url\" content=\"https:\/\/www.erresse-shop.it\/es\/shop\/sartenes-y-ollas\/marmitas-y-cocottes\/le-creuset-cocotte-oval-evolution-de-hierro-fundido-27-cm-garnet-copia\/\" \/>\n<meta property=\"og:site_name\" content=\"Erresse Shop\" \/>\n<meta property=\"article:modified_time\" content=\"2025-03-17T10:13:29+00:00\" \/>\n<meta property=\"og:image\" content=\"https:\/\/www.erresse-shop.it\/wp-content\/uploads\/2025\/03\/LE-CREUSET-Cocotte-Ovale-Evolution-in-Ghisa-27-cm-Sea-Salt.jpg\" \/>\n\t<meta property=\"og:image:width\" content=\"1200\" \/>\n\t<meta property=\"og:image:height\" content=\"1200\" \/>\n\t<meta property=\"og:image:type\" content=\"image\/jpeg\" \/>\n<meta name=\"twitter:card\" content=\"summary_large_image\" \/>\n<script type=\"application\/ld+json\" class=\"yoast-schema-graph\">{\"@context\":\"https:\/\/schema.org\",\"@graph\":[{\"@type\":\"WebPage\",\"@id\":\"https:\/\/www.erresse-shop.it\/es\/shop\/sartenes-y-ollas\/marmitas-y-cocottes\/le-creuset-cocotte-oval-evolution-de-hierro-fundido-27-cm-garnet-copia\/\",\"url\":\"https:\/\/www.erresse-shop.it\/es\/shop\/sartenes-y-ollas\/marmitas-y-cocottes\/le-creuset-cocotte-oval-evolution-de-hierro-fundido-27-cm-garnet-copia\/\",\"name\":\"LE CREUSET Cocotte Oval Evolution de Hierro Fundido 27 cm Sea Salt - Erresse Shop\",\"isPartOf\":{\"@id\":\"https:\/\/www.erresse-shop.it\/es\/#website\"},\"datePublished\":\"2025-03-17T09:55:51+00:00\",\"dateModified\":\"2025-03-17T10:13:29+00:00\",\"description\":\"\u00a1TODOS A LA MESA! Tan vers\u00e1til como el cl\u00e1sico modelo redondo, esta cocotte ovalada tiene capacidad para una pierna de cordero entera sin ocupar todo el\",\"breadcrumb\":{\"@id\":\"https:\/\/www.erresse-shop.it\/es\/shop\/sartenes-y-ollas\/marmitas-y-cocottes\/le-creuset-cocotte-oval-evolution-de-hierro-fundido-27-cm-garnet-copia\/#breadcrumb\"},\"inLanguage\":\"es\",\"potentialAction\":[{\"@type\":\"ReadAction\",\"target\":[\"https:\/\/www.erresse-shop.it\/es\/shop\/sartenes-y-ollas\/marmitas-y-cocottes\/le-creuset-cocotte-oval-evolution-de-hierro-fundido-27-cm-garnet-copia\/\"]}]},{\"@type\":\"BreadcrumbList\",\"@id\":\"https:\/\/www.erresse-shop.it\/es\/shop\/sartenes-y-ollas\/marmitas-y-cocottes\/le-creuset-cocotte-oval-evolution-de-hierro-fundido-27-cm-garnet-copia\/#breadcrumb\",\"itemListElement\":[{\"@type\":\"ListItem\",\"position\":1,\"name\":\"Home\",\"item\":\"https:\/\/www.erresse-shop.it\/es\/\"},{\"@type\":\"ListItem\",\"position\":2,\"name\":\"Shop\",\"item\":\"https:\/\/www.erresse-shop.it\/es\/shop\/\"},{\"@type\":\"ListItem\",\"position\":3,\"name\":\"LE CREUSET Cocotte Oval Evolution de Hierro Fundido 27 cm Sea Salt\"}]},{\"@type\":\"WebSite\",\"@id\":\"https:\/\/www.erresse-shop.it\/es\/#website\",\"url\":\"https:\/\/www.erresse-shop.it\/es\/\",\"name\":\"Erresse Shop\",\"description\":\"Articoli di qualit\u00e0 per la casa\",\"potentialAction\":[{\"@type\":\"SearchAction\",\"target\":{\"@type\":\"EntryPoint\",\"urlTemplate\":\"https:\/\/www.erresse-shop.it\/es\/?s={search_term_string}\"},\"query-input\":\"required name=search_term_string\"}],\"inLanguage\":\"es\"}]}<\/script>\n<!-- \/ Yoast SEO Premium plugin. -->","yoast_head_json":{"title":"LE CREUSET Cocotte Oval Evolution de Hierro Fundido 27 cm Sea Salt - Erresse Shop","description":"\u00a1TODOS A LA MESA! Tan vers\u00e1til como el cl\u00e1sico modelo redondo, esta cocotte ovalada tiene capacidad para una pierna de cordero entera sin ocupar todo el","robots":{"index":"index","follow":"follow","max-snippet":"max-snippet:-1","max-image-preview":"max-image-preview:large","max-video-preview":"max-video-preview:-1"},"canonical":"https:\/\/www.erresse-shop.it\/es\/shop\/sartenes-y-ollas\/marmitas-y-cocottes\/le-creuset-cocotte-oval-evolution-de-hierro-fundido-27-cm-garnet-copia\/","og_locale":"es_ES","og_type":"article","og_title":"LE CREUSET Cocotte Oval Evolution de Hierro Fundido 27 cm Sea Salt","og_description":"\u00a1TODOS A LA MESA! Tan vers\u00e1til como el cl\u00e1sico modelo redondo, esta cocotte ovalada tiene capacidad para una pierna de cordero entera sin ocupar todo el","og_url":"https:\/\/www.erresse-shop.it\/es\/shop\/sartenes-y-ollas\/marmitas-y-cocottes\/le-creuset-cocotte-oval-evolution-de-hierro-fundido-27-cm-garnet-copia\/","og_site_name":"Erresse Shop","article_modified_time":"2025-03-17T10:13:29+00:00","og_image":[{"width":1200,"height":1200,"url":"https:\/\/www.erresse-shop.it\/wp-content\/uploads\/2025\/03\/LE-CREUSET-Cocotte-Ovale-Evolution-in-Ghisa-27-cm-Sea-Salt.jpg","type":"image\/jpeg"}],"twitter_card":"summary_large_image","schema":{"@context":"https:\/\/schema.org","@graph":[{"@type":"WebPage","@id":"https:\/\/www.erresse-shop.it\/es\/shop\/sartenes-y-ollas\/marmitas-y-cocottes\/le-creuset-cocotte-oval-evolution-de-hierro-fundido-27-cm-garnet-copia\/","url":"https:\/\/www.erresse-shop.it\/es\/shop\/sartenes-y-ollas\/marmitas-y-cocottes\/le-creuset-cocotte-oval-evolution-de-hierro-fundido-27-cm-garnet-copia\/","name":"LE CREUSET Cocotte Oval Evolution de Hierro Fundido 27 cm Sea Salt - Erresse Shop","isPartOf":{"@id":"https:\/\/www.erresse-shop.it\/es\/#website"},"datePublished":"2025-03-17T09:55:51+00:00","dateModified":"2025-03-17T10:13:29+00:00","description":"\u00a1TODOS A LA MESA! Tan vers\u00e1til como el cl\u00e1sico modelo redondo, esta cocotte ovalada tiene capacidad para una pierna de cordero entera sin ocupar todo el","breadcrumb":{"@id":"https:\/\/www.erresse-shop.it\/es\/shop\/sartenes-y-ollas\/marmitas-y-cocottes\/le-creuset-cocotte-oval-evolution-de-hierro-fundido-27-cm-garnet-copia\/#breadcrumb"},"inLanguage":"es","potentialAction":[{"@type":"ReadAction","target":["https:\/\/www.erresse-shop.it\/es\/shop\/sartenes-y-ollas\/marmitas-y-cocottes\/le-creuset-cocotte-oval-evolution-de-hierro-fundido-27-cm-garnet-copia\/"]}]},{"@type":"BreadcrumbList","@id":"https:\/\/www.erresse-shop.it\/es\/shop\/sartenes-y-ollas\/marmitas-y-cocottes\/le-creuset-cocotte-oval-evolution-de-hierro-fundido-27-cm-garnet-copia\/#breadcrumb","itemListElement":[{"@type":"ListItem","position":1,"name":"Home","item":"https:\/\/www.erresse-shop.it\/es\/"},{"@type":"ListItem","position":2,"name":"Shop","item":"https:\/\/www.erresse-shop.it\/es\/shop\/"},{"@type":"ListItem","position":3,"name":"LE CREUSET Cocotte Oval Evolution de Hierro Fundido 27 cm Sea Salt"}]},{"@type":"WebSite","@id":"https:\/\/www.erresse-shop.it\/es\/#website","url":"https:\/\/www.erresse-shop.it\/es\/","name":"Erresse Shop","description":"Articoli di qualit\u00e0 per la casa","potentialAction":[{"@type":"SearchAction","target":{"@type":"EntryPoint","urlTemplate":"https:\/\/www.erresse-shop.it\/es\/?s={search_term_string}"},"query-input":"required name=search_term_string"}],"inLanguage":"es"}]}},"df_price":219.95,"df_sale_price":219.95,"df_regular_price":325,"df_image_link":"https:\/\/www.erresse-shop.it\/wp-content\/uploads\/2025\/03\/LE-CREUSET-Cocotte-Ovale-Evolution-in-Ghisa-27-cm-Sea-Salt-300x300.jpg","_links":{"self":[{"href":"https:\/\/www.erresse-shop.it\/es\/wp-json\/wp\/v2\/product\/478621"}],"collection":[{"href":"https:\/\/www.erresse-shop.it\/es\/wp-json\/wp\/v2\/product"}],"about":[{"href":"https:\/\/www.erresse-shop.it\/es\/wp-json\/wp\/v2\/types\/product"}],"wp:featuredmedia":[{"embeddable":true,"href":"https:\/\/www.erresse-shop.it\/es\/wp-json\/wp\/v2\/media\/478651"}],"wp:attachment":[{"href":"https:\/\/www.erresse-shop.it\/es\/wp-json\/wp\/v2\/media?parent=478621"}],"wp:term":[{"taxonomy":"product_cat","embeddable":true,"href":"https:\/\/www.erresse-shop.it\/es\/wp-json\/wp\/v2\/product_cat?post=478621"},{"taxonomy":"product_tag","embeddable":true,"href":"https:\/\/www.erresse-shop.it\/es\/wp-json\/wp\/v2\/product_tag?post=478621"}],"curies":[{"name":"wp","href":"https:\/\/api.w.org\/{rel}","templated":true}]}}