{"id":478335,"date":"2025-03-17T07:57:29","date_gmt":"2025-03-17T07:57:32","guid":{"rendered":"https:\/\/www.erresse-shop.it\/?post_type=product&#038;p=478335"},"modified":"2025-03-17T08:17:46","modified_gmt":"2025-03-17T08:17:46","slug":"le-creuset-parrilla-rectangular-de-hierro-fundido-32x22-cm-sea-salt-copia","status":"publish","type":"product","link":"https:\/\/www.erresse-shop.it\/es\/shop\/sartenes-y-ollas\/parrillas\/le-creuset-parrilla-rectangular-de-hierro-fundido-32x22-cm-sea-salt-copia\/","title":{"rendered":"LE CREUSET Parrilla redonda BBQ Outdoor en hierro fundido 25 cm Negro"},"content":{"rendered":"<p>Lleva tu cocina m\u00e1s all\u00e1 con la parrilla redonda de hierro fundido para barbacoa, ideal para sellar filetes, fre\u00edr huevos e incluso voltear panqueques sobre una llama abierta. Con una superficie generosa y lados angulados, es ideal para remover y voltear, pero con el tama\u00f1o perfecto para la parrilla.<\/p>\n<ul>\n<li class=\"mb-3\">Sabores exquisitos: El hierro fundido esmaltado retiene el calor para una cocci\u00f3n y un dorado uniformes. Tus deliciosas creaciones se mantendr\u00e1n calientes durante m\u00e1s tiempo, incluso en la mesa.<\/li>\n<li class=\"mb-3\">Mejora con el tiempo: El interior esmaltado desarrolla una p\u00e1tina natural. Su acabado evita que los alimentos se peguen incluso con un poco de condimento. Lave el producto preferiblemente solo con agua.<\/li>\n<li class=\"mb-3\">Excelente en su clase: nuestros productos se fabrican con los mejores materiales en f\u00e1bricas de todo el mundo para garantizar la calidad que espera de Le Creuset.<\/li>\n<\/ul>\n<p>Material: hierro fundido esmaltado<br \/>\nHecho en: Francia<br \/>\nGarant\u00eda: de por vida<\/p>\n<p><strong>Fuente de calor:<\/strong><\/p>\n<div class=\"text-center Icons-align Col-md-4 Col-xl-2 Pb-3 Col-6 Col-sm-2 HeatSource-item\">\n<ul>\n<li>Horno<\/li>\n<li>Placa de gas<\/li>\n<li>Parrilla<\/li>\n<li>Horno de le\u00f1a<\/li>\n<li>Horno para pizza<\/li>\n<\/ul>\n<\/div>\n<p><strong>Limpieza y cuidado:<\/strong><\/p>\n<ul>\n<li>Espere a que el producto se enfr\u00ede por completo antes de comenzar a limpiarlo.<\/li>\n<li>No utilice detergentes agresivos, esponjas abrasivas o met\u00e1licas, ni cepillos muy duros o r\u00edgidos para limpiar las superficies.<\/li>\n<li>Despu\u00e9s del lavado, seque bien el producto y gu\u00e1rdelo en un lugar seco.<\/li>\n<\/ul>\n","protected":false},"excerpt":{"rendered":"<p>Lleva tu cocina m\u00e1s all\u00e1 con la parrilla redonda de hierro fundido para barbacoa, ideal para sellar filetes, fre\u00edr huevos<\/p>\n","protected":false},"featured_media":478367,"template":"","meta":{"_acf_changed":false,"inline_featured_image":false},"product_cat":[16060,16058],"product_tag":[25090,21537,16139,16248,16158,16654,16138,16168,25023],"acf":[],"yoast_head":"<!-- This site is optimized with the Yoast SEO Premium plugin v18.6 (Yoast SEO v19.13) - https:\/\/yoast.com\/wordpress\/plugins\/seo\/ -->\n<title>LE CREUSET Parrilla redonda BBQ Outdoor en hierro fundido 25 cm Negro - Erresse Shop<\/title>\n<meta name=\"description\" content=\"Lleva tu cocina m\u00e1s all\u00e1 con la parrilla redonda de hierro fundido para barbacoa, ideal para sellar filetes, fre\u00edr huevos e incluso voltear panqueques\" \/>\n<meta name=\"robots\" content=\"index, follow, max-snippet:-1, max-image-preview:large, max-video-preview:-1\" \/>\n<link rel=\"canonical\" href=\"https:\/\/www.erresse-shop.it\/es\/shop\/sartenes-y-ollas\/parrillas\/le-creuset-parrilla-rectangular-de-hierro-fundido-32x22-cm-sea-salt-copia\/\" \/>\n<meta property=\"og:locale\" content=\"es_ES\" \/>\n<meta property=\"og:type\" content=\"article\" \/>\n<meta property=\"og:title\" content=\"LE CREUSET Parrilla redonda BBQ Outdoor en hierro fundido 25 cm Negro\" \/>\n<meta property=\"og:description\" content=\"Lleva tu cocina m\u00e1s all\u00e1 con la parrilla redonda de hierro fundido para barbacoa, ideal para sellar filetes, fre\u00edr huevos e incluso voltear panqueques\" \/>\n<meta property=\"og:url\" content=\"https:\/\/www.erresse-shop.it\/es\/shop\/sartenes-y-ollas\/parrillas\/le-creuset-parrilla-rectangular-de-hierro-fundido-32x22-cm-sea-salt-copia\/\" \/>\n<meta property=\"og:site_name\" content=\"Erresse Shop\" \/>\n<meta property=\"article:modified_time\" content=\"2025-03-17T08:17:46+00:00\" \/>\n<meta property=\"og:image\" content=\"https:\/\/www.erresse-shop.it\/wp-content\/uploads\/2025\/03\/LE-CREUSET-Grill-Rotondo-BBQ-Outdoor-in-Ghisa-Nero.jpg\" \/>\n\t<meta property=\"og:image:width\" content=\"1200\" \/>\n\t<meta property=\"og:image:height\" content=\"1200\" \/>\n\t<meta property=\"og:image:type\" content=\"image\/jpeg\" \/>\n<meta name=\"twitter:card\" content=\"summary_large_image\" \/>\n<script type=\"application\/ld+json\" class=\"yoast-schema-graph\">{\"@context\":\"https:\/\/schema.org\",\"@graph\":[{\"@type\":\"WebPage\",\"@id\":\"https:\/\/www.erresse-shop.it\/es\/shop\/sartenes-y-ollas\/parrillas\/le-creuset-parrilla-rectangular-de-hierro-fundido-32x22-cm-sea-salt-copia\/\",\"url\":\"https:\/\/www.erresse-shop.it\/es\/shop\/sartenes-y-ollas\/parrillas\/le-creuset-parrilla-rectangular-de-hierro-fundido-32x22-cm-sea-salt-copia\/\",\"name\":\"LE CREUSET Parrilla redonda BBQ Outdoor en hierro fundido 25 cm Negro - Erresse Shop\",\"isPartOf\":{\"@id\":\"https:\/\/www.erresse-shop.it\/es\/#website\"},\"datePublished\":\"2025-03-17T07:57:32+00:00\",\"dateModified\":\"2025-03-17T08:17:46+00:00\",\"description\":\"Lleva tu cocina m\u00e1s all\u00e1 con la parrilla redonda de hierro fundido para barbacoa, ideal para sellar filetes, fre\u00edr huevos e incluso voltear panqueques\",\"breadcrumb\":{\"@id\":\"https:\/\/www.erresse-shop.it\/es\/shop\/sartenes-y-ollas\/parrillas\/le-creuset-parrilla-rectangular-de-hierro-fundido-32x22-cm-sea-salt-copia\/#breadcrumb\"},\"inLanguage\":\"es\",\"potentialAction\":[{\"@type\":\"ReadAction\",\"target\":[\"https:\/\/www.erresse-shop.it\/es\/shop\/sartenes-y-ollas\/parrillas\/le-creuset-parrilla-rectangular-de-hierro-fundido-32x22-cm-sea-salt-copia\/\"]}]},{\"@type\":\"BreadcrumbList\",\"@id\":\"https:\/\/www.erresse-shop.it\/es\/shop\/sartenes-y-ollas\/parrillas\/le-creuset-parrilla-rectangular-de-hierro-fundido-32x22-cm-sea-salt-copia\/#breadcrumb\",\"itemListElement\":[{\"@type\":\"ListItem\",\"position\":1,\"name\":\"Home\",\"item\":\"https:\/\/www.erresse-shop.it\/es\/\"},{\"@type\":\"ListItem\",\"position\":2,\"name\":\"Shop\",\"item\":\"https:\/\/www.erresse-shop.it\/es\/shop\/\"},{\"@type\":\"ListItem\",\"position\":3,\"name\":\"LE CREUSET Parrilla redonda BBQ Outdoor en hierro fundido 25 cm Negro\"}]},{\"@type\":\"WebSite\",\"@id\":\"https:\/\/www.erresse-shop.it\/es\/#website\",\"url\":\"https:\/\/www.erresse-shop.it\/es\/\",\"name\":\"Erresse Shop\",\"description\":\"Articoli di qualit\u00e0 per la casa\",\"potentialAction\":[{\"@type\":\"SearchAction\",\"target\":{\"@type\":\"EntryPoint\",\"urlTemplate\":\"https:\/\/www.erresse-shop.it\/es\/?s={search_term_string}\"},\"query-input\":\"required name=search_term_string\"}],\"inLanguage\":\"es\"}]}<\/script>\n<!-- \/ Yoast SEO Premium plugin. -->","yoast_head_json":{"title":"LE CREUSET Parrilla redonda BBQ Outdoor en hierro fundido 25 cm Negro - Erresse Shop","description":"Lleva tu cocina m\u00e1s all\u00e1 con la parrilla redonda de hierro fundido para barbacoa, ideal para sellar filetes, fre\u00edr huevos e incluso voltear panqueques","robots":{"index":"index","follow":"follow","max-snippet":"max-snippet:-1","max-image-preview":"max-image-preview:large","max-video-preview":"max-video-preview:-1"},"canonical":"https:\/\/www.erresse-shop.it\/es\/shop\/sartenes-y-ollas\/parrillas\/le-creuset-parrilla-rectangular-de-hierro-fundido-32x22-cm-sea-salt-copia\/","og_locale":"es_ES","og_type":"article","og_title":"LE CREUSET Parrilla redonda BBQ Outdoor en hierro fundido 25 cm Negro","og_description":"Lleva tu cocina m\u00e1s all\u00e1 con la parrilla redonda de hierro fundido para barbacoa, ideal para sellar filetes, fre\u00edr huevos e incluso voltear panqueques","og_url":"https:\/\/www.erresse-shop.it\/es\/shop\/sartenes-y-ollas\/parrillas\/le-creuset-parrilla-rectangular-de-hierro-fundido-32x22-cm-sea-salt-copia\/","og_site_name":"Erresse Shop","article_modified_time":"2025-03-17T08:17:46+00:00","og_image":[{"width":1200,"height":1200,"url":"https:\/\/www.erresse-shop.it\/wp-content\/uploads\/2025\/03\/LE-CREUSET-Grill-Rotondo-BBQ-Outdoor-in-Ghisa-Nero.jpg","type":"image\/jpeg"}],"twitter_card":"summary_large_image","schema":{"@context":"https:\/\/schema.org","@graph":[{"@type":"WebPage","@id":"https:\/\/www.erresse-shop.it\/es\/shop\/sartenes-y-ollas\/parrillas\/le-creuset-parrilla-rectangular-de-hierro-fundido-32x22-cm-sea-salt-copia\/","url":"https:\/\/www.erresse-shop.it\/es\/shop\/sartenes-y-ollas\/parrillas\/le-creuset-parrilla-rectangular-de-hierro-fundido-32x22-cm-sea-salt-copia\/","name":"LE CREUSET Parrilla redonda BBQ Outdoor en hierro fundido 25 cm Negro - Erresse Shop","isPartOf":{"@id":"https:\/\/www.erresse-shop.it\/es\/#website"},"datePublished":"2025-03-17T07:57:32+00:00","dateModified":"2025-03-17T08:17:46+00:00","description":"Lleva tu cocina m\u00e1s all\u00e1 con la parrilla redonda de hierro fundido para barbacoa, ideal para sellar filetes, fre\u00edr huevos e incluso voltear panqueques","breadcrumb":{"@id":"https:\/\/www.erresse-shop.it\/es\/shop\/sartenes-y-ollas\/parrillas\/le-creuset-parrilla-rectangular-de-hierro-fundido-32x22-cm-sea-salt-copia\/#breadcrumb"},"inLanguage":"es","potentialAction":[{"@type":"ReadAction","target":["https:\/\/www.erresse-shop.it\/es\/shop\/sartenes-y-ollas\/parrillas\/le-creuset-parrilla-rectangular-de-hierro-fundido-32x22-cm-sea-salt-copia\/"]}]},{"@type":"BreadcrumbList","@id":"https:\/\/www.erresse-shop.it\/es\/shop\/sartenes-y-ollas\/parrillas\/le-creuset-parrilla-rectangular-de-hierro-fundido-32x22-cm-sea-salt-copia\/#breadcrumb","itemListElement":[{"@type":"ListItem","position":1,"name":"Home","item":"https:\/\/www.erresse-shop.it\/es\/"},{"@type":"ListItem","position":2,"name":"Shop","item":"https:\/\/www.erresse-shop.it\/es\/shop\/"},{"@type":"ListItem","position":3,"name":"LE CREUSET Parrilla redonda BBQ Outdoor en hierro fundido 25 cm Negro"}]},{"@type":"WebSite","@id":"https:\/\/www.erresse-shop.it\/es\/#website","url":"https:\/\/www.erresse-shop.it\/es\/","name":"Erresse Shop","description":"Articoli di qualit\u00e0 per la casa","potentialAction":[{"@type":"SearchAction","target":{"@type":"EntryPoint","urlTemplate":"https:\/\/www.erresse-shop.it\/es\/?s={search_term_string}"},"query-input":"required name=search_term_string"}],"inLanguage":"es"}]}},"df_price":71.55,"df_sale_price":71.55,"df_regular_price":159,"df_image_link":"https:\/\/www.erresse-shop.it\/wp-content\/uploads\/2025\/03\/LE-CREUSET-Grill-Rotondo-BBQ-Outdoor-in-Ghisa-Nero-300x300.jpg","_links":{"self":[{"href":"https:\/\/www.erresse-shop.it\/es\/wp-json\/wp\/v2\/product\/478335"}],"collection":[{"href":"https:\/\/www.erresse-shop.it\/es\/wp-json\/wp\/v2\/product"}],"about":[{"href":"https:\/\/www.erresse-shop.it\/es\/wp-json\/wp\/v2\/types\/product"}],"wp:featuredmedia":[{"embeddable":true,"href":"https:\/\/www.erresse-shop.it\/es\/wp-json\/wp\/v2\/media\/478367"}],"wp:attachment":[{"href":"https:\/\/www.erresse-shop.it\/es\/wp-json\/wp\/v2\/media?parent=478335"}],"wp:term":[{"taxonomy":"product_cat","embeddable":true,"href":"https:\/\/www.erresse-shop.it\/es\/wp-json\/wp\/v2\/product_cat?post=478335"},{"taxonomy":"product_tag","embeddable":true,"href":"https:\/\/www.erresse-shop.it\/es\/wp-json\/wp\/v2\/product_tag?post=478335"}],"curies":[{"name":"wp","href":"https:\/\/api.w.org\/{rel}","templated":true}]}}