{"id":478090,"date":"2025-03-14T11:54:31","date_gmt":"2025-03-14T11:54:33","guid":{"rendered":"https:\/\/www.erresse-shop.it\/?post_type=product&#038;p=478090"},"modified":"2026-02-23T08:55:09","modified_gmt":"2026-02-23T08:55:09","slug":"le-creuset-sarten-skillet-de-hierro-fundido-23-cm-sea-salt","status":"publish","type":"product","link":"https:\/\/www.erresse-shop.it\/es\/shop\/sartenes-y-ollas\/sartenes\/le-creuset-sarten-skillet-de-hierro-fundido-23-cm-sea-salt\/","title":{"rendered":"LE CREUSET Sart\u00e9n Skillet de Hierro Fundido 23 cm Sea Salt"},"content":{"rendered":"<p>Chefs y aficionados a la cocina conf\u00edan plenamente en nuestra sart\u00e9n: gracias a su interior de esmalte negro mate, la caramelizaci\u00f3n consigue resultados nunca vistos. Imprescindible en la cocina, se puede usar en la placa, el horno e incluso en modo grill, y es ideal para sellar, sellar y dorar.<\/p>\n<ul>\n<li class=\"mb-3\">Versatilidad: este producto es apto para horno, vitrocer\u00e1mica y horno en modo grill.<\/li>\n<li class=\"mb-3\">Comida con un sabor exquisito: el hierro fundido esmaltado retiene el calor para una cocci\u00f3n y un dorado uniformes. Tus deliciosas creaciones se mantendr\u00e1n calientes por m\u00e1s tiempo, incluso en la mesa.<\/li>\n<li class=\"mb-3\">F\u00e1cil agarre: Las elegantes y c\u00f3modas asas te permiten levantar tu producto con seguridad.<\/li>\n<li class=\"mb-3\">Una valiosa ayuda: La pr\u00e1ctica asa te permite levantar f\u00e1cilmente tu producto y moverlo entre la placa, el horno y la mesa.<\/li>\n<li class=\"mb-3\">Vierte sin dudar: Los picos laterales facilitan el vertido (sin goteo).<\/li>\n<li class=\"mb-3\">Un arco\u00edris de colores: Disponible en una amplia gama de colores, nuestra gama a\u00f1adir\u00e1 un toque de color a tu cocina.<\/li>\n<li class=\"mb-3\">No demasiado caliente: Cocina a fuego lento o medio constante para cuidar tu producto de hierro fundido esmaltado y lograr resultados deliciosos.<\/li>\n<li class=\"mb-3\">T\u00fa eliges: Disponible en varios tama\u00f1os para adaptarse a tus necesidades culinarias.<\/li>\n<li class=\"mb-3\">Mejora con el tiempo: El interior esmaltado se desarrolla. Una p\u00e1tina natural que act\u00faa casi como una superficie antiadherente. Su acabado evita que los alimentos se peguen incluso con peque\u00f1as cantidades de aceite. Lave el producto \u00fanicamente con agua para que se desarrolle la p\u00e1tina.<\/li>\n<li>Excelente en su clase: Nuestros productos se fabrican con los mejores materiales en f\u00e1bricas de todo el mundo para garantizar la calidad que espera de Le Creuset.<\/li>\n<\/ul>\n<p>Material: Hierro fundido vitrificado<br \/>\nHecho en: Francia<br \/>\nGarant\u00eda: De por vida<\/p>\n<p><strong>Fuente de calor:<\/strong><\/p>\n<ul>\n<li>Horno<\/li>\n<li>Horno grill<\/li>\n<li>Placa el\u00e9ctrica<\/li>\n<li>Vitrocer\u00e1mica<\/li>\n<li>Placa de gas<\/li>\n<li>Placa de inducci\u00f3n<\/li>\n<\/ul>\n<p><strong>Limpieza y cuidado:<\/strong><\/p>\n<ul>\n<li>Espere a que el producto se enfr\u00ede antes de comenzar a limpiarlo.<\/li>\n<li>Limpie cualquier residuo de la base y los laterales del producto. Si se atasca alg\u00fan alimento, llene el producto con agua tibia y jab\u00f3n y d\u00e9jelo en remojo de 15 a 20 minutos antes de lavarlo como de costumbre.<\/li>\n<li>No utilice limpiadores abrasivos ni esponjas o cepillos met\u00e1licos, abrasivos o muy duros en ninguna de las superficies.<\/li>\n<li>Seque bien despu\u00e9s del lavado y gu\u00e1rdelo en un lugar seco.<\/li>\n<\/ul>\n<p><strong>Dimensiones:<\/strong><\/p>\n<div class=\"row\">\n<div class=\"col-12 d-flex\">\n<div class=\"col-6 pl-0 border-image-top-2 py-1-2 length\">Largo: 40,7 cm<\/div>\n<\/div>\n<\/div>\n<div class=\"row\">\n<div class=\"col-12 d-flex\">\n<div class=\"col-6 pl-0 border-image-top-2 py-1-2 width\">Ancho: 26,9 cm<\/div>\n<\/div>\n<\/div>\n<div class=\"row\">\n<div>\n<div class=\"col-6 pl-0 border-image-top-2 py-1-2 height\">Altura: 5 cm<\/div>\n<\/div>\n<\/div>\n<div class=\"row\">\n<div class=\"col-12 d-flex\">\n<div class=\"col-6 pl-0 border-image-top-2 py-1-2 Depth\">Profundidad: 3,4 cm<\/div>\n<\/div>\n<\/div>\n","protected":false},"excerpt":{"rendered":"<p>Chefs y aficionados a la cocina conf\u00edan plenamente en nuestra sart\u00e9n: gracias a su interior de esmalte negro mate, la<\/p>\n","protected":false},"featured_media":478119,"template":"","meta":{"_acf_changed":false,"inline_featured_image":false},"product_cat":[16066,16058],"product_tag":[21537,16248,16158,16654,16160],"acf":[],"yoast_head":"<!-- This site is optimized with the Yoast SEO Premium plugin v18.6 (Yoast SEO v19.13) - https:\/\/yoast.com\/wordpress\/plugins\/seo\/ -->\n<title>LE CREUSET Sart\u00e9n Skillet de Hierro Fundido 23 cm Sea Salt - Erresse Shop<\/title>\n<meta name=\"description\" content=\"Chefs y aficionados a la cocina conf\u00edan plenamente en nuestra sart\u00e9n: gracias a su interior de esmalte negro mate, la caramelizaci\u00f3n consigue resultados\" \/>\n<meta name=\"robots\" content=\"index, follow, max-snippet:-1, max-image-preview:large, max-video-preview:-1\" \/>\n<link rel=\"canonical\" href=\"https:\/\/www.erresse-shop.it\/es\/shop\/sartenes-y-ollas\/sartenes\/le-creuset-sarten-skillet-de-hierro-fundido-23-cm-sea-salt\/\" \/>\n<meta property=\"og:locale\" content=\"es_ES\" \/>\n<meta property=\"og:type\" content=\"article\" \/>\n<meta property=\"og:title\" content=\"LE CREUSET Sart\u00e9n Skillet de Hierro Fundido 23 cm Sea Salt\" \/>\n<meta property=\"og:description\" content=\"Chefs y aficionados a la cocina conf\u00edan plenamente en nuestra sart\u00e9n: gracias a su interior de esmalte negro mate, la caramelizaci\u00f3n consigue resultados\" \/>\n<meta property=\"og:url\" content=\"https:\/\/www.erresse-shop.it\/es\/shop\/sartenes-y-ollas\/sartenes\/le-creuset-sarten-skillet-de-hierro-fundido-23-cm-sea-salt\/\" \/>\n<meta property=\"og:site_name\" content=\"Erresse Shop\" \/>\n<meta property=\"article:modified_time\" content=\"2026-02-23T08:55:09+00:00\" \/>\n<meta property=\"og:image\" content=\"https:\/\/www.erresse-shop.it\/wp-content\/uploads\/2025\/03\/LE-CREUSET-Padella-Evolution-Doppio-Becco-23-cm-Sea-Salt.jpg\" \/>\n\t<meta property=\"og:image:width\" content=\"1200\" \/>\n\t<meta property=\"og:image:height\" content=\"1200\" \/>\n\t<meta property=\"og:image:type\" content=\"image\/jpeg\" \/>\n<meta name=\"twitter:card\" content=\"summary_large_image\" \/>\n<script type=\"application\/ld+json\" class=\"yoast-schema-graph\">{\"@context\":\"https:\/\/schema.org\",\"@graph\":[{\"@type\":\"WebPage\",\"@id\":\"https:\/\/www.erresse-shop.it\/es\/shop\/sartenes-y-ollas\/sartenes\/le-creuset-sarten-skillet-de-hierro-fundido-23-cm-sea-salt\/\",\"url\":\"https:\/\/www.erresse-shop.it\/es\/shop\/sartenes-y-ollas\/sartenes\/le-creuset-sarten-skillet-de-hierro-fundido-23-cm-sea-salt\/\",\"name\":\"LE CREUSET Sart\u00e9n Skillet de Hierro Fundido 23 cm Sea Salt - Erresse Shop\",\"isPartOf\":{\"@id\":\"https:\/\/www.erresse-shop.it\/es\/#website\"},\"datePublished\":\"2025-03-14T11:54:33+00:00\",\"dateModified\":\"2026-02-23T08:55:09+00:00\",\"description\":\"Chefs y aficionados a la cocina conf\u00edan plenamente en nuestra sart\u00e9n: gracias a su interior de esmalte negro mate, la caramelizaci\u00f3n consigue resultados\",\"breadcrumb\":{\"@id\":\"https:\/\/www.erresse-shop.it\/es\/shop\/sartenes-y-ollas\/sartenes\/le-creuset-sarten-skillet-de-hierro-fundido-23-cm-sea-salt\/#breadcrumb\"},\"inLanguage\":\"es\",\"potentialAction\":[{\"@type\":\"ReadAction\",\"target\":[\"https:\/\/www.erresse-shop.it\/es\/shop\/sartenes-y-ollas\/sartenes\/le-creuset-sarten-skillet-de-hierro-fundido-23-cm-sea-salt\/\"]}]},{\"@type\":\"BreadcrumbList\",\"@id\":\"https:\/\/www.erresse-shop.it\/es\/shop\/sartenes-y-ollas\/sartenes\/le-creuset-sarten-skillet-de-hierro-fundido-23-cm-sea-salt\/#breadcrumb\",\"itemListElement\":[{\"@type\":\"ListItem\",\"position\":1,\"name\":\"Home\",\"item\":\"https:\/\/www.erresse-shop.it\/es\/\"},{\"@type\":\"ListItem\",\"position\":2,\"name\":\"Shop\",\"item\":\"https:\/\/www.erresse-shop.it\/es\/shop\/\"},{\"@type\":\"ListItem\",\"position\":3,\"name\":\"LE CREUSET Sart\u00e9n Skillet de Hierro Fundido 23 cm Sea Salt\"}]},{\"@type\":\"WebSite\",\"@id\":\"https:\/\/www.erresse-shop.it\/es\/#website\",\"url\":\"https:\/\/www.erresse-shop.it\/es\/\",\"name\":\"Erresse Shop\",\"description\":\"Articoli di qualit\u00e0 per la casa\",\"potentialAction\":[{\"@type\":\"SearchAction\",\"target\":{\"@type\":\"EntryPoint\",\"urlTemplate\":\"https:\/\/www.erresse-shop.it\/es\/?s={search_term_string}\"},\"query-input\":\"required name=search_term_string\"}],\"inLanguage\":\"es\"}]}<\/script>\n<!-- \/ Yoast SEO Premium plugin. -->","yoast_head_json":{"title":"LE CREUSET Sart\u00e9n Skillet de Hierro Fundido 23 cm Sea Salt - Erresse Shop","description":"Chefs y aficionados a la cocina conf\u00edan plenamente en nuestra sart\u00e9n: gracias a su interior de esmalte negro mate, la caramelizaci\u00f3n consigue resultados","robots":{"index":"index","follow":"follow","max-snippet":"max-snippet:-1","max-image-preview":"max-image-preview:large","max-video-preview":"max-video-preview:-1"},"canonical":"https:\/\/www.erresse-shop.it\/es\/shop\/sartenes-y-ollas\/sartenes\/le-creuset-sarten-skillet-de-hierro-fundido-23-cm-sea-salt\/","og_locale":"es_ES","og_type":"article","og_title":"LE CREUSET Sart\u00e9n Skillet de Hierro Fundido 23 cm Sea Salt","og_description":"Chefs y aficionados a la cocina conf\u00edan plenamente en nuestra sart\u00e9n: gracias a su interior de esmalte negro mate, la caramelizaci\u00f3n consigue resultados","og_url":"https:\/\/www.erresse-shop.it\/es\/shop\/sartenes-y-ollas\/sartenes\/le-creuset-sarten-skillet-de-hierro-fundido-23-cm-sea-salt\/","og_site_name":"Erresse Shop","article_modified_time":"2026-02-23T08:55:09+00:00","og_image":[{"width":1200,"height":1200,"url":"https:\/\/www.erresse-shop.it\/wp-content\/uploads\/2025\/03\/LE-CREUSET-Padella-Evolution-Doppio-Becco-23-cm-Sea-Salt.jpg","type":"image\/jpeg"}],"twitter_card":"summary_large_image","schema":{"@context":"https:\/\/schema.org","@graph":[{"@type":"WebPage","@id":"https:\/\/www.erresse-shop.it\/es\/shop\/sartenes-y-ollas\/sartenes\/le-creuset-sarten-skillet-de-hierro-fundido-23-cm-sea-salt\/","url":"https:\/\/www.erresse-shop.it\/es\/shop\/sartenes-y-ollas\/sartenes\/le-creuset-sarten-skillet-de-hierro-fundido-23-cm-sea-salt\/","name":"LE CREUSET Sart\u00e9n Skillet de Hierro Fundido 23 cm Sea Salt - Erresse Shop","isPartOf":{"@id":"https:\/\/www.erresse-shop.it\/es\/#website"},"datePublished":"2025-03-14T11:54:33+00:00","dateModified":"2026-02-23T08:55:09+00:00","description":"Chefs y aficionados a la cocina conf\u00edan plenamente en nuestra sart\u00e9n: gracias a su interior de esmalte negro mate, la caramelizaci\u00f3n consigue resultados","breadcrumb":{"@id":"https:\/\/www.erresse-shop.it\/es\/shop\/sartenes-y-ollas\/sartenes\/le-creuset-sarten-skillet-de-hierro-fundido-23-cm-sea-salt\/#breadcrumb"},"inLanguage":"es","potentialAction":[{"@type":"ReadAction","target":["https:\/\/www.erresse-shop.it\/es\/shop\/sartenes-y-ollas\/sartenes\/le-creuset-sarten-skillet-de-hierro-fundido-23-cm-sea-salt\/"]}]},{"@type":"BreadcrumbList","@id":"https:\/\/www.erresse-shop.it\/es\/shop\/sartenes-y-ollas\/sartenes\/le-creuset-sarten-skillet-de-hierro-fundido-23-cm-sea-salt\/#breadcrumb","itemListElement":[{"@type":"ListItem","position":1,"name":"Home","item":"https:\/\/www.erresse-shop.it\/es\/"},{"@type":"ListItem","position":2,"name":"Shop","item":"https:\/\/www.erresse-shop.it\/es\/shop\/"},{"@type":"ListItem","position":3,"name":"LE CREUSET Sart\u00e9n Skillet de Hierro Fundido 23 cm Sea Salt"}]},{"@type":"WebSite","@id":"https:\/\/www.erresse-shop.it\/es\/#website","url":"https:\/\/www.erresse-shop.it\/es\/","name":"Erresse Shop","description":"Articoli di qualit\u00e0 per la casa","potentialAction":[{"@type":"SearchAction","target":{"@type":"EntryPoint","urlTemplate":"https:\/\/www.erresse-shop.it\/es\/?s={search_term_string}"},"query-input":"required name=search_term_string"}],"inLanguage":"es"}]}},"df_price":112.95,"df_sale_price":112.95,"df_regular_price":175,"df_image_link":"https:\/\/www.erresse-shop.it\/wp-content\/uploads\/2025\/03\/LE-CREUSET-Padella-Evolution-Doppio-Becco-23-cm-Sea-Salt-300x300.jpg","_links":{"self":[{"href":"https:\/\/www.erresse-shop.it\/es\/wp-json\/wp\/v2\/product\/478090"}],"collection":[{"href":"https:\/\/www.erresse-shop.it\/es\/wp-json\/wp\/v2\/product"}],"about":[{"href":"https:\/\/www.erresse-shop.it\/es\/wp-json\/wp\/v2\/types\/product"}],"wp:featuredmedia":[{"embeddable":true,"href":"https:\/\/www.erresse-shop.it\/es\/wp-json\/wp\/v2\/media\/478119"}],"wp:attachment":[{"href":"https:\/\/www.erresse-shop.it\/es\/wp-json\/wp\/v2\/media?parent=478090"}],"wp:term":[{"taxonomy":"product_cat","embeddable":true,"href":"https:\/\/www.erresse-shop.it\/es\/wp-json\/wp\/v2\/product_cat?post=478090"},{"taxonomy":"product_tag","embeddable":true,"href":"https:\/\/www.erresse-shop.it\/es\/wp-json\/wp\/v2\/product_tag?post=478090"}],"curies":[{"name":"wp","href":"https:\/\/api.w.org\/{rel}","templated":true}]}}