{"id":477593,"date":"2025-03-13T15:08:35","date_gmt":"2025-03-13T15:08:38","guid":{"rendered":"https:\/\/www.erresse-shop.it\/?post_type=product&#038;p=477593"},"modified":"2025-03-13T15:17:21","modified_gmt":"2025-03-13T15:17:21","slug":"coravin-model-two-elite-plata-copia","status":"publish","type":"product","link":"https:\/\/www.erresse-shop.it\/es\/shop\/tabla\/vino\/aireadores\/coravin-model-two-elite-plata-copia\/","title":{"rendered":"CORAVIN Model One Negro"},"content":{"rendered":"<div class=\"metafield-rich_text_field\">\n<p><strong>La manera definitiva de disfrutar de tu vino favorito<\/strong><\/p>\n<\/div>\n<div class=\"product__description-formated \">\n<div class=\"metafield-rich_text_field\">\n<p>El Coravin Model One Black es el dispositivo perfecto para los amantes del vino que desean disfrutar de una copa sin tener que descorchar la botella entera. Gracias a su tecnolog\u00eda patentada, el vino permanece protegido de la oxidaci\u00f3n, conservando su aroma y sabor intactos incluso semanas o meses despu\u00e9s de su apertura.<\/p>\n<p><strong>Dise\u00f1o elegante y m\u00e1xima comodidad<\/strong><br \/>\nCon una est\u00e9tica moderna y funcional, el Coravin Model One destaca por su dise\u00f1o intuitivo y sus asas suaves al tacto, que garantizan un agarre c\u00f3modo y seguro. El resorte de alta tensi\u00f3n asegura una fijaci\u00f3n estable en la botella, haciendo que verter el vino sea una operaci\u00f3n sencilla y sin esfuerzo.<\/p>\n<p><strong>Una aguja especial para evitar da\u00f1ar el corcho<\/strong><br \/>\nEl sistema utiliza una aguja fina y anti-corcho, dise\u00f1ada para penetrar el corcho sin da\u00f1arlo. Esto permite que el vino permanezca sellado de forma natural, evitando la entrada de ox\u00edgeno y manteniendo la calidad del producto durante mucho tiempo.<\/p>\n<p><strong>Protecci\u00f3n avanzada con gas arg\u00f3n puro<\/strong><br \/>\nLas c\u00e1psulas patentadas Coravin contienen m\u00e1s del 99,99 % de gas arg\u00f3n puro, un elemento esencial para la conservaci\u00f3n del vino restante. Este gas inerte crea una barrera protectora dentro de la botella, evitando la oxidaci\u00f3n y permiti\u00e9ndote saborear el vino con la misma frescura de siempre.<\/p>\n<p><strong>El placer del vino, cuando quieras<\/strong><br \/>\nCon Coravin Model One, puedes disfrutar de una copa de tu vino favorito en cualquier momento sin preocuparte por terminarlo enseguida. S\u00edrvelo, sabor\u00e9alo y guarda el resto para otra ocasi\u00f3n, disfrutando de cada sorbo como si acabara de abrirlo.<\/p>\n<\/div>\n<\/div>\n<p><strong>Caracter\u00edsticas del producto:<\/strong><\/p>\n<ul class=\"product__spec-list\">\n<li class=\"product__tag\">Material: Polipropileno de grado alimenticio sin BPA<\/li>\n<li class=\"product__tag\">Garant\u00eda: 2 a\u00f1os<\/li>\n<li class=\"product__tag\">Dimensiones: 14 x 6,35 x 21 cm<\/li>\n<li class=\"product__tag\">Peso: 445 g<\/li>\n<\/ul>\n","protected":false},"excerpt":{"rendered":"<p>La manera definitiva de disfrutar de tu vino favorito El Coravin Model One Black es el dispositivo perfecto para los<\/p>\n","protected":false},"featured_media":477605,"template":"","meta":{"_acf_changed":false,"inline_featured_image":false},"product_cat":[25984,16027,16051],"product_tag":[21719,16887,23684],"acf":[],"yoast_head":"<!-- This site is optimized with the Yoast SEO Premium plugin v18.6 (Yoast SEO v19.13) - https:\/\/yoast.com\/wordpress\/plugins\/seo\/ -->\n<title>CORAVIN Model One Negro - Erresse Shop<\/title>\n<meta name=\"description\" content=\"La manera definitiva de disfrutar de tu vino favorito El Coravin Model One Black es el dispositivo perfecto para los amantes del vino que desean disfrutar\" \/>\n<meta name=\"robots\" content=\"index, follow, max-snippet:-1, max-image-preview:large, max-video-preview:-1\" \/>\n<link rel=\"canonical\" href=\"https:\/\/www.erresse-shop.it\/es\/shop\/tabla\/vino\/aireadores\/coravin-model-two-elite-plata-copia\/\" \/>\n<meta property=\"og:locale\" content=\"es_ES\" \/>\n<meta property=\"og:type\" content=\"article\" \/>\n<meta property=\"og:title\" content=\"CORAVIN Model One Negro\" \/>\n<meta property=\"og:description\" content=\"La manera definitiva de disfrutar de tu vino favorito El Coravin Model One Black es el dispositivo perfecto para los amantes del vino que desean disfrutar\" \/>\n<meta property=\"og:url\" content=\"https:\/\/www.erresse-shop.it\/es\/shop\/tabla\/vino\/aireadores\/coravin-model-two-elite-plata-copia\/\" \/>\n<meta property=\"og:site_name\" content=\"Erresse Shop\" \/>\n<meta property=\"article:modified_time\" content=\"2025-03-13T15:17:21+00:00\" \/>\n<meta property=\"og:image\" content=\"https:\/\/www.erresse-shop.it\/wp-content\/uploads\/2025\/03\/CORAVIN-Model-One-Nero.jpg\" \/>\n\t<meta property=\"og:image:width\" content=\"1200\" \/>\n\t<meta property=\"og:image:height\" content=\"1200\" \/>\n\t<meta property=\"og:image:type\" content=\"image\/jpeg\" \/>\n<meta name=\"twitter:card\" content=\"summary_large_image\" \/>\n<script type=\"application\/ld+json\" class=\"yoast-schema-graph\">{\"@context\":\"https:\/\/schema.org\",\"@graph\":[{\"@type\":\"WebPage\",\"@id\":\"https:\/\/www.erresse-shop.it\/es\/shop\/tabla\/vino\/aireadores\/coravin-model-two-elite-plata-copia\/\",\"url\":\"https:\/\/www.erresse-shop.it\/es\/shop\/tabla\/vino\/aireadores\/coravin-model-two-elite-plata-copia\/\",\"name\":\"CORAVIN Model One Negro - Erresse Shop\",\"isPartOf\":{\"@id\":\"https:\/\/www.erresse-shop.it\/es\/#website\"},\"datePublished\":\"2025-03-13T15:08:38+00:00\",\"dateModified\":\"2025-03-13T15:17:21+00:00\",\"description\":\"La manera definitiva de disfrutar de tu vino favorito El Coravin Model One Black es el dispositivo perfecto para los amantes del vino que desean disfrutar\",\"breadcrumb\":{\"@id\":\"https:\/\/www.erresse-shop.it\/es\/shop\/tabla\/vino\/aireadores\/coravin-model-two-elite-plata-copia\/#breadcrumb\"},\"inLanguage\":\"es\",\"potentialAction\":[{\"@type\":\"ReadAction\",\"target\":[\"https:\/\/www.erresse-shop.it\/es\/shop\/tabla\/vino\/aireadores\/coravin-model-two-elite-plata-copia\/\"]}]},{\"@type\":\"BreadcrumbList\",\"@id\":\"https:\/\/www.erresse-shop.it\/es\/shop\/tabla\/vino\/aireadores\/coravin-model-two-elite-plata-copia\/#breadcrumb\",\"itemListElement\":[{\"@type\":\"ListItem\",\"position\":1,\"name\":\"Home\",\"item\":\"https:\/\/www.erresse-shop.it\/es\/\"},{\"@type\":\"ListItem\",\"position\":2,\"name\":\"Shop\",\"item\":\"https:\/\/www.erresse-shop.it\/es\/shop\/\"},{\"@type\":\"ListItem\",\"position\":3,\"name\":\"CORAVIN Model One Negro\"}]},{\"@type\":\"WebSite\",\"@id\":\"https:\/\/www.erresse-shop.it\/es\/#website\",\"url\":\"https:\/\/www.erresse-shop.it\/es\/\",\"name\":\"Erresse Shop\",\"description\":\"Articoli di qualit\u00e0 per la casa\",\"potentialAction\":[{\"@type\":\"SearchAction\",\"target\":{\"@type\":\"EntryPoint\",\"urlTemplate\":\"https:\/\/www.erresse-shop.it\/es\/?s={search_term_string}\"},\"query-input\":\"required name=search_term_string\"}],\"inLanguage\":\"es\"}]}<\/script>\n<!-- \/ Yoast SEO Premium plugin. -->","yoast_head_json":{"title":"CORAVIN Model One Negro - Erresse Shop","description":"La manera definitiva de disfrutar de tu vino favorito El Coravin Model One Black es el dispositivo perfecto para los amantes del vino que desean disfrutar","robots":{"index":"index","follow":"follow","max-snippet":"max-snippet:-1","max-image-preview":"max-image-preview:large","max-video-preview":"max-video-preview:-1"},"canonical":"https:\/\/www.erresse-shop.it\/es\/shop\/tabla\/vino\/aireadores\/coravin-model-two-elite-plata-copia\/","og_locale":"es_ES","og_type":"article","og_title":"CORAVIN Model One Negro","og_description":"La manera definitiva de disfrutar de tu vino favorito El Coravin Model One Black es el dispositivo perfecto para los amantes del vino que desean disfrutar","og_url":"https:\/\/www.erresse-shop.it\/es\/shop\/tabla\/vino\/aireadores\/coravin-model-two-elite-plata-copia\/","og_site_name":"Erresse Shop","article_modified_time":"2025-03-13T15:17:21+00:00","og_image":[{"width":1200,"height":1200,"url":"https:\/\/www.erresse-shop.it\/wp-content\/uploads\/2025\/03\/CORAVIN-Model-One-Nero.jpg","type":"image\/jpeg"}],"twitter_card":"summary_large_image","schema":{"@context":"https:\/\/schema.org","@graph":[{"@type":"WebPage","@id":"https:\/\/www.erresse-shop.it\/es\/shop\/tabla\/vino\/aireadores\/coravin-model-two-elite-plata-copia\/","url":"https:\/\/www.erresse-shop.it\/es\/shop\/tabla\/vino\/aireadores\/coravin-model-two-elite-plata-copia\/","name":"CORAVIN Model One Negro - Erresse Shop","isPartOf":{"@id":"https:\/\/www.erresse-shop.it\/es\/#website"},"datePublished":"2025-03-13T15:08:38+00:00","dateModified":"2025-03-13T15:17:21+00:00","description":"La manera definitiva de disfrutar de tu vino favorito El Coravin Model One Black es el dispositivo perfecto para los amantes del vino que desean disfrutar","breadcrumb":{"@id":"https:\/\/www.erresse-shop.it\/es\/shop\/tabla\/vino\/aireadores\/coravin-model-two-elite-plata-copia\/#breadcrumb"},"inLanguage":"es","potentialAction":[{"@type":"ReadAction","target":["https:\/\/www.erresse-shop.it\/es\/shop\/tabla\/vino\/aireadores\/coravin-model-two-elite-plata-copia\/"]}]},{"@type":"BreadcrumbList","@id":"https:\/\/www.erresse-shop.it\/es\/shop\/tabla\/vino\/aireadores\/coravin-model-two-elite-plata-copia\/#breadcrumb","itemListElement":[{"@type":"ListItem","position":1,"name":"Home","item":"https:\/\/www.erresse-shop.it\/es\/"},{"@type":"ListItem","position":2,"name":"Shop","item":"https:\/\/www.erresse-shop.it\/es\/shop\/"},{"@type":"ListItem","position":3,"name":"CORAVIN Model One Negro"}]},{"@type":"WebSite","@id":"https:\/\/www.erresse-shop.it\/es\/#website","url":"https:\/\/www.erresse-shop.it\/es\/","name":"Erresse Shop","description":"Articoli di qualit\u00e0 per la casa","potentialAction":[{"@type":"SearchAction","target":{"@type":"EntryPoint","urlTemplate":"https:\/\/www.erresse-shop.it\/es\/?s={search_term_string}"},"query-input":"required name=search_term_string"}],"inLanguage":"es"}]}},"df_price":139.29999999999998,"df_sale_price":139.29999999999998,"df_regular_price":199,"df_image_link":"https:\/\/www.erresse-shop.it\/wp-content\/uploads\/2025\/03\/CORAVIN-Model-One-Nero-300x300.jpg","_links":{"self":[{"href":"https:\/\/www.erresse-shop.it\/es\/wp-json\/wp\/v2\/product\/477593"}],"collection":[{"href":"https:\/\/www.erresse-shop.it\/es\/wp-json\/wp\/v2\/product"}],"about":[{"href":"https:\/\/www.erresse-shop.it\/es\/wp-json\/wp\/v2\/types\/product"}],"wp:featuredmedia":[{"embeddable":true,"href":"https:\/\/www.erresse-shop.it\/es\/wp-json\/wp\/v2\/media\/477605"}],"wp:attachment":[{"href":"https:\/\/www.erresse-shop.it\/es\/wp-json\/wp\/v2\/media?parent=477593"}],"wp:term":[{"taxonomy":"product_cat","embeddable":true,"href":"https:\/\/www.erresse-shop.it\/es\/wp-json\/wp\/v2\/product_cat?post=477593"},{"taxonomy":"product_tag","embeddable":true,"href":"https:\/\/www.erresse-shop.it\/es\/wp-json\/wp\/v2\/product_tag?post=477593"}],"curies":[{"name":"wp","href":"https:\/\/api.w.org\/{rel}","templated":true}]}}