{"id":477582,"date":"2025-03-13T15:01:50","date_gmt":"2025-03-13T15:01:53","guid":{"rendered":"https:\/\/www.erresse-shop.it\/?post_type=product&#038;p=477582"},"modified":"2025-03-13T15:07:54","modified_gmt":"2025-03-13T15:07:54","slug":"coravin-model-two-elite-piano-black-copia","status":"publish","type":"product","link":"https:\/\/www.erresse-shop.it\/es\/shop\/tabla\/vino\/aireadores\/coravin-model-two-elite-piano-black-copia\/","title":{"rendered":"CORAVIN Model Two Elite Plata"},"content":{"rendered":"<p data-start=\"138\" data-end=\"418\">El <strong data-start=\"141\" data-end=\"169\">Coravin\u2122 Model Two Elite<\/strong> es la forma m\u00e1s intuitiva y elegante de servir y disfrutar el vino sin comprometer su frescura. Gracias a su tecnolog\u00eda patentada, permite servir vino de cualquier botella, en cualquier momento, protegi\u00e9ndolo de la oxidaci\u00f3n.<\/p>\n<ul data-start=\"420\" data-end=\"1202\">\n<li data-start=\"420\" data-end=\"655\"><strong data-start=\"422\" data-end=\"452\">Dise\u00f1o moderno y elegante:<\/strong> Con colores exclusivos y cromo brillante, el <strong data-start=\"501\" data-end=\"529\">Coravin\u2122 Model Two Elite<\/strong> combina lujo y funcionalidad, convirti\u00e9ndose en el compa\u00f1ero perfecto para los amantes del vino y quienes aman la elegancia en la cocina.<\/li>\n<li data-start=\"656\" data-end=\"864\"><strong data-start=\"658\" data-end=\"678\">F\u00e1cil de usar:<\/strong> El sistema es f\u00e1cil de abrir y cerrar, lo que garantiza un agarre seguro de la botella. La aguja est\u00e1ndar dispensa el vino un 20 % m\u00e1s r\u00e1pido que los modelos anteriores.<\/li>\n<li data-start=\"865\" data-end=\"1053\"><strong data-start=\"867\" data-end=\"888\">Sello herm\u00e9tico<\/strong>: Las c\u00e1psulas patentadas contienen m\u00e1s del 99,99 % de <strong data-start=\"942\" data-end=\"960\">gas arg\u00f3n puro<\/strong>, lo que protege el vino restante de la oxidaci\u00f3n y mantiene su frescura con cada uso.<\/li>\n<li data-start=\"1054\" data-end=\"1202\"><strong data-start=\"1056\" data-end=\"1082\">F\u00e1cil instalaci\u00f3n<\/strong>: La c\u00e1psula se instala f\u00e1cilmente, garantizando un sellado perfecto en todo momento para una protecci\u00f3n \u00f3ptima del vino.<\/li>\n<\/ul>\n<p data-start=\"1204\" data-end=\"1402\"><strong data-start=\"1204\" data-end=\"1232\">Coravin\u2122 Modelo Dos Elite<\/strong> es la fusi\u00f3n perfecta de lujo y tecnolog\u00eda, un imprescindible para quienes desean disfrutar de una copa de vino cuando quieran, sin renunciar a la calidad.<\/p>\n<p><strong>Caracter\u00edsticas del producto:<\/strong><\/p>\n<ul class=\"product__spec-list\">\n<li class=\"product__tag\">Material: Polipropileno de grado alimenticio sin BPA<\/li>\n<li class=\"product__tag\">Garant\u00eda: 2 a\u00f1os<\/li>\n<li class=\"product__tag\">Dimensiones: 6,6 x 14 x 21 cm<\/li>\n<li class=\"product__tag\">Peso: 445 g<\/li>\n<\/ul>\n","protected":false},"excerpt":{"rendered":"<p>El Coravin\u2122 Model Two Elite es la forma m\u00e1s intuitiva y elegante de servir y disfrutar el vino sin comprometer<\/p>\n","protected":false},"featured_media":477588,"template":"","meta":{"_acf_changed":false,"inline_featured_image":false},"product_cat":[25984,16027,16051],"product_tag":[21719,16887,23684],"acf":[],"yoast_head":"<!-- This site is optimized with the Yoast SEO Premium plugin v18.6 (Yoast SEO v19.13) - https:\/\/yoast.com\/wordpress\/plugins\/seo\/ -->\n<title>CORAVIN Model Two Elite Plata - Erresse Shop<\/title>\n<meta name=\"description\" content=\"El Coravin\u2122 Model Two Elite es la forma m\u00e1s intuitiva y elegante de servir y disfrutar el vino sin comprometer su frescura. Gracias a su tecnolog\u00eda\" \/>\n<meta name=\"robots\" content=\"index, follow, max-snippet:-1, max-image-preview:large, max-video-preview:-1\" \/>\n<link rel=\"canonical\" href=\"https:\/\/www.erresse-shop.it\/es\/shop\/tabla\/vino\/aireadores\/coravin-model-two-elite-piano-black-copia\/\" \/>\n<meta property=\"og:locale\" content=\"es_ES\" \/>\n<meta property=\"og:type\" content=\"article\" \/>\n<meta property=\"og:title\" content=\"CORAVIN Model Two Elite Plata\" \/>\n<meta property=\"og:description\" content=\"El Coravin\u2122 Model Two Elite es la forma m\u00e1s intuitiva y elegante de servir y disfrutar el vino sin comprometer su frescura. Gracias a su tecnolog\u00eda\" \/>\n<meta property=\"og:url\" content=\"https:\/\/www.erresse-shop.it\/es\/shop\/tabla\/vino\/aireadores\/coravin-model-two-elite-piano-black-copia\/\" \/>\n<meta property=\"og:site_name\" content=\"Erresse Shop\" \/>\n<meta property=\"article:modified_time\" content=\"2025-03-13T15:07:54+00:00\" \/>\n<meta property=\"og:image\" content=\"https:\/\/www.erresse-shop.it\/wp-content\/uploads\/2025\/03\/CORAVIN-Model-Two-Elite-Argento.jpg\" \/>\n\t<meta property=\"og:image:width\" content=\"1200\" \/>\n\t<meta property=\"og:image:height\" content=\"1200\" \/>\n\t<meta property=\"og:image:type\" content=\"image\/jpeg\" \/>\n<meta name=\"twitter:card\" content=\"summary_large_image\" \/>\n<script type=\"application\/ld+json\" class=\"yoast-schema-graph\">{\"@context\":\"https:\/\/schema.org\",\"@graph\":[{\"@type\":\"WebPage\",\"@id\":\"https:\/\/www.erresse-shop.it\/es\/shop\/tabla\/vino\/aireadores\/coravin-model-two-elite-piano-black-copia\/\",\"url\":\"https:\/\/www.erresse-shop.it\/es\/shop\/tabla\/vino\/aireadores\/coravin-model-two-elite-piano-black-copia\/\",\"name\":\"CORAVIN Model Two Elite Plata - Erresse Shop\",\"isPartOf\":{\"@id\":\"https:\/\/www.erresse-shop.it\/es\/#website\"},\"datePublished\":\"2025-03-13T15:01:53+00:00\",\"dateModified\":\"2025-03-13T15:07:54+00:00\",\"description\":\"El Coravin\u2122 Model Two Elite es la forma m\u00e1s intuitiva y elegante de servir y disfrutar el vino sin comprometer su frescura. Gracias a su tecnolog\u00eda\",\"breadcrumb\":{\"@id\":\"https:\/\/www.erresse-shop.it\/es\/shop\/tabla\/vino\/aireadores\/coravin-model-two-elite-piano-black-copia\/#breadcrumb\"},\"inLanguage\":\"es\",\"potentialAction\":[{\"@type\":\"ReadAction\",\"target\":[\"https:\/\/www.erresse-shop.it\/es\/shop\/tabla\/vino\/aireadores\/coravin-model-two-elite-piano-black-copia\/\"]}]},{\"@type\":\"BreadcrumbList\",\"@id\":\"https:\/\/www.erresse-shop.it\/es\/shop\/tabla\/vino\/aireadores\/coravin-model-two-elite-piano-black-copia\/#breadcrumb\",\"itemListElement\":[{\"@type\":\"ListItem\",\"position\":1,\"name\":\"Home\",\"item\":\"https:\/\/www.erresse-shop.it\/es\/\"},{\"@type\":\"ListItem\",\"position\":2,\"name\":\"Shop\",\"item\":\"https:\/\/www.erresse-shop.it\/es\/shop\/\"},{\"@type\":\"ListItem\",\"position\":3,\"name\":\"CORAVIN Model Two Elite Plata\"}]},{\"@type\":\"WebSite\",\"@id\":\"https:\/\/www.erresse-shop.it\/es\/#website\",\"url\":\"https:\/\/www.erresse-shop.it\/es\/\",\"name\":\"Erresse Shop\",\"description\":\"Articoli di qualit\u00e0 per la casa\",\"potentialAction\":[{\"@type\":\"SearchAction\",\"target\":{\"@type\":\"EntryPoint\",\"urlTemplate\":\"https:\/\/www.erresse-shop.it\/es\/?s={search_term_string}\"},\"query-input\":\"required name=search_term_string\"}],\"inLanguage\":\"es\"}]}<\/script>\n<!-- \/ Yoast SEO Premium plugin. -->","yoast_head_json":{"title":"CORAVIN Model Two Elite Plata - Erresse Shop","description":"El Coravin\u2122 Model Two Elite es la forma m\u00e1s intuitiva y elegante de servir y disfrutar el vino sin comprometer su frescura. Gracias a su tecnolog\u00eda","robots":{"index":"index","follow":"follow","max-snippet":"max-snippet:-1","max-image-preview":"max-image-preview:large","max-video-preview":"max-video-preview:-1"},"canonical":"https:\/\/www.erresse-shop.it\/es\/shop\/tabla\/vino\/aireadores\/coravin-model-two-elite-piano-black-copia\/","og_locale":"es_ES","og_type":"article","og_title":"CORAVIN Model Two Elite Plata","og_description":"El Coravin\u2122 Model Two Elite es la forma m\u00e1s intuitiva y elegante de servir y disfrutar el vino sin comprometer su frescura. Gracias a su tecnolog\u00eda","og_url":"https:\/\/www.erresse-shop.it\/es\/shop\/tabla\/vino\/aireadores\/coravin-model-two-elite-piano-black-copia\/","og_site_name":"Erresse Shop","article_modified_time":"2025-03-13T15:07:54+00:00","og_image":[{"width":1200,"height":1200,"url":"https:\/\/www.erresse-shop.it\/wp-content\/uploads\/2025\/03\/CORAVIN-Model-Two-Elite-Argento.jpg","type":"image\/jpeg"}],"twitter_card":"summary_large_image","schema":{"@context":"https:\/\/schema.org","@graph":[{"@type":"WebPage","@id":"https:\/\/www.erresse-shop.it\/es\/shop\/tabla\/vino\/aireadores\/coravin-model-two-elite-piano-black-copia\/","url":"https:\/\/www.erresse-shop.it\/es\/shop\/tabla\/vino\/aireadores\/coravin-model-two-elite-piano-black-copia\/","name":"CORAVIN Model Two Elite Plata - Erresse Shop","isPartOf":{"@id":"https:\/\/www.erresse-shop.it\/es\/#website"},"datePublished":"2025-03-13T15:01:53+00:00","dateModified":"2025-03-13T15:07:54+00:00","description":"El Coravin\u2122 Model Two Elite es la forma m\u00e1s intuitiva y elegante de servir y disfrutar el vino sin comprometer su frescura. Gracias a su tecnolog\u00eda","breadcrumb":{"@id":"https:\/\/www.erresse-shop.it\/es\/shop\/tabla\/vino\/aireadores\/coravin-model-two-elite-piano-black-copia\/#breadcrumb"},"inLanguage":"es","potentialAction":[{"@type":"ReadAction","target":["https:\/\/www.erresse-shop.it\/es\/shop\/tabla\/vino\/aireadores\/coravin-model-two-elite-piano-black-copia\/"]}]},{"@type":"BreadcrumbList","@id":"https:\/\/www.erresse-shop.it\/es\/shop\/tabla\/vino\/aireadores\/coravin-model-two-elite-piano-black-copia\/#breadcrumb","itemListElement":[{"@type":"ListItem","position":1,"name":"Home","item":"https:\/\/www.erresse-shop.it\/es\/"},{"@type":"ListItem","position":2,"name":"Shop","item":"https:\/\/www.erresse-shop.it\/es\/shop\/"},{"@type":"ListItem","position":3,"name":"CORAVIN Model Two Elite Plata"}]},{"@type":"WebSite","@id":"https:\/\/www.erresse-shop.it\/es\/#website","url":"https:\/\/www.erresse-shop.it\/es\/","name":"Erresse Shop","description":"Articoli di qualit\u00e0 per la casa","potentialAction":[{"@type":"SearchAction","target":{"@type":"EntryPoint","urlTemplate":"https:\/\/www.erresse-shop.it\/es\/?s={search_term_string}"},"query-input":"required name=search_term_string"}],"inLanguage":"es"}]}},"df_price":199.95,"df_sale_price":199.95,"df_regular_price":349,"df_image_link":"https:\/\/www.erresse-shop.it\/wp-content\/uploads\/2025\/03\/CORAVIN-Model-Two-Elite-Argento-300x300.jpg","_links":{"self":[{"href":"https:\/\/www.erresse-shop.it\/es\/wp-json\/wp\/v2\/product\/477582"}],"collection":[{"href":"https:\/\/www.erresse-shop.it\/es\/wp-json\/wp\/v2\/product"}],"about":[{"href":"https:\/\/www.erresse-shop.it\/es\/wp-json\/wp\/v2\/types\/product"}],"wp:featuredmedia":[{"embeddable":true,"href":"https:\/\/www.erresse-shop.it\/es\/wp-json\/wp\/v2\/media\/477588"}],"wp:attachment":[{"href":"https:\/\/www.erresse-shop.it\/es\/wp-json\/wp\/v2\/media?parent=477582"}],"wp:term":[{"taxonomy":"product_cat","embeddable":true,"href":"https:\/\/www.erresse-shop.it\/es\/wp-json\/wp\/v2\/product_cat?post=477582"},{"taxonomy":"product_tag","embeddable":true,"href":"https:\/\/www.erresse-shop.it\/es\/wp-json\/wp\/v2\/product_tag?post=477582"}],"curies":[{"name":"wp","href":"https:\/\/api.w.org\/{rel}","templated":true}]}}